{"id":9017,"date":"2026-01-30T07:22:13","date_gmt":"2026-01-30T07:22:13","guid":{"rendered":"https:\/\/www.ceramicbasin.com\/?post_type=product&#038;p=9017"},"modified":"2026-02-10T10:48:46","modified_gmt":"2026-02-10T10:48:46","slug":"wholesale-bathroom-lavatory-sinks","status":"publish","type":"product","link":"https:\/\/www.ceramicbasin.com\/es\/producto\/wholesale-bathroom-lavatory-sinks\/","title":{"rendered":"Mayorista Lavabos, Fregaderos, Lavabos Ovalados Suministro"},"content":{"rendered":"<div class=\"wp-block-columns is-layout-flex wp-container-core-columns-is-layout-9d6595d7 wp-block-columns-is-layout-flex\">\n<div class=\"wp-block-column is-layout-flow wp-block-column-is-layout-flow\">\n<h2 class=\"wp-block-heading\">Premium al por mayor lavabos de ba\u00f1o Caracter\u00edsticas:<\/h2>\n\n\n\n<ul class=\"wp-block-list\">\n<li><strong>Dise\u00f1o cl\u00e1sico de lavabo ovalado:<\/strong> Los lavabos de ba\u00f1o al por mayor tienen una forma ovalada ergon\u00f3mica que proporciona una amplia zona de lavado al tiempo que reduce las salpicaduras de agua. Su dise\u00f1o atemporal complementa los interiores de ba\u00f1o modernos, contempor\u00e1neos y tradicionales.<\/li>\n\n\n\n<li><strong>Dise\u00f1o de tama\u00f1o generoso:<\/strong>\u00a0El lavabo sobre encimera de f\u00e1brica con cubeta de generosas dimensiones responde a la necesidad de espacio de un lavabo. No s\u00f3lo es pr\u00e1ctico, sino que tambi\u00e9n puede mejorar el grado general y la comodidad del cuarto de ba\u00f1o. Es adecuado para viviendas y hoteles de lujo.<\/li>\n\n\n\n<li><strong>Compatibilidad de instalaci\u00f3n universal:<\/strong> Los lavabos de ba\u00f1o al por mayor est\u00e1n dise\u00f1ados para adaptarse a la mayor\u00eda de encimeras de lavabo y sistemas de desag\u00fce est\u00e1ndar de todo el mundo, lo que simplifica la instalaci\u00f3n a contratistas y compradores de proyectos.<\/li>\n\n\n\n<li><strong>Superficie lisa esmaltada en blanco:<\/strong> Acabado con un esmalte blanco brillante multicapa, el lavabo ovalado de venta al por mayor presenta una superficie no porosa y resistente a las manchas que es f\u00e1cil de limpiar y mantiene su aspecto brillante incluso con un uso diario intenso.<\/li>\n\n\n\n<li><strong>Existencias a granel:<\/strong>\u00a0Los lavabos de ba\u00f1o al por mayor pueden adquirirse tanto al por mayor como para proyectos, y satisfacen las necesidades de entrega r\u00e1pida de minoristas, distribuidores y clientes de proyectos.<\/li>\n<\/ul>\n<\/div>\n\n\n\n<div class=\"wp-block-column is-layout-flow wp-block-column-is-layout-flow\">\n<figure class=\"wp-block-image size-full\"><img fetchpriority=\"high\" decoding=\"async\" width=\"683\" height=\"861\" src=\"https:\/\/www.ceramicbasin.com\/wp-content\/uploads\/2026\/01\/Elegant-Shape-Oval-Hand-Wash-Basin-6.webp\" alt=\"mayorista-fregaderos-lavabo-oval-lavabo-suministro-6\" class=\"wp-image-9018\" srcset=\"https:\/\/www.ceramicbasin.com\/wp-content\/uploads\/2026\/01\/Elegant-Shape-Oval-Hand-Wash-Basin-6.webp 683w, https:\/\/www.ceramicbasin.com\/wp-content\/uploads\/2026\/01\/Elegant-Shape-Oval-Hand-Wash-Basin-6-238x300.webp 238w, https:\/\/www.ceramicbasin.com\/wp-content\/uploads\/2026\/01\/Elegant-Shape-Oval-Hand-Wash-Basin-6-10x12.webp 10w, https:\/\/www.ceramicbasin.com\/wp-content\/uploads\/2026\/01\/Elegant-Shape-Oval-Hand-Wash-Basin-6-285x359.webp 285w, https:\/\/www.ceramicbasin.com\/wp-content\/uploads\/2026\/01\/Elegant-Shape-Oval-Hand-Wash-Basin-6-524x660.webp 524w, https:\/\/www.ceramicbasin.com\/wp-content\/uploads\/2026\/01\/Elegant-Shape-Oval-Hand-Wash-Basin-6-119x150.webp 119w\" sizes=\"(max-width: 683px) 100vw, 683px\" \/><\/figure>\n<\/div>\n<\/div>","protected":false},"excerpt":{"rendered":"<p>Bienvenido a solicitar nuestro suministro de lavabos de ba\u00f1o al por mayor en tama\u00f1o normal, dise\u00f1os ovalados esmaltados en blanco, durabilidad y rendimiento duradero. Con un acabado liso resistente a las manchas y compatibilidad de instalaci\u00f3n universal, nuestros lavabos ovalados son ideales para proyectos de ba\u00f1os comerciales. Con precios directos de f\u00e1brica, capacidad de suministro a granel y servicios completos de personalizaci\u00f3n OEM\/ODM, ayudamos a los importadores y distribuidores de art\u00edculos sanitarios de todo el mundo a obtener soluciones fiables de lavabos de cer\u00e1mica.<\/p>\n<table style=\"border-collapse: collapse; width: 358.52pt;\" border=\"0\" width=\"478\" cellspacing=\"0\" cellpadding=\"0\">\n<tbody>\n<tr style=\"height: 17.25pt;\">\n<td class=\"et3\" style=\"height: 17.25pt; width: 125.00pt;\" width=\"166\" height=\"23\">Fabricante<\/td>\n<td class=\"et3\" style=\"width: 234.15pt;\" width=\"312\">HanYu<\/td>\n<\/tr>\n<tr style=\"height: 17.25pt;\">\n<td class=\"et3\" style=\"height: 17.25pt;\" height=\"23\">N\u00ba de modelo<\/td>\n<td class=\"et4\">HY-8061<\/td>\n<\/tr>\n<tr style=\"height: 17.25pt;\">\n<td class=\"et3\" style=\"height: 17.25pt;\" height=\"23\">Tipo<\/td>\n<td class=\"et5\" style=\"width: 234.15pt;\" width=\"312\">Fregaderos de encimera<\/td>\n<\/tr>\n<tr style=\"height: 18.00pt;\">\n<td class=\"et3\" style=\"height: 18.00pt;\" height=\"24\">Forma<\/td>\n<td class=\"et3\">Forma ovalada<\/td>\n<\/tr>\n<tr style=\"height: 34.50pt;\">\n<td class=\"et4\" style=\"height: 34.50pt;\" height=\"46\">Color<\/td>\n<td class=\"et5\" style=\"width: 234.15pt;\" width=\"312\">negro\/blanco\/azul\/gris\/rosa\/verde\/marr\u00f3n\/caqui<\/td>\n<\/tr>\n<tr style=\"height: 18.00pt;\">\n<td class=\"et3\" style=\"height: 18.00pt;\" height=\"24\">Dimensi\u00f3n<\/td>\n<td class=\"et5\" style=\"width: 234.15pt;\" width=\"312\">59.5*41.5*11<\/td>\n<\/tr>\n<tr style=\"height: 17.25pt;\">\n<td class=\"et3\" style=\"height: 17.25pt;\" height=\"23\">N.W \/SET<\/td>\n<td class=\"et3\">13KGS\/PCS<\/td>\n<\/tr>\n<tr style=\"height: 17.25pt;\">\n<td class=\"et3\" style=\"height: 17.25pt;\" height=\"23\">MOQ<\/td>\n<td class=\"et3\">20 piezas<\/td>\n<\/tr>\n<tr style=\"height: 17.25pt;\">\n<td class=\"et3\" style=\"height: 17.25pt;\" height=\"23\">Opci\u00f3n personalizada<\/td>\n<td class=\"et3\">Color\/Patr\u00f3n\/Tama\u00f1o\/Logotipo\/Embalaje<\/td>\n<\/tr>\n<\/tbody>\n<\/table>","protected":false},"featured_media":9019,"comment_status":"closed","ping_status":"closed","template":"","meta":{"_acf_changed":false},"product_brand":[],"product_cat":[50],"product_tag":[],"class_list":{"0":"post-9017","1":"product","2":"type-product","3":"status-publish","4":"has-post-thumbnail","6":"product_cat-wholesale-countertop-sinks","8":"first","9":"instock","10":"shipping-taxable","11":"product-type-simple"},"acf":[],"_links":{"self":[{"href":"https:\/\/www.ceramicbasin.com\/es\/wp-json\/wp\/v2\/product\/9017","targetHints":{"allow":["GET"]}}],"collection":[{"href":"https:\/\/www.ceramicbasin.com\/es\/wp-json\/wp\/v2\/product"}],"about":[{"href":"https:\/\/www.ceramicbasin.com\/es\/wp-json\/wp\/v2\/types\/product"}],"replies":[{"embeddable":true,"href":"https:\/\/www.ceramicbasin.com\/es\/wp-json\/wp\/v2\/comments?post=9017"}],"wp:featuredmedia":[{"embeddable":true,"href":"https:\/\/www.ceramicbasin.com\/es\/wp-json\/wp\/v2\/media\/9019"}],"wp:attachment":[{"href":"https:\/\/www.ceramicbasin.com\/es\/wp-json\/wp\/v2\/media?parent=9017"}],"wp:term":[{"taxonomy":"product_brand","embeddable":true,"href":"https:\/\/www.ceramicbasin.com\/es\/wp-json\/wp\/v2\/product_brand?post=9017"},{"taxonomy":"product_cat","embeddable":true,"href":"https:\/\/www.ceramicbasin.com\/es\/wp-json\/wp\/v2\/product_cat?post=9017"},{"taxonomy":"product_tag","embeddable":true,"href":"https:\/\/www.ceramicbasin.com\/es\/wp-json\/wp\/v2\/product_tag?post=9017"}],"curies":[{"name":"wp","href":"https:\/\/api.w.org\/{rel}","templated":true}]}}