{"id":9086,"date":"2026-02-09T09:27:07","date_gmt":"2026-02-09T09:27:07","guid":{"rendered":"https:\/\/www.ceramicbasin.com\/?post_type=product&#038;p=9086"},"modified":"2026-02-09T09:27:10","modified_gmt":"2026-02-09T09:27:10","slug":"semi-recessed-vessel-sinks-wholesale","status":"publish","type":"product","link":"https:\/\/www.ceramicbasin.com\/es\/producto\/semi-recessed-vessel-sinks-wholesale\/","title":{"rendered":"Fregaderos semi-encastrados al por mayor, OEM Lavabo de arte moderno"},"content":{"rendered":"<div class=\"wp-block-columns is-layout-flex wp-container-core-columns-is-layout-9d6595d7 wp-block-columns-is-layout-flex\">\n<div class=\"wp-block-column is-layout-flow wp-block-column-is-layout-flow\">\n<h2 class=\"wp-block-heading\">Premium Semi Empotrada Vessel Fregaderos Caracter\u00edsticas al por mayor:<\/h2>\n\n\n\n<ul class=\"wp-block-list\">\n<li><strong>Dise\u00f1o art\u00edstico, sencillo y vers\u00e1til: <\/strong>Nuestros lavabos semiencastrados al por mayor presentan un dise\u00f1o art\u00edstico ovalado de l\u00edneas suaves y elegantes. El estilo de dise\u00f1o sencillo y moderno complementa varias decoraciones de ba\u00f1o, mejorando f\u00e1cilmente la est\u00e9tica general del espacio.<\/li>\n\n\n\n<li><strong>Cer\u00e1mica de alta calidad, duradera y f\u00e1cil de limpiar: <\/strong>Este fregadero semiempotrado oval al por mayor est\u00e1 fabricado en cer\u00e1mica esmaltada de alta densidad, con una superficie lisa y densa, que lo hace duradero y muy resistente a las manchas. La limpieza y el mantenimiento diarios son extremadamente sencillos.<\/li>\n\n\n\n<li><strong>Instalaci\u00f3n semiencastrada, que combina espacio y est\u00e9tica: <\/strong>Nuestros lavabos de cubeta semiempotrada conservan al por mayor la belleza art\u00edstica de un lavabo de encimera, a la vez que evitan el posible desperdicio de espacio de un lavabo de encimera completa, y adem\u00e1s facilitan la limpieza de la encimera.<\/li>\n\n\n\n<li><strong>Textura sobresaliente:<\/strong> Este fregadero semiempotrado ovalado al por mayor presenta una textura de alta calidad y es duradero. Combina perfectamente con varios grifos modernos, lo que garantiza la coherencia visual general y una experiencia de usuario superior.<\/li>\n<\/ul>\n<\/div>\n\n\n\n<div class=\"wp-block-column is-layout-flow wp-block-column-is-layout-flow\">\n<figure class=\"wp-block-image size-full\"><img fetchpriority=\"high\" decoding=\"async\" width=\"1024\" height=\"1024\" src=\"https:\/\/www.ceramicbasin.com\/wp-content\/uploads\/2026\/02\/Hot-Selling-New-Design-Artistic-Style-Oval-Ceramic-Sink-Semi-Counter-Hotel-Family-Washing-Bathroom-Basin-2.webp\" alt=\"Venta caliente nuevo dise\u00f1o art\u00edstico estilo oval lavabo de cer\u00e1mica , semi contador hotel lavabo de ba\u00f1o familiar\" class=\"wp-image-9088\" srcset=\"https:\/\/www.ceramicbasin.com\/wp-content\/uploads\/2026\/02\/Hot-Selling-New-Design-Artistic-Style-Oval-Ceramic-Sink-Semi-Counter-Hotel-Family-Washing-Bathroom-Basin-2.webp 1024w, https:\/\/www.ceramicbasin.com\/wp-content\/uploads\/2026\/02\/Hot-Selling-New-Design-Artistic-Style-Oval-Ceramic-Sink-Semi-Counter-Hotel-Family-Washing-Bathroom-Basin-2-300x300.webp 300w, https:\/\/www.ceramicbasin.com\/wp-content\/uploads\/2026\/02\/Hot-Selling-New-Design-Artistic-Style-Oval-Ceramic-Sink-Semi-Counter-Hotel-Family-Washing-Bathroom-Basin-2-150x150.webp 150w, https:\/\/www.ceramicbasin.com\/wp-content\/uploads\/2026\/02\/Hot-Selling-New-Design-Artistic-Style-Oval-Ceramic-Sink-Semi-Counter-Hotel-Family-Washing-Bathroom-Basin-2-768x768.webp 768w, https:\/\/www.ceramicbasin.com\/wp-content\/uploads\/2026\/02\/Hot-Selling-New-Design-Artistic-Style-Oval-Ceramic-Sink-Semi-Counter-Hotel-Family-Washing-Bathroom-Basin-2-12x12.webp 12w, https:\/\/www.ceramicbasin.com\/wp-content\/uploads\/2026\/02\/Hot-Selling-New-Design-Artistic-Style-Oval-Ceramic-Sink-Semi-Counter-Hotel-Family-Washing-Bathroom-Basin-2-285x285.webp 285w, https:\/\/www.ceramicbasin.com\/wp-content\/uploads\/2026\/02\/Hot-Selling-New-Design-Artistic-Style-Oval-Ceramic-Sink-Semi-Counter-Hotel-Family-Washing-Bathroom-Basin-2-270x270.webp 270w, https:\/\/www.ceramicbasin.com\/wp-content\/uploads\/2026\/02\/Hot-Selling-New-Design-Artistic-Style-Oval-Ceramic-Sink-Semi-Counter-Hotel-Family-Washing-Bathroom-Basin-2-540x540.webp 540w, https:\/\/www.ceramicbasin.com\/wp-content\/uploads\/2026\/02\/Hot-Selling-New-Design-Artistic-Style-Oval-Ceramic-Sink-Semi-Counter-Hotel-Family-Washing-Bathroom-Basin-2-660x660.webp 660w\" sizes=\"(max-width: 1024px) 100vw, 1024px\" \/><\/figure>\n<\/div>\n<\/div>","protected":false},"excerpt":{"rendered":"<p>Bienvenido a comprar lavabos al por mayor. Nuestros lavabos semi-encastrados al por mayor cuentan con un dise\u00f1o ovalado simple, dise\u00f1ado espec\u00edficamente para cuartos de ba\u00f1o modernos, que combina el atractivo art\u00edstico con la funcionalidad pr\u00e1ctica.<\/p>\n<table style=\"border-collapse: collapse; width: 358.52pt;\" border=\"0\" width=\"478\" cellspacing=\"0\" cellpadding=\"0\">\n<tbody>\n<tr style=\"height: 17.25pt;\">\n<td class=\"et3\" style=\"height: 17.25pt; width: 125.00pt;\" width=\"166\" height=\"23\">Fabricante<\/td>\n<td class=\"et3\" style=\"width: 234.15pt;\" width=\"312\">HanYu<\/td>\n<\/tr>\n<tr style=\"height: 17.25pt;\">\n<td class=\"et3\" style=\"height: 17.25pt;\" height=\"23\">N\u00ba de modelo<\/td>\n<td class=\"et4\">HY-5020<\/td>\n<\/tr>\n<tr style=\"height: 17.25pt;\">\n<td class=\"et3\" style=\"height: 17.25pt;\" height=\"23\">Tipo<\/td>\n<td class=\"et5\" style=\"width: 234.15pt;\" width=\"312\">Lavabos semiempotrados<\/td>\n<\/tr>\n<tr style=\"height: 18.00pt;\">\n<td class=\"et3\" style=\"height: 18.00pt;\" height=\"24\">Forma<\/td>\n<td class=\"et3\">Forma ovalada<\/td>\n<\/tr>\n<tr style=\"height: 34.50pt;\">\n<td class=\"et4\" style=\"height: 34.50pt;\" height=\"46\">Color<\/td>\n<td class=\"et5\" style=\"width: 234.15pt;\" width=\"312\">negro\/blanco\/azul\/gris\/rosa\/verde\/marr\u00f3n\/caqui<\/td>\n<\/tr>\n<tr style=\"height: 18.00pt;\">\n<td class=\"et3\" style=\"height: 18.00pt;\" height=\"24\">Dimensi\u00f3n<\/td>\n<td class=\"et5\" style=\"width: 234.15pt;\" width=\"312\">60*40*18<\/td>\n<\/tr>\n<tr style=\"height: 17.25pt;\">\n<td class=\"et3\" style=\"height: 17.25pt;\" height=\"23\">N.W \/SET<\/td>\n<td class=\"et3\">13KGS\/PCS<\/td>\n<\/tr>\n<tr style=\"height: 17.25pt;\">\n<td class=\"et3\" style=\"height: 17.25pt;\" height=\"23\">MOQ<\/td>\n<td class=\"et3\">20 piezas<\/td>\n<\/tr>\n<tr style=\"height: 17.25pt;\">\n<td class=\"et3\" style=\"height: 17.25pt;\" height=\"23\">Opci\u00f3n personalizada<\/td>\n<td class=\"et3\">Color\/Patr\u00f3n\/Tama\u00f1o\/Logotipo\/Embalaje<\/td>\n<\/tr>\n<\/tbody>\n<\/table>","protected":false},"featured_media":9092,"comment_status":"closed","ping_status":"closed","template":"","meta":{"_acf_changed":false},"product_brand":[],"product_cat":[58],"product_tag":[],"class_list":{"0":"post-9086","1":"product","2":"type-product","3":"status-publish","4":"has-post-thumbnail","6":"product_cat-wholesale-semi-recessed-sinks","8":"first","9":"instock","10":"shipping-taxable","11":"product-type-simple"},"acf":[],"_links":{"self":[{"href":"https:\/\/www.ceramicbasin.com\/es\/wp-json\/wp\/v2\/product\/9086","targetHints":{"allow":["GET"]}}],"collection":[{"href":"https:\/\/www.ceramicbasin.com\/es\/wp-json\/wp\/v2\/product"}],"about":[{"href":"https:\/\/www.ceramicbasin.com\/es\/wp-json\/wp\/v2\/types\/product"}],"replies":[{"embeddable":true,"href":"https:\/\/www.ceramicbasin.com\/es\/wp-json\/wp\/v2\/comments?post=9086"}],"wp:featuredmedia":[{"embeddable":true,"href":"https:\/\/www.ceramicbasin.com\/es\/wp-json\/wp\/v2\/media\/9092"}],"wp:attachment":[{"href":"https:\/\/www.ceramicbasin.com\/es\/wp-json\/wp\/v2\/media?parent=9086"}],"wp:term":[{"taxonomy":"product_brand","embeddable":true,"href":"https:\/\/www.ceramicbasin.com\/es\/wp-json\/wp\/v2\/product_brand?post=9086"},{"taxonomy":"product_cat","embeddable":true,"href":"https:\/\/www.ceramicbasin.com\/es\/wp-json\/wp\/v2\/product_cat?post=9086"},{"taxonomy":"product_tag","embeddable":true,"href":"https:\/\/www.ceramicbasin.com\/es\/wp-json\/wp\/v2\/product_tag?post=9086"}],"curies":[{"name":"wp","href":"https:\/\/api.w.org\/{rel}","templated":true}]}}