{"id":9102,"date":"2026-02-09T02:20:49","date_gmt":"2026-02-09T02:20:49","guid":{"rendered":"https:\/\/www.ceramicbasin.com\/?post_type=product&#038;p=9102"},"modified":"2026-02-09T09:04:48","modified_gmt":"2026-02-09T09:04:48","slug":"wholesale-wall-hung-basins","status":"publish","type":"product","link":"https:\/\/www.ceramicbasin.com\/es\/producto\/wholesale-wall-hung-basins\/","title":{"rendered":"Elegantes lavabos murales al por mayor, duraderos y ahorran espacio"},"content":{"rendered":"<div class=\"wp-block-columns is-layout-flex wp-container-core-columns-is-layout-9d6595d7 wp-block-columns-is-layout-flex\">\n<div class=\"wp-block-column is-layout-flow wp-block-column-is-layout-flow\">\n<h2 class=\"wp-block-heading\">Lavabos de pared al por mayor de primera calidad Caracter\u00edsticas:<\/h2>\n\n\n\n<ul class=\"wp-block-list\">\n<li><strong>Cer\u00e1mica de alta calidad para una mayor durabilidad: <\/strong>Nuestros lavabos murales al por mayor est\u00e1n fabricados en cer\u00e1mica esmaltada de alta calidad, con una textura densa, resistente a las manchas y a la corrosi\u00f3n. Son duraderos y resistentes al agrietamiento y al desgaste incluso con un uso prolongado.<\/li>\n\n\n\n<li><strong>El dise\u00f1o de montaje en pared ahorra espacio: <\/strong>La instalaci\u00f3n mural de este lavabo moderno al por mayor no ocupa espacio en el suelo, lo que facilita la limpieza y permite ahorrar y optimizar espacio en ba\u00f1os peque\u00f1os, creando una sensaci\u00f3n de mayor amplitud.<\/li>\n\n\n\n<li><strong>Dise\u00f1o moderno para una amplia compatibilidad: <\/strong>Nuestros lavabos murales al por mayor presentan un dise\u00f1o sencillo y elegante con opciones cl\u00e1sicas de color blanco y negro, que se integran f\u00e1cilmente en diversos estilos de decoraci\u00f3n, como el moderno y el n\u00f3rdico, realzando el atractivo est\u00e9tico del espacio.<\/li>\n\n\n\n<li><strong>F\u00e1cil instalaci\u00f3n y drenaje eficaz: <\/strong>Nuestro moderno lavabo mural al por mayor se ha dise\u00f1ado pensando en la facilidad de instalaci\u00f3n y se suministra con instrucciones de instalaci\u00f3n claras; la forma del lavabo y el orificio de desag\u00fce cient\u00edficamente dise\u00f1ados garantizan un desag\u00fce r\u00e1pido y sin problemas, reduciendo la acumulaci\u00f3n de agua.<\/li>\n<\/ul>\n<\/div>\n\n\n\n<div class=\"wp-block-column is-layout-flow wp-block-column-is-layout-flow\">\n<figure class=\"wp-block-image size-full\"><img fetchpriority=\"high\" decoding=\"async\" width=\"800\" height=\"800\" src=\"https:\/\/www.ceramicbasin.com\/wp-content\/uploads\/2026\/02\/wall-mount-bathroom-sink\uff0cwall-hung-basin-sink\uff0csinks-bathroom5.webp\" alt=\"\" class=\"wp-image-9108\" srcset=\"https:\/\/www.ceramicbasin.com\/wp-content\/uploads\/2026\/02\/wall-mount-bathroom-sink\uff0cwall-hung-basin-sink\uff0csinks-bathroom5.webp 800w, https:\/\/www.ceramicbasin.com\/wp-content\/uploads\/2026\/02\/wall-mount-bathroom-sink\uff0cwall-hung-basin-sink\uff0csinks-bathroom5-300x300.webp 300w, https:\/\/www.ceramicbasin.com\/wp-content\/uploads\/2026\/02\/wall-mount-bathroom-sink\uff0cwall-hung-basin-sink\uff0csinks-bathroom5-150x150.webp 150w, https:\/\/www.ceramicbasin.com\/wp-content\/uploads\/2026\/02\/wall-mount-bathroom-sink\uff0cwall-hung-basin-sink\uff0csinks-bathroom5-768x768.webp 768w, https:\/\/www.ceramicbasin.com\/wp-content\/uploads\/2026\/02\/wall-mount-bathroom-sink\uff0cwall-hung-basin-sink\uff0csinks-bathroom5-12x12.webp 12w, https:\/\/www.ceramicbasin.com\/wp-content\/uploads\/2026\/02\/wall-mount-bathroom-sink\uff0cwall-hung-basin-sink\uff0csinks-bathroom5-285x285.webp 285w, https:\/\/www.ceramicbasin.com\/wp-content\/uploads\/2026\/02\/wall-mount-bathroom-sink\uff0cwall-hung-basin-sink\uff0csinks-bathroom5-270x270.webp 270w, https:\/\/www.ceramicbasin.com\/wp-content\/uploads\/2026\/02\/wall-mount-bathroom-sink\uff0cwall-hung-basin-sink\uff0csinks-bathroom5-540x540.webp 540w, https:\/\/www.ceramicbasin.com\/wp-content\/uploads\/2026\/02\/wall-mount-bathroom-sink\uff0cwall-hung-basin-sink\uff0csinks-bathroom5-660x660.webp 660w\" sizes=\"(max-width: 800px) 100vw, 800px\" \/><\/figure>\n<\/div>\n<\/div>\n\n\n\n<p><\/p>","protected":false},"excerpt":{"rendered":"<p>Bienvenido a la venta al por mayor de lavabos suspendidos. Este moderno lavabo suspendido combina un dise\u00f1o f\u00e1cil de usar con un sistema de drenaje suave, adecuado para varios espacios de ba\u00f1o, proporcionando una soluci\u00f3n robusta, duradera y que ahorra espacio.<\/p>\n<table style=\"border-collapse: collapse; width: 358.52pt;\" border=\"0\" width=\"478\" cellspacing=\"0\" cellpadding=\"0\">\n<tbody>\n<tr style=\"height: 17.25pt;\">\n<td class=\"et3\" style=\"height: 17.25pt; width: 125.00pt;\" width=\"166\" height=\"23\">Fabricante<\/td>\n<td class=\"et3\" style=\"width: 234.15pt;\" width=\"312\">HanYu<\/td>\n<\/tr>\n<tr style=\"height: 17.25pt;\">\n<td class=\"et3\" style=\"height: 17.25pt;\" height=\"23\">N\u00ba de modelo<\/td>\n<td class=\"et4\">HY-3140<\/td>\n<\/tr>\n<tr style=\"height: 17.25pt;\">\n<td class=\"et3\" style=\"height: 17.25pt;\" height=\"23\">Tipo<\/td>\n<td class=\"et5\" style=\"width: 234.15pt;\" width=\"312\">Fregaderos murales<\/td>\n<\/tr>\n<tr style=\"height: 18.00pt;\">\n<td class=\"et3\" style=\"height: 18.00pt;\" height=\"24\">Forma<\/td>\n<td class=\"et3\">Forma rectangular<\/td>\n<\/tr>\n<tr style=\"height: 34.50pt;\">\n<td class=\"et4\" style=\"height: 34.50pt;\" height=\"46\">Color<\/td>\n<td class=\"et5\" style=\"width: 234.15pt;\" width=\"312\">negro\/blanco\/azul\/gris\/rosa\/verde\/marr\u00f3n\/caqui<\/td>\n<\/tr>\n<tr style=\"height: 18.00pt;\">\n<td class=\"et3\" style=\"height: 18.00pt;\" height=\"24\">Dimensi\u00f3n<\/td>\n<td class=\"et5\" style=\"width: 234.15pt;\" width=\"312\">62*48*20<\/td>\n<\/tr>\n<tr style=\"height: 17.25pt;\">\n<td class=\"et3\" style=\"height: 17.25pt;\" height=\"23\">N.W \/SET<\/td>\n<td class=\"et3\">15 KGS\/PCS<\/td>\n<\/tr>\n<tr style=\"height: 17.25pt;\">\n<td class=\"et3\" style=\"height: 17.25pt;\" height=\"23\">MOQ<\/td>\n<td class=\"et3\">20 piezas<\/td>\n<\/tr>\n<tr style=\"height: 17.25pt;\">\n<td class=\"et3\" style=\"height: 17.25pt;\" height=\"23\">Opci\u00f3n personalizada<\/td>\n<td class=\"et3\">Color\/Patr\u00f3n\/Tama\u00f1o\/Logotipo\/Embalaje<\/td>\n<\/tr>\n<\/tbody>\n<\/table>","protected":false},"featured_media":9103,"comment_status":"closed","ping_status":"closed","template":"","meta":{"_acf_changed":false},"product_brand":[],"product_cat":[57],"product_tag":[],"class_list":{"0":"post-9102","1":"product","2":"type-product","3":"status-publish","4":"has-post-thumbnail","6":"product_cat-wholesale-wall-mounted-sinks","8":"first","9":"instock","10":"shipping-taxable","11":"product-type-simple"},"acf":[],"_links":{"self":[{"href":"https:\/\/www.ceramicbasin.com\/es\/wp-json\/wp\/v2\/product\/9102","targetHints":{"allow":["GET"]}}],"collection":[{"href":"https:\/\/www.ceramicbasin.com\/es\/wp-json\/wp\/v2\/product"}],"about":[{"href":"https:\/\/www.ceramicbasin.com\/es\/wp-json\/wp\/v2\/types\/product"}],"replies":[{"embeddable":true,"href":"https:\/\/www.ceramicbasin.com\/es\/wp-json\/wp\/v2\/comments?post=9102"}],"wp:featuredmedia":[{"embeddable":true,"href":"https:\/\/www.ceramicbasin.com\/es\/wp-json\/wp\/v2\/media\/9103"}],"wp:attachment":[{"href":"https:\/\/www.ceramicbasin.com\/es\/wp-json\/wp\/v2\/media?parent=9102"}],"wp:term":[{"taxonomy":"product_brand","embeddable":true,"href":"https:\/\/www.ceramicbasin.com\/es\/wp-json\/wp\/v2\/product_brand?post=9102"},{"taxonomy":"product_cat","embeddable":true,"href":"https:\/\/www.ceramicbasin.com\/es\/wp-json\/wp\/v2\/product_cat?post=9102"},{"taxonomy":"product_tag","embeddable":true,"href":"https:\/\/www.ceramicbasin.com\/es\/wp-json\/wp\/v2\/product_tag?post=9102"}],"curies":[{"name":"wp","href":"https:\/\/api.w.org\/{rel}","templated":true}]}}