{"id":9123,"date":"2026-02-09T05:24:01","date_gmt":"2026-02-09T05:24:01","guid":{"rendered":"https:\/\/www.ceramicbasin.com\/?post_type=product&#038;p=9123"},"modified":"2026-02-09T08:37:47","modified_gmt":"2026-02-09T08:37:47","slug":"wholesale-small-wall-hung-sinks","status":"publish","type":"product","link":"https:\/\/www.ceramicbasin.com\/es\/producto\/wholesale-small-wall-hung-sinks\/","title":{"rendered":"Venta al por mayor de f\u00e1brica peque\u00f1a pared colgado fregaderos para apartamento"},"content":{"rendered":"<div class=\"wp-block-columns is-layout-flex wp-container-core-columns-is-layout-9d6595d7 wp-block-columns-is-layout-flex\">\n<div class=\"wp-block-column is-layout-flow wp-block-column-is-layout-flow\">\n<h2 class=\"wp-block-heading\">Premium al por mayor peque\u00f1os fregaderos de pared Caracter\u00edsticas:<\/h2>\n\n\n\n<ul class=\"wp-block-list\">\n<li><strong>Ventas calientes: <\/strong>Este fregadero de pared peque\u00f1o al por mayor es bien recibido por el mercado debido a su durabilidad, color uniforme, f\u00e1cil limpieza y mantenimiento, y rendimiento de alto coste.<\/li>\n\n\n\n<li><strong>Suave y delicado: <\/strong>Nuestros lavabos de ba\u00f1o peque\u00f1os al por mayor tienen una superficie lisa y delicada, f\u00e1cil de limpiar y capaz de resistir el desgaste y las manchas del uso diario, manteni\u00e9ndose como nuevos durante mucho tiempo.<\/li>\n\n\n\n<li><strong>Gran capacidad de producci\u00f3n: <\/strong>Nuestro gran almac\u00e9n contiene varios tipos de lavabos de pared al por mayor. Elija los art\u00edculos que est\u00e1n en producci\u00f3n, tenemos suficientes lavabos blancos para hacer lavabos de color m\u00e1rmol, el tiempo de env\u00edo ser\u00eda m\u00e1s corto mucho.<\/li>\n\n\n\n<li><strong>Dise\u00f1o montado en la pared:<\/strong> Estos lavabos a medida para cuartos de ba\u00f1o peque\u00f1os conservan el espacio del suelo, mantienen los cuartos de ba\u00f1o peque\u00f1os ordenados y limpios, y hacen que la limpieza del suelo sea una tarea f\u00e1cil. Est\u00e1n pensados para apartamentos peque\u00f1os, habitaciones de hotel, ba\u00f1os p\u00fablicos y cualquier lugar en el que disponga de un espacio reducido y desee aprovechar el espacio de la pared.<\/li>\n\n\n\n<li><strong>Resistencia estructural de calidad comercial: <\/strong>Estos lavabos murales peque\u00f1os al por mayor tienen una estructura robusta con una excelente capacidad de carga, adecuada para entornos de aseos p\u00fablicos o comerciales de alta frecuencia.<\/li>\n<\/ul>\n<\/div>\n\n\n\n<div class=\"wp-block-column is-layout-flow wp-block-column-is-layout-flow\">\n<figure class=\"wp-block-image size-full\"><img fetchpriority=\"high\" decoding=\"async\" width=\"800\" height=\"800\" src=\"https:\/\/www.ceramicbasin.com\/wp-content\/uploads\/2026\/02\/porcelain-bathroom-sink\uff0cceramic-bathroom-sink\uff0cwall-hung-bathroom-sink5.webp\" alt=\"\" class=\"wp-image-9129\" srcset=\"https:\/\/www.ceramicbasin.com\/wp-content\/uploads\/2026\/02\/porcelain-bathroom-sink\uff0cceramic-bathroom-sink\uff0cwall-hung-bathroom-sink5.webp 800w, https:\/\/www.ceramicbasin.com\/wp-content\/uploads\/2026\/02\/porcelain-bathroom-sink\uff0cceramic-bathroom-sink\uff0cwall-hung-bathroom-sink5-300x300.webp 300w, https:\/\/www.ceramicbasin.com\/wp-content\/uploads\/2026\/02\/porcelain-bathroom-sink\uff0cceramic-bathroom-sink\uff0cwall-hung-bathroom-sink5-150x150.webp 150w, https:\/\/www.ceramicbasin.com\/wp-content\/uploads\/2026\/02\/porcelain-bathroom-sink\uff0cceramic-bathroom-sink\uff0cwall-hung-bathroom-sink5-768x768.webp 768w, https:\/\/www.ceramicbasin.com\/wp-content\/uploads\/2026\/02\/porcelain-bathroom-sink\uff0cceramic-bathroom-sink\uff0cwall-hung-bathroom-sink5-12x12.webp 12w, https:\/\/www.ceramicbasin.com\/wp-content\/uploads\/2026\/02\/porcelain-bathroom-sink\uff0cceramic-bathroom-sink\uff0cwall-hung-bathroom-sink5-285x285.webp 285w, https:\/\/www.ceramicbasin.com\/wp-content\/uploads\/2026\/02\/porcelain-bathroom-sink\uff0cceramic-bathroom-sink\uff0cwall-hung-bathroom-sink5-270x270.webp 270w, https:\/\/www.ceramicbasin.com\/wp-content\/uploads\/2026\/02\/porcelain-bathroom-sink\uff0cceramic-bathroom-sink\uff0cwall-hung-bathroom-sink5-540x540.webp 540w, https:\/\/www.ceramicbasin.com\/wp-content\/uploads\/2026\/02\/porcelain-bathroom-sink\uff0cceramic-bathroom-sink\uff0cwall-hung-bathroom-sink5-660x660.webp 660w\" sizes=\"(max-width: 800px) 100vw, 800px\" \/><\/figure>\n<\/div>\n<\/div>\n\n\n\n<p><\/p>","protected":false},"excerpt":{"rendered":"<p>Bienvenido a comprar lavabos peque\u00f1os para ba\u00f1o. Nuestros lavabos peque\u00f1os colgados de la pared al por mayor tienen una superficie lisa y delicada que es f\u00e1cil de limpiar y puede resistir el desgaste y las manchas del uso diario, manteni\u00e9ndolos como nuevos durante mucho tiempo.<\/p>\n<table border=\"0\" width=\"478\" cellspacing=\"0\" cellpadding=\"0\">\n<tbody>\n<tr>\n<td width=\"166\" height=\"23\">Fabricante<\/td>\n<td width=\"312\">HanYu<\/td>\n<\/tr>\n<tr>\n<td height=\"23\">N\u00ba de modelo<\/td>\n<td>HY-3142R<\/td>\n<\/tr>\n<tr>\n<td height=\"23\">Tipo<\/td>\n<td width=\"312\">Fregaderos murales<\/td>\n<\/tr>\n<tr>\n<td height=\"24\">Forma<\/td>\n<td>Forma rectangular<\/td>\n<\/tr>\n<tr>\n<td height=\"46\">Color<\/td>\n<td width=\"312\">negro\/blanco\/azul\/gris\/rosa\/verde\/marr\u00f3n\/caqui<\/td>\n<\/tr>\n<tr>\n<td height=\"24\">Dimensi\u00f3n<\/td>\n<td width=\"312\">43*27*14.5<\/td>\n<\/tr>\n<tr>\n<td height=\"23\">N.W \/SET<\/td>\n<td>15KGS\/PCS<\/td>\n<\/tr>\n<tr>\n<td height=\"23\">MOQ<\/td>\n<td>20 piezas<\/td>\n<\/tr>\n<tr>\n<td height=\"23\">Opci\u00f3n personalizada<\/td>\n<td>Color\/Patr\u00f3n\/Tama\u00f1o\/Logotipo\/Embalaje<\/td>\n<\/tr>\n<\/tbody>\n<\/table>","protected":false},"featured_media":9127,"comment_status":"closed","ping_status":"closed","template":"","meta":{"_acf_changed":false},"product_brand":[],"product_cat":[57,56],"product_tag":[],"class_list":{"0":"post-9123","1":"product","2":"type-product","3":"status-publish","4":"has-post-thumbnail","6":"product_cat-wholesale-wall-mounted-sinks","7":"product_cat-wholesale-small-bathroom-sinks","9":"first","10":"instock","11":"shipping-taxable","12":"product-type-simple"},"acf":[],"_links":{"self":[{"href":"https:\/\/www.ceramicbasin.com\/es\/wp-json\/wp\/v2\/product\/9123","targetHints":{"allow":["GET"]}}],"collection":[{"href":"https:\/\/www.ceramicbasin.com\/es\/wp-json\/wp\/v2\/product"}],"about":[{"href":"https:\/\/www.ceramicbasin.com\/es\/wp-json\/wp\/v2\/types\/product"}],"replies":[{"embeddable":true,"href":"https:\/\/www.ceramicbasin.com\/es\/wp-json\/wp\/v2\/comments?post=9123"}],"wp:featuredmedia":[{"embeddable":true,"href":"https:\/\/www.ceramicbasin.com\/es\/wp-json\/wp\/v2\/media\/9127"}],"wp:attachment":[{"href":"https:\/\/www.ceramicbasin.com\/es\/wp-json\/wp\/v2\/media?parent=9123"}],"wp:term":[{"taxonomy":"product_brand","embeddable":true,"href":"https:\/\/www.ceramicbasin.com\/es\/wp-json\/wp\/v2\/product_brand?post=9123"},{"taxonomy":"product_cat","embeddable":true,"href":"https:\/\/www.ceramicbasin.com\/es\/wp-json\/wp\/v2\/product_cat?post=9123"},{"taxonomy":"product_tag","embeddable":true,"href":"https:\/\/www.ceramicbasin.com\/es\/wp-json\/wp\/v2\/product_tag?post=9123"}],"curies":[{"name":"wp","href":"https:\/\/api.w.org\/{rel}","templated":true}]}}