{"id":9152,"date":"2026-03-03T03:17:56","date_gmt":"2026-03-03T03:17:56","guid":{"rendered":"https:\/\/www.ceramicbasin.com\/?post_type=product&#038;p=9152"},"modified":"2026-03-06T02:06:09","modified_gmt":"2026-03-06T02:06:09","slug":"wholesale-modern-bathroom-sink","status":"publish","type":"product","link":"https:\/\/www.ceramicbasin.com\/es\/producto\/wholesale-modern-bathroom-sink\/","title":{"rendered":"Mayorista Lavabo de Ba\u00f1o Moderno, Lavabo de Cer\u00e1mica Cuadrado a Medida"},"content":{"rendered":"<div class=\"wp-block-columns is-layout-flex wp-container-core-columns-is-layout-9d6595d7 wp-block-columns-is-layout-flex\">\n<div class=\"wp-block-column is-layout-flow wp-block-column-is-layout-flow\">\n<h2 class=\"wp-block-heading\">Premium al por mayor moderno lavabo de ba\u00f1o Caracter\u00edsticas:<\/h2>\n\n\n\n<ul class=\"wp-block-list\">\n<li><strong>Moderno dise\u00f1o cuadrado asim\u00e9trico:<\/strong> Este lavabo moderno al por mayor tiene un dise\u00f1o rectangular con una suave cubeta interior ovalada, que combina una forma minimalista con un confort funcional. Sirve como un punto focal de moda para interiores de ba\u00f1os modernos.<\/li>\n\n\n\n<li><strong>Construcci\u00f3n de cer\u00e1mica de primera calidad:<\/strong> Este lavabo de ba\u00f1o moderno al por mayor est\u00e1 hecho de cer\u00e1mica de alta calidad, que se cuece a alta temperatura, y el lavabo es muy duradero. La superficie esmaltada es lisa y ayuda a evitar las manchas, lo que facilita la limpieza.<\/li>\n\n\n\n<li><strong>Instalaci\u00f3n de encimeras:<\/strong> Nuestro lavabo de ba\u00f1o moderno al por mayor es un dise\u00f1o sobre encimera que permite una instalaci\u00f3n flexible, mejora la profundidad visual y simplifica la sustituci\u00f3n en proyectos de renovaci\u00f3n.<\/li>\n\n\n\n<li><strong>Inventario al por mayor:<\/strong> Estos lavabos cuadrados de cer\u00e1mica a medida funcionan tanto al por mayor como en proyectos de compra, y son adecuados para clientes minoristas, distribuidores y de proyectos que requieren una entrega r\u00e1pida.<\/li>\n\n\n\n<li><strong>Vers\u00e1til:<\/strong> El lavabo de ba\u00f1o al por mayor directo de f\u00e1brica es adecuado para tocadores de ba\u00f1o, hoteles, ba\u00f1os comerciales y renovaciones residenciales, ofreciendo tanto est\u00e9tica como practicidad.<\/li>\n<\/ul>\n<\/div>\n\n\n\n<div class=\"wp-block-column is-layout-flow wp-block-column-is-layout-flow\">\n<figure class=\"wp-block-image size-full\"><img fetchpriority=\"high\" decoding=\"async\" width=\"680\" height=\"912\" src=\"https:\/\/www.ceramicbasin.com\/wp-content\/uploads\/2026\/03\/Table-Top-Hand-Wash-Basin-6.webp\" alt=\"mayorista-fregadero-ba\u00f1o-moderno-fregadero-ceramica-cuadrado-6-personalizado\" class=\"wp-image-9153\" srcset=\"https:\/\/www.ceramicbasin.com\/wp-content\/uploads\/2026\/03\/Table-Top-Hand-Wash-Basin-6.webp 680w, https:\/\/www.ceramicbasin.com\/wp-content\/uploads\/2026\/03\/Table-Top-Hand-Wash-Basin-6-224x300.webp 224w, https:\/\/www.ceramicbasin.com\/wp-content\/uploads\/2026\/03\/Table-Top-Hand-Wash-Basin-6-9x12.webp 9w, https:\/\/www.ceramicbasin.com\/wp-content\/uploads\/2026\/03\/Table-Top-Hand-Wash-Basin-6-285x382.webp 285w, https:\/\/www.ceramicbasin.com\/wp-content\/uploads\/2026\/03\/Table-Top-Hand-Wash-Basin-6-492x660.webp 492w, https:\/\/www.ceramicbasin.com\/wp-content\/uploads\/2026\/03\/Table-Top-Hand-Wash-Basin-6-112x150.webp 112w\" sizes=\"(max-width: 680px) 100vw, 680px\" \/><\/figure>\n<\/div>\n<\/div>","protected":false},"excerpt":{"rendered":"<p>Bienvenido a comprar nuestro lavabo de ba\u00f1o moderno al por mayor para la instalaci\u00f3n de la encimera con control de calidad estable, tiempo de entrega constante, y un buen embalaje para el mercado de exportaci\u00f3n. Esta costumbre lavabo cuadrado de cer\u00e1mica ofrece la personalizaci\u00f3n OEM \/ ODM. Producto perfecto para los vendedores al por mayor lavabo del ba\u00f1o, distribuidores de art\u00edculos sanitarios, y el hotel o proyectos para el hogar.<\/p>\n<table border=\"0\" width=\"478\" cellspacing=\"0\" cellpadding=\"0\">\n<tbody>\n<tr>\n<td width=\"166\" height=\"23\">Fabricante<\/td>\n<td width=\"312\">HanYu<\/td>\n<\/tr>\n<tr>\n<td height=\"23\">N\u00ba de modelo<\/td>\n<td>HY-8261A<\/td>\n<\/tr>\n<tr>\n<td height=\"23\">Tipo<\/td>\n<td width=\"312\">Fregaderos de encimera<\/td>\n<\/tr>\n<tr>\n<td height=\"24\">Forma<\/td>\n<td>Forma irregular<\/td>\n<\/tr>\n<tr>\n<td height=\"46\">Color<\/td>\n<td width=\"312\">negro\/blanco\/azul\/gris\/rosa\/verde\/marr\u00f3n\/caqui<\/td>\n<\/tr>\n<tr>\n<td height=\"24\">Dimensi\u00f3n<\/td>\n<td width=\"312\">64*36*12.5<\/td>\n<\/tr>\n<tr>\n<td height=\"23\">N.W \/SET<\/td>\n<td>13 KGS\/PCS<\/td>\n<\/tr>\n<tr>\n<td height=\"23\">MOQ<\/td>\n<td>20 piezas<\/td>\n<\/tr>\n<tr>\n<td height=\"23\">Opci\u00f3n personalizada<\/td>\n<td>Color\/Patr\u00f3n\/Tama\u00f1o\/Logotipo\/Embalaje<\/td>\n<\/tr>\n<\/tbody>\n<\/table>\n<p>&nbsp;<\/p>","protected":false},"featured_media":9154,"comment_status":"closed","ping_status":"closed","template":"","meta":{"_acf_changed":false},"product_brand":[],"product_cat":[50],"product_tag":[],"class_list":{"0":"post-9152","1":"product","2":"type-product","3":"status-publish","4":"has-post-thumbnail","6":"product_cat-wholesale-countertop-sinks","8":"first","9":"instock","10":"shipping-taxable","11":"product-type-simple"},"acf":[],"_links":{"self":[{"href":"https:\/\/www.ceramicbasin.com\/es\/wp-json\/wp\/v2\/product\/9152","targetHints":{"allow":["GET"]}}],"collection":[{"href":"https:\/\/www.ceramicbasin.com\/es\/wp-json\/wp\/v2\/product"}],"about":[{"href":"https:\/\/www.ceramicbasin.com\/es\/wp-json\/wp\/v2\/types\/product"}],"replies":[{"embeddable":true,"href":"https:\/\/www.ceramicbasin.com\/es\/wp-json\/wp\/v2\/comments?post=9152"}],"wp:featuredmedia":[{"embeddable":true,"href":"https:\/\/www.ceramicbasin.com\/es\/wp-json\/wp\/v2\/media\/9154"}],"wp:attachment":[{"href":"https:\/\/www.ceramicbasin.com\/es\/wp-json\/wp\/v2\/media?parent=9152"}],"wp:term":[{"taxonomy":"product_brand","embeddable":true,"href":"https:\/\/www.ceramicbasin.com\/es\/wp-json\/wp\/v2\/product_brand?post=9152"},{"taxonomy":"product_cat","embeddable":true,"href":"https:\/\/www.ceramicbasin.com\/es\/wp-json\/wp\/v2\/product_cat?post=9152"},{"taxonomy":"product_tag","embeddable":true,"href":"https:\/\/www.ceramicbasin.com\/es\/wp-json\/wp\/v2\/product_tag?post=9152"}],"curies":[{"name":"wp","href":"https:\/\/api.w.org\/{rel}","templated":true}]}}