{"id":9159,"date":"2026-03-03T03:31:37","date_gmt":"2026-03-03T03:31:37","guid":{"rendered":"https:\/\/www.ceramicbasin.com\/?post_type=product&#038;p=9159"},"modified":"2026-03-06T03:58:31","modified_gmt":"2026-03-06T03:58:31","slug":"wholesale-porcelain-bathroom-sink","status":"publish","type":"product","link":"https:\/\/www.ceramicbasin.com\/es\/producto\/wholesale-porcelain-bathroom-sink\/","title":{"rendered":"Mayorista Fregadero de Porcelana para Ba\u00f1o, Suministro de Fregadero de Encimera para Hotel"},"content":{"rendered":"<div class=\"wp-block-columns is-layout-flex wp-container-core-columns-is-layout-9d6595d7 wp-block-columns-is-layout-flex\">\n<div class=\"wp-block-column is-layout-flow wp-block-column-is-layout-flow\">\n<h2 class=\"wp-block-heading\">Premium al por mayor de porcelana fregadero del ba\u00f1o Caracter\u00edsticas:<\/h2>\n\n\n\n<ul class=\"wp-block-list\">\n<li><strong>Dise\u00f1o cl\u00e1sico de encimera ovalada:<\/strong> El lavabo de porcelana al por mayor tiene una elegante forma ovalada que proporciona un aspecto atemporal y vers\u00e1til que combina f\u00e1cilmente con interiores de ba\u00f1os modernos, minimalistas o cl\u00e1sicos, lo que lo convierte en una opci\u00f3n popular para proyectos de hosteler\u00eda e inmobiliarios.<\/li>\n\n\n\n<li><strong>Superficie lisa esmaltada en blanco:<\/strong> El lavabo de porcelana al por mayor est\u00e1 acabado con un esmalte blanco de alta calidad. La cuenca cuenta con una superficie lisa, no porosa que resiste las manchas, ara\u00f1azos y decoloraci\u00f3n sin dejar de ser f\u00e1cil de limpiar y mantener.<\/li>\n\n\n\n<li><strong>Ideal para proyectos hoteleros y comerciales: <\/strong>El lavabo de porcelana al por mayor est\u00e1 dise\u00f1ado para su instalaci\u00f3n sobre encimera. Este lavabo es ampliamente utilizado en hoteles, resorts, villas y desarrollos de apartamentos debido a su aspecto elegante y funcionalidad pr\u00e1ctica.<\/li>\n\n\n\n<li><strong>Suministro a granel y personalizaci\u00f3n:<\/strong> El lavabo de encimera de hotel puede suministrarse al por mayor con un servicio flexible OEM\/ODM, que incluye impresi\u00f3n de logotipos, cambio de tama\u00f1o, personalizaci\u00f3n del envase y acabado de esmalte especial para diferentes necesidades de marca.<\/li>\n\n\n\n<li><strong>Duradero y f\u00e1cil de limpiar: <\/strong>El denso cuerpo cer\u00e1mico y el acabado esmaltado evitan la proliferaci\u00f3n de bacterias, lo que mantiene limpio el entorno de su cuarto de ba\u00f1o y reduce los costes de mantenimiento.<\/li>\n<\/ul>\n<\/div>\n\n\n\n<div class=\"wp-block-column is-layout-flow wp-block-column-is-layout-flow\">\n<figure class=\"wp-block-image size-full\"><img fetchpriority=\"high\" decoding=\"async\" width=\"726\" height=\"938\" src=\"https:\/\/www.ceramicbasin.com\/wp-content\/uploads\/2026\/03\/Countertop-Bathroom-Sink-for-Modern-Hotel-6.jpg\" alt=\"venta al por mayor-porcelana-fregadero-hotel-encimera-fregadero-6\" class=\"wp-image-9160\" srcset=\"https:\/\/www.ceramicbasin.com\/wp-content\/uploads\/2026\/03\/Countertop-Bathroom-Sink-for-Modern-Hotel-6.jpg 726w, https:\/\/www.ceramicbasin.com\/wp-content\/uploads\/2026\/03\/Countertop-Bathroom-Sink-for-Modern-Hotel-6-232x300.jpg 232w, https:\/\/www.ceramicbasin.com\/wp-content\/uploads\/2026\/03\/Countertop-Bathroom-Sink-for-Modern-Hotel-6-9x12.jpg 9w, https:\/\/www.ceramicbasin.com\/wp-content\/uploads\/2026\/03\/Countertop-Bathroom-Sink-for-Modern-Hotel-6-285x368.jpg 285w, https:\/\/www.ceramicbasin.com\/wp-content\/uploads\/2026\/03\/Countertop-Bathroom-Sink-for-Modern-Hotel-6-511x660.jpg 511w, https:\/\/www.ceramicbasin.com\/wp-content\/uploads\/2026\/03\/Countertop-Bathroom-Sink-for-Modern-Hotel-6-116x150.jpg 116w\" sizes=\"(max-width: 726px) 100vw, 726px\" \/><\/figure>\n<\/div>\n<\/div>\n\n\n\n<p><\/p>","protected":false},"excerpt":{"rendered":"<p>Bienvenido a comprar este lavabo de ba\u00f1o de porcelana al por mayor, un dise\u00f1o cl\u00e1sico de lavabo ovalado de encimera con acabado esmaltado blanco sobre fuego. Lo mejor para proyectos meed ba\u00f1o del hotel, espacios comerciales, y al por mayor, este lavabo ovalado hotel encimera ofrece servicio de personalizaci\u00f3n OEM \/ ODM vers\u00e1til y suministro a granel, con lo que su confianza como proveedores de accesorios de ba\u00f1o globales y contratistas.<\/p>\n<table border=\"0\" width=\"478\" cellspacing=\"0\" cellpadding=\"0\">\n<tbody>\n<tr>\n<td width=\"166\" height=\"23\">Fabricante<\/td>\n<td width=\"312\">HanYu<\/td>\n<\/tr>\n<tr>\n<td height=\"23\">N\u00ba de modelo<\/td>\n<td>HY-8263<\/td>\n<\/tr>\n<tr>\n<td height=\"23\">Tipo<\/td>\n<td width=\"312\">Fregaderos de encimera<\/td>\n<\/tr>\n<tr>\n<td height=\"24\">Forma<\/td>\n<td>Forma ovalada<\/td>\n<\/tr>\n<tr>\n<td height=\"46\">Color<\/td>\n<td width=\"312\">negro\/blanco\/azul\/gris\/rosa\/verde\/marr\u00f3n\/caqui<\/td>\n<\/tr>\n<tr>\n<td height=\"24\">Dimensi\u00f3n<\/td>\n<td width=\"312\">50.5*37*13.5<\/td>\n<\/tr>\n<tr>\n<td height=\"23\">N.W \/SET<\/td>\n<td>12 KGS\/PCS<\/td>\n<\/tr>\n<tr>\n<td height=\"23\">MOQ<\/td>\n<td>20 piezas<\/td>\n<\/tr>\n<tr>\n<td height=\"23\">Opci\u00f3n personalizada<\/td>\n<td>Color\/Patr\u00f3n\/Tama\u00f1o\/Logotipo\/Embalaje<\/td>\n<\/tr>\n<\/tbody>\n<\/table>","protected":false},"featured_media":9161,"comment_status":"closed","ping_status":"closed","template":"","meta":{"_acf_changed":false},"product_brand":[],"product_cat":[50],"product_tag":[],"class_list":{"0":"post-9159","1":"product","2":"type-product","3":"status-publish","4":"has-post-thumbnail","6":"product_cat-wholesale-countertop-sinks","8":"first","9":"instock","10":"shipping-taxable","11":"product-type-simple"},"acf":[],"_links":{"self":[{"href":"https:\/\/www.ceramicbasin.com\/es\/wp-json\/wp\/v2\/product\/9159","targetHints":{"allow":["GET"]}}],"collection":[{"href":"https:\/\/www.ceramicbasin.com\/es\/wp-json\/wp\/v2\/product"}],"about":[{"href":"https:\/\/www.ceramicbasin.com\/es\/wp-json\/wp\/v2\/types\/product"}],"replies":[{"embeddable":true,"href":"https:\/\/www.ceramicbasin.com\/es\/wp-json\/wp\/v2\/comments?post=9159"}],"wp:featuredmedia":[{"embeddable":true,"href":"https:\/\/www.ceramicbasin.com\/es\/wp-json\/wp\/v2\/media\/9161"}],"wp:attachment":[{"href":"https:\/\/www.ceramicbasin.com\/es\/wp-json\/wp\/v2\/media?parent=9159"}],"wp:term":[{"taxonomy":"product_brand","embeddable":true,"href":"https:\/\/www.ceramicbasin.com\/es\/wp-json\/wp\/v2\/product_brand?post=9159"},{"taxonomy":"product_cat","embeddable":true,"href":"https:\/\/www.ceramicbasin.com\/es\/wp-json\/wp\/v2\/product_cat?post=9159"},{"taxonomy":"product_tag","embeddable":true,"href":"https:\/\/www.ceramicbasin.com\/es\/wp-json\/wp\/v2\/product_tag?post=9159"}],"curies":[{"name":"wp","href":"https:\/\/api.w.org\/{rel}","templated":true}]}}