{"id":9178,"date":"2026-03-04T05:23:29","date_gmt":"2026-03-04T05:23:29","guid":{"rendered":"https:\/\/www.ceramicbasin.com\/?post_type=product&#038;p=9178"},"modified":"2026-03-06T07:32:44","modified_gmt":"2026-03-06T07:32:44","slug":"custom-ceramic-wash-basin","status":"publish","type":"product","link":"https:\/\/www.ceramicbasin.com\/es\/producto\/custom-ceramic-wash-basin\/","title":{"rendered":"Lavabo de cer\u00e1mica a medida, fregadero de ba\u00f1o irregular al por mayor"},"content":{"rendered":"<div class=\"wp-block-columns is-layout-flex wp-container-core-columns-is-layout-9d6595d7 wp-block-columns-is-layout-flex\">\n<div class=\"wp-block-column is-layout-flow wp-block-column-is-layout-flow\">\n<h2 class=\"wp-block-heading\">Premium Waterdrop Forma Personalizada Lavabo de Cer\u00e1mica Caracter\u00edsticas:<\/h2>\n\n\n\n<ul class=\"wp-block-list\">\n<li><strong>Dise\u00f1o \u00fanico inspirado en gotas de agua:<\/strong> El lavabo de cer\u00e1mica a medida con una elegante forma de gota de agua crea un aspecto distintivo y art\u00edstico, convirti\u00e9ndolo en una llamativa pieza central en los cuartos de ba\u00f1o modernos. El contorno irregular realza el atractivo visual y ayuda a interioristas y minoristas a ofrecer productos de ba\u00f1o m\u00e1s diferenciados.<\/li>\n\n\n\n<li><strong>Superficie acristalada lisa:<\/strong> El lavabo de cer\u00e1mica a medida presenta un acabado esmaltado liso y no poroso que evita las manchas, los ara\u00f1azos y la acumulaci\u00f3n de bacterias. Esto hace que el lavabo sea f\u00e1cil de limpiar y mantener, lo que resulta ideal para hoteles, apartamentos y proyectos de hosteler\u00eda.<\/li>\n\n\n\n<li><strong>Dise\u00f1o de instalaci\u00f3n de encimeras:<\/strong> El lavabo de cer\u00e1mica a medida, dise\u00f1ado como lavabo de recipiente para instalaci\u00f3n sobre encimera, ofrece opciones de instalaci\u00f3n flexibles y combina bien con una amplia gama de lavabos de ba\u00f1o, grifer\u00edas y estilos de dise\u00f1o interior.<\/li>\n\n\n\n<li><strong>Ideal para la distribuci\u00f3n mundial al por mayor:<\/strong> Con una capacidad de producci\u00f3n estable y un estricto control de calidad, este lavabo de cer\u00e1mica es adecuado para el suministro mayorista a gran escala a distribuidores, marcas de ba\u00f1o y contratistas de proyectos de todo el mundo.<\/li>\n<\/ul>\n<\/div>\n\n\n\n<div class=\"wp-block-column is-layout-flow wp-block-column-is-layout-flow\">\n<figure class=\"wp-block-image size-full\"><img fetchpriority=\"high\" decoding=\"async\" width=\"680\" height=\"938\" src=\"https:\/\/www.ceramicbasin.com\/wp-content\/uploads\/2026\/03\/Wash-Basin-Irregular-Bathroom-Sink-6.jpg\" alt=\"lavabo ceramico a medida-irregular-fregadero-ba\u00f1o-mayorista-6\" class=\"wp-image-9179\" srcset=\"https:\/\/www.ceramicbasin.com\/wp-content\/uploads\/2026\/03\/Wash-Basin-Irregular-Bathroom-Sink-6.jpg 680w, https:\/\/www.ceramicbasin.com\/wp-content\/uploads\/2026\/03\/Wash-Basin-Irregular-Bathroom-Sink-6-217x300.jpg 217w, https:\/\/www.ceramicbasin.com\/wp-content\/uploads\/2026\/03\/Wash-Basin-Irregular-Bathroom-Sink-6-9x12.jpg 9w, https:\/\/www.ceramicbasin.com\/wp-content\/uploads\/2026\/03\/Wash-Basin-Irregular-Bathroom-Sink-6-285x393.jpg 285w, https:\/\/www.ceramicbasin.com\/wp-content\/uploads\/2026\/03\/Wash-Basin-Irregular-Bathroom-Sink-6-478x660.jpg 478w, https:\/\/www.ceramicbasin.com\/wp-content\/uploads\/2026\/03\/Wash-Basin-Irregular-Bathroom-Sink-6-109x150.jpg 109w\" sizes=\"(max-width: 680px) 100vw, 680px\" \/><\/figure>\n<\/div>\n<\/div>","protected":false},"excerpt":{"rendered":"<p>Bienvenido a la compra de nuestro lavabo de cer\u00e1mica personalizado en forma de gota de agua, perfectamente adecuado para interiores modernos y proyectos comerciales. Este lavabo se hace a mano de cer\u00e1mica de primera calidad y tiene un acabado esmaltado suave que hace que sea de larga duraci\u00f3n y bajo mantenimiento. La mejor opci\u00f3n para los mayoristas, las marcas de ba\u00f1o, y proyectos de construcci\u00f3n, que lavabo recipiente irregular apoya la personalizaci\u00f3n OEM \/ ODM y al por mayor.<\/p>\n<table style=\"border-collapse: collapse; width: 358.52pt;\" border=\"0\" width=\"478\" cellspacing=\"0\" cellpadding=\"0\">\n<tbody>\n<tr style=\"height: 17.25pt;\">\n<td class=\"et3\" style=\"height: 17.25pt; width: 125.00pt;\" width=\"166\" height=\"23\">Fabricante<\/td>\n<td class=\"et3\" style=\"width: 234.15pt;\" width=\"312\">HanYu<\/td>\n<\/tr>\n<tr style=\"height: 17.25pt;\">\n<td class=\"et3\" style=\"height: 17.25pt;\" height=\"23\">N\u00ba de modelo<\/td>\n<td class=\"et4\">HY-8266<\/td>\n<\/tr>\n<tr style=\"height: 17.25pt;\">\n<td class=\"et3\" style=\"height: 17.25pt;\" height=\"23\">Tipo<\/td>\n<td class=\"et5\" style=\"width: 234.15pt;\" width=\"312\">Fregaderos de encimera<\/td>\n<\/tr>\n<tr style=\"height: 18.00pt;\">\n<td class=\"et3\" style=\"height: 18.00pt;\" height=\"24\">Forma\u00a0\u00a0<\/td>\n<td class=\"et3\">\u00a0Forma triangular<\/td>\n<\/tr>\n<tr style=\"height: 34.50pt;\">\n<td class=\"et4\" style=\"height: 34.50pt;\" height=\"46\">Color<\/td>\n<td class=\"et5\" style=\"width: 234.15pt;\" width=\"312\">negro\/blanco\/azul\/gris\/rosa\/verde\/marr\u00f3n\/caqui<\/td>\n<\/tr>\n<tr style=\"height: 18.00pt;\">\n<td class=\"et3\" style=\"height: 18.00pt;\" height=\"24\">Dimensi\u00f3n<\/td>\n<td class=\"et5\" style=\"width: 234.15pt;\" width=\"312\">51*39*13<\/td>\n<\/tr>\n<tr style=\"height: 17.25pt;\">\n<td class=\"et3\" style=\"height: 17.25pt;\" height=\"23\">N.W \/SET<\/td>\n<td class=\"et3\">11 KGS\/PCS<\/td>\n<\/tr>\n<tr style=\"height: 17.25pt;\">\n<td class=\"et3\" style=\"height: 17.25pt;\" height=\"23\">MOQ<\/td>\n<td class=\"et3\">20 piezas<\/td>\n<\/tr>\n<tr style=\"height: 17.25pt;\">\n<td class=\"et3\" style=\"height: 17.25pt;\" height=\"23\">Opci\u00f3n personalizada<\/td>\n<td class=\"et3\">Color\/Patr\u00f3n\/Tama\u00f1o\/Logotipo\/Embalaje<\/td>\n<\/tr>\n<\/tbody>\n<\/table>","protected":false},"featured_media":9181,"comment_status":"closed","ping_status":"closed","template":"","meta":{"_acf_changed":false},"product_brand":[],"product_cat":[50],"product_tag":[],"class_list":{"0":"post-9178","1":"product","2":"type-product","3":"status-publish","4":"has-post-thumbnail","6":"product_cat-wholesale-countertop-sinks","8":"first","9":"instock","10":"shipping-taxable","11":"product-type-simple"},"acf":[],"_links":{"self":[{"href":"https:\/\/www.ceramicbasin.com\/es\/wp-json\/wp\/v2\/product\/9178","targetHints":{"allow":["GET"]}}],"collection":[{"href":"https:\/\/www.ceramicbasin.com\/es\/wp-json\/wp\/v2\/product"}],"about":[{"href":"https:\/\/www.ceramicbasin.com\/es\/wp-json\/wp\/v2\/types\/product"}],"replies":[{"embeddable":true,"href":"https:\/\/www.ceramicbasin.com\/es\/wp-json\/wp\/v2\/comments?post=9178"}],"wp:featuredmedia":[{"embeddable":true,"href":"https:\/\/www.ceramicbasin.com\/es\/wp-json\/wp\/v2\/media\/9181"}],"wp:attachment":[{"href":"https:\/\/www.ceramicbasin.com\/es\/wp-json\/wp\/v2\/media?parent=9178"}],"wp:term":[{"taxonomy":"product_brand","embeddable":true,"href":"https:\/\/www.ceramicbasin.com\/es\/wp-json\/wp\/v2\/product_brand?post=9178"},{"taxonomy":"product_cat","embeddable":true,"href":"https:\/\/www.ceramicbasin.com\/es\/wp-json\/wp\/v2\/product_cat?post=9178"},{"taxonomy":"product_tag","embeddable":true,"href":"https:\/\/www.ceramicbasin.com\/es\/wp-json\/wp\/v2\/product_tag?post=9178"}],"curies":[{"name":"wp","href":"https:\/\/api.w.org\/{rel}","templated":true}]}}