{"id":9233,"date":"2026-03-12T09:41:04","date_gmt":"2026-03-12T09:41:04","guid":{"rendered":"https:\/\/www.ceramicbasin.com\/?post_type=product&#038;p=9233"},"modified":"2026-03-21T08:31:15","modified_gmt":"2026-03-21T08:31:15","slug":"custom-glass-bathroom-sinks","status":"publish","type":"product","link":"https:\/\/www.ceramicbasin.com\/es\/producto\/custom-glass-bathroom-sinks\/","title":{"rendered":"Lavabos de cristal a medida, Lavabo de cristal redondo al por mayor"},"content":{"rendered":"<div class=\"wp-block-columns is-layout-flex wp-container-core-columns-is-layout-9d6595d7 wp-block-columns-is-layout-flex\">\n<div class=\"wp-block-column is-layout-flow wp-block-column-is-layout-flow\">\n<h2 class=\"wp-block-heading\">Premium Custom Glass Lavabos de ba\u00f1o Caracter\u00edsticas:<\/h2>\n\n\n\n<ul class=\"wp-block-list\">\n<li><strong>Elegante dise\u00f1o redondo de lujo:<\/strong> La forma redonda y lisa de los lavabos de cristal a medida y su acabado cristalino crean un aspecto lujoso y contempor\u00e1neo. Este elegante dise\u00f1o se adapta f\u00e1cilmente a cuartos de ba\u00f1o modernos, hoteles, villas y proyectos residenciales de gama alta, a\u00f1adiendo un efecto visual de primera calidad al espacio.<\/li>\n\n\n\n<li><strong>Material de vidrio duradero: <\/strong>El fregadero de cristal al por mayor utiliza cristal de alta calidad, que proporciona durabilidad, bajo peso, alta transparencia y alto brillo. Proporcion\u00e1ndole un visual moderno y de alta gama, as\u00ed como un uso duradero.<\/li>\n\n\n\n<li><strong>Variedad de colores:<\/strong> Estos lavabos de cristal a medida tienen una gran variedad de colores disponibles, desde el cl\u00e1sico transparente hasta el colorido y la moda para satisfacer los diferentes estilos de ba\u00f1o y preferencias personales.<\/li>\n\n\n\n<li><strong>Compatible con la instalaci\u00f3n de recipientes sobre encimera:<\/strong> Estos lavabos de cristal a medida para cuartos de ba\u00f1o est\u00e1n dise\u00f1ados como lavabos tipo recipiente; se asientan perfectamente sobre las encimeras de los cuartos de ba\u00f1o. Este estilo de instalaci\u00f3n simplifica la instalaci\u00f3n al tiempo que mejora la est\u00e9tica general del espacio de ba\u00f1o.<\/li>\n\n\n\n<li><strong>F\u00e1cil de limpiar:<\/strong> La superficie lisa de cristal es resistente a las manchas y al moho, y es f\u00e1cil de limpiar y mantener, lo que garantiza la higiene y el orden en el uso diario. Bienvenido a la compra y fregadero de cristal personalizado.<\/li>\n\n\n\n<li><strong>Opciones de personalizaci\u00f3n para compradores de marca:<\/strong> Nuestro fregadero de vidrio al por mayor est\u00e1 disponible para la personalizaci\u00f3n OEM y ODM, puede personalizar el color del vidrio, el grosor, el patr\u00f3n, el tama\u00f1o y el logotipo. Esta flexibilidad permite al revendedor, minorista o propietario de la marca para construir l\u00edneas exclusivas que se ajustan a su posici\u00f3n en el mercado.<\/li>\n<\/ul>\n<\/div>\n\n\n\n<div class=\"wp-block-column is-layout-flow wp-block-column-is-layout-flow\">\n<figure class=\"wp-block-image size-full\"><img fetchpriority=\"high\" decoding=\"async\" width=\"521\" height=\"384\" src=\"https:\/\/www.ceramicbasin.com\/wp-content\/uploads\/2026\/03\/Luxury-round-design-wholesale-glass-sink-bowl-for-cabinet-1.webp\" alt=\"fregaderos de cristal a medida para cuartos de ba\u00f1o fregaderos de cristal al por mayor redondos-1\" class=\"wp-image-9222\" srcset=\"https:\/\/www.ceramicbasin.com\/wp-content\/uploads\/2026\/03\/Luxury-round-design-wholesale-glass-sink-bowl-for-cabinet-1.webp 521w, https:\/\/www.ceramicbasin.com\/wp-content\/uploads\/2026\/03\/Luxury-round-design-wholesale-glass-sink-bowl-for-cabinet-1-300x221.webp 300w, https:\/\/www.ceramicbasin.com\/wp-content\/uploads\/2026\/03\/Luxury-round-design-wholesale-glass-sink-bowl-for-cabinet-1-16x12.webp 16w, https:\/\/www.ceramicbasin.com\/wp-content\/uploads\/2026\/03\/Luxury-round-design-wholesale-glass-sink-bowl-for-cabinet-1-285x210.webp 285w, https:\/\/www.ceramicbasin.com\/wp-content\/uploads\/2026\/03\/Luxury-round-design-wholesale-glass-sink-bowl-for-cabinet-1-150x111.webp 150w\" sizes=\"(max-width: 521px) 100vw, 521px\" \/><\/figure>\n<\/div>\n<\/div>","protected":false},"excerpt":{"rendered":"<p>Bienvenido a comprar nuestros lavabos de cristal a medida, que tienen un dise\u00f1o elegante y moderno, adecuado para varios dise\u00f1os de ba\u00f1o, y mejorar la belleza general y el grado del espacio. Dise\u00f1ado para mayoristas, distribuidores y marcas de ba\u00f1o, soporta la personalizaci\u00f3n completa en color, tama\u00f1o y patrones para ayudar a las empresas a crear l\u00edneas de productos diferenciados.<\/p>\n<table style=\"border-collapse: collapse; width: 358.52pt;\" border=\"0\" width=\"478\" cellspacing=\"0\" cellpadding=\"0\">\n<tbody>\n<tr style=\"height: 17.25pt;\">\n<td class=\"et3\" style=\"height: 17.25pt; width: 125.00pt;\" width=\"166\" height=\"23\">Fabricante<\/td>\n<td class=\"et3\" style=\"width: 234.15pt;\" width=\"312\">HanYu<\/td>\n<\/tr>\n<tr style=\"height: 17.25pt;\">\n<td class=\"et3\" style=\"height: 17.25pt;\" height=\"23\">N\u00ba de modelo<\/td>\n<td class=\"et4\">HY-GL322<\/td>\n<\/tr>\n<tr style=\"height: 17.25pt;\">\n<td class=\"et3\" style=\"height: 17.25pt;\" height=\"23\">Tipo<\/td>\n<td class=\"et5\" style=\"width: 234.15pt;\" width=\"312\">Lavabo de cristal<\/td>\n<\/tr>\n<tr style=\"height: 18.00pt;\">\n<td class=\"et3\" style=\"height: 18.00pt;\" height=\"24\">Forma<\/td>\n<td class=\"et3\">Forma redonda<\/td>\n<\/tr>\n<tr style=\"height: 34.50pt;\">\n<td class=\"et4\" style=\"height: 34.50pt;\" height=\"46\">Color<\/td>\n<td class=\"et5\" style=\"width: 234.15pt;\" width=\"312\">negro\/blanco\/azul\/gris\/rosa\/verde\/marr\u00f3n\/caqui<\/td>\n<\/tr>\n<tr style=\"height: 18.00pt;\">\n<td class=\"et3\" style=\"height: 18.00pt;\" height=\"24\">Dimensi\u00f3n<\/td>\n<td class=\"et5\" style=\"width: 234.15pt;\" width=\"312\">40*40*14<\/td>\n<\/tr>\n<tr style=\"height: 17.25pt;\">\n<td class=\"et3\" style=\"height: 17.25pt;\" height=\"23\">N.W \/SET<\/td>\n<td class=\"et3\">8KGS\/PCS<\/td>\n<\/tr>\n<tr style=\"height: 17.25pt;\">\n<td class=\"et3\" style=\"height: 17.25pt;\" height=\"23\">MOQ<\/td>\n<td class=\"et3\">20 piezas<\/td>\n<\/tr>\n<tr style=\"height: 17.25pt;\">\n<td class=\"et3\" style=\"height: 17.25pt;\" height=\"23\">Opci\u00f3n personalizada<\/td>\n<td class=\"et3\">Color\/Patr\u00f3n\/Tama\u00f1o\/Logotipo\/Embalaje<\/td>\n<\/tr>\n<\/tbody>\n<\/table>","protected":false},"featured_media":9369,"comment_status":"closed","ping_status":"closed","template":"","meta":{"_acf_changed":false},"product_brand":[],"product_cat":[52],"product_tag":[],"class_list":{"0":"post-9233","1":"product","2":"type-product","3":"status-publish","4":"has-post-thumbnail","6":"product_cat-wholesale-glass-vessel-sinks","8":"first","9":"instock","10":"shipping-taxable","11":"product-type-simple"},"acf":[],"_links":{"self":[{"href":"https:\/\/www.ceramicbasin.com\/es\/wp-json\/wp\/v2\/product\/9233","targetHints":{"allow":["GET"]}}],"collection":[{"href":"https:\/\/www.ceramicbasin.com\/es\/wp-json\/wp\/v2\/product"}],"about":[{"href":"https:\/\/www.ceramicbasin.com\/es\/wp-json\/wp\/v2\/types\/product"}],"replies":[{"embeddable":true,"href":"https:\/\/www.ceramicbasin.com\/es\/wp-json\/wp\/v2\/comments?post=9233"}],"wp:featuredmedia":[{"embeddable":true,"href":"https:\/\/www.ceramicbasin.com\/es\/wp-json\/wp\/v2\/media\/9369"}],"wp:attachment":[{"href":"https:\/\/www.ceramicbasin.com\/es\/wp-json\/wp\/v2\/media?parent=9233"}],"wp:term":[{"taxonomy":"product_brand","embeddable":true,"href":"https:\/\/www.ceramicbasin.com\/es\/wp-json\/wp\/v2\/product_brand?post=9233"},{"taxonomy":"product_cat","embeddable":true,"href":"https:\/\/www.ceramicbasin.com\/es\/wp-json\/wp\/v2\/product_cat?post=9233"},{"taxonomy":"product_tag","embeddable":true,"href":"https:\/\/www.ceramicbasin.com\/es\/wp-json\/wp\/v2\/product_tag?post=9233"}],"curies":[{"name":"wp","href":"https:\/\/api.w.org\/{rel}","templated":true}]}}