{"id":9234,"date":"2026-03-12T09:55:50","date_gmt":"2026-03-12T09:55:50","guid":{"rendered":"https:\/\/www.ceramicbasin.com\/?post_type=product&#038;p=9234"},"modified":"2026-03-21T08:26:58","modified_gmt":"2026-03-21T08:26:58","slug":"glass-bathroom-sinks-wholesale","status":"publish","type":"product","link":"https:\/\/www.ceramicbasin.com\/es\/producto\/glass-bathroom-sinks-wholesale\/","title":{"rendered":"Lavabos de cristal al por mayor, lavabos de cristal al por mayor"},"content":{"rendered":"<div class=\"wp-block-columns is-layout-flex wp-container-core-columns-is-layout-9d6595d7 wp-block-columns-is-layout-flex\">\n<div class=\"wp-block-column is-layout-flow wp-block-column-is-layout-flow\">\n<h2 class=\"wp-block-heading\">Premium Fregaderos de ba\u00f1o de vidrio al por mayor Caracter\u00edsticas:<\/h2>\n\n\n\n<ul class=\"wp-block-list\">\n<li><strong>Dise\u00f1o de moda: <\/strong>Nuestros lavabos de cristal al por mayor tienen un dise\u00f1o moderno y de moda con l\u00edneas suaves, adecuado para varios dise\u00f1os de ba\u00f1o, y mejorar la belleza general y el grado del espacio.<\/li>\n\n\n\n<li><strong>Vidrio de alta calidad Material: <\/strong>Estos lavabos de ba\u00f1o de vidrio al por mayor son procesados por el vidrio de alta calidad con alta transparencia y textura fina, que tiene efectos visuales sorprendentes y trae un ambiente moderno, y tambi\u00e9n es bueno para la durabilidad y la belleza del producto.<\/li>\n\n\n\n<li><strong>Servicio personalizado:<\/strong> Podemos ofrecer fregaderos de cuba personalizados para satisfacer los requisitos especiales de los clientes. Ya se trate de tama\u00f1o, forma o color, los clientes pueden tener a su manera a trav\u00e9s de la personalizaci\u00f3n.<\/li>\n\n\n\n<li><strong>Ideal para la venta al por mayor y el suministro de proyectos:<\/strong> Con una capacidad de producci\u00f3n estable y un estricto control de calidad, estos fregaderos de cuba a medida son adecuados para pedidos al por mayor, suministro de proyectos y distribuci\u00f3n mayorista global, satisfaciendo las necesidades de importadores, marcas de ba\u00f1o y contratistas de la construcci\u00f3n.<\/li>\n<\/ul>\n<\/div>\n\n\n\n<div class=\"wp-block-column is-layout-flow wp-block-column-is-layout-flow\">\n<figure class=\"wp-block-image size-full\"><img fetchpriority=\"high\" decoding=\"async\" width=\"545\" height=\"342\" src=\"https:\/\/www.ceramicbasin.com\/wp-content\/uploads\/2026\/03\/Newest-fashion-design-counter-top-glass-sinks-basin-with-multiple-colors-1.webp\" alt=\"lo m\u00e1s nuevo-fregaderos-de-ba\u00f1o-de-vidrio-mayorista-fregadero-de-vidrio-a-la-medida-1\" class=\"wp-image-9217\" srcset=\"https:\/\/www.ceramicbasin.com\/wp-content\/uploads\/2026\/03\/Newest-fashion-design-counter-top-glass-sinks-basin-with-multiple-colors-1.webp 545w, https:\/\/www.ceramicbasin.com\/wp-content\/uploads\/2026\/03\/Newest-fashion-design-counter-top-glass-sinks-basin-with-multiple-colors-1-300x188.webp 300w, https:\/\/www.ceramicbasin.com\/wp-content\/uploads\/2026\/03\/Newest-fashion-design-counter-top-glass-sinks-basin-with-multiple-colors-1-18x12.webp 18w, https:\/\/www.ceramicbasin.com\/wp-content\/uploads\/2026\/03\/Newest-fashion-design-counter-top-glass-sinks-basin-with-multiple-colors-1-285x179.webp 285w, https:\/\/www.ceramicbasin.com\/wp-content\/uploads\/2026\/03\/Newest-fashion-design-counter-top-glass-sinks-basin-with-multiple-colors-1-150x94.webp 150w\" sizes=\"(max-width: 545px) 100vw, 545px\" \/><\/figure>\n<\/div>\n<\/div>","protected":false},"excerpt":{"rendered":"<p>Bienvenido a comprar nuestros lavabos de vidrio al por mayor, que est\u00e1n hechos de vidrio de alta calidad con alta transparencia y textura delicada, que tiene excelentes efectos visuales y un sentido moderno. Este lavabo de vidrio personalizado es perfecto para hoteles, proyectos residenciales y mercados minoristas de gama alta, ayudando a los compradores B2B a mejorar el valor del producto, atraer clientes y hacer crecer su negocio de lavabos de ba\u00f1o.<\/p>\n<table border=\"0\" width=\"478\" cellspacing=\"0\" cellpadding=\"0\">\n<tbody>\n<tr>\n<td width=\"166\" height=\"23\">Fabricante<\/td>\n<td width=\"312\">HanYu<\/td>\n<\/tr>\n<tr>\n<td height=\"23\">N\u00ba de modelo<\/td>\n<td>HY-GL27<\/td>\n<\/tr>\n<tr>\n<td height=\"23\">Tipo<\/td>\n<td width=\"312\">Lavabo de cristal<\/td>\n<\/tr>\n<tr>\n<td height=\"24\">Forma<\/td>\n<td>Forma redonda<\/td>\n<\/tr>\n<tr>\n<td height=\"46\">Color<\/td>\n<td width=\"312\">negro\/blanco\/azul\/gris\/rosa\/verde\/marr\u00f3n\/caqui<\/td>\n<\/tr>\n<tr>\n<td height=\"24\">Dimensi\u00f3n<\/td>\n<td width=\"312\">46*46*12.5<\/td>\n<\/tr>\n<tr>\n<td height=\"23\">N.W \/SET<\/td>\n<td>8KGS\/PCS<\/td>\n<\/tr>\n<tr>\n<td height=\"23\">MOQ<\/td>\n<td>20 piezas<\/td>\n<\/tr>\n<tr>\n<td height=\"23\">Opci\u00f3n personalizada<\/td>\n<td>Color\/Patr\u00f3n\/Tama\u00f1o\/Logotipo\/Embalaje<\/td>\n<\/tr>\n<\/tbody>\n<\/table>","protected":false},"featured_media":9376,"comment_status":"closed","ping_status":"closed","template":"","meta":{"_acf_changed":false},"product_brand":[],"product_cat":[52],"product_tag":[],"class_list":{"0":"post-9234","1":"product","2":"type-product","3":"status-publish","4":"has-post-thumbnail","6":"product_cat-wholesale-glass-vessel-sinks","8":"first","9":"instock","10":"shipping-taxable","11":"product-type-simple"},"acf":[],"_links":{"self":[{"href":"https:\/\/www.ceramicbasin.com\/es\/wp-json\/wp\/v2\/product\/9234","targetHints":{"allow":["GET"]}}],"collection":[{"href":"https:\/\/www.ceramicbasin.com\/es\/wp-json\/wp\/v2\/product"}],"about":[{"href":"https:\/\/www.ceramicbasin.com\/es\/wp-json\/wp\/v2\/types\/product"}],"replies":[{"embeddable":true,"href":"https:\/\/www.ceramicbasin.com\/es\/wp-json\/wp\/v2\/comments?post=9234"}],"wp:featuredmedia":[{"embeddable":true,"href":"https:\/\/www.ceramicbasin.com\/es\/wp-json\/wp\/v2\/media\/9376"}],"wp:attachment":[{"href":"https:\/\/www.ceramicbasin.com\/es\/wp-json\/wp\/v2\/media?parent=9234"}],"wp:term":[{"taxonomy":"product_brand","embeddable":true,"href":"https:\/\/www.ceramicbasin.com\/es\/wp-json\/wp\/v2\/product_brand?post=9234"},{"taxonomy":"product_cat","embeddable":true,"href":"https:\/\/www.ceramicbasin.com\/es\/wp-json\/wp\/v2\/product_cat?post=9234"},{"taxonomy":"product_tag","embeddable":true,"href":"https:\/\/www.ceramicbasin.com\/es\/wp-json\/wp\/v2\/product_tag?post=9234"}],"curies":[{"name":"wp","href":"https:\/\/api.w.org\/{rel}","templated":true}]}}