{"id":9235,"date":"2026-03-12T10:08:09","date_gmt":"2026-03-12T10:08:09","guid":{"rendered":"https:\/\/www.ceramicbasin.com\/?post_type=product&#038;p=9235"},"modified":"2026-03-21T08:34:31","modified_gmt":"2026-03-21T08:34:31","slug":"glass-bowl-sink-wholesale","status":"publish","type":"product","link":"https:\/\/www.ceramicbasin.com\/es\/producto\/glass-bowl-sink-wholesale\/","title":{"rendered":"Fregadero De Vidrio Al Por Mayor, Lavabo De Vidrio De Color Personalizado"},"content":{"rendered":"<div class=\"wp-block-columns is-layout-flex wp-container-core-columns-is-layout-9d6595d7 wp-block-columns-is-layout-flex\">\n<div class=\"wp-block-column is-layout-flow wp-block-column-is-layout-flow\">\n<h2 class=\"wp-block-heading\">Premium Glass Bowl Fregadero al por mayor Caracter\u00edsticas:<\/h2>\n\n\n\n<ul class=\"wp-block-list\">\n<li><strong>Dise\u00f1o exquisito:<\/strong> Este lavabo con cubeta de cristal al por mayor est\u00e1 dise\u00f1ado en un estilo moderno, con bellas l\u00edneas y adecuado para todo tipo de distribuciones de ba\u00f1o, fomentando la belleza del espacio en su conjunto.<\/li>\n\n\n\n<li><strong>F\u00e1cil de limpiar:<\/strong> Con una superficie lisa de cristal, este fregadero de cubeta de cristal al por mayor es resistente a cualquier mancha o moho, f\u00e1cil de limpiar y mantener, garantizando la higiene y el orden en el uso diario.<\/li>\n\n\n\n<li><strong>Material de vidrio de alta calidad:<\/strong> El fregadero de cristal al por mayor est\u00e1 hecho de cristal de alta calidad con alta transparencia y delicada textura, que tiene excelentes efectos visuales y sentido moderno, asegurando la durabilidad y belleza del producto.<\/li>\n\n\n\n<li><strong>M\u00faltiples opciones de color: <\/strong>Nuestro lavabo de recipiente de color personalizado a granel ofrece una amplia gama de opciones de color, desde el cl\u00e1sico transparente hasta los colores de moda, para satisfacer diferentes estilos de decoraci\u00f3n y preferencias personales, a\u00f1adiendo colores \u00fanicos y personalidad al cuarto de ba\u00f1o.<\/li>\n\n\n\n<li><strong>Apoyo a la personalizaci\u00f3n al por mayor:<\/strong> Nuestro recipiente de color a granel es ideal para mayoristas, distribuidores y compradores de proyectos. Las opciones de personalizaci\u00f3n incluyen el tama\u00f1o, el color, la impresi\u00f3n del logotipo, el embalaje y la producci\u00f3n a granel para satisfacer las diferentes necesidades del mercado.<\/li>\n<\/ul>\n<\/div>\n\n\n\n<div class=\"wp-block-column is-layout-flow wp-block-column-is-layout-flow\">\n<figure class=\"wp-block-image size-full\"><img fetchpriority=\"high\" decoding=\"async\" width=\"532\" height=\"448\" src=\"https:\/\/www.ceramicbasin.com\/wp-content\/uploads\/2026\/03\/Wholesale-glass-sinks-bowlcustom-color-bowl-vessel-1.webp\" alt=\"lavabo-fregadero-de-vidrio-mayorista-color-personalizado-lavabo-de-vaso-1\" class=\"wp-image-9209\" srcset=\"https:\/\/www.ceramicbasin.com\/wp-content\/uploads\/2026\/03\/Wholesale-glass-sinks-bowlcustom-color-bowl-vessel-1.webp 532w, https:\/\/www.ceramicbasin.com\/wp-content\/uploads\/2026\/03\/Wholesale-glass-sinks-bowlcustom-color-bowl-vessel-1-300x253.webp 300w, https:\/\/www.ceramicbasin.com\/wp-content\/uploads\/2026\/03\/Wholesale-glass-sinks-bowlcustom-color-bowl-vessel-1-14x12.webp 14w, https:\/\/www.ceramicbasin.com\/wp-content\/uploads\/2026\/03\/Wholesale-glass-sinks-bowlcustom-color-bowl-vessel-1-285x240.webp 285w, https:\/\/www.ceramicbasin.com\/wp-content\/uploads\/2026\/03\/Wholesale-glass-sinks-bowlcustom-color-bowl-vessel-1-150x126.webp 150w\" sizes=\"(max-width: 532px) 100vw, 532px\" \/><\/figure>\n<\/div>\n<\/div>","protected":false},"excerpt":{"rendered":"<p>Bienvenido a comprar nuestro lavabo de cristal al por mayor, que ofrece una amplia gama de opciones de color, desde el cl\u00e1sico transparente a los colores de moda, para satisfacer diferentes estilos de decoraci\u00f3n y preferencias personales, a\u00f1adiendo colores \u00fanicos y personalidad al cuarto de ba\u00f1o.<\/p>\n<table style=\"border-collapse: collapse; width: 358.52pt;\" border=\"0\" width=\"478\" cellspacing=\"0\" cellpadding=\"0\">\n<tbody>\n<tr style=\"height: 17.25pt;\">\n<td class=\"et3\" style=\"height: 17.25pt; width: 125.00pt;\" width=\"166\" height=\"23\">Fabricante<\/td>\n<td class=\"et3\" style=\"width: 234.15pt;\" width=\"312\">HanYu<\/td>\n<\/tr>\n<tr style=\"height: 17.25pt;\">\n<td class=\"et3\" style=\"height: 17.25pt;\" height=\"23\">N\u00ba de modelo<\/td>\n<td class=\"et4\">HY-GL47<\/td>\n<\/tr>\n<tr style=\"height: 17.25pt;\">\n<td class=\"et3\" style=\"height: 17.25pt;\" height=\"23\">Tipo<\/td>\n<td class=\"et5\" style=\"width: 234.15pt;\" width=\"312\">Lavabo de cristal<\/td>\n<\/tr>\n<tr style=\"height: 18.00pt;\">\n<td class=\"et3\" style=\"height: 18.00pt;\" height=\"24\">Forma<\/td>\n<td class=\"et3\">Forma rectangular<\/td>\n<\/tr>\n<tr style=\"height: 34.50pt;\">\n<td class=\"et4\" style=\"height: 34.50pt;\" height=\"46\">Color<\/td>\n<td class=\"et5\" style=\"width: 234.15pt;\" width=\"312\">negro\/blanco\/azul\/gris\/rosa\/verde\/marr\u00f3n\/caqui<\/td>\n<\/tr>\n<tr style=\"height: 18.00pt;\">\n<td class=\"et3\" style=\"height: 18.00pt;\" height=\"24\">Dimensi\u00f3n<\/td>\n<td class=\"et5\" style=\"width: 234.15pt;\" width=\"312\">44*33*13<\/td>\n<\/tr>\n<tr style=\"height: 17.25pt;\">\n<td class=\"et3\" style=\"height: 17.25pt;\" height=\"23\">N.W \/SET<\/td>\n<td class=\"et3\">8KGS\/PCS<\/td>\n<\/tr>\n<tr style=\"height: 17.25pt;\">\n<td class=\"et3\" style=\"height: 17.25pt;\" height=\"23\">MOQ<\/td>\n<td class=\"et3\">20 piezas<\/td>\n<\/tr>\n<tr style=\"height: 17.25pt;\">\n<td class=\"et3\" style=\"height: 17.25pt;\" height=\"23\">Opci\u00f3n personalizada<\/td>\n<td class=\"et3\">Color\/Patr\u00f3n\/Tama\u00f1o\/Logotipo\/Embalaje<\/td>\n<\/tr>\n<\/tbody>\n<\/table>","protected":false},"featured_media":9390,"comment_status":"closed","ping_status":"closed","template":"","meta":{"_acf_changed":false},"product_brand":[],"product_cat":[52],"product_tag":[],"class_list":{"0":"post-9235","1":"product","2":"type-product","3":"status-publish","4":"has-post-thumbnail","6":"product_cat-wholesale-glass-vessel-sinks","8":"first","9":"instock","10":"shipping-taxable","11":"product-type-simple"},"acf":[],"_links":{"self":[{"href":"https:\/\/www.ceramicbasin.com\/es\/wp-json\/wp\/v2\/product\/9235","targetHints":{"allow":["GET"]}}],"collection":[{"href":"https:\/\/www.ceramicbasin.com\/es\/wp-json\/wp\/v2\/product"}],"about":[{"href":"https:\/\/www.ceramicbasin.com\/es\/wp-json\/wp\/v2\/types\/product"}],"replies":[{"embeddable":true,"href":"https:\/\/www.ceramicbasin.com\/es\/wp-json\/wp\/v2\/comments?post=9235"}],"wp:featuredmedia":[{"embeddable":true,"href":"https:\/\/www.ceramicbasin.com\/es\/wp-json\/wp\/v2\/media\/9390"}],"wp:attachment":[{"href":"https:\/\/www.ceramicbasin.com\/es\/wp-json\/wp\/v2\/media?parent=9235"}],"wp:term":[{"taxonomy":"product_brand","embeddable":true,"href":"https:\/\/www.ceramicbasin.com\/es\/wp-json\/wp\/v2\/product_brand?post=9235"},{"taxonomy":"product_cat","embeddable":true,"href":"https:\/\/www.ceramicbasin.com\/es\/wp-json\/wp\/v2\/product_cat?post=9235"},{"taxonomy":"product_tag","embeddable":true,"href":"https:\/\/www.ceramicbasin.com\/es\/wp-json\/wp\/v2\/product_tag?post=9235"}],"curies":[{"name":"wp","href":"https:\/\/api.w.org\/{rel}","templated":true}]}}