{"id":9236,"date":"2026-03-12T10:19:51","date_gmt":"2026-03-12T10:19:51","guid":{"rendered":"https:\/\/www.ceramicbasin.com\/?post_type=product&#038;p=9236"},"modified":"2026-03-21T08:41:22","modified_gmt":"2026-03-21T08:41:22","slug":"wholesale-glass-sink-bowl","status":"publish","type":"product","link":"https:\/\/www.ceramicbasin.com\/es\/producto\/wholesale-glass-sink-bowl\/","title":{"rendered":"Mayorista Lavabo de Cristal, Colorido Lavabo de Encimera"},"content":{"rendered":"<div class=\"wp-block-columns is-layout-flex wp-container-core-columns-is-layout-9d6595d7 wp-block-columns-is-layout-flex\">\n<div class=\"wp-block-column is-layout-flow wp-block-column-is-layout-flow\">\n<h2 class=\"wp-block-heading\">Premium al por mayor de vidrio fregadero taz\u00f3n Caracter\u00edsticas:<\/h2>\n\n\n\n<ul class=\"wp-block-list\">\n<li><strong>Material exquisito: <\/strong>Este fregadero de cristal al por mayor est\u00e1 hecho de material de vidrio de alta calidad, que tiene alta transparencia, brillo brillante, y da un efecto visual \u00fanico y sensaci\u00f3n moderna.<\/li>\n\n\n\n<li><strong>M\u00faltiples opciones de color:<\/strong> Nuestro lavabo de cristal al por mayor ofrece una gran variedad de colores que pueden complementar y combinar con la mayor\u00eda de la decoraci\u00f3n y el estilo de interiores, junto con las preferencias de gusto personal, aportando vitalidad e identidad a un cuarto de ba\u00f1o.<\/li>\n\n\n\n<li><strong>Dise\u00f1o exquisito:<\/strong> Este lavabo de vidrio al por mayor est\u00e1 dise\u00f1ado en un estilo moderno, con hermosas l\u00edneas y adecuado para todo tipo de dise\u00f1os de ba\u00f1o, promoviendo el grado de belleza del espacio en su conjunto.<\/li>\n\n\n\n<li><strong>F\u00e1cil de limpiar:<\/strong> Con una superficie de cristal lisa, este fregadero de cristal al por mayor es resistente a las manchas y al moho, f\u00e1cil de limpiar y mantener, lo que garantiza la higiene y el orden en el uso diario.<\/li>\n<\/ul>\n<\/div>\n\n\n\n<div class=\"wp-block-column is-layout-flow wp-block-column-is-layout-flow\">\n<figure class=\"wp-block-image size-full\"><img fetchpriority=\"high\" decoding=\"async\" width=\"710\" height=\"365\" src=\"https:\/\/www.ceramicbasin.com\/wp-content\/uploads\/2026\/03\/Modern-design-top-counter-glass-washbasin-sink-bowl-with-various-colors-9.webp\" alt=\"mayorista-fregadero-lavabo-de-cristal-con-colores-encimera-lavabo-9\" class=\"wp-image-9205\" srcset=\"https:\/\/www.ceramicbasin.com\/wp-content\/uploads\/2026\/03\/Modern-design-top-counter-glass-washbasin-sink-bowl-with-various-colors-9.webp 710w, https:\/\/www.ceramicbasin.com\/wp-content\/uploads\/2026\/03\/Modern-design-top-counter-glass-washbasin-sink-bowl-with-various-colors-9-300x154.webp 300w, https:\/\/www.ceramicbasin.com\/wp-content\/uploads\/2026\/03\/Modern-design-top-counter-glass-washbasin-sink-bowl-with-various-colors-9-18x9.webp 18w, https:\/\/www.ceramicbasin.com\/wp-content\/uploads\/2026\/03\/Modern-design-top-counter-glass-washbasin-sink-bowl-with-various-colors-9-285x147.webp 285w, https:\/\/www.ceramicbasin.com\/wp-content\/uploads\/2026\/03\/Modern-design-top-counter-glass-washbasin-sink-bowl-with-various-colors-9-660x339.webp 660w, https:\/\/www.ceramicbasin.com\/wp-content\/uploads\/2026\/03\/Modern-design-top-counter-glass-washbasin-sink-bowl-with-various-colors-9-150x77.webp 150w\" sizes=\"(max-width: 710px) 100vw, 710px\" \/><\/figure>\n<\/div>\n<\/div>","protected":false},"excerpt":{"rendered":"<p>Bienvenido a comprar nuestro fregadero de cristal al por mayor, que cuenta con la construcci\u00f3n de vidrio templado duradero y un dise\u00f1o elegante cuenca del recipiente, ofreciendo durabilidad y est\u00e9tica moderna. Con colores personalizables, acabados y tama\u00f1os, esta cuenca del recipiente de color personalizado es ideal para mayoristas, marcas de ba\u00f1o y contratistas de proyectos que buscan soluciones de fregadero elegante pero pr\u00e1ctico.<\/p>\n<table style=\"border-collapse: collapse; width: 358.52pt;\" border=\"0\" width=\"478\" cellspacing=\"0\" cellpadding=\"0\">\n<tbody>\n<tr style=\"height: 17.25pt;\">\n<td class=\"et3\" style=\"height: 17.25pt; width: 125.00pt;\" width=\"166\" height=\"23\">Fabricante<\/td>\n<td class=\"et3\" style=\"width: 234.15pt;\" width=\"312\">HanYu<\/td>\n<\/tr>\n<tr style=\"height: 17.25pt;\">\n<td class=\"et3\" style=\"height: 17.25pt;\" height=\"23\">N\u00ba de modelo<\/td>\n<td class=\"et4\">HY-GL66<\/td>\n<\/tr>\n<tr style=\"height: 17.25pt;\">\n<td class=\"et3\" style=\"height: 17.25pt;\" height=\"23\">Tipo<\/td>\n<td class=\"et5\" style=\"width: 234.15pt;\" width=\"312\">Lavabo de cristal<\/td>\n<\/tr>\n<tr style=\"height: 18.00pt;\">\n<td class=\"et3\" style=\"height: 18.00pt;\" height=\"24\">Forma<\/td>\n<td class=\"et3\">Forma ovalada<\/td>\n<\/tr>\n<tr style=\"height: 34.50pt;\">\n<td class=\"et4\" style=\"height: 34.50pt;\" height=\"46\">Color<\/td>\n<td class=\"et5\" style=\"width: 234.15pt;\" width=\"312\">negro\/blanco\/azul\/gris\/rosa\/verde\/marr\u00f3n\/caqui<\/td>\n<\/tr>\n<tr style=\"height: 18.00pt;\">\n<td class=\"et3\" style=\"height: 18.00pt;\" height=\"24\">Dimensi\u00f3n<\/td>\n<td class=\"et5\" style=\"width: 234.15pt;\" width=\"312\">50*36*16<\/td>\n<\/tr>\n<tr style=\"height: 17.25pt;\">\n<td class=\"et3\" style=\"height: 17.25pt;\" height=\"23\">N.W \/SET<\/td>\n<td class=\"et3\">10KGS\/PCS<\/td>\n<\/tr>\n<tr style=\"height: 17.25pt;\">\n<td class=\"et3\" style=\"height: 17.25pt;\" height=\"23\">MOQ<\/td>\n<td class=\"et3\">20 piezas<\/td>\n<\/tr>\n<tr style=\"height: 17.25pt;\">\n<td class=\"et3\" style=\"height: 17.25pt;\" height=\"23\">Opci\u00f3n personalizada<\/td>\n<td class=\"et3\">Color\/Patr\u00f3n\/Tama\u00f1o\/Logotipo\/Embalaje<\/td>\n<\/tr>\n<\/tbody>\n<\/table>","protected":false},"featured_media":9404,"comment_status":"closed","ping_status":"closed","template":"","meta":{"_acf_changed":false},"product_brand":[],"product_cat":[52],"product_tag":[],"class_list":{"0":"post-9236","1":"product","2":"type-product","3":"status-publish","4":"has-post-thumbnail","6":"product_cat-wholesale-glass-vessel-sinks","8":"first","9":"instock","10":"shipping-taxable","11":"product-type-simple"},"acf":[],"_links":{"self":[{"href":"https:\/\/www.ceramicbasin.com\/es\/wp-json\/wp\/v2\/product\/9236","targetHints":{"allow":["GET"]}}],"collection":[{"href":"https:\/\/www.ceramicbasin.com\/es\/wp-json\/wp\/v2\/product"}],"about":[{"href":"https:\/\/www.ceramicbasin.com\/es\/wp-json\/wp\/v2\/types\/product"}],"replies":[{"embeddable":true,"href":"https:\/\/www.ceramicbasin.com\/es\/wp-json\/wp\/v2\/comments?post=9236"}],"wp:featuredmedia":[{"embeddable":true,"href":"https:\/\/www.ceramicbasin.com\/es\/wp-json\/wp\/v2\/media\/9404"}],"wp:attachment":[{"href":"https:\/\/www.ceramicbasin.com\/es\/wp-json\/wp\/v2\/media?parent=9236"}],"wp:term":[{"taxonomy":"product_brand","embeddable":true,"href":"https:\/\/www.ceramicbasin.com\/es\/wp-json\/wp\/v2\/product_brand?post=9236"},{"taxonomy":"product_cat","embeddable":true,"href":"https:\/\/www.ceramicbasin.com\/es\/wp-json\/wp\/v2\/product_cat?post=9236"},{"taxonomy":"product_tag","embeddable":true,"href":"https:\/\/www.ceramicbasin.com\/es\/wp-json\/wp\/v2\/product_tag?post=9236"}],"curies":[{"name":"wp","href":"https:\/\/api.w.org\/{rel}","templated":true}]}}