{"id":9249,"date":"2026-03-10T08:39:13","date_gmt":"2026-03-10T08:39:13","guid":{"rendered":"https:\/\/www.ceramicbasin.com\/?post_type=product&#038;p=9249"},"modified":"2026-03-12T17:06:40","modified_gmt":"2026-03-12T17:06:40","slug":"bathroom-vessel-sinks-wholesale","status":"publish","type":"product","link":"https:\/\/www.ceramicbasin.com\/es\/producto\/bathroom-vessel-sinks-wholesale\/","title":{"rendered":"Lavabos de Ba\u00f1o al por mayor, Lavabo esmaltado azul hecho a mano"},"content":{"rendered":"<div class=\"wp-block-columns is-layout-flex wp-container-core-columns-is-layout-9d6595d7 wp-block-columns-is-layout-flex\">\n<div class=\"wp-block-column is-layout-flow wp-block-column-is-layout-flow\">\n<h2 class=\"wp-block-heading\">Premium Ba\u00f1o Vessel Fregaderos al por mayor Caracter\u00edsticas:<\/h2>\n\n\n\n<ul class=\"wp-block-list\">\n<li><strong>Dise\u00f1o de pintura china hecha a mano:<\/strong> Los lavabos para ba\u00f1o al por mayor est\u00e1n cuidadosamente elaborados con t\u00e9cnicas tradicionales chinas de pintura a mano. Las decoraciones art\u00edsticas azules realmente hacen el fregadero una pieza cultural \u00fanica en su tipo, que es ideal para hoteles boutique, ba\u00f1os de lujo o proyectos de interiorismo de dise\u00f1o.<\/li>\n\n\n\n<li><strong>Construcci\u00f3n de cer\u00e1mica de alta calidad:<\/strong> Los lavabos de vasija de ba\u00f1o al por mayor est\u00e1n fabricados con material cer\u00e1mico de alta calidad y cocidos a alta temperatura, el lavabo tiene una buena durabilidad, resistencia al agrietamiento y uso a largo plazo. El cuerpo compacto de cer\u00e1mica garantiza una baja absorci\u00f3n de agua y una estructura s\u00f3lida.<\/li>\n\n\n\n<li><strong>Superficie esmaltada azul:<\/strong> El suave acabado en esmalte azul del lavabo de cer\u00e1mica personalizado realza el atractivo visual a la vez que proporciona una superficie resistente a las manchas y f\u00e1cil de limpiar. El esmalte protege la obra de arte y mantiene el brillo del color incluso tras un uso prolongado.<\/li>\n\n\n\n<li><strong>Dise\u00f1o de recipiente sobre encimera:<\/strong> Fabricado para su instalaci\u00f3n sobre encimera, el lavabo de cer\u00e1mica personalizado ofrece un punto focal moderno y sofisticado a las zonas de ba\u00f1o. Se adapta a la mayor\u00eda de encimeras de ba\u00f1o y grifer\u00edas est\u00e1ndar.<\/li>\n<\/ul>\n<\/div>\n\n\n\n<div class=\"wp-block-column is-layout-flow wp-block-column-is-layout-flow\">\n<figure class=\"wp-block-image size-full\"><img fetchpriority=\"high\" decoding=\"async\" width=\"800\" height=\"800\" src=\"https:\/\/www.ceramicbasin.com\/wp-content\/uploads\/2026\/03\/sink-custom\uff0cbathroom-sinks-vanity\uff0ccountertop-sinks4.webp\" alt=\"lavabos-vasija-de-ba\u00f1o-hechos-a-mano al por mayor lavabo-azul-esmaltado-4\" class=\"wp-image-9254\" srcset=\"https:\/\/www.ceramicbasin.com\/wp-content\/uploads\/2026\/03\/sink-custom\uff0cbathroom-sinks-vanity\uff0ccountertop-sinks4.webp 800w, https:\/\/www.ceramicbasin.com\/wp-content\/uploads\/2026\/03\/sink-custom\uff0cbathroom-sinks-vanity\uff0ccountertop-sinks4-300x300.webp 300w, https:\/\/www.ceramicbasin.com\/wp-content\/uploads\/2026\/03\/sink-custom\uff0cbathroom-sinks-vanity\uff0ccountertop-sinks4-150x150.webp 150w, https:\/\/www.ceramicbasin.com\/wp-content\/uploads\/2026\/03\/sink-custom\uff0cbathroom-sinks-vanity\uff0ccountertop-sinks4-768x768.webp 768w, https:\/\/www.ceramicbasin.com\/wp-content\/uploads\/2026\/03\/sink-custom\uff0cbathroom-sinks-vanity\uff0ccountertop-sinks4-12x12.webp 12w, https:\/\/www.ceramicbasin.com\/wp-content\/uploads\/2026\/03\/sink-custom\uff0cbathroom-sinks-vanity\uff0ccountertop-sinks4-285x285.webp 285w, https:\/\/www.ceramicbasin.com\/wp-content\/uploads\/2026\/03\/sink-custom\uff0cbathroom-sinks-vanity\uff0ccountertop-sinks4-270x270.webp 270w, https:\/\/www.ceramicbasin.com\/wp-content\/uploads\/2026\/03\/sink-custom\uff0cbathroom-sinks-vanity\uff0ccountertop-sinks4-540x540.webp 540w, https:\/\/www.ceramicbasin.com\/wp-content\/uploads\/2026\/03\/sink-custom\uff0cbathroom-sinks-vanity\uff0ccountertop-sinks4-660x660.webp 660w\" sizes=\"(max-width: 800px) 100vw, 800px\" \/><\/figure>\n<\/div>\n<\/div>","protected":false},"excerpt":{"rendered":"<p>Bienvenido a comprar al por mayor nuestros lavabos de recipiente para ba\u00f1o, que presentan un dise\u00f1o de pintura china hecha a mano con un acabado esmaltado en azul. Adecuado para mayoristas, distribuidores de art\u00edculos sanitarios, dise\u00f1adores de interiores y proveedores de proyectos de hosteler\u00eda que buscan lavabos de cer\u00e1mica art\u00edsticos con una fuerte identidad visual.<\/p>\n<table border=\"0\" width=\"311\" cellspacing=\"0\" cellpadding=\"0\">\n<tbody>\n<tr>\n<td width=\"108\" height=\"17\">Fabricante<\/td>\n<td width=\"202\">HanYu<\/td>\n<\/tr>\n<tr>\n<td height=\"17\">N\u00ba de modelo<\/td>\n<td>HY-9001<\/td>\n<\/tr>\n<tr>\n<td height=\"17\">Tipo<\/td>\n<td>Lavabo mate, Lavabo sobre encimera<\/td>\n<\/tr>\n<tr>\n<td height=\"17\">Forma<\/td>\n<td>Forma redonda<\/td>\n<\/tr>\n<tr>\n<td height=\"36\">Color<\/td>\n<td width=\"202\">Negro\/Blanco\/Azul\/Gris\/Rosa\/Verde\/Marr\u00f3n\/Caqui......<\/td>\n<\/tr>\n<tr>\n<td height=\"18\">Dimensi\u00f3n<\/td>\n<td width=\"202\">36*36*13<\/td>\n<\/tr>\n<tr>\n<td height=\"17\">N.W \/SET<\/td>\n<td>10KGS\/PCS<\/td>\n<\/tr>\n<tr>\n<td height=\"17\">MOQ<\/td>\n<td>20 piezas<\/td>\n<\/tr>\n<tr>\n<td height=\"17\">Opci\u00f3n personalizada<\/td>\n<td>Color\/Patr\u00f3n\/Tama\u00f1o\/Logotipo\/Embalaje<\/td>\n<\/tr>\n<\/tbody>\n<\/table>","protected":false},"featured_media":9250,"comment_status":"closed","ping_status":"closed","template":"","meta":{"_acf_changed":false},"product_brand":[],"product_cat":[50,55],"product_tag":[],"class_list":{"0":"post-9249","1":"product","2":"type-product","3":"status-publish","4":"has-post-thumbnail","6":"product_cat-wholesale-countertop-sinks","7":"product_cat-wholesale-matte-sinks","9":"first","10":"instock","11":"shipping-taxable","12":"product-type-simple"},"acf":[],"_links":{"self":[{"href":"https:\/\/www.ceramicbasin.com\/es\/wp-json\/wp\/v2\/product\/9249","targetHints":{"allow":["GET"]}}],"collection":[{"href":"https:\/\/www.ceramicbasin.com\/es\/wp-json\/wp\/v2\/product"}],"about":[{"href":"https:\/\/www.ceramicbasin.com\/es\/wp-json\/wp\/v2\/types\/product"}],"replies":[{"embeddable":true,"href":"https:\/\/www.ceramicbasin.com\/es\/wp-json\/wp\/v2\/comments?post=9249"}],"wp:featuredmedia":[{"embeddable":true,"href":"https:\/\/www.ceramicbasin.com\/es\/wp-json\/wp\/v2\/media\/9250"}],"wp:attachment":[{"href":"https:\/\/www.ceramicbasin.com\/es\/wp-json\/wp\/v2\/media?parent=9249"}],"wp:term":[{"taxonomy":"product_brand","embeddable":true,"href":"https:\/\/www.ceramicbasin.com\/es\/wp-json\/wp\/v2\/product_brand?post=9249"},{"taxonomy":"product_cat","embeddable":true,"href":"https:\/\/www.ceramicbasin.com\/es\/wp-json\/wp\/v2\/product_cat?post=9249"},{"taxonomy":"product_tag","embeddable":true,"href":"https:\/\/www.ceramicbasin.com\/es\/wp-json\/wp\/v2\/product_tag?post=9249"}],"curies":[{"name":"wp","href":"https:\/\/api.w.org\/{rel}","templated":true}]}}