{"id":9256,"date":"2026-03-10T08:57:08","date_gmt":"2026-03-10T08:57:08","guid":{"rendered":"https:\/\/www.ceramicbasin.com\/?post_type=product&#038;p=9256"},"modified":"2026-03-13T02:16:10","modified_gmt":"2026-03-13T02:16:10","slug":"blue-bathroom-sinks-wholesale","status":"publish","type":"product","link":"https:\/\/www.ceramicbasin.com\/es\/producto\/blue-bathroom-sinks-wholesale\/","title":{"rendered":"Lavabos De Ba\u00f1o De Lujo Azules Al Por Mayor Con Linea De Oro Negro"},"content":{"rendered":"<div class=\"wp-block-columns is-layout-flex wp-container-core-columns-is-layout-9d6595d7 wp-block-columns-is-layout-flex\">\n<div class=\"wp-block-column is-layout-flow wp-block-column-is-layout-flow\">\n<h2 class=\"wp-block-heading\">Premium Azul Fregaderos de Ba\u00f1o al por mayor Caracter\u00edsticas:<\/h2>\n\n\n\n<ul class=\"wp-block-list\">\n<li><strong>Textura mate:<\/strong> El tratamiento mate de la superficie de estos lavabos azules al por mayor confiere al lavabo un aire moderno discreto y un toque delicado, adem\u00e1s de ser f\u00e1cil de limpiar y adecuado para familias modernas que persiguen un estilo minimalista.<\/li>\n\n\n\n<li><strong>Ideal para los mercados mundiales del ba\u00f1o:<\/strong> Estos lavabos azules al por mayor son adecuados para mayoristas, distribuidores de art\u00edculos sanitarios, dise\u00f1adores de interiores y proveedores de proyectos de hosteler\u00eda que busquen lavabos de cer\u00e1mica art\u00edsticos con una fuerte identidad visual.<\/li>\n\n\n\n<li><strong>Dise\u00f1o de moda:<\/strong> Nuestros lavabos de porcelana a medida para encimera tienen un dise\u00f1o moderno y actual de l\u00edneas suaves, se adaptan a varias distribuciones de cuartos de ba\u00f1o y realzan la belleza general y el grado del espacio.<\/li>\n\n\n\n<li><strong>Dise\u00f1o de recipiente sobre encimera:<\/strong> La estructura personalizada del lavabo tipo recipiente est\u00e1 dise\u00f1ada para su instalaci\u00f3n sobre encimera, a\u00f1adiendo un punto focal moderno y elegante a los espacios de ba\u00f1o. Es compatible con la mayor\u00eda de encimeras de ba\u00f1o y grifer\u00edas est\u00e1ndar.<\/li>\n<\/ul>\n<\/div>\n\n\n\n<div class=\"wp-block-column is-layout-flow wp-block-column-is-layout-flow\">\n<figure class=\"wp-block-image size-full\"><img fetchpriority=\"high\" decoding=\"async\" width=\"800\" height=\"800\" src=\"https:\/\/www.ceramicbasin.com\/wp-content\/uploads\/2026\/03\/bathroom-countertop-sink\uff0csink-suppliers\uff0cbathroom-porcelain-sink5.webp\" alt=\"lavabos-lavabos-de-lujo-azul-al-mayor-con-l\u00ednea-negra-oro-5\" class=\"wp-image-9262\" srcset=\"https:\/\/www.ceramicbasin.com\/wp-content\/uploads\/2026\/03\/bathroom-countertop-sink\uff0csink-suppliers\uff0cbathroom-porcelain-sink5.webp 800w, https:\/\/www.ceramicbasin.com\/wp-content\/uploads\/2026\/03\/bathroom-countertop-sink\uff0csink-suppliers\uff0cbathroom-porcelain-sink5-300x300.webp 300w, https:\/\/www.ceramicbasin.com\/wp-content\/uploads\/2026\/03\/bathroom-countertop-sink\uff0csink-suppliers\uff0cbathroom-porcelain-sink5-150x150.webp 150w, https:\/\/www.ceramicbasin.com\/wp-content\/uploads\/2026\/03\/bathroom-countertop-sink\uff0csink-suppliers\uff0cbathroom-porcelain-sink5-768x768.webp 768w, https:\/\/www.ceramicbasin.com\/wp-content\/uploads\/2026\/03\/bathroom-countertop-sink\uff0csink-suppliers\uff0cbathroom-porcelain-sink5-12x12.webp 12w, https:\/\/www.ceramicbasin.com\/wp-content\/uploads\/2026\/03\/bathroom-countertop-sink\uff0csink-suppliers\uff0cbathroom-porcelain-sink5-285x285.webp 285w, https:\/\/www.ceramicbasin.com\/wp-content\/uploads\/2026\/03\/bathroom-countertop-sink\uff0csink-suppliers\uff0cbathroom-porcelain-sink5-270x270.webp 270w, https:\/\/www.ceramicbasin.com\/wp-content\/uploads\/2026\/03\/bathroom-countertop-sink\uff0csink-suppliers\uff0cbathroom-porcelain-sink5-540x540.webp 540w, https:\/\/www.ceramicbasin.com\/wp-content\/uploads\/2026\/03\/bathroom-countertop-sink\uff0csink-suppliers\uff0cbathroom-porcelain-sink5-660x660.webp 660w\" sizes=\"(max-width: 800px) 100vw, 800px\" \/><\/figure>\n<\/div>\n<\/div>","protected":false},"excerpt":{"rendered":"<p>Bienvenido a comprar nuestros lavabos azules al por mayor, que tienen un dise\u00f1o moderno y de moda con l\u00edneas suaves, son adecuados para varios dise\u00f1os de ba\u00f1o, y mejorar la belleza general y el grado del espacio, por lo que es ideal para hoteles boutique, proyectos de ba\u00f1o de lujo, y las colecciones de ba\u00f1o al por menor.<\/p>\n<table style=\"border-collapse: collapse; width: 311.02pt;\" border=\"0\" width=\"311\" cellspacing=\"0\" cellpadding=\"0\">\n<tbody>\n<tr style=\"height: 17.60pt;\">\n<td class=\"et3\" style=\"height: 17.60pt; width: 108.35pt;\" width=\"108\" height=\"17\">Fabricante<\/td>\n<td class=\"et3\" style=\"width: 202.95pt;\" width=\"202\">HanYu<\/td>\n<\/tr>\n<tr style=\"height: 17.60pt;\">\n<td class=\"et3\" style=\"height: 17.60pt;\" height=\"17\">N\u00ba de modelo<\/td>\n<td class=\"et4\">HY-9002<\/td>\n<\/tr>\n<tr style=\"height: 17.60pt;\">\n<td class=\"et3\" style=\"height: 17.60pt;\" height=\"17\">Tipo<\/td>\n<td class=\"et3\">Lavabo mate, Lavabo sobre encimera<\/td>\n<\/tr>\n<tr style=\"height: 17.60pt;\">\n<td class=\"et3\" style=\"height: 17.60pt;\" height=\"17\">Forma<\/td>\n<td class=\"et3\">Forma redonda<\/td>\n<\/tr>\n<tr style=\"height: 36.00pt;\">\n<td class=\"et4\" style=\"height: 36.00pt;\" height=\"36\">Color<\/td>\n<td class=\"et5\" style=\"width: 202.95pt;\" width=\"202\">Negro\/Blanco\/Azul\/Gris\/Rosa\/Verde\/Marr\u00f3n\/Caqui......<\/td>\n<\/tr>\n<tr style=\"height: 18.00pt;\">\n<td class=\"et3\" style=\"height: 18.00pt;\" height=\"18\">Dimensi\u00f3n<\/td>\n<td class=\"et5\" style=\"width: 202.95pt;\" width=\"202\">40*40*12<\/td>\n<\/tr>\n<tr style=\"height: 17.60pt;\">\n<td class=\"et3\" style=\"height: 17.60pt;\" height=\"17\">N.W \/SET<\/td>\n<td class=\"et3\">10KGS\/PCS<\/td>\n<\/tr>\n<tr style=\"height: 17.60pt;\">\n<td class=\"et3\" style=\"height: 17.60pt;\" height=\"17\">MOQ<\/td>\n<td class=\"et3\">12 piezas<\/td>\n<\/tr>\n<tr style=\"height: 17.60pt;\">\n<td class=\"et3\" style=\"height: 17.60pt;\" height=\"17\">Opci\u00f3n personalizada<\/td>\n<td class=\"et3\">Color\/Patr\u00f3n\/Tama\u00f1o\/Logotipo\/Embalaje<\/td>\n<\/tr>\n<\/tbody>\n<\/table>","protected":false},"featured_media":9260,"comment_status":"closed","ping_status":"closed","template":"","meta":{"_acf_changed":false},"product_brand":[],"product_cat":[50,55],"product_tag":[],"class_list":{"0":"post-9256","1":"product","2":"type-product","3":"status-publish","4":"has-post-thumbnail","6":"product_cat-wholesale-countertop-sinks","7":"product_cat-wholesale-matte-sinks","9":"first","10":"instock","11":"shipping-taxable","12":"product-type-simple"},"acf":[],"_links":{"self":[{"href":"https:\/\/www.ceramicbasin.com\/es\/wp-json\/wp\/v2\/product\/9256","targetHints":{"allow":["GET"]}}],"collection":[{"href":"https:\/\/www.ceramicbasin.com\/es\/wp-json\/wp\/v2\/product"}],"about":[{"href":"https:\/\/www.ceramicbasin.com\/es\/wp-json\/wp\/v2\/types\/product"}],"replies":[{"embeddable":true,"href":"https:\/\/www.ceramicbasin.com\/es\/wp-json\/wp\/v2\/comments?post=9256"}],"wp:featuredmedia":[{"embeddable":true,"href":"https:\/\/www.ceramicbasin.com\/es\/wp-json\/wp\/v2\/media\/9260"}],"wp:attachment":[{"href":"https:\/\/www.ceramicbasin.com\/es\/wp-json\/wp\/v2\/media?parent=9256"}],"wp:term":[{"taxonomy":"product_brand","embeddable":true,"href":"https:\/\/www.ceramicbasin.com\/es\/wp-json\/wp\/v2\/product_brand?post=9256"},{"taxonomy":"product_cat","embeddable":true,"href":"https:\/\/www.ceramicbasin.com\/es\/wp-json\/wp\/v2\/product_cat?post=9256"},{"taxonomy":"product_tag","embeddable":true,"href":"https:\/\/www.ceramicbasin.com\/es\/wp-json\/wp\/v2\/product_tag?post=9256"}],"curies":[{"name":"wp","href":"https:\/\/api.w.org\/{rel}","templated":true}]}}