{"id":9264,"date":"2026-03-11T01:55:15","date_gmt":"2026-03-11T01:55:15","guid":{"rendered":"https:\/\/www.ceramicbasin.com\/?post_type=product&#038;p=9264"},"modified":"2026-03-13T03:10:59","modified_gmt":"2026-03-13T03:10:59","slug":"vessel-bathroom-sinks-wholesale","status":"publish","type":"product","link":"https:\/\/www.ceramicbasin.com\/es\/producto\/vessel-bathroom-sinks-wholesale\/","title":{"rendered":"Fregaderos De Ba\u00f1o Del Vaso Del Hotel Al Por Mayor, Suministro Redondo Del Lavabo"},"content":{"rendered":"<div class=\"wp-block-columns is-layout-flex wp-container-core-columns-is-layout-9d6595d7 wp-block-columns-is-layout-flex\">\n<div class=\"wp-block-column is-layout-flow wp-block-column-is-layout-flow\">\n<h2 class=\"wp-block-heading\">Premium Hotel Vessel Fregaderos de Ba\u00f1o al por mayor Caracter\u00edsticas:<\/h2>\n\n\n\n<ul class=\"wp-block-list\">\n<li><strong>Material cer\u00e1mico de primera calidad con esmalte duradero:<\/strong> Los lavabos de hotel al por mayor est\u00e1n fabricados con cer\u00e1mica cocida de alta calidad; el lavabo presenta un esmalte liso y no poroso que resiste las manchas, los ara\u00f1azos y la decoloraci\u00f3n. La superficie mantiene su brillo incluso despu\u00e9s de un uso prolongado.<\/li>\n\n\n\n<li><strong>Textura mate:<\/strong> El tratamiento mate de la superficie de este lavabo a medida para encimera le confiere un aire moderno discreto y un toque delicado, adem\u00e1s de ser f\u00e1cil de limpiar y adecuado para familias modernas que persiguen un estilo minimalista.<\/li>\n\n\n\n<li><strong>Instalaci\u00f3n del recipiente en la encimera:<\/strong> El dise\u00f1o de tipo recipiente permite que el lavabo de encimera personalizado se sit\u00fae por encima de la encimera, creando un elegante punto focal a la vez que simplifica la instalaci\u00f3n en comparaci\u00f3n con los fregaderos bajo encimera tradicionales.<\/li>\n\n\n\n<li><strong>Suministro al por mayor y opciones de personalizaci\u00f3n:<\/strong> Los lavabos de ba\u00f1o de vasija para hotel al por mayor est\u00e1n disponibles para pedidos al por mayor, con soporte para servicio de personalizaci\u00f3n OEM\/ODM, incluyendo impresi\u00f3n de logotipos, ajustes de color, dise\u00f1o de embalaje y modificaciones de tama\u00f1o, etc.<\/li>\n<\/ul>\n<\/div>\n\n\n\n<div class=\"wp-block-column is-layout-flow wp-block-column-is-layout-flow\">\n<figure class=\"wp-block-image size-full\"><img fetchpriority=\"high\" decoding=\"async\" width=\"800\" height=\"800\" src=\"https:\/\/www.ceramicbasin.com\/wp-content\/uploads\/2026\/03\/porcelain-vanity-sink\uff0cvanity-sinks-for-bathroom\uff0ccountertop-sinks5.webp\" alt=\"fregaderos de lavabo de hotel - mayorista - lavabo redondo - suministro - 5\" class=\"wp-image-9270\" srcset=\"https:\/\/www.ceramicbasin.com\/wp-content\/uploads\/2026\/03\/porcelain-vanity-sink\uff0cvanity-sinks-for-bathroom\uff0ccountertop-sinks5.webp 800w, https:\/\/www.ceramicbasin.com\/wp-content\/uploads\/2026\/03\/porcelain-vanity-sink\uff0cvanity-sinks-for-bathroom\uff0ccountertop-sinks5-300x300.webp 300w, https:\/\/www.ceramicbasin.com\/wp-content\/uploads\/2026\/03\/porcelain-vanity-sink\uff0cvanity-sinks-for-bathroom\uff0ccountertop-sinks5-150x150.webp 150w, https:\/\/www.ceramicbasin.com\/wp-content\/uploads\/2026\/03\/porcelain-vanity-sink\uff0cvanity-sinks-for-bathroom\uff0ccountertop-sinks5-768x768.webp 768w, https:\/\/www.ceramicbasin.com\/wp-content\/uploads\/2026\/03\/porcelain-vanity-sink\uff0cvanity-sinks-for-bathroom\uff0ccountertop-sinks5-12x12.webp 12w, https:\/\/www.ceramicbasin.com\/wp-content\/uploads\/2026\/03\/porcelain-vanity-sink\uff0cvanity-sinks-for-bathroom\uff0ccountertop-sinks5-285x285.webp 285w, https:\/\/www.ceramicbasin.com\/wp-content\/uploads\/2026\/03\/porcelain-vanity-sink\uff0cvanity-sinks-for-bathroom\uff0ccountertop-sinks5-270x270.webp 270w, https:\/\/www.ceramicbasin.com\/wp-content\/uploads\/2026\/03\/porcelain-vanity-sink\uff0cvanity-sinks-for-bathroom\uff0ccountertop-sinks5-540x540.webp 540w, https:\/\/www.ceramicbasin.com\/wp-content\/uploads\/2026\/03\/porcelain-vanity-sink\uff0cvanity-sinks-for-bathroom\uff0ccountertop-sinks5-660x660.webp 660w\" sizes=\"(max-width: 800px) 100vw, 800px\" \/><\/figure>\n<\/div>\n<\/div>","protected":false},"excerpt":{"rendered":"<p>Bienvenido a comprar nuestro estilo americano azul redondo hotel buque lavabos de ba\u00f1o al por mayor, que est\u00e1 dise\u00f1ado para proyectos de hoteles, mayoristas y distribuidores de ba\u00f1o que buscan lavabos de cer\u00e1mica de primera calidad encimera. Hecho de cer\u00e1mica esmaltada de alta calidad, es durable y f\u00e1cil de limpiar con un dise\u00f1o elegante recipiente que complementa los interiores de ba\u00f1o contempor\u00e1neo.<\/p>\n<table style=\"border-collapse: collapse; width: 311.02pt;\" border=\"0\" width=\"311\" cellspacing=\"0\" cellpadding=\"0\">\n<tbody>\n<tr style=\"height: 17.60pt;\">\n<td class=\"et3\" style=\"height: 17.60pt; width: 108.35pt;\" width=\"108\" height=\"17\">Fabricante<\/td>\n<td class=\"et3\" style=\"width: 202.95pt;\" width=\"202\">HanYu<\/td>\n<\/tr>\n<tr style=\"height: 17.60pt;\">\n<td class=\"et3\" style=\"height: 17.60pt;\" height=\"17\">N\u00ba de modelo<\/td>\n<td class=\"et4\">HY-9003<\/td>\n<\/tr>\n<tr style=\"height: 17.60pt;\">\n<td class=\"et3\" style=\"height: 17.60pt;\" height=\"17\">Tipo<\/td>\n<td class=\"et3\">Lavabo mate, Lavabo sobre encimera<\/td>\n<\/tr>\n<tr style=\"height: 17.60pt;\">\n<td class=\"et3\" style=\"height: 17.60pt;\" height=\"17\">Forma<\/td>\n<td class=\"et3\">Forma redonda<\/td>\n<\/tr>\n<tr style=\"height: 36.00pt;\">\n<td class=\"et4\" style=\"height: 36.00pt;\" height=\"36\">Color<\/td>\n<td class=\"et5\" style=\"width: 202.95pt;\" width=\"202\">Negro\/Blanco\/Azul\/Gris\/Rosa\/Verde\/Marr\u00f3n\/Caqui......<\/td>\n<\/tr>\n<tr style=\"height: 18.00pt;\">\n<td class=\"et3\" style=\"height: 18.00pt;\" height=\"18\">Dimensi\u00f3n<\/td>\n<td class=\"et5\" style=\"width: 202.95pt;\" width=\"202\">40*40*15<\/td>\n<\/tr>\n<tr style=\"height: 17.60pt;\">\n<td class=\"et3\" style=\"height: 17.60pt;\" height=\"17\">N.W \/SET<\/td>\n<td class=\"et3\">12KGS\/PCS<\/td>\n<\/tr>\n<tr style=\"height: 17.60pt;\">\n<td class=\"et3\" style=\"height: 17.60pt;\" height=\"17\">MOQ<\/td>\n<td class=\"et3\">10 unidades<\/td>\n<\/tr>\n<tr style=\"height: 17.60pt;\">\n<td class=\"et3\" style=\"height: 17.60pt;\" height=\"17\">Opci\u00f3n personalizada<\/td>\n<td class=\"et3\">Color\/Patr\u00f3n\/Tama\u00f1o\/Logotipo\/Embalaje<\/td>\n<\/tr>\n<\/tbody>\n<\/table>","protected":false},"featured_media":9268,"comment_status":"closed","ping_status":"closed","template":"","meta":{"_acf_changed":false},"product_brand":[],"product_cat":[50,55],"product_tag":[],"class_list":{"0":"post-9264","1":"product","2":"type-product","3":"status-publish","4":"has-post-thumbnail","6":"product_cat-wholesale-countertop-sinks","7":"product_cat-wholesale-matte-sinks","9":"first","10":"instock","11":"shipping-taxable","12":"product-type-simple"},"acf":[],"_links":{"self":[{"href":"https:\/\/www.ceramicbasin.com\/es\/wp-json\/wp\/v2\/product\/9264","targetHints":{"allow":["GET"]}}],"collection":[{"href":"https:\/\/www.ceramicbasin.com\/es\/wp-json\/wp\/v2\/product"}],"about":[{"href":"https:\/\/www.ceramicbasin.com\/es\/wp-json\/wp\/v2\/types\/product"}],"replies":[{"embeddable":true,"href":"https:\/\/www.ceramicbasin.com\/es\/wp-json\/wp\/v2\/comments?post=9264"}],"wp:featuredmedia":[{"embeddable":true,"href":"https:\/\/www.ceramicbasin.com\/es\/wp-json\/wp\/v2\/media\/9268"}],"wp:attachment":[{"href":"https:\/\/www.ceramicbasin.com\/es\/wp-json\/wp\/v2\/media?parent=9264"}],"wp:term":[{"taxonomy":"product_brand","embeddable":true,"href":"https:\/\/www.ceramicbasin.com\/es\/wp-json\/wp\/v2\/product_brand?post=9264"},{"taxonomy":"product_cat","embeddable":true,"href":"https:\/\/www.ceramicbasin.com\/es\/wp-json\/wp\/v2\/product_cat?post=9264"},{"taxonomy":"product_tag","embeddable":true,"href":"https:\/\/www.ceramicbasin.com\/es\/wp-json\/wp\/v2\/product_tag?post=9264"}],"curies":[{"name":"wp","href":"https:\/\/api.w.org\/{rel}","templated":true}]}}