{"id":9271,"date":"2026-03-11T02:39:19","date_gmt":"2026-03-11T02:39:19","guid":{"rendered":"https:\/\/www.ceramicbasin.com\/?post_type=product&#038;p=9271"},"modified":"2026-03-13T09:40:47","modified_gmt":"2026-03-13T09:40:47","slug":"wholesale-porcelain-wash-basin","status":"publish","type":"product","link":"https:\/\/www.ceramicbasin.com\/es\/producto\/wholesale-porcelain-wash-basin\/","title":{"rendered":"Mayorista Lavabo de Porcelana, Fregaderos de Ba\u00f1o de Hotel Suministro"},"content":{"rendered":"<div class=\"wp-block-columns is-layout-flex wp-container-core-columns-is-layout-9d6595d7 wp-block-columns-is-layout-flex\">\n<div class=\"wp-block-column is-layout-flow wp-block-column-is-layout-flow\">\n<h2 class=\"wp-block-heading\">Lavabo de porcelana esmaltada azul de primera calidad Caracter\u00edsticas:<\/h2>\n\n\n\n<ul class=\"wp-block-list\">\n<li><strong>Dise\u00f1o art\u00edstico: <\/strong>El lavabo de porcelana al por mayor combina lujo y belleza art\u00edstica. El estilo rectangular est\u00e1 de moda y refinado, y posee una forma \u00fanica y detalles meticulosos, y hay un sentido de ornamentaci\u00f3n art\u00edstica contempor\u00e1nea al espacio de ba\u00f1o.<\/li>\n\n\n\n<li><strong>Ahorro de costes: <\/strong>Nuestro lavabo de porcelana al por mayor combina una est\u00e9tica de dise\u00f1o sencillo con una funcionalidad pr\u00e1ctica, una opci\u00f3n ideal para cuartos de ba\u00f1o con estilo. Lavabos de ba\u00f1o al por mayor a precios razonables, y entrega r\u00e1pida para satisfacer las necesidades de grandes pedidos, garantizando al mismo tiempo la calidad del producto.<\/li>\n\n\n\n<li><strong>Azul menta fresco, que crea un ambiente confortable: <\/strong>Esta encimera de ba\u00f1o a medida utiliza un suave esmalte mate azul menta, que presenta un efecto visual fresco y natural, a\u00f1adiendo un toque de elegancia al espacio de ba\u00f1o comercial, creando un ambiente relajante y confortable, y es adecuada para dise\u00f1os de interior modernos, n\u00f3rdicos y minimalistas.<\/li>\n\n\n\n<li><strong>Superficie higi\u00e9nica f\u00e1cil de limpiar:<\/strong> El esmalte cer\u00e1mico liso evita la acumulaci\u00f3n de suciedad y facilita y agiliza la limpieza, lo que es especialmente importante para los entornos de hosteler\u00eda, donde la higiene y la eficacia son esenciales.<\/li>\n<\/ul>\n<\/div>\n\n\n\n<div class=\"wp-block-column is-layout-flow wp-block-column-is-layout-flow\">\n<figure class=\"wp-block-image size-full\"><img fetchpriority=\"high\" decoding=\"async\" width=\"800\" height=\"800\" src=\"https:\/\/www.ceramicbasin.com\/wp-content\/uploads\/2026\/03\/bathroom-sink-countertops\uff0cvanity-sinks-for-bathroom\uff0cceramic-sinks5.webp\" alt=\"mayorista-lavabo-de-porcelana-fregaderos-de-ba\u00f1o-de-hotel-suministro-5\" class=\"wp-image-9277\" srcset=\"https:\/\/www.ceramicbasin.com\/wp-content\/uploads\/2026\/03\/bathroom-sink-countertops\uff0cvanity-sinks-for-bathroom\uff0cceramic-sinks5.webp 800w, https:\/\/www.ceramicbasin.com\/wp-content\/uploads\/2026\/03\/bathroom-sink-countertops\uff0cvanity-sinks-for-bathroom\uff0cceramic-sinks5-300x300.webp 300w, https:\/\/www.ceramicbasin.com\/wp-content\/uploads\/2026\/03\/bathroom-sink-countertops\uff0cvanity-sinks-for-bathroom\uff0cceramic-sinks5-150x150.webp 150w, https:\/\/www.ceramicbasin.com\/wp-content\/uploads\/2026\/03\/bathroom-sink-countertops\uff0cvanity-sinks-for-bathroom\uff0cceramic-sinks5-768x768.webp 768w, https:\/\/www.ceramicbasin.com\/wp-content\/uploads\/2026\/03\/bathroom-sink-countertops\uff0cvanity-sinks-for-bathroom\uff0cceramic-sinks5-12x12.webp 12w, https:\/\/www.ceramicbasin.com\/wp-content\/uploads\/2026\/03\/bathroom-sink-countertops\uff0cvanity-sinks-for-bathroom\uff0cceramic-sinks5-285x285.webp 285w, https:\/\/www.ceramicbasin.com\/wp-content\/uploads\/2026\/03\/bathroom-sink-countertops\uff0cvanity-sinks-for-bathroom\uff0cceramic-sinks5-270x270.webp 270w, https:\/\/www.ceramicbasin.com\/wp-content\/uploads\/2026\/03\/bathroom-sink-countertops\uff0cvanity-sinks-for-bathroom\uff0cceramic-sinks5-540x540.webp 540w, https:\/\/www.ceramicbasin.com\/wp-content\/uploads\/2026\/03\/bathroom-sink-countertops\uff0cvanity-sinks-for-bathroom\uff0cceramic-sinks5-660x660.webp 660w\" sizes=\"(max-width: 800px) 100vw, 800px\" \/><\/figure>\n<\/div>\n<\/div>","protected":false},"excerpt":{"rendered":"<p>Bienvenido a comprar nuestro lavabo de porcelana al por mayor, que combina una est\u00e9tica de dise\u00f1o simple con una funcionalidad pr\u00e1ctica, una opci\u00f3n ideal para proyectos hoteleros. Disponible para suministro al por mayor y personalizaci\u00f3n OEM, este lavabo de cer\u00e1mica ayuda a los compradores B2B a crear soluciones de ba\u00f1o de gama alta al tiempo que garantiza una calidad fiable, precios competitivos y suministro estable a granel para proyectos de hosteler\u00eda y comerciales.<\/p>\n<table border=\"0\" width=\"311\" cellspacing=\"0\" cellpadding=\"0\">\n<tbody>\n<tr>\n<td width=\"108\" height=\"17\">Fabricante<\/td>\n<td width=\"202\">HanYu<\/td>\n<\/tr>\n<tr>\n<td height=\"17\">N\u00ba de modelo<\/td>\n<td>HY-9004<\/td>\n<\/tr>\n<tr>\n<td height=\"17\">Tipo<\/td>\n<td>Lavabo mate, Lavabo sobre encimera<\/td>\n<\/tr>\n<tr>\n<td height=\"17\">Forma<\/td>\n<td>Forma redonda<\/td>\n<\/tr>\n<tr>\n<td height=\"36\">Color<\/td>\n<td width=\"202\">Negro\/Blanco\/Azul\/Gris\/Rosa\/Verde\/Marr\u00f3n\/Caqui......<\/td>\n<\/tr>\n<tr>\n<td height=\"18\">Dimensi\u00f3n<\/td>\n<td width=\"202\">42*42*12.5<\/td>\n<\/tr>\n<tr>\n<td height=\"17\">N.W \/SET<\/td>\n<td>12KGS\/PCS<\/td>\n<\/tr>\n<tr>\n<td height=\"17\">MOQ<\/td>\n<td>10 unidades<\/td>\n<\/tr>\n<tr>\n<td height=\"17\">Opci\u00f3n personalizada<\/td>\n<td>Color\/Patr\u00f3n\/Tama\u00f1o\/Logotipo\/Embalaje<\/td>\n<\/tr>\n<\/tbody>\n<\/table>","protected":false},"featured_media":9272,"comment_status":"closed","ping_status":"closed","template":"","meta":{"_acf_changed":false},"product_brand":[],"product_cat":[50,55],"product_tag":[],"class_list":{"0":"post-9271","1":"product","2":"type-product","3":"status-publish","4":"has-post-thumbnail","6":"product_cat-wholesale-countertop-sinks","7":"product_cat-wholesale-matte-sinks","9":"first","10":"instock","11":"shipping-taxable","12":"product-type-simple"},"acf":[],"_links":{"self":[{"href":"https:\/\/www.ceramicbasin.com\/es\/wp-json\/wp\/v2\/product\/9271","targetHints":{"allow":["GET"]}}],"collection":[{"href":"https:\/\/www.ceramicbasin.com\/es\/wp-json\/wp\/v2\/product"}],"about":[{"href":"https:\/\/www.ceramicbasin.com\/es\/wp-json\/wp\/v2\/types\/product"}],"replies":[{"embeddable":true,"href":"https:\/\/www.ceramicbasin.com\/es\/wp-json\/wp\/v2\/comments?post=9271"}],"wp:featuredmedia":[{"embeddable":true,"href":"https:\/\/www.ceramicbasin.com\/es\/wp-json\/wp\/v2\/media\/9272"}],"wp:attachment":[{"href":"https:\/\/www.ceramicbasin.com\/es\/wp-json\/wp\/v2\/media?parent=9271"}],"wp:term":[{"taxonomy":"product_brand","embeddable":true,"href":"https:\/\/www.ceramicbasin.com\/es\/wp-json\/wp\/v2\/product_brand?post=9271"},{"taxonomy":"product_cat","embeddable":true,"href":"https:\/\/www.ceramicbasin.com\/es\/wp-json\/wp\/v2\/product_cat?post=9271"},{"taxonomy":"product_tag","embeddable":true,"href":"https:\/\/www.ceramicbasin.com\/es\/wp-json\/wp\/v2\/product_tag?post=9271"}],"curies":[{"name":"wp","href":"https:\/\/api.w.org\/{rel}","templated":true}]}}