{"id":9328,"date":"2026-03-21T07:54:43","date_gmt":"2026-03-21T07:54:43","guid":{"rendered":"https:\/\/www.ceramicbasin.com\/?post_type=product&#038;p=9328"},"modified":"2026-03-21T07:54:46","modified_gmt":"2026-03-21T07:54:46","slug":"wholesale-bathroom-lavatories","status":"publish","type":"product","link":"https:\/\/www.ceramicbasin.com\/es\/producto\/wholesale-bathroom-lavatories\/","title":{"rendered":"Mayorista Lavabos de Ba\u00f1o Fregadero Vessel Textura M\u00e1rmol"},"content":{"rendered":"<div class=\"wp-block-columns is-layout-flex wp-container-core-columns-is-layout-9d6595d7 wp-block-columns-is-layout-flex\">\n<div class=\"wp-block-column is-layout-flow wp-block-column-is-layout-flow\">\n<h2 class=\"wp-block-heading\">Lavabos de ba\u00f1o al por mayor de primera calidad Caracter\u00edsticas:<\/h2>\n\n\n\n<ul class=\"wp-block-list\">\n<li><strong>Patr\u00f3n cl\u00e1sico de m\u00e1rmol de Carrara:<\/strong> Nuestros lavabos al por mayor utilizan una avanzada tecnolog\u00eda de impresi\u00f3n por transferencia de agua para reproducir fielmente la textura cl\u00e1sica del m\u00e1rmol italiano de Carrara. Los patrones son naturales y fluidos, ofreciendo una experiencia t\u00e1ctil refinada que infunde al ba\u00f1o un aire de lujo discreto.<\/li>\n\n\n\n<li><strong>Dise\u00f1o compacto que ahorra espacio:<\/strong> Con unas medidas de 450 \u00d7 380 mm, estos lavabos art\u00edsticos al por mayor est\u00e1n dise\u00f1ados espec\u00edficamente para ba\u00f1os peque\u00f1os, aseos de invitados o proyectos comerciales. Maximizan la eficiencia del espacio sin renunciar a una est\u00e9tica grandiosa y sofisticada.<\/li>\n\n\n\n<li><strong>C\u00f3moda instalaci\u00f3n en la encimera:<\/strong> Con un dise\u00f1o cl\u00e1sico de lavabo de encimera, nuestros lavabos de ba\u00f1o al por mayor ofrecen una instalaci\u00f3n sin complicaciones que no requiere cortes complejos en la encimera. Se pueden combinar con armarios de ba\u00f1o o encimeras de distintos materiales y estilos.<\/li>\n\n\n\n<li><strong>Esmalte liso y autolimpiante:<\/strong> El esmalte de estos lavabos art\u00edsticos al por mayor es liso como un espejo, muy resistente a la acumulaci\u00f3n de suciedad y excepcionalmente f\u00e1cil de limpiar. Una simple limpieza es todo lo que se necesita para mantenerlos como nuevos, reduciendo as\u00ed significativamente los costes de mantenimiento.<\/li>\n<\/ul>\n<\/div>\n\n\n\n<div class=\"wp-block-column is-layout-flow wp-block-column-is-layout-flow\">\n<figure class=\"wp-block-image size-full\"><img fetchpriority=\"high\" decoding=\"async\" width=\"1024\" height=\"1024\" src=\"https:\/\/www.ceramicbasin.com\/wp-content\/uploads\/2026\/03\/Ceramic-Rectangle-Vessel-Sink-Marble-Modern-Lavabos-Bathroom-Above-Counter-Hand-Wash-Basin-5.webp\" alt=\"Fregadero Rectangular de Cer\u00e1mica, Lavabos Modernos de M\u00e1rmol, Lavamanos de Ba\u00f1o sobre Encimera\" class=\"wp-image-9334\" srcset=\"https:\/\/www.ceramicbasin.com\/wp-content\/uploads\/2026\/03\/Ceramic-Rectangle-Vessel-Sink-Marble-Modern-Lavabos-Bathroom-Above-Counter-Hand-Wash-Basin-5.webp 1024w, https:\/\/www.ceramicbasin.com\/wp-content\/uploads\/2026\/03\/Ceramic-Rectangle-Vessel-Sink-Marble-Modern-Lavabos-Bathroom-Above-Counter-Hand-Wash-Basin-5-300x300.webp 300w, https:\/\/www.ceramicbasin.com\/wp-content\/uploads\/2026\/03\/Ceramic-Rectangle-Vessel-Sink-Marble-Modern-Lavabos-Bathroom-Above-Counter-Hand-Wash-Basin-5-150x150.webp 150w, https:\/\/www.ceramicbasin.com\/wp-content\/uploads\/2026\/03\/Ceramic-Rectangle-Vessel-Sink-Marble-Modern-Lavabos-Bathroom-Above-Counter-Hand-Wash-Basin-5-768x768.webp 768w, https:\/\/www.ceramicbasin.com\/wp-content\/uploads\/2026\/03\/Ceramic-Rectangle-Vessel-Sink-Marble-Modern-Lavabos-Bathroom-Above-Counter-Hand-Wash-Basin-5-12x12.webp 12w, https:\/\/www.ceramicbasin.com\/wp-content\/uploads\/2026\/03\/Ceramic-Rectangle-Vessel-Sink-Marble-Modern-Lavabos-Bathroom-Above-Counter-Hand-Wash-Basin-5-285x285.webp 285w, https:\/\/www.ceramicbasin.com\/wp-content\/uploads\/2026\/03\/Ceramic-Rectangle-Vessel-Sink-Marble-Modern-Lavabos-Bathroom-Above-Counter-Hand-Wash-Basin-5-270x270.webp 270w, https:\/\/www.ceramicbasin.com\/wp-content\/uploads\/2026\/03\/Ceramic-Rectangle-Vessel-Sink-Marble-Modern-Lavabos-Bathroom-Above-Counter-Hand-Wash-Basin-5-540x540.webp 540w, https:\/\/www.ceramicbasin.com\/wp-content\/uploads\/2026\/03\/Ceramic-Rectangle-Vessel-Sink-Marble-Modern-Lavabos-Bathroom-Above-Counter-Hand-Wash-Basin-5-660x660.webp 660w\" sizes=\"(max-width: 1024px) 100vw, 1024px\" \/><\/figure>\n<\/div>\n<\/div>","protected":false},"excerpt":{"rendered":"<p>Bienvenido a comprar lavabos de arte al por mayor. Lavabos de ba\u00f1o modernos de 450 mm al por mayor con aspecto de m\u00e1rmol de Carrara de primera calidad. Compacto lavabo de arte de cer\u00e1mica encimera, ideal para proyectos de tocador elegante casa o el hotel.<\/p>\n<table style=\"border-collapse: collapse; width: 311.02pt;\" border=\"0\" width=\"311\" cellspacing=\"0\" cellpadding=\"0\">\n<tbody>\n<tr style=\"height: 17.60pt;\">\n<td class=\"et3\" style=\"height: 17.60pt; width: 108.35pt;\" width=\"108\" height=\"17\">Fabricante<\/td>\n<td class=\"et3\" style=\"width: 202.95pt;\" width=\"202\">HanYu<\/td>\n<\/tr>\n<tr style=\"height: 17.60pt;\">\n<td class=\"et3\" style=\"height: 17.60pt;\" height=\"17\">N\u00ba de modelo<\/td>\n<td class=\"et4\">HY-8064-45D99<\/td>\n<\/tr>\n<tr style=\"height: 36.00pt;\">\n<td class=\"et3\" style=\"height: 36.00pt;\" height=\"36\">Tipo<\/td>\n<td class=\"et5\" style=\"width: 202.95pt;\" width=\"202\">Lavabo Color M\u00e1rmol, Lavabo Encimera<\/td>\n<\/tr>\n<tr style=\"height: 17.60pt;\">\n<td class=\"et3\" style=\"height: 17.60pt;\" height=\"17\">Forma<\/td>\n<td class=\"et3\">Forma rectangular<\/td>\n<\/tr>\n<tr style=\"height: 18.00pt;\">\n<td class=\"et4\" style=\"height: 18.00pt;\" height=\"18\">Color<\/td>\n<td class=\"et5\" style=\"width: 202.95pt;\" width=\"202\">Negro<\/td>\n<\/tr>\n<tr style=\"height: 18.00pt;\">\n<td class=\"et3\" style=\"height: 18.00pt;\" height=\"18\">Dimensi\u00f3n<\/td>\n<td class=\"et5\" style=\"width: 202.95pt;\" width=\"202\">45*38*11<\/td>\n<\/tr>\n<tr style=\"height: 17.60pt;\">\n<td class=\"et3\" style=\"height: 17.60pt;\" height=\"17\">N.W \/SET<\/td>\n<td class=\"et3\">8KGS\/PCS<\/td>\n<\/tr>\n<tr style=\"height: 17.60pt;\">\n<td class=\"et3\" style=\"height: 17.60pt;\" height=\"17\">MOQ<\/td>\n<td class=\"et3\">20 piezas<\/td>\n<\/tr>\n<tr style=\"height: 17.60pt;\">\n<td class=\"et3\" style=\"height: 17.60pt;\" height=\"17\">Opci\u00f3n personalizada<\/td>\n<td class=\"et3\">Color\/Patr\u00f3n\/Tama\u00f1o\/Logotipo\/Embalaje<\/td>\n<\/tr>\n<\/tbody>\n<\/table>","protected":false},"featured_media":9330,"comment_status":"closed","ping_status":"closed","template":"","meta":{"_acf_changed":false},"product_brand":[],"product_cat":[50,54],"product_tag":[],"class_list":{"0":"post-9328","1":"product","2":"type-product","3":"status-publish","4":"has-post-thumbnail","6":"product_cat-wholesale-countertop-sinks","7":"product_cat-wholesale-marble-sinks","9":"first","10":"instock","11":"shipping-taxable","12":"product-type-simple"},"acf":[],"_links":{"self":[{"href":"https:\/\/www.ceramicbasin.com\/es\/wp-json\/wp\/v2\/product\/9328","targetHints":{"allow":["GET"]}}],"collection":[{"href":"https:\/\/www.ceramicbasin.com\/es\/wp-json\/wp\/v2\/product"}],"about":[{"href":"https:\/\/www.ceramicbasin.com\/es\/wp-json\/wp\/v2\/types\/product"}],"replies":[{"embeddable":true,"href":"https:\/\/www.ceramicbasin.com\/es\/wp-json\/wp\/v2\/comments?post=9328"}],"wp:featuredmedia":[{"embeddable":true,"href":"https:\/\/www.ceramicbasin.com\/es\/wp-json\/wp\/v2\/media\/9330"}],"wp:attachment":[{"href":"https:\/\/www.ceramicbasin.com\/es\/wp-json\/wp\/v2\/media?parent=9328"}],"wp:term":[{"taxonomy":"product_brand","embeddable":true,"href":"https:\/\/www.ceramicbasin.com\/es\/wp-json\/wp\/v2\/product_brand?post=9328"},{"taxonomy":"product_cat","embeddable":true,"href":"https:\/\/www.ceramicbasin.com\/es\/wp-json\/wp\/v2\/product_cat?post=9328"},{"taxonomy":"product_tag","embeddable":true,"href":"https:\/\/www.ceramicbasin.com\/es\/wp-json\/wp\/v2\/product_tag?post=9328"}],"curies":[{"name":"wp","href":"https:\/\/api.w.org\/{rel}","templated":true}]}}