{"id":9538,"date":"2026-04-14T03:38:04","date_gmt":"2026-04-14T03:38:04","guid":{"rendered":"https:\/\/www.ceramicbasin.com\/?post_type=product&#038;p=9538"},"modified":"2026-04-14T03:38:11","modified_gmt":"2026-04-14T03:38:11","slug":"factory-supply-wall-hung-basin","status":"publish","type":"product","link":"https:\/\/www.ceramicbasin.com\/es\/producto\/factory-supply-wall-hung-basin\/","title":{"rendered":"Suministro de f\u00e1brica lavabo colgado de la pared, lavabo de ba\u00f1o de cer\u00e1mica a granel"},"content":{"rendered":"<div class=\"wp-block-columns is-layout-flex wp-container-core-columns-is-layout-9d6595d7 wp-block-columns-is-layout-flex\">\n<div class=\"wp-block-column is-layout-flow wp-block-column-is-layout-flow\">\n<h2 class=\"wp-block-heading\">Premium Factory Supply Lavabo de pared Caracter\u00edsticas:<\/h2>\n\n\n\n<ul class=\"wp-block-list\">\n<li><strong>Dise\u00f1o cl\u00e1sico: <\/strong>Nuestra f\u00e1brica de suministro de lavabo colgado de la pared al por mayor cuenta con un dise\u00f1o cl\u00e1sico atemporal con limpio, con una peque\u00f1a instalaci\u00f3n montada en la pared para maximizar el uso de espacio limitado.<\/li>\n\n\n\n<li><strong>Instalaci\u00f3n mural: <\/strong>El dise\u00f1o suspendido ahorra espacio y es f\u00e1cil de limpiar. Estos lavabos suspendidos suministrados de f\u00e1brica son especialmente adecuados para ba\u00f1os modernos y compactos, ya que realzan la pulcritud y modernidad del espacio general.<\/li>\n\n\n\n<li><strong>Tratamiento de esmalte f\u00e1cil de limpiar:<\/strong> La superficie de este lavabo de ba\u00f1o de cer\u00e1mica al por mayor adopta una tecnolog\u00eda especial de esmalte f\u00e1cil de limpiar, que es suave y delicada, las manchas se adhieren y es f\u00e1cil de limpiar.<\/li>\n\n\n\n<li><strong>Descuento por compra al por mayor:<\/strong> Como fabricante y proveedor profesional de lavabos de cer\u00e1mica, ofrecemos precios muy competitivos, adecuados para proyectos de decoraci\u00f3n a gran escala como hoteles, apartamentos, oficinas, etc.<\/li>\n<\/ul>\n<\/div>\n\n\n\n<div class=\"wp-block-column is-layout-flow wp-block-column-is-layout-flow\">\n<figure class=\"wp-block-image size-full\"><img fetchpriority=\"high\" decoding=\"async\" width=\"1024\" height=\"1023\" src=\"https:\/\/www.ceramicbasin.com\/wp-content\/uploads\/2026\/04\/Bathroom-basin-ceramic-wall-hung-wash-basin-factory-supply-5.webp\" alt=\"suministro de f\u00e1brica-fregadero de lavabo de cer\u00e1mica suspendido-5\" class=\"wp-image-9543\" srcset=\"https:\/\/www.ceramicbasin.com\/wp-content\/uploads\/2026\/04\/Bathroom-basin-ceramic-wall-hung-wash-basin-factory-supply-5.webp 1024w, https:\/\/www.ceramicbasin.com\/wp-content\/uploads\/2026\/04\/Bathroom-basin-ceramic-wall-hung-wash-basin-factory-supply-5-300x300.webp 300w, https:\/\/www.ceramicbasin.com\/wp-content\/uploads\/2026\/04\/Bathroom-basin-ceramic-wall-hung-wash-basin-factory-supply-5-150x150.webp 150w, https:\/\/www.ceramicbasin.com\/wp-content\/uploads\/2026\/04\/Bathroom-basin-ceramic-wall-hung-wash-basin-factory-supply-5-768x767.webp 768w, https:\/\/www.ceramicbasin.com\/wp-content\/uploads\/2026\/04\/Bathroom-basin-ceramic-wall-hung-wash-basin-factory-supply-5-12x12.webp 12w, https:\/\/www.ceramicbasin.com\/wp-content\/uploads\/2026\/04\/Bathroom-basin-ceramic-wall-hung-wash-basin-factory-supply-5-285x285.webp 285w, https:\/\/www.ceramicbasin.com\/wp-content\/uploads\/2026\/04\/Bathroom-basin-ceramic-wall-hung-wash-basin-factory-supply-5-270x270.webp 270w, https:\/\/www.ceramicbasin.com\/wp-content\/uploads\/2026\/04\/Bathroom-basin-ceramic-wall-hung-wash-basin-factory-supply-5-540x540.webp 540w, https:\/\/www.ceramicbasin.com\/wp-content\/uploads\/2026\/04\/Bathroom-basin-ceramic-wall-hung-wash-basin-factory-supply-5-660x660.webp 660w\" sizes=\"(max-width: 1024px) 100vw, 1024px\" \/><\/figure>\n<\/div>\n<\/div>","protected":false},"excerpt":{"rendered":"<p>Bienvenido a comprar Hanyu f\u00e1brica de suministro de lavabo de pared, hecho a mano de cer\u00e1mica duradera. Asociarse con un fabricante de confianza para el lavabo de ba\u00f1o de cer\u00e1mica al por mayor. Hay una gran cantidad de preparaci\u00f3n de inventario lavabo del ba\u00f1o, y el servicio de entrega r\u00e1pida para satisfacer las necesidades urgentes del proyecto.<\/p>\n<table border=\"0\" width=\"478\" cellspacing=\"0\" cellpadding=\"0\">\n<tbody>\n<tr>\n<td width=\"166\" height=\"23\">Fabricante<\/td>\n<td width=\"312\">HanYu<\/td>\n<\/tr>\n<tr>\n<td height=\"23\">N\u00ba de modelo<\/td>\n<td>HY-3095<\/td>\n<\/tr>\n<tr>\n<td height=\"23\">Tipo<\/td>\n<td width=\"312\">Fregaderos murales<\/td>\n<\/tr>\n<tr>\n<td height=\"24\">Forma<\/td>\n<td>Forma rectangular<\/td>\n<\/tr>\n<tr>\n<td height=\"46\">Color<\/td>\n<td width=\"312\">negro\/blanco\/azul\/gris\/rosa\/verde\/marr\u00f3n\/caqui<\/td>\n<\/tr>\n<tr>\n<td height=\"24\">Dimensi\u00f3n<\/td>\n<td width=\"312\">36*25*10<\/td>\n<\/tr>\n<tr>\n<td height=\"23\">N.W \/SET<\/td>\n<td>6.5KGS\/PCS<\/td>\n<\/tr>\n<tr>\n<td height=\"23\">MOQ<\/td>\n<td>20 piezas<\/td>\n<\/tr>\n<tr>\n<td height=\"23\">Opci\u00f3n personalizada<\/td>\n<td>Color\/Patr\u00f3n\/Tama\u00f1o\/Logotipo\/Embalaje<\/td>\n<\/tr>\n<\/tbody>\n<\/table>","protected":false},"featured_media":9539,"comment_status":"closed","ping_status":"closed","template":"","meta":{"_acf_changed":false},"product_brand":[],"product_cat":[57],"product_tag":[],"class_list":{"0":"post-9538","1":"product","2":"type-product","3":"status-publish","4":"has-post-thumbnail","6":"product_cat-wholesale-wall-mounted-sinks","8":"first","9":"instock","10":"shipping-taxable","11":"product-type-simple"},"acf":[],"_links":{"self":[{"href":"https:\/\/www.ceramicbasin.com\/es\/wp-json\/wp\/v2\/product\/9538","targetHints":{"allow":["GET"]}}],"collection":[{"href":"https:\/\/www.ceramicbasin.com\/es\/wp-json\/wp\/v2\/product"}],"about":[{"href":"https:\/\/www.ceramicbasin.com\/es\/wp-json\/wp\/v2\/types\/product"}],"replies":[{"embeddable":true,"href":"https:\/\/www.ceramicbasin.com\/es\/wp-json\/wp\/v2\/comments?post=9538"}],"wp:featuredmedia":[{"embeddable":true,"href":"https:\/\/www.ceramicbasin.com\/es\/wp-json\/wp\/v2\/media\/9539"}],"wp:attachment":[{"href":"https:\/\/www.ceramicbasin.com\/es\/wp-json\/wp\/v2\/media?parent=9538"}],"wp:term":[{"taxonomy":"product_brand","embeddable":true,"href":"https:\/\/www.ceramicbasin.com\/es\/wp-json\/wp\/v2\/product_brand?post=9538"},{"taxonomy":"product_cat","embeddable":true,"href":"https:\/\/www.ceramicbasin.com\/es\/wp-json\/wp\/v2\/product_cat?post=9538"},{"taxonomy":"product_tag","embeddable":true,"href":"https:\/\/www.ceramicbasin.com\/es\/wp-json\/wp\/v2\/product_tag?post=9538"}],"curies":[{"name":"wp","href":"https:\/\/api.w.org\/{rel}","templated":true}]}}