{"id":9585,"date":"2026-04-20T07:17:08","date_gmt":"2026-04-20T07:17:08","guid":{"rendered":"https:\/\/www.ceramicbasin.com\/?post_type=product&#038;p=9585"},"modified":"2026-04-20T08:32:37","modified_gmt":"2026-04-20T08:32:37","slug":"marble-look-bathroom-sink-wholesale","status":"publish","type":"product","link":"https:\/\/www.ceramicbasin.com\/es\/producto\/marble-look-bathroom-sink-wholesale\/","title":{"rendered":"Fregadero De Ba\u00f1o Con Aspecto De M\u00e1rmol Al Por Mayor, Lavabo De M\u00e1rmol Personalizado"},"content":{"rendered":"<div class=\"wp-block-columns is-layout-flex wp-container-core-columns-is-layout-9d6595d7 wp-block-columns-is-layout-flex\">\n<div class=\"wp-block-column is-layout-flow wp-block-column-is-layout-flow\">\n<h2 class=\"wp-block-heading\">Premium M\u00e1rmol Mira Lavabo de ba\u00f1o al por mayor Caracter\u00edsticas:<\/h2>\n\n\n\n<ul class=\"wp-block-list\">\n<li><strong>Superficie esmaltada de f\u00e1cil limpieza: <\/strong>La superficie del lavabo de m\u00e1rmol al por mayor presenta un esmalte liso y denso con una gran resistencia a las manchas, lo que evita eficazmente las manchas de agua y la acumulaci\u00f3n de suciedad, por lo que es ideal para entornos muy transitados, como hoteles, apartamentos y espacios comerciales.<\/li>\n\n\n\n<li><strong>Cer\u00e1mica de alta calidad: <\/strong>Nuestros lavabos personalizados de color m\u00e1rmol est\u00e1n fabricados con cer\u00e1mica de alta calidad, que es duradera, f\u00e1cil de limpiar y garantiza que conservar\u00e1 su decoloraci\u00f3n con el paso del tiempo.<\/li>\n\n\n\n<li><strong>Descuento por compra al por mayor:<\/strong> Como fabricante de lavabos de ba\u00f1o, HanYu proporciona a los clientes lavabos de ba\u00f1o al por mayor de alta calidad y a precios preferentes para ayudarle a reducir los costes de adquisici\u00f3n.<\/li>\n\n\n\n<li><strong>Colorido:<\/strong> El color de m\u00e1rmol de este lavabo de ba\u00f1o de aspecto de m\u00e1rmol al por mayor se realiza mediante impresi\u00f3n por transferencia de agua sobre la base de un lavabo blanco brillante ordinario, que es hermoso y duradero. Ofrecemos m\u00e1s de 100 colores y patrones para elegir, y todos los modelos de lavabo al por mayor se pueden personalizar en color y textura.<\/li>\n\n\n\n<li><strong>Suministro estable y MOQ flexible:<\/strong> Nuestras maduras l\u00edneas de producci\u00f3n de lavabos de m\u00e1rmol al por mayor garantizan plazos de entrega fiables y admiten cantidades m\u00ednimas de pedido (MOQ) flexibles, lo que nos convierte en el socio ideal para colaboraciones a largo plazo con mayoristas, proyectos a gran escala y cadenas de marcas.<\/li>\n<\/ul>\n<\/div>\n\n\n\n<div class=\"wp-block-column is-layout-flow wp-block-column-is-layout-flow\">\n<figure class=\"wp-block-image size-full\"><img fetchpriority=\"high\" decoding=\"async\" width=\"767\" height=\"982\" src=\"https:\/\/www.ceramicbasin.com\/wp-content\/uploads\/2026\/04\/Wholesale-Marble-look-ceramic-sinksCustom-marble-color-bathroom-washbasin-5.webp\" alt=\"lavabo de m\u00e1rmol para cuarto de ba\u00f1o al por mayor - lavabo de m\u00e1rmol a medida-5\" class=\"wp-image-9581\" srcset=\"https:\/\/www.ceramicbasin.com\/wp-content\/uploads\/2026\/04\/Wholesale-Marble-look-ceramic-sinksCustom-marble-color-bathroom-washbasin-5.webp 767w, https:\/\/www.ceramicbasin.com\/wp-content\/uploads\/2026\/04\/Wholesale-Marble-look-ceramic-sinksCustom-marble-color-bathroom-washbasin-5-234x300.webp 234w, https:\/\/www.ceramicbasin.com\/wp-content\/uploads\/2026\/04\/Wholesale-Marble-look-ceramic-sinksCustom-marble-color-bathroom-washbasin-5-9x12.webp 9w, https:\/\/www.ceramicbasin.com\/wp-content\/uploads\/2026\/04\/Wholesale-Marble-look-ceramic-sinksCustom-marble-color-bathroom-washbasin-5-285x365.webp 285w, https:\/\/www.ceramicbasin.com\/wp-content\/uploads\/2026\/04\/Wholesale-Marble-look-ceramic-sinksCustom-marble-color-bathroom-washbasin-5-515x660.webp 515w, https:\/\/www.ceramicbasin.com\/wp-content\/uploads\/2026\/04\/Wholesale-Marble-look-ceramic-sinksCustom-marble-color-bathroom-washbasin-5-117x150.webp 117w\" sizes=\"(max-width: 767px) 100vw, 767px\" \/><\/figure>\n<\/div>\n<\/div>","protected":false},"excerpt":{"rendered":"<p>Bienvenido a comprar nuestro lavabo de m\u00e1rmol al por mayor, que est\u00e1 hecho por impresi\u00f3n por transferencia de agua sobre la base de un lavabo blanco brillante ordinario, que es hermoso y duradero. Totalmente personalizable en color, tama\u00f1o y marca, estos lavabos son ideales para mayoristas, distribuidores y compradores de proyectos que buscan soluciones de suministro elegantes, rentables y fiables.<\/p>\n<table border=\"0\" width=\"478\" cellspacing=\"0\" cellpadding=\"0\">\n<tbody>\n<tr>\n<td width=\"166\" height=\"23\">Fabricante<\/td>\n<td width=\"312\">HanYu<\/td>\n<\/tr>\n<tr>\n<td height=\"23\">N\u00ba de modelo<\/td>\n<td>HY-5061D16<\/td>\n<\/tr>\n<tr>\n<td height=\"23\">Tipo<\/td>\n<td width=\"312\">Fregaderos de m\u00e1rmol<\/td>\n<\/tr>\n<tr>\n<td height=\"24\">Forma<\/td>\n<td>Forma ovalada<\/td>\n<\/tr>\n<tr>\n<td height=\"46\">Color<\/td>\n<td width=\"312\">negro\/blanco\/azul\/gris\/rosa\/verde\/marr\u00f3n\/caqui<\/td>\n<\/tr>\n<tr>\n<td height=\"24\">Dimensi\u00f3n<\/td>\n<td width=\"312\">59*41*17<\/td>\n<\/tr>\n<tr>\n<td height=\"23\">N.W \/SET<\/td>\n<td>10KGS\/PCS<\/td>\n<\/tr>\n<tr>\n<td height=\"23\">MOQ<\/td>\n<td>20 piezas<\/td>\n<\/tr>\n<tr>\n<td height=\"23\">Opci\u00f3n personalizada<\/td>\n<td>Color\/Patr\u00f3n\/Tama\u00f1o\/Logotipo\/Embalaje<\/td>\n<\/tr>\n<\/tbody>\n<\/table>","protected":false},"featured_media":9577,"comment_status":"closed","ping_status":"closed","template":"","meta":{"_acf_changed":false},"product_brand":[],"product_cat":[54,50],"product_tag":[],"class_list":{"0":"post-9585","1":"product","2":"type-product","3":"status-publish","4":"has-post-thumbnail","6":"product_cat-wholesale-marble-sinks","7":"product_cat-wholesale-countertop-sinks","9":"first","10":"instock","11":"shipping-taxable","12":"product-type-simple"},"acf":[],"_links":{"self":[{"href":"https:\/\/www.ceramicbasin.com\/es\/wp-json\/wp\/v2\/product\/9585","targetHints":{"allow":["GET"]}}],"collection":[{"href":"https:\/\/www.ceramicbasin.com\/es\/wp-json\/wp\/v2\/product"}],"about":[{"href":"https:\/\/www.ceramicbasin.com\/es\/wp-json\/wp\/v2\/types\/product"}],"replies":[{"embeddable":true,"href":"https:\/\/www.ceramicbasin.com\/es\/wp-json\/wp\/v2\/comments?post=9585"}],"wp:featuredmedia":[{"embeddable":true,"href":"https:\/\/www.ceramicbasin.com\/es\/wp-json\/wp\/v2\/media\/9577"}],"wp:attachment":[{"href":"https:\/\/www.ceramicbasin.com\/es\/wp-json\/wp\/v2\/media?parent=9585"}],"wp:term":[{"taxonomy":"product_brand","embeddable":true,"href":"https:\/\/www.ceramicbasin.com\/es\/wp-json\/wp\/v2\/product_brand?post=9585"},{"taxonomy":"product_cat","embeddable":true,"href":"https:\/\/www.ceramicbasin.com\/es\/wp-json\/wp\/v2\/product_cat?post=9585"},{"taxonomy":"product_tag","embeddable":true,"href":"https:\/\/www.ceramicbasin.com\/es\/wp-json\/wp\/v2\/product_tag?post=9585"}],"curies":[{"name":"wp","href":"https:\/\/api.w.org\/{rel}","templated":true}]}}