{"id":9587,"date":"2026-04-20T08:29:05","date_gmt":"2026-04-20T08:29:05","guid":{"rendered":"https:\/\/www.ceramicbasin.com\/?post_type=product&#038;p=9587"},"modified":"2026-04-20T08:29:54","modified_gmt":"2026-04-20T08:29:54","slug":"wholesale-marble-countertop-sink","status":"publish","type":"product","link":"https:\/\/www.ceramicbasin.com\/es\/producto\/wholesale-marble-countertop-sink\/","title":{"rendered":"Mayorista Fregadero de M\u00e1rmol para Encimera, Lavabo de Cer\u00e1mica Proveedor"},"content":{"rendered":"<div class=\"wp-block-columns is-layout-flex wp-container-core-columns-is-layout-9d6595d7 wp-block-columns-is-layout-flex\">\n<div class=\"wp-block-column is-layout-flow wp-block-column-is-layout-flow\">\n<h2 class=\"wp-block-heading\">Fregadero de m\u00e1rmol al por mayor de primera calidad Caracter\u00edsticas:<\/h2>\n\n\n\n<ul class=\"wp-block-list\">\n<li><strong>Elegante estilo efecto m\u00e1rmol:<\/strong> Nuestro fregadero de m\u00e1rmol al por mayor con acabado esmaltado de imitaci\u00f3n de m\u00e1rmol de alta calidad, veteado colorido, natural y fluido realza enormemente cualquier espacio de ba\u00f1o, d\u00e1ndole un aspecto \u00fanico y elegante.<\/li>\n\n\n\n<li><strong>Artesan\u00eda cer\u00e1mica de primera calidad: <\/strong>Nuestro fregadero con encimera de m\u00e1rmol al por mayor se cuece a altas temperaturas, el cuerpo cer\u00e1mico es de grano excepcionalmente fino y denso, y presenta un \u00edndice de absorci\u00f3n de agua extremadamente bajo. La superficie es perfectamente lisa y plana, ofreciendo una excelente resistencia a ara\u00f1azos y manchas.<\/li>\n\n\n\n<li><strong>Instalaci\u00f3n de encimeras modernas:<\/strong> Este fregadero de m\u00e1rmol al por mayor para encimera est\u00e1 dise\u00f1ado para su instalaci\u00f3n sobre encimera (estilo Vessel Sink). No s\u00f3lo es el proceso de instalaci\u00f3n simple, pero su generosa anchura 715mm logra un equilibrio perfecto entre la funcionalidad pr\u00e1ctica y el atractivo decorativo-que es la opci\u00f3n ideal para minimalista moderno o \u201clujo ligero\u201d esquemas de dise\u00f1o de interiores.<\/li>\n\n\n\n<li><strong>F\u00e1cil de limpiar y mantener: <\/strong>El dise\u00f1o sin juntas y de esquinas redondeadas del lavabo de cer\u00e1mica al por mayor minimiza eficazmente la acumulaci\u00f3n de suciedad, mientras que el esmalte hidr\u00f3fobo garantiza un drenaje suave del agua. Basta con pasar un pa\u00f1o para mantener la higiene, lo que convierte a este lavabo en una excelente elecci\u00f3n tanto para propietarios exigentes que buscan un estilo de vida de alta calidad como para entornos comerciales minoristas.<\/li>\n\n\n\n<li><strong>Colorido: <\/strong>El color de m\u00e1rmol de este lavabo de ba\u00f1o al por mayor se realiza mediante impresi\u00f3n por transferencia de agua basada en un lavabo blanco brillante ordinario, que es hermoso y duradero. Ofrecemos m\u00e1s de 100 colores y patrones para elegir, y todos los modelos de lavabo al por mayor se pueden personalizar en color y textura.<\/li>\n<\/ul>\n<\/div>\n\n\n\n<div class=\"wp-block-column is-layout-flow wp-block-column-is-layout-flow\">\n<figure class=\"wp-block-image size-full\"><img fetchpriority=\"high\" decoding=\"async\" width=\"651\" height=\"858\" src=\"https:\/\/www.ceramicbasin.com\/wp-content\/uploads\/2026\/04\/Bathroom-ceramic-wholesale-price-suppliertop-mounted-wash-basin-sinks-5.webp\" alt=\"mayorista-m\u00e1rmol-encimera-fregadero-lavabo-de-cer\u00e1mica-proveedor-5\" class=\"wp-image-9571\" srcset=\"https:\/\/www.ceramicbasin.com\/wp-content\/uploads\/2026\/04\/Bathroom-ceramic-wholesale-price-suppliertop-mounted-wash-basin-sinks-5.webp 651w, https:\/\/www.ceramicbasin.com\/wp-content\/uploads\/2026\/04\/Bathroom-ceramic-wholesale-price-suppliertop-mounted-wash-basin-sinks-5-228x300.webp 228w, https:\/\/www.ceramicbasin.com\/wp-content\/uploads\/2026\/04\/Bathroom-ceramic-wholesale-price-suppliertop-mounted-wash-basin-sinks-5-9x12.webp 9w, https:\/\/www.ceramicbasin.com\/wp-content\/uploads\/2026\/04\/Bathroom-ceramic-wholesale-price-suppliertop-mounted-wash-basin-sinks-5-285x376.webp 285w, https:\/\/www.ceramicbasin.com\/wp-content\/uploads\/2026\/04\/Bathroom-ceramic-wholesale-price-suppliertop-mounted-wash-basin-sinks-5-501x660.webp 501w, https:\/\/www.ceramicbasin.com\/wp-content\/uploads\/2026\/04\/Bathroom-ceramic-wholesale-price-suppliertop-mounted-wash-basin-sinks-5-114x150.webp 114w\" sizes=\"(max-width: 651px) 100vw, 651px\" \/><\/figure>\n<\/div>\n<\/div>","protected":false},"excerpt":{"rendered":"<p>Bienvenido a comprar nuestro fregadero de m\u00e1rmol al por mayor. Con unas medidas impresionantes de 715 x 410 x 145 mm, este lavabo presenta un exquisito veteado de m\u00e1rmol que ayuda a crear un ambiente de alta gama para el espacio de ba\u00f1o. Como proveedor profesional de lavabos de cer\u00e1mica, ofrecemos precios al por mayor competitivos y servicios de personalizaci\u00f3n para proyectos comerciales de alta gama, tiendas de ba\u00f1o y el mercado de regalos de empresa.<\/p>\n<table border=\"0\" width=\"478\" cellspacing=\"0\" cellpadding=\"0\">\n<tbody>\n<tr>\n<td width=\"166\" height=\"23\">Fabricante<\/td>\n<td width=\"312\">HanYu<\/td>\n<\/tr>\n<tr>\n<td height=\"23\">N\u00ba de modelo<\/td>\n<td>HY-5106D19<\/td>\n<\/tr>\n<tr>\n<td height=\"23\">Tipo<\/td>\n<td width=\"312\">Fregaderos de m\u00e1rmol<\/td>\n<\/tr>\n<tr>\n<td height=\"24\">Forma<\/td>\n<td>Forma rectangular<\/td>\n<\/tr>\n<tr>\n<td height=\"46\">Color<\/td>\n<td width=\"312\">negro\/blanco\/azul\/gris\/rosa\/verde\/marr\u00f3n\/caqui<\/td>\n<\/tr>\n<tr>\n<td height=\"24\">Dimensi\u00f3n<\/td>\n<td width=\"312\">71.5*41*14.5<\/td>\n<\/tr>\n<tr>\n<td height=\"23\">N.W \/SET<\/td>\n<td>16KGS\/PCS<\/td>\n<\/tr>\n<tr>\n<td height=\"23\">MOQ<\/td>\n<td>20 piezas<\/td>\n<\/tr>\n<tr>\n<td height=\"23\">Opci\u00f3n personalizada<\/td>\n<td>Color\/Patr\u00f3n\/Tama\u00f1o\/Logotipo\/Embalaje<\/td>\n<\/tr>\n<\/tbody>\n<\/table>","protected":false},"featured_media":9570,"comment_status":"closed","ping_status":"closed","template":"","meta":{"_acf_changed":false},"product_brand":[],"product_cat":[54,50],"product_tag":[],"class_list":{"0":"post-9587","1":"product","2":"type-product","3":"status-publish","4":"has-post-thumbnail","6":"product_cat-wholesale-marble-sinks","7":"product_cat-wholesale-countertop-sinks","9":"first","10":"instock","11":"shipping-taxable","12":"product-type-simple"},"acf":[],"_links":{"self":[{"href":"https:\/\/www.ceramicbasin.com\/es\/wp-json\/wp\/v2\/product\/9587","targetHints":{"allow":["GET"]}}],"collection":[{"href":"https:\/\/www.ceramicbasin.com\/es\/wp-json\/wp\/v2\/product"}],"about":[{"href":"https:\/\/www.ceramicbasin.com\/es\/wp-json\/wp\/v2\/types\/product"}],"replies":[{"embeddable":true,"href":"https:\/\/www.ceramicbasin.com\/es\/wp-json\/wp\/v2\/comments?post=9587"}],"wp:featuredmedia":[{"embeddable":true,"href":"https:\/\/www.ceramicbasin.com\/es\/wp-json\/wp\/v2\/media\/9570"}],"wp:attachment":[{"href":"https:\/\/www.ceramicbasin.com\/es\/wp-json\/wp\/v2\/media?parent=9587"}],"wp:term":[{"taxonomy":"product_brand","embeddable":true,"href":"https:\/\/www.ceramicbasin.com\/es\/wp-json\/wp\/v2\/product_brand?post=9587"},{"taxonomy":"product_cat","embeddable":true,"href":"https:\/\/www.ceramicbasin.com\/es\/wp-json\/wp\/v2\/product_cat?post=9587"},{"taxonomy":"product_tag","embeddable":true,"href":"https:\/\/www.ceramicbasin.com\/es\/wp-json\/wp\/v2\/product_tag?post=9587"}],"curies":[{"name":"wp","href":"https:\/\/api.w.org\/{rel}","templated":true}]}}