{"id":2876,"date":"2024-07-12T02:53:12","date_gmt":"2024-07-12T02:53:12","guid":{"rendered":"https:\/\/www.ceramicbasin.com\/?post_type=product&#038;p=2876"},"modified":"2024-07-23T09:46:39","modified_gmt":"2024-07-23T09:46:39","slug":"wholesale-bathroom-sinks-in-bulk","status":"publish","type":"product","link":"https:\/\/www.ceramicbasin.com\/fr\/produit\/wholesale-bathroom-sinks-in-bulk\/","title":{"rendered":"Wholesale Bathroom Sinks Above Counter Oval Basins In Bulk (lavabos de salle de bain au-dessus du comptoir en vrac)"},"content":{"rendered":"<div class=\"wp-block-columns is-layout-flex wp-container-core-columns-is-layout-9d6595d7 wp-block-columns-is-layout-flex\">\n<div class=\"wp-block-column is-layout-flow wp-block-column-is-layout-flow\">\n<h2 class=\"wp-block-heading\">Premium Wholesale Bathroom Sinks Caract\u00e9ristiques :<\/h2>\n\n\n\n<ul class=\"wp-block-list\">\n<li><strong>Design \u00e9l\u00e9gant : <\/strong>Nos lavabos de salle de bain en gros ajoutent une touche d'\u00e9l\u00e9gance et de modernit\u00e9 \u00e0 toute salle de bain et en font un point focal styl\u00e9.<\/li>\n\n\n\n<li><strong>Qualit\u00e9 sup\u00e9rieure : <\/strong>Fabriqu\u00e9s en c\u00e9ramique de haute qualit\u00e9, ces lavabos de salle de bains en gros offrent une durabilit\u00e9, une surface lisse et une r\u00e9sistance aux taches et aux rayures, garantissant ainsi une beaut\u00e9 durable.<\/li>\n\n\n\n<li><strong>Installation facile :<\/strong> Con\u00e7us pour \u00eatre install\u00e9s au-dessus du comptoir, ces lavabos en c\u00e9ramique en vrac sont faciles \u00e0 installer, offrant une solution sans probl\u00e8me pour les nouvelles constructions et les r\u00e9novations de salles de bains.<\/li>\n\n\n\n<li><strong>Options personnalisables : <\/strong>Disponibles en diff\u00e9rentes couleurs, finitions de surface et emballages personnalisables, les lavabos de salle de bain en gros de Hanyu vous permettent d'adapter le produit aux besoins de votre entreprise.<\/li>\n<\/ul>\n<\/div>\n\n\n\n<div class=\"wp-block-column is-layout-flow wp-block-column-is-layout-flow\">\n<figure class=\"wp-block-image size-full\"><img fetchpriority=\"high\" decoding=\"async\" width=\"750\" height=\"750\" src=\"https:\/\/www.ceramicbasin.com\/wp-content\/uploads\/2024\/07\/Wholesale-Bathroom-Sinks-Above-Counter-Oval-Basins-In-Bulk-1.webp\" alt=\"\" class=\"wp-image-2877\" srcset=\"https:\/\/www.ceramicbasin.com\/wp-content\/uploads\/2024\/07\/Wholesale-Bathroom-Sinks-Above-Counter-Oval-Basins-In-Bulk-1.webp 750w, https:\/\/www.ceramicbasin.com\/wp-content\/uploads\/2024\/07\/Wholesale-Bathroom-Sinks-Above-Counter-Oval-Basins-In-Bulk-1-300x300.webp 300w, https:\/\/www.ceramicbasin.com\/wp-content\/uploads\/2024\/07\/Wholesale-Bathroom-Sinks-Above-Counter-Oval-Basins-In-Bulk-1-150x150.webp 150w, https:\/\/www.ceramicbasin.com\/wp-content\/uploads\/2024\/07\/Wholesale-Bathroom-Sinks-Above-Counter-Oval-Basins-In-Bulk-1-12x12.webp 12w, https:\/\/www.ceramicbasin.com\/wp-content\/uploads\/2024\/07\/Wholesale-Bathroom-Sinks-Above-Counter-Oval-Basins-In-Bulk-1-285x285.webp 285w, https:\/\/www.ceramicbasin.com\/wp-content\/uploads\/2024\/07\/Wholesale-Bathroom-Sinks-Above-Counter-Oval-Basins-In-Bulk-1-270x270.webp 270w, https:\/\/www.ceramicbasin.com\/wp-content\/uploads\/2024\/07\/Wholesale-Bathroom-Sinks-Above-Counter-Oval-Basins-In-Bulk-1-540x540.webp 540w, https:\/\/www.ceramicbasin.com\/wp-content\/uploads\/2024\/07\/Wholesale-Bathroom-Sinks-Above-Counter-Oval-Basins-In-Bulk-1-660x660.webp 660w\" sizes=\"(max-width: 750px) 100vw, 750px\" \/><\/figure>\n<\/div>\n<\/div>","protected":false},"excerpt":{"rendered":"<p>Nos lavabos de salle de bains en gros pr\u00e9sentent une \u00e9l\u00e9gante forme ovale au-dessus du comptoir qui ajoute de la modernit\u00e9 \u00e0 n'importe quelle salle de bains. Fabriqu\u00e9s en c\u00e9ramique de premi\u00e8re qualit\u00e9, ces lavabos en c\u00e9ramique sont durables, r\u00e9sistants aux taches et faciles \u00e0 installer. Les diff\u00e9rentes couleurs, finitions et options d'emballage personnalisables permettent de r\u00e9pondre \u00e0 diverses exigences en mati\u00e8re de marque et de march\u00e9.<\/p>\n<table width=\"311\">\n<tbody>\n<tr>\n<td width=\"108\">Fabricant<\/td>\n<td width=\"202\">HanYu<\/td>\n<\/tr>\n<tr>\n<td>Num\u00e9ro de mod\u00e8le.<\/td>\n<td>HY-488A<\/td>\n<\/tr>\n<tr>\n<td>Type<\/td>\n<td>Bassin de comptoir<\/td>\n<\/tr>\n<tr>\n<td>Forme<\/td>\n<td>Ovale<\/td>\n<\/tr>\n<tr>\n<td>Couleur<\/td>\n<td>Blanc<\/td>\n<\/tr>\n<tr>\n<td>Dimension<\/td>\n<td width=\"202\">68*44*16.5<\/td>\n<\/tr>\n<tr>\n<td>N.W \/SET<\/td>\n<td>12KG\/PCS<\/td>\n<\/tr>\n<tr>\n<td>MOQ<\/td>\n<td>20pcs<\/td>\n<\/tr>\n<tr>\n<td>Option personnalis\u00e9e<\/td>\n<td>Couleur\/Pattenue\/Taille\/Logo\/Emballage<\/td>\n<\/tr>\n<\/tbody>\n<\/table>","protected":false},"featured_media":2879,"comment_status":"closed","ping_status":"closed","template":"","meta":{"_acf_changed":false},"product_brand":[],"product_cat":[50],"product_tag":[],"class_list":{"0":"post-2876","1":"product","2":"type-product","3":"status-publish","4":"has-post-thumbnail","6":"product_cat-wholesale-countertop-sinks","8":"first","9":"instock","10":"shipping-taxable","11":"product-type-simple"},"acf":[],"_links":{"self":[{"href":"https:\/\/www.ceramicbasin.com\/fr\/wp-json\/wp\/v2\/product\/2876","targetHints":{"allow":["GET"]}}],"collection":[{"href":"https:\/\/www.ceramicbasin.com\/fr\/wp-json\/wp\/v2\/product"}],"about":[{"href":"https:\/\/www.ceramicbasin.com\/fr\/wp-json\/wp\/v2\/types\/product"}],"replies":[{"embeddable":true,"href":"https:\/\/www.ceramicbasin.com\/fr\/wp-json\/wp\/v2\/comments?post=2876"}],"wp:featuredmedia":[{"embeddable":true,"href":"https:\/\/www.ceramicbasin.com\/fr\/wp-json\/wp\/v2\/media\/2879"}],"wp:attachment":[{"href":"https:\/\/www.ceramicbasin.com\/fr\/wp-json\/wp\/v2\/media?parent=2876"}],"wp:term":[{"taxonomy":"product_brand","embeddable":true,"href":"https:\/\/www.ceramicbasin.com\/fr\/wp-json\/wp\/v2\/product_brand?post=2876"},{"taxonomy":"product_cat","embeddable":true,"href":"https:\/\/www.ceramicbasin.com\/fr\/wp-json\/wp\/v2\/product_cat?post=2876"},{"taxonomy":"product_tag","embeddable":true,"href":"https:\/\/www.ceramicbasin.com\/fr\/wp-json\/wp\/v2\/product_tag?post=2876"}],"curies":[{"name":"wp","href":"https:\/\/api.w.org\/{rel}","templated":true}]}}