{"id":3095,"date":"2024-07-12T03:06:16","date_gmt":"2024-07-12T03:06:16","guid":{"rendered":"https:\/\/www.ceramicbasin.com\/?post_type=product&#038;p=3095"},"modified":"2024-07-23T09:46:33","modified_gmt":"2024-07-23T09:46:33","slug":"custom-bathroom-countertop-basins","status":"publish","type":"product","link":"https:\/\/www.ceramicbasin.com\/fr\/produit\/custom-bathroom-countertop-basins\/","title":{"rendered":"Factory Direct Custom Bathroom Countertop Basins With Water Tap Hole (en anglais seulement)"},"content":{"rendered":"<div class=\"wp-block-columns is-layout-flex wp-container-core-columns-is-layout-9d6595d7 wp-block-columns-is-layout-flex\">\n<div class=\"wp-block-column is-layout-flow wp-block-column-is-layout-flow\">\n<h2 class=\"wp-block-heading\">Premium Custom Bathroom Countertop Basins Caract\u00e9ristiques :<\/h2>\n\n\n\n<ul class=\"wp-block-list\">\n<li><strong>De haute qualit\u00e9 et durable : <\/strong>Ces vasques de comptoir de salle de bains personnalis\u00e9es en vrac sont fabriqu\u00e9es en c\u00e9ramique de haute qualit\u00e9 et ont fait l'objet d'un processus de fabrication rigoureux afin de garantir que le produit est durable, r\u00e9sistant aux taches et aux rayures. <\/li>\n\n\n\n<li><strong>Conception esth\u00e9tique<\/strong>: Notre vasque en c\u00e9ramique en gros pr\u00e9sente un design \u00e9l\u00e9gant et \u00e9pur\u00e9, \u00e0 la fois moderne et classique, qui s'int\u00e8gre parfaitement \u00e0 tous les styles de d\u00e9coration de salle de bains.<\/li>\n\n\n\n<li><strong>Fourniture directe par l'usine : <\/strong>Nos vasques de comptoir de salle de bain personnalis\u00e9es sont fournies directement par l'usine, ce qui \u00e9limine les interm\u00e9diaires et garantit que vous obtenez des produits de haute qualit\u00e9 au prix le plus comp\u00e9titif. Les achats en gros peuvent b\u00e9n\u00e9ficier de remises de gros, ce qui vous permet de r\u00e9duire vos co\u00fbts et d'augmenter vos marges b\u00e9n\u00e9ficiaires.<\/li>\n\n\n\n<li><strong>Conception sur mesure :<\/strong> Nous offrons une vari\u00e9t\u00e9 de styles et de tailles de bassins en c\u00e9ramique en vrac, qui peuvent \u00eatre personnalis\u00e9s selon vos besoins. Qu'il s'agisse de la couleur, de la forme ou de la texture, nous pouvons r\u00e9pondre aux besoins de personnalisation de votre marque.<\/li>\n<\/ul>\n<\/div>\n\n\n\n<div class=\"wp-block-column is-layout-flow wp-block-column-is-layout-flow\">\n<figure class=\"wp-block-image size-full\"><img fetchpriority=\"high\" decoding=\"async\" width=\"750\" height=\"750\" src=\"https:\/\/www.ceramicbasin.com\/wp-content\/uploads\/2024\/07\/factory-direct-custom-bathroom-countertop-basins-in-bulk-2.webp\" alt=\"factory-direct-custom-bathroom-countertop-basins-in-bulk-2\" class=\"wp-image-3097\" srcset=\"https:\/\/www.ceramicbasin.com\/wp-content\/uploads\/2024\/07\/factory-direct-custom-bathroom-countertop-basins-in-bulk-2.webp 750w, https:\/\/www.ceramicbasin.com\/wp-content\/uploads\/2024\/07\/factory-direct-custom-bathroom-countertop-basins-in-bulk-2-300x300.webp 300w, https:\/\/www.ceramicbasin.com\/wp-content\/uploads\/2024\/07\/factory-direct-custom-bathroom-countertop-basins-in-bulk-2-150x150.webp 150w, https:\/\/www.ceramicbasin.com\/wp-content\/uploads\/2024\/07\/factory-direct-custom-bathroom-countertop-basins-in-bulk-2-12x12.webp 12w, https:\/\/www.ceramicbasin.com\/wp-content\/uploads\/2024\/07\/factory-direct-custom-bathroom-countertop-basins-in-bulk-2-285x285.webp 285w, https:\/\/www.ceramicbasin.com\/wp-content\/uploads\/2024\/07\/factory-direct-custom-bathroom-countertop-basins-in-bulk-2-270x270.webp 270w, https:\/\/www.ceramicbasin.com\/wp-content\/uploads\/2024\/07\/factory-direct-custom-bathroom-countertop-basins-in-bulk-2-540x540.webp 540w, https:\/\/www.ceramicbasin.com\/wp-content\/uploads\/2024\/07\/factory-direct-custom-bathroom-countertop-basins-in-bulk-2-660x660.webp 660w\" sizes=\"(max-width: 750px) 100vw, 750px\" \/><\/figure>\n<\/div>\n<\/div>","protected":false},"excerpt":{"rendered":"<p>HanYu fournit des vasques de salle de bain personnalis\u00e9es de haute qualit\u00e9 en vrac directement depuis notre usine, et propose un service personnalis\u00e9 au prix le plus comp\u00e9titif. Le design \u00e9l\u00e9gant et rationalis\u00e9 de nos vasques en gros s'int\u00e8gre dans diff\u00e9rents styles de salle de bains, cr\u00e9ant ainsi des environnements de salle de bains id\u00e9aux pour r\u00e9pondre aux besoins des clients.<\/p>\n<table width=\"311\">\n<tbody>\n<tr>\n<td width=\"108\">Fabricant<\/td>\n<td width=\"202\">HanYu<\/td>\n<\/tr>\n<tr>\n<td>Num\u00e9ro de mod\u00e8le.<\/td>\n<td>HY-3008A<\/td>\n<\/tr>\n<tr>\n<td>Type<\/td>\n<td>Bassin de comptoir<\/td>\n<\/tr>\n<tr>\n<td>Forme<\/td>\n<td>Ovale\u00a0<\/td>\n<\/tr>\n<tr>\n<td>Couleur<\/td>\n<td>Blanc<\/td>\n<\/tr>\n<tr>\n<td>Dimension<\/td>\n<td width=\"202\">59*39.5*21.5<\/td>\n<\/tr>\n<tr>\n<td>N.W \/SET<\/td>\n<td>11KG\/PCS<\/td>\n<\/tr>\n<tr>\n<td>MOQ<\/td>\n<td>20pcs<\/td>\n<\/tr>\n<tr>\n<td>Option personnalis\u00e9e<\/td>\n<td>Couleur\/Pattenue\/Taille\/Logo\/Emballage<\/td>\n<\/tr>\n<\/tbody>\n<\/table>","protected":false},"featured_media":3099,"comment_status":"closed","ping_status":"closed","template":"","meta":{"_acf_changed":false},"product_brand":[],"product_cat":[50],"product_tag":[],"class_list":{"0":"post-3095","1":"product","2":"type-product","3":"status-publish","4":"has-post-thumbnail","6":"product_cat-wholesale-countertop-sinks","8":"first","9":"instock","10":"shipping-taxable","11":"product-type-simple"},"acf":[],"_links":{"self":[{"href":"https:\/\/www.ceramicbasin.com\/fr\/wp-json\/wp\/v2\/product\/3095","targetHints":{"allow":["GET"]}}],"collection":[{"href":"https:\/\/www.ceramicbasin.com\/fr\/wp-json\/wp\/v2\/product"}],"about":[{"href":"https:\/\/www.ceramicbasin.com\/fr\/wp-json\/wp\/v2\/types\/product"}],"replies":[{"embeddable":true,"href":"https:\/\/www.ceramicbasin.com\/fr\/wp-json\/wp\/v2\/comments?post=3095"}],"wp:featuredmedia":[{"embeddable":true,"href":"https:\/\/www.ceramicbasin.com\/fr\/wp-json\/wp\/v2\/media\/3099"}],"wp:attachment":[{"href":"https:\/\/www.ceramicbasin.com\/fr\/wp-json\/wp\/v2\/media?parent=3095"}],"wp:term":[{"taxonomy":"product_brand","embeddable":true,"href":"https:\/\/www.ceramicbasin.com\/fr\/wp-json\/wp\/v2\/product_brand?post=3095"},{"taxonomy":"product_cat","embeddable":true,"href":"https:\/\/www.ceramicbasin.com\/fr\/wp-json\/wp\/v2\/product_cat?post=3095"},{"taxonomy":"product_tag","embeddable":true,"href":"https:\/\/www.ceramicbasin.com\/fr\/wp-json\/wp\/v2\/product_tag?post=3095"}],"curies":[{"name":"wp","href":"https:\/\/api.w.org\/{rel}","templated":true}]}}