{"id":3102,"date":"2024-07-12T03:29:39","date_gmt":"2024-07-12T03:29:39","guid":{"rendered":"https:\/\/www.ceramicbasin.com\/?post_type=product&#038;p=3102"},"modified":"2024-11-01T08:41:16","modified_gmt":"2024-11-01T08:41:16","slug":"countertop-wash-basins-wholesale","status":"publish","type":"product","link":"https:\/\/www.ceramicbasin.com\/fr\/produit\/countertop-wash-basins-wholesale\/","title":{"rendered":"Luxury Countertop Wash Basins Wholesale For Hotel Bathroom (Lavabos de comptoir de luxe en gros pour les salles de bains des h\u00f4tels)"},"content":{"rendered":"<div class=\"wp-block-columns is-layout-flex wp-container-core-columns-is-layout-9d6595d7 wp-block-columns-is-layout-flex\">\n<div class=\"wp-block-column is-layout-flow wp-block-column-is-layout-flow\">\n<h2 class=\"wp-block-heading\">Premium Countertop Wash Basins Wholesale Features :<\/h2>\n\n\n\n<ul class=\"wp-block-list\">\n<li><strong>Design luxueux : <\/strong>Nos lavabos \u00e0 poser sont con\u00e7us pour les h\u00f4tels de luxe. Ils adoptent une apparence haut de gamme et atmosph\u00e9rique, une ligne \u00e9l\u00e9gante, des d\u00e9tails exquis, qui peuvent instantan\u00e9ment am\u00e9liorer le go\u00fbt g\u00e9n\u00e9ral de la salle de bains et apporter aux clients une exp\u00e9rience d'utilisation luxueuse.<\/li>\n\n\n\n<li><strong>Durable : <\/strong>Le mat\u00e9riau c\u00e9ramique de haute qualit\u00e9 rend nos \u00e9viers de salle de bains robustes et durables, anti-salissures et anti-rayures pour une longue p\u00e9riode, les gardant brillants et neufs. Qu'il s'agisse d'un usage constant ou d'un nettoyage r\u00e9gulier, ils y parviennent ais\u00e9ment.<\/li>\n\n\n\n<li><strong>R\u00e9duction des co\u00fbts : <\/strong>Nous proposons les prix les plus comp\u00e9titifs en offrant des services de bassin en gros et en nous approvisionnant directement aupr\u00e8s de l'usine afin que vous puissiez offrir la meilleure qualit\u00e9 au prix le plus comp\u00e9titif. Les achats en gros pr\u00e9sentent d'autres avantages, notamment des remises plus importantes, ce qui permet aux propri\u00e9taires d'h\u00f4tels d'\u00e9conomiser sur les co\u00fbts de d\u00e9coration.<\/li>\n\n\n\n<li><strong>Sant\u00e9 et s\u00e9curit\u00e9 :<\/strong> Ces lavabos en c\u00e9ramique font l'objet d'un processus de production respectueux de l'environnement et n'utilisent pas de substances nocives, ce qui permet de garantir l'innocuit\u00e9 des produits pour le corps humain. Elle s'engage \u00e0 fournir \u00e0 votre h\u00f4tel des produits de salle de bain s\u00fbrs et \u00e9cologiques.<\/li>\n<\/ul>\n<\/div>\n\n\n\n<div class=\"wp-block-column is-layout-flow wp-block-column-is-layout-flow\">\n<figure class=\"wp-block-image size-full\"><img fetchpriority=\"high\" decoding=\"async\" width=\"750\" height=\"750\" src=\"https:\/\/www.ceramicbasin.com\/wp-content\/uploads\/2024\/07\/luxury-hotel-countertop-wash-basins-wholesale-for-bathroom-1.webp\" alt=\"luxury-hotel-countertop-washbasins-wholesale-for-bathroom-1\" class=\"wp-image-3106\" srcset=\"https:\/\/www.ceramicbasin.com\/wp-content\/uploads\/2024\/07\/luxury-hotel-countertop-wash-basins-wholesale-for-bathroom-1.webp 750w, https:\/\/www.ceramicbasin.com\/wp-content\/uploads\/2024\/07\/luxury-hotel-countertop-wash-basins-wholesale-for-bathroom-1-300x300.webp 300w, https:\/\/www.ceramicbasin.com\/wp-content\/uploads\/2024\/07\/luxury-hotel-countertop-wash-basins-wholesale-for-bathroom-1-150x150.webp 150w, https:\/\/www.ceramicbasin.com\/wp-content\/uploads\/2024\/07\/luxury-hotel-countertop-wash-basins-wholesale-for-bathroom-1-12x12.webp 12w, https:\/\/www.ceramicbasin.com\/wp-content\/uploads\/2024\/07\/luxury-hotel-countertop-wash-basins-wholesale-for-bathroom-1-285x285.webp 285w, https:\/\/www.ceramicbasin.com\/wp-content\/uploads\/2024\/07\/luxury-hotel-countertop-wash-basins-wholesale-for-bathroom-1-270x270.webp 270w, https:\/\/www.ceramicbasin.com\/wp-content\/uploads\/2024\/07\/luxury-hotel-countertop-wash-basins-wholesale-for-bathroom-1-540x540.webp 540w, https:\/\/www.ceramicbasin.com\/wp-content\/uploads\/2024\/07\/luxury-hotel-countertop-wash-basins-wholesale-for-bathroom-1-660x660.webp 660w\" sizes=\"(max-width: 750px) 100vw, 750px\" \/><\/figure>\n<\/div>\n<\/div>","protected":false},"excerpt":{"rendered":"<p>Bienvenue pour acheter des lavabos de salle de bain en gros. Nos lavabos de luxe sont con\u00e7us de mani\u00e8re exquise et sont fabriqu\u00e9s en c\u00e9ramique de haute qualit\u00e9. Ils sont durables et peuvent rehausser le go\u00fbt g\u00e9n\u00e9ral de la salle de bain. Nos lavabos de salle de bain en gros sont fournis par l'usine et offrent des prix tr\u00e8s comp\u00e9titifs, fournissant des solutions de salle de bain de haute qualit\u00e9 pour votre h\u00f4tel.<\/p>\n<table style=\"border-collapse: collapse; width: 311.02pt;\" border=\"0\" width=\"311\" cellspacing=\"0\" cellpadding=\"0\">\n<tbody>\n<tr style=\"height: 17.60pt;\">\n<td class=\"et3\" style=\"height: 17.60pt; width: 108.35pt;\" width=\"108\" height=\"17\">Fabricant<\/td>\n<td class=\"et3\" style=\"width: 202.95pt;\" width=\"202\">HanYu<\/td>\n<\/tr>\n<tr style=\"height: 17.60pt;\">\n<td class=\"et3\" style=\"height: 17.60pt;\" height=\"17\">Num\u00e9ro de mod\u00e8le.<\/td>\n<td class=\"et4\">HY-5102<\/td>\n<\/tr>\n<tr style=\"height: 17.60pt;\">\n<td class=\"et3\" style=\"height: 17.60pt;\" height=\"17\">Type<\/td>\n<td class=\"et3\">Bassin de comptoir<\/td>\n<\/tr>\n<tr style=\"height: 17.60pt;\">\n<td class=\"et3\" style=\"height: 17.60pt;\" height=\"17\">Forme<\/td>\n<td class=\"et3\">Forme de la feuille<\/td>\n<\/tr>\n<tr style=\"height: 17.60pt;\">\n<td class=\"et4\" style=\"height: 17.60pt;\" height=\"17\">Couleur<\/td>\n<td class=\"et3\">Blanc<\/td>\n<\/tr>\n<tr style=\"height: 18.00pt;\">\n<td class=\"et3\" style=\"height: 18.00pt;\" height=\"18\">Dimension<\/td>\n<td class=\"et5\" style=\"width: 202.95pt;\" width=\"202\">73*37*13<\/td>\n<\/tr>\n<tr style=\"height: 17.60pt;\">\n<td class=\"et3\" style=\"height: 17.60pt;\" height=\"17\">N.W \/SET<\/td>\n<td class=\"et3\">10KG\/PCS<\/td>\n<\/tr>\n<tr style=\"height: 17.60pt;\">\n<td class=\"et3\" style=\"height: 17.60pt;\" height=\"17\">MOQ<\/td>\n<td class=\"et3\">20pcs<\/td>\n<\/tr>\n<tr style=\"height: 17.60pt;\">\n<td class=\"et3\" style=\"height: 17.60pt;\" height=\"17\">Option personnalis\u00e9e<\/td>\n<td class=\"et3\">Couleur\/Pattenue\/Taille\/Logo\/Emballage<\/td>\n<\/tr>\n<\/tbody>\n<\/table>","protected":false},"featured_media":3109,"comment_status":"closed","ping_status":"closed","template":"","meta":{"_acf_changed":false},"product_brand":[],"product_cat":[50],"product_tag":[],"class_list":{"0":"post-3102","1":"product","2":"type-product","3":"status-publish","4":"has-post-thumbnail","6":"product_cat-wholesale-countertop-sinks","8":"first","9":"instock","10":"shipping-taxable","11":"product-type-simple"},"acf":[],"_links":{"self":[{"href":"https:\/\/www.ceramicbasin.com\/fr\/wp-json\/wp\/v2\/product\/3102","targetHints":{"allow":["GET"]}}],"collection":[{"href":"https:\/\/www.ceramicbasin.com\/fr\/wp-json\/wp\/v2\/product"}],"about":[{"href":"https:\/\/www.ceramicbasin.com\/fr\/wp-json\/wp\/v2\/types\/product"}],"replies":[{"embeddable":true,"href":"https:\/\/www.ceramicbasin.com\/fr\/wp-json\/wp\/v2\/comments?post=3102"}],"wp:featuredmedia":[{"embeddable":true,"href":"https:\/\/www.ceramicbasin.com\/fr\/wp-json\/wp\/v2\/media\/3109"}],"wp:attachment":[{"href":"https:\/\/www.ceramicbasin.com\/fr\/wp-json\/wp\/v2\/media?parent=3102"}],"wp:term":[{"taxonomy":"product_brand","embeddable":true,"href":"https:\/\/www.ceramicbasin.com\/fr\/wp-json\/wp\/v2\/product_brand?post=3102"},{"taxonomy":"product_cat","embeddable":true,"href":"https:\/\/www.ceramicbasin.com\/fr\/wp-json\/wp\/v2\/product_cat?post=3102"},{"taxonomy":"product_tag","embeddable":true,"href":"https:\/\/www.ceramicbasin.com\/fr\/wp-json\/wp\/v2\/product_tag?post=3102"}],"curies":[{"name":"wp","href":"https:\/\/api.w.org\/{rel}","templated":true}]}}