{"id":3112,"date":"2024-07-12T03:49:28","date_gmt":"2024-07-12T03:49:28","guid":{"rendered":"https:\/\/www.ceramicbasin.com\/?post_type=product&#038;p=3112"},"modified":"2024-11-01T08:46:31","modified_gmt":"2024-11-01T08:46:31","slug":"unique-wholesale-sinks-for-bathroom","status":"publish","type":"product","link":"https:\/\/www.ceramicbasin.com\/fr\/produit\/unique-wholesale-sinks-for-bathroom\/","title":{"rendered":"New Design Wholesale Sinks For Bathroom With Unique Irregular Shape (lavabos en gros pour la salle de bain avec une forme irr\u00e9guli\u00e8re unique)"},"content":{"rendered":"<div class=\"wp-block-columns is-layout-flex wp-container-core-columns-is-layout-9d6595d7 wp-block-columns-is-layout-flex\">\n<div class=\"wp-block-column is-layout-flow wp-block-column-is-layout-flow\">\n<h2 class=\"wp-block-heading\">Premium Wholesale Sinks For Bathroom Caract\u00e9ristiques :<\/h2>\n\n\n\n<ul class=\"wp-block-list\">\n<li><strong>Forme unique : <\/strong>Le design unique de nos lavabos en gros de forme irr\u00e9guli\u00e8re pour salles de bains, incomparable avec les styles traditionnels, met \u00e0 l'\u00e9cart les conventions du style traditionnel. Le lavabo en forme de feuille cr\u00e9e une atmosph\u00e8re moderne et artistique dans l'espace de la salle de bains et attire l'\u0153il pour cr\u00e9er un effet visuel int\u00e9gral \u00e9tonnant.<\/li>\n\n\n\n<li><strong>C\u00e9ramique de haute qualit\u00e9 : <\/strong>Les \u00e9viers de salle de bains en vrac sont fabriqu\u00e9s \u00e0 partir de c\u00e9ramiques de haute qualit\u00e9 cuites \u00e0 des temp\u00e9ratures \u00e9lev\u00e9es, ce qui les rend solides, durables, r\u00e9sistants aux taches et aux rayures, avec une surface lisse et facile \u00e0 nettoyer, et leur permet de rester beaux pendant longtemps.<\/li>\n\n\n\n<li><strong>Diverses options de conception : <\/strong>Nos lavabos en gros pour salles de bains sont disponibles en diff\u00e9rents mod\u00e8les et couleurs pour s'adapter aux divers styles de d\u00e9coration des salles de bains, qu'elles soient modernes, simples ou luxueuses, vous pouvez trouver le style correspondant.<\/li>\n\n\n\n<li><strong>Avantage du prix de gros : <\/strong>Elle garantit que vous obtenez des bassins en c\u00e9ramique de haute qualit\u00e9 en vrac de l'usine au prix le plus comp\u00e9titif, ce qui vous permet de r\u00e9duire les co\u00fbts et d'augmenter la marge b\u00e9n\u00e9ficiaire.<\/li>\n<\/ul>\n<\/div>\n\n\n\n<div class=\"wp-block-column is-layout-flow wp-block-column-is-layout-flow\">\n<figure class=\"wp-block-image size-full\"><img fetchpriority=\"high\" decoding=\"async\" width=\"750\" height=\"750\" src=\"https:\/\/www.ceramicbasin.com\/wp-content\/uploads\/2024\/07\/new-design-wholesale-sinks-for-bathroom-with-unique-shape-1.webp\" alt=\"new-design-wholesale-sinks-for-bathroom-with-unique-shape-1\" class=\"wp-image-3113\" srcset=\"https:\/\/www.ceramicbasin.com\/wp-content\/uploads\/2024\/07\/new-design-wholesale-sinks-for-bathroom-with-unique-shape-1.webp 750w, https:\/\/www.ceramicbasin.com\/wp-content\/uploads\/2024\/07\/new-design-wholesale-sinks-for-bathroom-with-unique-shape-1-300x300.webp 300w, https:\/\/www.ceramicbasin.com\/wp-content\/uploads\/2024\/07\/new-design-wholesale-sinks-for-bathroom-with-unique-shape-1-150x150.webp 150w, https:\/\/www.ceramicbasin.com\/wp-content\/uploads\/2024\/07\/new-design-wholesale-sinks-for-bathroom-with-unique-shape-1-12x12.webp 12w, https:\/\/www.ceramicbasin.com\/wp-content\/uploads\/2024\/07\/new-design-wholesale-sinks-for-bathroom-with-unique-shape-1-285x285.webp 285w, https:\/\/www.ceramicbasin.com\/wp-content\/uploads\/2024\/07\/new-design-wholesale-sinks-for-bathroom-with-unique-shape-1-270x270.webp 270w, https:\/\/www.ceramicbasin.com\/wp-content\/uploads\/2024\/07\/new-design-wholesale-sinks-for-bathroom-with-unique-shape-1-540x540.webp 540w, https:\/\/www.ceramicbasin.com\/wp-content\/uploads\/2024\/07\/new-design-wholesale-sinks-for-bathroom-with-unique-shape-1-660x660.webp 660w\" sizes=\"(max-width: 750px) 100vw, 750px\" \/><\/figure>\n<\/div>\n<\/div>","protected":false},"excerpt":{"rendered":"<p>Bienvenue sur le site d'achat de lavabos de salle de bain personnalis\u00e9s. Nos \u00e9viers en gros pour salles de bains sont fabriqu\u00e9s \u00e0 partir de mat\u00e9riaux c\u00e9ramiques de haute qualit\u00e9 et sont disponibles avec des caract\u00e9ristiques sp\u00e9ciales pour les formes irr\u00e9guli\u00e8res. Gr\u00e2ce \u00e0 cette particularit\u00e9, ils permettent une grande vari\u00e9t\u00e9 de choix de design pour r\u00e9pondre \u00e0 de nombreux go\u00fbts en mati\u00e8re de d\u00e9coration de salle de bains.<\/p>\n<table style=\"border-collapse: collapse; width: 311.02pt;\" border=\"0\" width=\"311\" cellspacing=\"0\" cellpadding=\"0\">\n<tbody>\n<tr style=\"height: 17.60pt;\">\n<td class=\"et3\" style=\"height: 17.60pt; width: 108.35pt;\" width=\"108\" height=\"17\">Fabricant<\/td>\n<td class=\"et3\" style=\"width: 202.95pt;\" width=\"202\">HanYu<\/td>\n<\/tr>\n<tr style=\"height: 17.60pt;\">\n<td class=\"et3\" style=\"height: 17.60pt;\" height=\"17\">Num\u00e9ro de mod\u00e8le.<\/td>\n<td class=\"et4\">HY-8023<\/td>\n<\/tr>\n<tr style=\"height: 17.60pt;\">\n<td class=\"et3\" style=\"height: 17.60pt;\" height=\"17\">Type<\/td>\n<td class=\"et3\">Bassin de comptoir<\/td>\n<\/tr>\n<tr style=\"height: 17.60pt;\">\n<td class=\"et3\" style=\"height: 17.60pt;\" height=\"17\">Forme<\/td>\n<td class=\"et3\">Forme de la feuille<\/td>\n<\/tr>\n<tr style=\"height: 17.60pt;\">\n<td class=\"et4\" style=\"height: 17.60pt;\" height=\"17\">Couleur<\/td>\n<td class=\"et3\">Blanc<\/td>\n<\/tr>\n<tr style=\"height: 18.00pt;\">\n<td class=\"et3\" style=\"height: 18.00pt;\" height=\"18\">Dimension<\/td>\n<td class=\"et5\" style=\"width: 202.95pt;\" width=\"202\">65*38.5*16<\/td>\n<\/tr>\n<tr style=\"height: 17.60pt;\">\n<td class=\"et3\" style=\"height: 17.60pt;\" height=\"17\">N.W \/SET<\/td>\n<td class=\"et3\">10KG\/PCS<\/td>\n<\/tr>\n<tr style=\"height: 17.60pt;\">\n<td class=\"et3\" style=\"height: 17.60pt;\" height=\"17\">MOQ<\/td>\n<td class=\"et3\">20pcs<\/td>\n<\/tr>\n<tr style=\"height: 17.60pt;\">\n<td class=\"et3\" style=\"height: 17.60pt;\" height=\"17\">Option personnalis\u00e9e<\/td>\n<td class=\"et3\">Couleur\/Pattenue\/Taille\/Logo\/Emballage<\/td>\n<\/tr>\n<\/tbody>\n<\/table>\n<p>&nbsp;<\/p>","protected":false},"featured_media":3116,"comment_status":"closed","ping_status":"closed","template":"","meta":{"_acf_changed":false},"product_brand":[],"product_cat":[50],"product_tag":[],"class_list":{"0":"post-3112","1":"product","2":"type-product","3":"status-publish","4":"has-post-thumbnail","6":"product_cat-wholesale-countertop-sinks","8":"first","9":"instock","10":"shipping-taxable","11":"product-type-simple"},"acf":[],"_links":{"self":[{"href":"https:\/\/www.ceramicbasin.com\/fr\/wp-json\/wp\/v2\/product\/3112","targetHints":{"allow":["GET"]}}],"collection":[{"href":"https:\/\/www.ceramicbasin.com\/fr\/wp-json\/wp\/v2\/product"}],"about":[{"href":"https:\/\/www.ceramicbasin.com\/fr\/wp-json\/wp\/v2\/types\/product"}],"replies":[{"embeddable":true,"href":"https:\/\/www.ceramicbasin.com\/fr\/wp-json\/wp\/v2\/comments?post=3112"}],"wp:featuredmedia":[{"embeddable":true,"href":"https:\/\/www.ceramicbasin.com\/fr\/wp-json\/wp\/v2\/media\/3116"}],"wp:attachment":[{"href":"https:\/\/www.ceramicbasin.com\/fr\/wp-json\/wp\/v2\/media?parent=3112"}],"wp:term":[{"taxonomy":"product_brand","embeddable":true,"href":"https:\/\/www.ceramicbasin.com\/fr\/wp-json\/wp\/v2\/product_brand?post=3112"},{"taxonomy":"product_cat","embeddable":true,"href":"https:\/\/www.ceramicbasin.com\/fr\/wp-json\/wp\/v2\/product_cat?post=3112"},{"taxonomy":"product_tag","embeddable":true,"href":"https:\/\/www.ceramicbasin.com\/fr\/wp-json\/wp\/v2\/product_tag?post=3112"}],"curies":[{"name":"wp","href":"https:\/\/api.w.org\/{rel}","templated":true}]}}