{"id":3119,"date":"2024-07-12T06:18:30","date_gmt":"2024-07-12T06:18:30","guid":{"rendered":"https:\/\/www.ceramicbasin.com\/?post_type=product&#038;p=3119"},"modified":"2024-11-01T08:51:21","modified_gmt":"2024-11-01T08:51:21","slug":"countertop-art-basin-wholesale","status":"publish","type":"product","link":"https:\/\/www.ceramicbasin.com\/fr\/produit\/countertop-art-basin-wholesale\/","title":{"rendered":"High-Quality Countertop Art Basin Wholesale With Single Tap Hole (en anglais)"},"content":{"rendered":"<div class=\"wp-block-columns is-layout-flex wp-container-core-columns-is-layout-9d6595d7 wp-block-columns-is-layout-flex\">\n<div class=\"wp-block-column is-layout-flow wp-block-column-is-layout-flow\">\n<h2 class=\"wp-block-heading\">Premium Art Basin Wholesale Caract\u00e9ristiques :<\/h2>\n\n\n\n<ul class=\"wp-block-list\">\n<li><strong>Solide et durable : <\/strong>Gr\u00e2ce \u00e0 la qualit\u00e9 du mat\u00e9riau c\u00e9ramique et \u00e0 la temp\u00e9rature \u00e9lev\u00e9e, ce bassin d'art de comptoir en gros est solide et durable, antitache et r\u00e9sistant aux rayures. La surface lisse se nettoie facilement et reste toujours belle et brillante.<\/li>\n\n\n\n<li><strong>Conception simple :<\/strong> Dot\u00e9e d'un trou pour le robinet, cette vasque en c\u00e9ramique est facile \u00e0 installer et fonctionne avec la plupart des robinets standard. Elle est vraiment pratique et jolie gr\u00e2ce \u00e0 son design simple, convenant \u00e0 de nombreux styles de salles de bains.<\/li>\n\n\n\n<li><strong>Design exquis : <\/strong>D'une conception exquise et dot\u00e9e d'un sens artistique moderne, cette vasque d'art \u00e0 poser ajoutera un effet esth\u00e9tique in\u00e9gal\u00e9 \u00e0 la salle de bains et rehaussera le niveau g\u00e9n\u00e9ral de la d\u00e9coration.<\/li>\n\n\n\n<li><strong>Avantage de prix : <\/strong>Nous avons obtenu les produits directement aupr\u00e8s de l'usine, ce qui nous permet de garantir \u00e0 nos clients un bassin en c\u00e9ramique de haute qualit\u00e9 au meilleur prix, et de permettre aux entreprises d'\u00e9conomiser de l'argent et d'augmenter leurs marges b\u00e9n\u00e9ficiaires sur la vente de leurs produits.<\/li>\n<\/ul>\n<\/div>\n\n\n\n<div class=\"wp-block-column is-layout-flow wp-block-column-is-layout-flow\">\n<figure class=\"wp-block-image size-full\"><img fetchpriority=\"high\" decoding=\"async\" width=\"750\" height=\"750\" src=\"https:\/\/www.ceramicbasin.com\/wp-content\/uploads\/2024\/07\/high-quality-countertop-art-basin-wholesale-with-single-tap-hole-1.webp\" alt=\"haute qualit\u00e9-plan de travail-art-basin-wholesale-with-single-tap-hole-1\" class=\"wp-image-3120\" srcset=\"https:\/\/www.ceramicbasin.com\/wp-content\/uploads\/2024\/07\/high-quality-countertop-art-basin-wholesale-with-single-tap-hole-1.webp 750w, https:\/\/www.ceramicbasin.com\/wp-content\/uploads\/2024\/07\/high-quality-countertop-art-basin-wholesale-with-single-tap-hole-1-300x300.webp 300w, https:\/\/www.ceramicbasin.com\/wp-content\/uploads\/2024\/07\/high-quality-countertop-art-basin-wholesale-with-single-tap-hole-1-150x150.webp 150w, https:\/\/www.ceramicbasin.com\/wp-content\/uploads\/2024\/07\/high-quality-countertop-art-basin-wholesale-with-single-tap-hole-1-12x12.webp 12w, https:\/\/www.ceramicbasin.com\/wp-content\/uploads\/2024\/07\/high-quality-countertop-art-basin-wholesale-with-single-tap-hole-1-285x285.webp 285w, https:\/\/www.ceramicbasin.com\/wp-content\/uploads\/2024\/07\/high-quality-countertop-art-basin-wholesale-with-single-tap-hole-1-270x270.webp 270w, https:\/\/www.ceramicbasin.com\/wp-content\/uploads\/2024\/07\/high-quality-countertop-art-basin-wholesale-with-single-tap-hole-1-540x540.webp 540w, https:\/\/www.ceramicbasin.com\/wp-content\/uploads\/2024\/07\/high-quality-countertop-art-basin-wholesale-with-single-tap-hole-1-660x660.webp 660w\" sizes=\"(max-width: 750px) 100vw, 750px\" \/><\/figure>\n<\/div>\n<\/div>","protected":false},"excerpt":{"rendered":"<p>Bienvenue sur le site d'achat en gros de vasques en c\u00e9ramique. Ce bassin d'art blanc \u00e0 trou de robinet unique de haute classe est fabriqu\u00e9 en c\u00e9ramique de haute qualit\u00e9 avec un design simple et exquis pour une installation et une compatibilit\u00e9 faciles. Les produits sont vendus directement par l'usine et les prix sont tr\u00e8s comp\u00e9titifs.<\/p>\n<table style=\"border-collapse: collapse; width: 311.02pt;\" border=\"0\" width=\"311\" cellspacing=\"0\" cellpadding=\"0\">\n<tbody>\n<tr style=\"height: 17.60pt;\">\n<td class=\"et3\" style=\"height: 17.60pt; width: 108.35pt;\" width=\"108\" height=\"17\">Fabricant<\/td>\n<td class=\"et3\" style=\"width: 202.95pt;\" width=\"202\">HanYu<\/td>\n<\/tr>\n<tr style=\"height: 17.60pt;\">\n<td class=\"et3\" style=\"height: 17.60pt;\" height=\"17\">Num\u00e9ro de mod\u00e8le.<\/td>\n<td class=\"et4\">HY-8023<\/td>\n<\/tr>\n<tr style=\"height: 17.60pt;\">\n<td class=\"et3\" style=\"height: 17.60pt;\" height=\"17\">Type<\/td>\n<td class=\"et3\">Bassin de comptoir<\/td>\n<\/tr>\n<tr style=\"height: 17.60pt;\">\n<td class=\"et3\" style=\"height: 17.60pt;\" height=\"17\">Forme<\/td>\n<td class=\"et3\">Forme de la feuille<\/td>\n<\/tr>\n<tr style=\"height: 17.60pt;\">\n<td class=\"et4\" style=\"height: 17.60pt;\" height=\"17\">Couleur<\/td>\n<td class=\"et3\">Blanc<\/td>\n<\/tr>\n<tr style=\"height: 18.00pt;\">\n<td class=\"et3\" style=\"height: 18.00pt;\" height=\"18\">Dimension<\/td>\n<td class=\"et5\" style=\"width: 202.95pt;\" width=\"202\">65*38.5*16<\/td>\n<\/tr>\n<tr style=\"height: 17.60pt;\">\n<td class=\"et3\" style=\"height: 17.60pt;\" height=\"17\">N.W \/SET<\/td>\n<td class=\"et3\">10KG\/PCS<\/td>\n<\/tr>\n<tr style=\"height: 17.60pt;\">\n<td class=\"et3\" style=\"height: 17.60pt;\" height=\"17\">MOQ<\/td>\n<td class=\"et3\">20pcs<\/td>\n<\/tr>\n<tr style=\"height: 17.60pt;\">\n<td class=\"et3\" style=\"height: 17.60pt;\" height=\"17\">Option personnalis\u00e9e<\/td>\n<td class=\"et3\">Couleur\/Pattenue\/Taille\/Logo\/Emballage<\/td>\n<\/tr>\n<\/tbody>\n<\/table>\n<p>&nbsp;<\/p>","protected":false},"featured_media":3121,"comment_status":"closed","ping_status":"closed","template":"","meta":{"_acf_changed":false},"product_brand":[],"product_cat":[50],"product_tag":[],"class_list":{"0":"post-3119","1":"product","2":"type-product","3":"status-publish","4":"has-post-thumbnail","6":"product_cat-wholesale-countertop-sinks","8":"first","9":"instock","10":"shipping-taxable","11":"product-type-simple"},"acf":[],"_links":{"self":[{"href":"https:\/\/www.ceramicbasin.com\/fr\/wp-json\/wp\/v2\/product\/3119","targetHints":{"allow":["GET"]}}],"collection":[{"href":"https:\/\/www.ceramicbasin.com\/fr\/wp-json\/wp\/v2\/product"}],"about":[{"href":"https:\/\/www.ceramicbasin.com\/fr\/wp-json\/wp\/v2\/types\/product"}],"replies":[{"embeddable":true,"href":"https:\/\/www.ceramicbasin.com\/fr\/wp-json\/wp\/v2\/comments?post=3119"}],"wp:featuredmedia":[{"embeddable":true,"href":"https:\/\/www.ceramicbasin.com\/fr\/wp-json\/wp\/v2\/media\/3121"}],"wp:attachment":[{"href":"https:\/\/www.ceramicbasin.com\/fr\/wp-json\/wp\/v2\/media?parent=3119"}],"wp:term":[{"taxonomy":"product_brand","embeddable":true,"href":"https:\/\/www.ceramicbasin.com\/fr\/wp-json\/wp\/v2\/product_brand?post=3119"},{"taxonomy":"product_cat","embeddable":true,"href":"https:\/\/www.ceramicbasin.com\/fr\/wp-json\/wp\/v2\/product_cat?post=3119"},{"taxonomy":"product_tag","embeddable":true,"href":"https:\/\/www.ceramicbasin.com\/fr\/wp-json\/wp\/v2\/product_tag?post=3119"}],"curies":[{"name":"wp","href":"https:\/\/api.w.org\/{rel}","templated":true}]}}