{"id":3126,"date":"2024-07-12T06:54:20","date_gmt":"2024-07-12T06:54:20","guid":{"rendered":"https:\/\/www.ceramicbasin.com\/?post_type=product&#038;p=3126"},"modified":"2024-11-01T08:57:59","modified_gmt":"2024-11-01T08:57:59","slug":"countertop-bathroom-sink-wholesale","status":"publish","type":"product","link":"https:\/\/www.ceramicbasin.com\/fr\/produit\/countertop-bathroom-sink-wholesale\/","title":{"rendered":"Modern Countertop Bathroom Sink Wholesale With Faucet Hole (\u00e9vier de salle de bain avec trou de robinet)"},"content":{"rendered":"<div class=\"wp-block-columns is-layout-flex wp-container-core-columns-is-layout-9d6595d7 wp-block-columns-is-layout-flex\">\n<div class=\"wp-block-column is-layout-flow wp-block-column-is-layout-flow\">\n<h2 class=\"wp-block-heading\">Premium Countertop Bathroom Sink Wholesale Caract\u00e9ristiques :<\/h2>\n\n\n\n<ul class=\"wp-block-list\">\n<li><strong>Design moderne : <\/strong>Cet \u00e9vier de salle de bains \u00e0 poser pr\u00e9sente un design moderne simple et structur\u00e9. Le design rond et lisse peut s'adapter \u00e0 diff\u00e9rents styles de salles de bains, ajoutant un facteur de modernit\u00e9 et de qualit\u00e9 \u00e0 l'espace de la salle de bains.<\/li>\n\n\n\n<li><strong>Mat\u00e9riaux de haute qualit\u00e9 : <\/strong>La c\u00e9ramique de haute qualit\u00e9 s\u00e9lectionn\u00e9e est calcin\u00e9e \u00e0 haute temp\u00e9rature pour garantir la durabilit\u00e9 du produit. En outre, r\u00e9sistant \u00e0 la salet\u00e9 et aux rayures, la surface lisse de notre comptoir d'\u00e9vier de salle de bains en gros est facile \u00e0 nettoyer et reste belle et brillante pendant longtemps.<\/li>\n\n\n\n<li><strong>Trous de robinetterie pr\u00e9-perc\u00e9s : <\/strong>Notre \u00e9vier de salle de bain de comptoir est livr\u00e9 avec des trous de robinet pr\u00e9perc\u00e9s pour une installation rapide et facile qui peut convenir \u00e0 la plupart des robinets standard. Le design simple est tr\u00e8s fonctionnel, esth\u00e9tique en m\u00eame temps, et assure le confort de l'utilisateur.<\/li>\n\n\n\n<li><strong>Avantage de prix : <\/strong>Puisque nos \u00e9viers de salle de bain en gros sont fournis directement par l'usine, vous pouvez certainement fournir \u00e0 vos clients la meilleure qualit\u00e9 aux prix les plus comp\u00e9titifs. Les achats en gros sont assortis de remises suppl\u00e9mentaires qui vous aideront, en tant que grossiste ou d\u00e9taillant, \u00e0 \u00e9conomiser de l'argent et \u00e0 augmenter vos marges b\u00e9n\u00e9ficiaires.<\/li>\n<\/ul>\n<\/div>\n\n\n\n<div class=\"wp-block-column is-layout-flow wp-block-column-is-layout-flow\">\n<figure class=\"wp-block-image size-full\"><img fetchpriority=\"high\" decoding=\"async\" width=\"750\" height=\"750\" src=\"https:\/\/www.ceramicbasin.com\/wp-content\/uploads\/2024\/07\/modern-countertop-bathroom-sink-wholesale-with-faucet-hole-1.webp\" alt=\"modern-countertop-bathroom-sink-wholesale-with-faucet-hole-1\" class=\"wp-image-3127\" srcset=\"https:\/\/www.ceramicbasin.com\/wp-content\/uploads\/2024\/07\/modern-countertop-bathroom-sink-wholesale-with-faucet-hole-1.webp 750w, https:\/\/www.ceramicbasin.com\/wp-content\/uploads\/2024\/07\/modern-countertop-bathroom-sink-wholesale-with-faucet-hole-1-300x300.webp 300w, https:\/\/www.ceramicbasin.com\/wp-content\/uploads\/2024\/07\/modern-countertop-bathroom-sink-wholesale-with-faucet-hole-1-150x150.webp 150w, https:\/\/www.ceramicbasin.com\/wp-content\/uploads\/2024\/07\/modern-countertop-bathroom-sink-wholesale-with-faucet-hole-1-12x12.webp 12w, https:\/\/www.ceramicbasin.com\/wp-content\/uploads\/2024\/07\/modern-countertop-bathroom-sink-wholesale-with-faucet-hole-1-285x285.webp 285w, https:\/\/www.ceramicbasin.com\/wp-content\/uploads\/2024\/07\/modern-countertop-bathroom-sink-wholesale-with-faucet-hole-1-270x270.webp 270w, https:\/\/www.ceramicbasin.com\/wp-content\/uploads\/2024\/07\/modern-countertop-bathroom-sink-wholesale-with-faucet-hole-1-540x540.webp 540w, https:\/\/www.ceramicbasin.com\/wp-content\/uploads\/2024\/07\/modern-countertop-bathroom-sink-wholesale-with-faucet-hole-1-660x660.webp 660w\" sizes=\"(max-width: 750px) 100vw, 750px\" \/><\/figure>\n<\/div>\n<\/div>","protected":false},"excerpt":{"rendered":"<p>Bienvenue \u00e0 l'achat de lavabos de salle de bain en gros. L'\u00e9vier de salle de bain de Hanyu en gros avec des trous de robinet pr\u00e9perc\u00e9s, il sera beaucoup plus facile \u00e0 installer et largement compatible avec les raccords connexes. Gr\u00e2ce \u00e0 la vente en gros directe de l'usine, nous pouvons offrir des prix tr\u00e8s comp\u00e9titifs.<\/p>\n<table style=\"border-collapse: collapse; width: 311.02pt;\" border=\"0\" width=\"311\" cellspacing=\"0\" cellpadding=\"0\">\n<tbody>\n<tr style=\"height: 17.60pt;\">\n<td class=\"et3\" style=\"height: 17.60pt; width: 108.35pt;\" width=\"108\" height=\"17\">Fabricant<\/td>\n<td class=\"et3\" style=\"width: 202.95pt;\" width=\"202\">HanYu<\/td>\n<\/tr>\n<tr style=\"height: 17.60pt;\">\n<td class=\"et3\" style=\"height: 17.60pt;\" height=\"17\">Num\u00e9ro de mod\u00e8le.<\/td>\n<td class=\"et4\">HY-8127<\/td>\n<\/tr>\n<tr style=\"height: 17.60pt;\">\n<td class=\"et3\" style=\"height: 17.60pt;\" height=\"17\">Type<\/td>\n<td class=\"et3\">Bassin de comptoir<\/td>\n<\/tr>\n<tr style=\"height: 17.60pt;\">\n<td class=\"et3\" style=\"height: 17.60pt;\" height=\"17\">Forme<\/td>\n<td class=\"et3\">Rond<\/td>\n<\/tr>\n<tr style=\"height: 17.60pt;\">\n<td class=\"et4\" style=\"height: 17.60pt;\" height=\"17\">Couleur<\/td>\n<td class=\"et3\">Blanc<\/td>\n<\/tr>\n<tr style=\"height: 18.00pt;\">\n<td class=\"et3\" style=\"height: 18.00pt;\" height=\"18\">Dimension<\/td>\n<td class=\"et5\" style=\"width: 202.95pt;\" width=\"202\">42*42*11.5<\/td>\n<\/tr>\n<tr style=\"height: 17.60pt;\">\n<td class=\"et3\" style=\"height: 17.60pt;\" height=\"17\">N.W \/SET<\/td>\n<td class=\"et3\">6.5KG\/PCS<\/td>\n<\/tr>\n<tr style=\"height: 17.60pt;\">\n<td class=\"et3\" style=\"height: 17.60pt;\" height=\"17\">MOQ<\/td>\n<td class=\"et3\">20pcs<\/td>\n<\/tr>\n<tr style=\"height: 17.60pt;\">\n<td class=\"et3\" style=\"height: 17.60pt;\" height=\"17\">Option personnalis\u00e9e<\/td>\n<td class=\"et3\">Couleur\/Pattenue\/Taille\/Logo\/Emballage<\/td>\n<\/tr>\n<\/tbody>\n<\/table>\n<p>&nbsp;<\/p>","protected":false},"featured_media":3132,"comment_status":"closed","ping_status":"closed","template":"","meta":{"_acf_changed":false},"product_brand":[],"product_cat":[50],"product_tag":[],"class_list":{"0":"post-3126","1":"product","2":"type-product","3":"status-publish","4":"has-post-thumbnail","6":"product_cat-wholesale-countertop-sinks","8":"first","9":"instock","10":"shipping-taxable","11":"product-type-simple"},"acf":[],"_links":{"self":[{"href":"https:\/\/www.ceramicbasin.com\/fr\/wp-json\/wp\/v2\/product\/3126","targetHints":{"allow":["GET"]}}],"collection":[{"href":"https:\/\/www.ceramicbasin.com\/fr\/wp-json\/wp\/v2\/product"}],"about":[{"href":"https:\/\/www.ceramicbasin.com\/fr\/wp-json\/wp\/v2\/types\/product"}],"replies":[{"embeddable":true,"href":"https:\/\/www.ceramicbasin.com\/fr\/wp-json\/wp\/v2\/comments?post=3126"}],"wp:featuredmedia":[{"embeddable":true,"href":"https:\/\/www.ceramicbasin.com\/fr\/wp-json\/wp\/v2\/media\/3132"}],"wp:attachment":[{"href":"https:\/\/www.ceramicbasin.com\/fr\/wp-json\/wp\/v2\/media?parent=3126"}],"wp:term":[{"taxonomy":"product_brand","embeddable":true,"href":"https:\/\/www.ceramicbasin.com\/fr\/wp-json\/wp\/v2\/product_brand?post=3126"},{"taxonomy":"product_cat","embeddable":true,"href":"https:\/\/www.ceramicbasin.com\/fr\/wp-json\/wp\/v2\/product_cat?post=3126"},{"taxonomy":"product_tag","embeddable":true,"href":"https:\/\/www.ceramicbasin.com\/fr\/wp-json\/wp\/v2\/product_tag?post=3126"}],"curies":[{"name":"wp","href":"https:\/\/api.w.org\/{rel}","templated":true}]}}