{"id":3133,"date":"2024-07-12T07:11:06","date_gmt":"2024-07-12T07:11:06","guid":{"rendered":"https:\/\/www.ceramicbasin.com\/?post_type=product&#038;p=3133"},"modified":"2024-11-21T08:30:22","modified_gmt":"2024-11-21T08:30:22","slug":"custom-wash-basin-for-bathroom","status":"publish","type":"product","link":"https:\/\/www.ceramicbasin.com\/fr\/produit\/custom-wash-basin-for-bathroom\/","title":{"rendered":"Factory Direct Custom Wash Basin In Bulk For Bathroom Vanity Countertop"},"content":{"rendered":"<div class=\"wp-block-columns is-layout-flex wp-container-core-columns-is-layout-9d6595d7 wp-block-columns-is-layout-flex\">\n<div class=\"wp-block-column is-layout-flow wp-block-column-is-layout-flow\">\n<h2 class=\"wp-block-heading\">Premium Custom Wash Basin Features :<\/h2>\n\n\n\n<ul class=\"wp-block-list\">\n<li><strong>Solide et anti-t\u00e2ches : <\/strong>L'\u00e9vier en c\u00e9ramique sur mesure de HanYu utilise des mat\u00e9riaux c\u00e9ramiques de qualit\u00e9 pour garantir la solidit\u00e9, la durabilit\u00e9, l'anti-tache et l'anti-rayure du produit. La surface lisse est facile \u00e0 nettoyer et sa beaut\u00e9 ne changera pas apr\u00e8s une longue utilisation.<\/li>\n\n\n\n<li><strong>Fourniture directe par l'usine : <\/strong>Notre lavabo personnalis\u00e9 en vrac est directement fourni par l'usine, sans interm\u00e9diaire. Vous obtiendrez donc un lavabo de haute qualit\u00e9 au prix le plus comp\u00e9titif. De plus, plus vous achetez, plus vous obtiendrez de remises, ce qui vous permettra de r\u00e9duire vos co\u00fbts et d'am\u00e9liorer votre marge de profit.<\/li>\n\n\n\n<li><strong>Assurance qualit\u00e9 :<\/strong> Des \u00e9quipements de production avanc\u00e9s et un syst\u00e8me strict de contr\u00f4le de la qualit\u00e9 garantissent que chaque \u00e9vier en c\u00e9ramique personnalis\u00e9 quittant l'usine b\u00e9n\u00e9ficie de la plus haute qualit\u00e9, que ce soit en termes de durabilit\u00e9 ou de beaut\u00e9, r\u00e9pondant ainsi aux exigences \u00e9lev\u00e9es des clients.<\/li>\n\n\n\n<li><strong>Conception personnalis\u00e9e : <\/strong>Notre lavabo en gros est con\u00e7u dans diff\u00e9rents types de styles et de tailles pour une personnalisation, ce qui nous permet de r\u00e9pondre aux besoins des diff\u00e9rents clients. Cela permet d'ajuster la couleur, la forme et la texture en fonction de vos besoins sp\u00e9cifiques et de l'int\u00e9grer dans une vari\u00e9t\u00e9 de conceptions de salle de bains.<\/li>\n<\/ul>\n<\/div>\n\n\n\n<div class=\"wp-block-column is-layout-flow wp-block-column-is-layout-flow\">\n<figure class=\"wp-block-image size-full\"><img fetchpriority=\"high\" decoding=\"async\" width=\"750\" height=\"750\" src=\"https:\/\/www.ceramicbasin.com\/wp-content\/uploads\/2024\/07\/factory-direct-custom-wash-basin-for-bathroom-vanity-countertop-1.webp\" alt=\"factory-direct-custom-washin-for-bathroom-vanity-countertop-1\" class=\"wp-image-3134\" srcset=\"https:\/\/www.ceramicbasin.com\/wp-content\/uploads\/2024\/07\/factory-direct-custom-wash-basin-for-bathroom-vanity-countertop-1.webp 750w, https:\/\/www.ceramicbasin.com\/wp-content\/uploads\/2024\/07\/factory-direct-custom-wash-basin-for-bathroom-vanity-countertop-1-300x300.webp 300w, https:\/\/www.ceramicbasin.com\/wp-content\/uploads\/2024\/07\/factory-direct-custom-wash-basin-for-bathroom-vanity-countertop-1-150x150.webp 150w, https:\/\/www.ceramicbasin.com\/wp-content\/uploads\/2024\/07\/factory-direct-custom-wash-basin-for-bathroom-vanity-countertop-1-12x12.webp 12w, https:\/\/www.ceramicbasin.com\/wp-content\/uploads\/2024\/07\/factory-direct-custom-wash-basin-for-bathroom-vanity-countertop-1-285x285.webp 285w, https:\/\/www.ceramicbasin.com\/wp-content\/uploads\/2024\/07\/factory-direct-custom-wash-basin-for-bathroom-vanity-countertop-1-270x270.webp 270w, https:\/\/www.ceramicbasin.com\/wp-content\/uploads\/2024\/07\/factory-direct-custom-wash-basin-for-bathroom-vanity-countertop-1-540x540.webp 540w, https:\/\/www.ceramicbasin.com\/wp-content\/uploads\/2024\/07\/factory-direct-custom-wash-basin-for-bathroom-vanity-countertop-1-660x660.webp 660w\" sizes=\"(max-width: 750px) 100vw, 750px\" \/><\/figure>\n<\/div>\n<\/div>","protected":false},"excerpt":{"rendered":"<p>Bienvenue pour l'achat en gros de lavabos. Le lavabo personnalis\u00e9 de Hanyu a un design \u00e9l\u00e9gant avec une c\u00e9ramique de haute qualit\u00e9, une technologie de production professionnelle, durable et belle. Notre soci\u00e9t\u00e9 offre un prix tr\u00e8s comp\u00e9titif pour un achat en gros en s'approvisionnant aupr\u00e8s de l'usine.<\/p>\n<table style=\"border-collapse: collapse; width: 311.02pt;\" border=\"0\" width=\"311\" cellspacing=\"0\" cellpadding=\"0\">\n<tbody>\n<tr style=\"height: 17.60pt;\">\n<td class=\"et3\" style=\"height: 17.60pt; width: 108.35pt;\" width=\"108\" height=\"17\">Fabricant<\/td>\n<td class=\"et3\" style=\"width: 202.95pt;\" width=\"202\">HanYu<\/td>\n<\/tr>\n<tr style=\"height: 17.60pt;\">\n<td class=\"et3\" style=\"height: 17.60pt;\" height=\"17\">Num\u00e9ro de mod\u00e8le.<\/td>\n<td class=\"et4\">HY-8194<\/td>\n<\/tr>\n<tr style=\"height: 17.60pt;\">\n<td class=\"et3\" style=\"height: 17.60pt;\" height=\"17\">Type<\/td>\n<td class=\"et3\">Bassin de comptoir<\/td>\n<\/tr>\n<tr style=\"height: 17.60pt;\">\n<td class=\"et3\" style=\"height: 17.60pt;\" height=\"17\">Forme<\/td>\n<td class=\"et3\">Forme irr\u00e9guli\u00e8re<\/td>\n<\/tr>\n<tr style=\"height: 17.60pt;\">\n<td class=\"et4\" style=\"height: 17.60pt;\" height=\"17\">Couleur<\/td>\n<td class=\"et3\">Blanc<\/td>\n<\/tr>\n<tr style=\"height: 18.00pt;\">\n<td class=\"et3\" style=\"height: 18.00pt;\" height=\"18\">Dimension<\/td>\n<td class=\"et5\" style=\"width: 202.95pt;\" width=\"202\">51*40*18<\/td>\n<\/tr>\n<tr style=\"height: 17.60pt;\">\n<td class=\"et3\" style=\"height: 17.60pt;\" height=\"17\">N.W \/SET<\/td>\n<td class=\"et3\">7KG\/PCS<\/td>\n<\/tr>\n<tr style=\"height: 17.60pt;\">\n<td class=\"et3\" style=\"height: 17.60pt;\" height=\"17\">MOQ<\/td>\n<td class=\"et3\">20pcs<\/td>\n<\/tr>\n<tr style=\"height: 17.60pt;\">\n<td class=\"et3\" style=\"height: 17.60pt;\" height=\"17\">Option personnalis\u00e9e<\/td>\n<td class=\"et3\">Couleur\/Pattenue\/Taille\/Logo\/Emballage<\/td>\n<\/tr>\n<\/tbody>\n<\/table>\n<p>&nbsp;<\/p>","protected":false},"featured_media":3135,"comment_status":"closed","ping_status":"closed","template":"","meta":{"_acf_changed":false},"product_brand":[],"product_cat":[50],"product_tag":[],"class_list":{"0":"post-3133","1":"product","2":"type-product","3":"status-publish","4":"has-post-thumbnail","6":"product_cat-wholesale-countertop-sinks","8":"first","9":"instock","10":"shipping-taxable","11":"product-type-simple"},"acf":[],"_links":{"self":[{"href":"https:\/\/www.ceramicbasin.com\/fr\/wp-json\/wp\/v2\/product\/3133","targetHints":{"allow":["GET"]}}],"collection":[{"href":"https:\/\/www.ceramicbasin.com\/fr\/wp-json\/wp\/v2\/product"}],"about":[{"href":"https:\/\/www.ceramicbasin.com\/fr\/wp-json\/wp\/v2\/types\/product"}],"replies":[{"embeddable":true,"href":"https:\/\/www.ceramicbasin.com\/fr\/wp-json\/wp\/v2\/comments?post=3133"}],"wp:featuredmedia":[{"embeddable":true,"href":"https:\/\/www.ceramicbasin.com\/fr\/wp-json\/wp\/v2\/media\/3135"}],"wp:attachment":[{"href":"https:\/\/www.ceramicbasin.com\/fr\/wp-json\/wp\/v2\/media?parent=3133"}],"wp:term":[{"taxonomy":"product_brand","embeddable":true,"href":"https:\/\/www.ceramicbasin.com\/fr\/wp-json\/wp\/v2\/product_brand?post=3133"},{"taxonomy":"product_cat","embeddable":true,"href":"https:\/\/www.ceramicbasin.com\/fr\/wp-json\/wp\/v2\/product_cat?post=3133"},{"taxonomy":"product_tag","embeddable":true,"href":"https:\/\/www.ceramicbasin.com\/fr\/wp-json\/wp\/v2\/product_tag?post=3133"}],"curies":[{"name":"wp","href":"https:\/\/api.w.org\/{rel}","templated":true}]}}