{"id":3140,"date":"2024-07-12T07:37:40","date_gmt":"2024-07-12T07:37:40","guid":{"rendered":"https:\/\/www.ceramicbasin.com\/?post_type=product&#038;p=3140"},"modified":"2024-11-01T09:06:01","modified_gmt":"2024-11-01T09:06:01","slug":"wholesale-vessel-sink-for-vanity","status":"publish","type":"product","link":"https:\/\/www.ceramicbasin.com\/fr\/produit\/wholesale-vessel-sink-for-vanity\/","title":{"rendered":"Irregular Design Wholesale Vessel Sink For Bathroom Vanity"},"content":{"rendered":"<div class=\"wp-block-columns is-layout-flex wp-container-core-columns-is-layout-9d6595d7 wp-block-columns-is-layout-flex\">\n<div class=\"wp-block-column is-layout-flow wp-block-column-is-layout-flow\">\n<h2 class=\"wp-block-heading\">Premium Wholesale Vessel Sink Features :<\/h2>\n\n\n\n<ul class=\"wp-block-list\">\n<li><strong>Conception simple : <\/strong>Cet \u00e9vier en gros adopte un design unique, rompant avec la forme traditionnelle, ajoutant une touche artistique et moderne \u00e0 la salle de bains.<\/li>\n\n\n\n<li><strong>Mat\u00e9riaux de haute qualit\u00e9 : <\/strong>Les mat\u00e9riaux c\u00e9ramiques de haute qualit\u00e9 s\u00e9lectionn\u00e9s, cuits \u00e0 haute temp\u00e9rature, garantissent que notre \u00e9vier en gros est durable, r\u00e9sistant aux taches et aux rayures. La surface lisse est facile \u00e0 nettoyer et peut conserver sa beaut\u00e9 et son \u00e9clat apr\u00e8s une utilisation prolong\u00e9e.<\/li>\n\n\n\n<li><strong>Largement adaptable : <\/strong>Diff\u00e9rentes tailles et couleurs sont disponibles pour les lavabos en vrac, qui peuvent s'adapter aux besoins de la d\u00e9coration de la salle de bains dans diff\u00e9rents styles. Qu'il s'agisse d'une salle de bains de style moderne minimaliste ou de style artistique, ce lavabo s'int\u00e8gre parfaitement.<\/li>\n\n\n\n<li><strong>Prix de gros : <\/strong>L'usine de Hanyu offre une vari\u00e9t\u00e9 de lavabos de salle de bain en gros, garantissant des produits de haute qualit\u00e9 aux prix les plus comp\u00e9titifs, aidant les grossistes, les d\u00e9taillants et les projets de construction \u00e0 \u00e9conomiser des co\u00fbts et \u00e0 augmenter les marges de profit.<\/li>\n<\/ul>\n<\/div>\n\n\n\n<div class=\"wp-block-column is-layout-flow wp-block-column-is-layout-flow\">\n<figure class=\"wp-block-image size-full\"><img fetchpriority=\"high\" decoding=\"async\" width=\"750\" height=\"750\" src=\"https:\/\/www.ceramicbasin.com\/wp-content\/uploads\/2024\/07\/irregular-design-wholesale-vessel-sink-for-bathroom-vanity-1.webp\" alt=\"irregular-design-wholesale-vessel-sink-for-bathroom-vanity-1\" class=\"wp-image-3141\" srcset=\"https:\/\/www.ceramicbasin.com\/wp-content\/uploads\/2024\/07\/irregular-design-wholesale-vessel-sink-for-bathroom-vanity-1.webp 750w, https:\/\/www.ceramicbasin.com\/wp-content\/uploads\/2024\/07\/irregular-design-wholesale-vessel-sink-for-bathroom-vanity-1-300x300.webp 300w, https:\/\/www.ceramicbasin.com\/wp-content\/uploads\/2024\/07\/irregular-design-wholesale-vessel-sink-for-bathroom-vanity-1-150x150.webp 150w, https:\/\/www.ceramicbasin.com\/wp-content\/uploads\/2024\/07\/irregular-design-wholesale-vessel-sink-for-bathroom-vanity-1-12x12.webp 12w, https:\/\/www.ceramicbasin.com\/wp-content\/uploads\/2024\/07\/irregular-design-wholesale-vessel-sink-for-bathroom-vanity-1-285x285.webp 285w, https:\/\/www.ceramicbasin.com\/wp-content\/uploads\/2024\/07\/irregular-design-wholesale-vessel-sink-for-bathroom-vanity-1-270x270.webp 270w, https:\/\/www.ceramicbasin.com\/wp-content\/uploads\/2024\/07\/irregular-design-wholesale-vessel-sink-for-bathroom-vanity-1-540x540.webp 540w, https:\/\/www.ceramicbasin.com\/wp-content\/uploads\/2024\/07\/irregular-design-wholesale-vessel-sink-for-bathroom-vanity-1-660x660.webp 660w\" sizes=\"(max-width: 750px) 100vw, 750px\" \/><\/figure>\n<\/div>\n<\/div>","protected":false},"excerpt":{"rendered":"<p>Bienvenue pour acheter des \u00e9viers de salle de bain en gros. Cet \u00e9vier de salle de bain de conception irr\u00e9guli\u00e8re est \u00e0 la fois beau et durable, et convient \u00e0 diff\u00e9rents styles de d\u00e9coration de salle de bain. Notre prix de gros en usine vous aide \u00e0 \u00e9conomiser les co\u00fbts d'approvisionnement.\u00a0<\/p>\n<table style=\"border-collapse: collapse; width: 311.02pt;\" border=\"0\" width=\"311\" cellspacing=\"0\" cellpadding=\"0\">\n<tbody>\n<tr style=\"height: 17.60pt;\">\n<td class=\"et3\" style=\"height: 17.60pt; width: 108.35pt;\" width=\"108\" height=\"17\">Fabricant<\/td>\n<td class=\"et3\" style=\"width: 202.95pt;\" width=\"202\">HanYu<\/td>\n<\/tr>\n<tr style=\"height: 17.60pt;\">\n<td class=\"et3\" style=\"height: 17.60pt;\" height=\"17\">Num\u00e9ro de mod\u00e8le.<\/td>\n<td class=\"et4\">HY-8209<\/td>\n<\/tr>\n<tr style=\"height: 17.60pt;\">\n<td class=\"et3\" style=\"height: 17.60pt;\" height=\"17\">Type<\/td>\n<td class=\"et3\">Bassin de comptoir<\/td>\n<\/tr>\n<tr style=\"height: 17.60pt;\">\n<td class=\"et3\" style=\"height: 17.60pt;\" height=\"17\">Forme<\/td>\n<td class=\"et3\">Forme irr\u00e9guli\u00e8re<\/td>\n<\/tr>\n<tr style=\"height: 17.60pt;\">\n<td class=\"et4\" style=\"height: 17.60pt;\" height=\"17\">Couleur<\/td>\n<td class=\"et3\">Blanc<\/td>\n<\/tr>\n<tr style=\"height: 18.00pt;\">\n<td class=\"et3\" style=\"height: 18.00pt;\" height=\"18\">Dimension<\/td>\n<td class=\"et5\" style=\"width: 202.95pt;\" width=\"202\">40*35.5*13<\/td>\n<\/tr>\n<tr style=\"height: 17.60pt;\">\n<td class=\"et3\" style=\"height: 17.60pt;\" height=\"17\">N.W \/SET<\/td>\n<td class=\"et3\">6KG\/PCS<\/td>\n<\/tr>\n<tr style=\"height: 17.60pt;\">\n<td class=\"et3\" style=\"height: 17.60pt;\" height=\"17\">MOQ<\/td>\n<td class=\"et3\">20pcs<\/td>\n<\/tr>\n<tr style=\"height: 17.60pt;\">\n<td class=\"et3\" style=\"height: 17.60pt;\" height=\"17\">Option personnalis\u00e9e<\/td>\n<td class=\"et3\">Couleur\/Pattenue\/Taille\/Logo\/Emballage<\/td>\n<\/tr>\n<\/tbody>\n<\/table>\n<p>&nbsp;<\/p>","protected":false},"featured_media":3145,"comment_status":"closed","ping_status":"closed","template":"","meta":{"_acf_changed":false},"product_brand":[],"product_cat":[50],"product_tag":[],"class_list":{"0":"post-3140","1":"product","2":"type-product","3":"status-publish","4":"has-post-thumbnail","6":"product_cat-wholesale-countertop-sinks","8":"first","9":"instock","10":"shipping-taxable","11":"product-type-simple"},"acf":[],"_links":{"self":[{"href":"https:\/\/www.ceramicbasin.com\/fr\/wp-json\/wp\/v2\/product\/3140","targetHints":{"allow":["GET"]}}],"collection":[{"href":"https:\/\/www.ceramicbasin.com\/fr\/wp-json\/wp\/v2\/product"}],"about":[{"href":"https:\/\/www.ceramicbasin.com\/fr\/wp-json\/wp\/v2\/types\/product"}],"replies":[{"embeddable":true,"href":"https:\/\/www.ceramicbasin.com\/fr\/wp-json\/wp\/v2\/comments?post=3140"}],"wp:featuredmedia":[{"embeddable":true,"href":"https:\/\/www.ceramicbasin.com\/fr\/wp-json\/wp\/v2\/media\/3145"}],"wp:attachment":[{"href":"https:\/\/www.ceramicbasin.com\/fr\/wp-json\/wp\/v2\/media?parent=3140"}],"wp:term":[{"taxonomy":"product_brand","embeddable":true,"href":"https:\/\/www.ceramicbasin.com\/fr\/wp-json\/wp\/v2\/product_brand?post=3140"},{"taxonomy":"product_cat","embeddable":true,"href":"https:\/\/www.ceramicbasin.com\/fr\/wp-json\/wp\/v2\/product_cat?post=3140"},{"taxonomy":"product_tag","embeddable":true,"href":"https:\/\/www.ceramicbasin.com\/fr\/wp-json\/wp\/v2\/product_tag?post=3140"}],"curies":[{"name":"wp","href":"https:\/\/api.w.org\/{rel}","templated":true}]}}