{"id":3164,"date":"2024-07-12T08:57:56","date_gmt":"2024-07-12T08:57:56","guid":{"rendered":"https:\/\/www.ceramicbasin.com\/?post_type=product&#038;p=3164"},"modified":"2024-07-23T09:45:29","modified_gmt":"2024-07-23T09:45:29","slug":"custom-bathroom-countertop-sink","status":"publish","type":"product","link":"https:\/\/www.ceramicbasin.com\/fr\/produit\/custom-bathroom-countertop-sink\/","title":{"rendered":"Premium Custom Bathroom Countertop Sink With Factory Direct Price (en anglais)"},"content":{"rendered":"<div class=\"wp-block-columns is-layout-flex wp-container-core-columns-is-layout-9d6595d7 wp-block-columns-is-layout-flex\">\n<div class=\"wp-block-column is-layout-flow wp-block-column-is-layout-flow\">\n<h2 class=\"wp-block-heading\">Premium Custom Bathroom Countertop Sink Features :<\/h2>\n\n\n\n<ul class=\"wp-block-list\">\n<li><strong>Design rectangulaire classique : <\/strong>Cet \u00e9vier de comptoir de salle de bains personnalis\u00e9 adopte un design rectangulaire classique, avec des lignes simples et \u00e9l\u00e9gantes et une forme polyvalente classique, convenant \u00e0 diff\u00e9rents styles de salle de bains, ajoutant un temp\u00e9rament moderne et \u00e9l\u00e9gant \u00e0 l'espace de la salle de bains.<\/li>\n\n\n\n<li><strong>Mat\u00e9riau de premi\u00e8re qualit\u00e9 :<\/strong> Fabriqu\u00e9 en c\u00e9ramique de haute qualit\u00e9, cuit \u00e0 haute temp\u00e9rature, notre \u00e9vier de comptoir de salle de bains personnalis\u00e9 est robuste, durable, r\u00e9sistant aux taches et aux rayures. La surface lisse est non seulement facile \u00e0 nettoyer, mais elle reste belle et lumineuse pendant longtemps, ajoutant un temp\u00e9rament haut de gamme \u00e0 la salle de bains.<\/li>\n\n\n\n<li><strong>Respectueux de l'environnement et de la sant\u00e9 : <\/strong>Adoptant une technologie de production respectueuse de l'environnement, il ne contient pas de substances nocives afin de garantir que le produit est inoffensif pour le corps humain. Nous nous concentrons sur le d\u00e9veloppement durable, nous nous engageons \u00e0 r\u00e9duire l'impact de la production sur l'environnement et nous vous fournissons des \u00e9viers de salle de bains plus \u00e9cologiques.<\/li>\n\n\n\n<li><strong>Personnalisation professionnelle<\/strong>: Hanyu fournit une vari\u00e9t\u00e9 d'options de personnalisation pour les lavabos de salle de bain personnalis\u00e9s. Qu'il s'agisse de la couleur, de la forme ou de la texture, nous pouvons r\u00e9pondre \u00e0 vos besoins et vous fournir des produits de bassin en c\u00e9ramique plus comp\u00e9titifs.<\/li>\n<\/ul>\n<\/div>\n\n\n\n<div class=\"wp-block-column is-layout-flow wp-block-column-is-layout-flow\">\n<figure class=\"wp-block-image size-full\"><img fetchpriority=\"high\" decoding=\"async\" width=\"651\" height=\"945\" src=\"https:\/\/www.ceramicbasin.com\/wp-content\/uploads\/2024\/07\/premium-custom-bathroom-countertop-sink-with-factory-price-6.webp\" alt=\"premium-custom-bathroom-countertop-sink-with-factory-price-6\" class=\"wp-image-3170\" srcset=\"https:\/\/www.ceramicbasin.com\/wp-content\/uploads\/2024\/07\/premium-custom-bathroom-countertop-sink-with-factory-price-6.webp 651w, https:\/\/www.ceramicbasin.com\/wp-content\/uploads\/2024\/07\/premium-custom-bathroom-countertop-sink-with-factory-price-6-207x300.webp 207w, https:\/\/www.ceramicbasin.com\/wp-content\/uploads\/2024\/07\/premium-custom-bathroom-countertop-sink-with-factory-price-6-8x12.webp 8w, https:\/\/www.ceramicbasin.com\/wp-content\/uploads\/2024\/07\/premium-custom-bathroom-countertop-sink-with-factory-price-6-285x414.webp 285w, https:\/\/www.ceramicbasin.com\/wp-content\/uploads\/2024\/07\/premium-custom-bathroom-countertop-sink-with-factory-price-6-455x660.webp 455w, https:\/\/www.ceramicbasin.com\/wp-content\/uploads\/2024\/07\/premium-custom-bathroom-countertop-sink-with-factory-price-6-103x150.webp 103w\" sizes=\"(max-width: 651px) 100vw, 651px\" \/><\/figure>\n<\/div>\n<\/div>","protected":false},"excerpt":{"rendered":"<p>L'\u00e9vier de salle de bain personnalis\u00e9 de HanYu, au design carr\u00e9 classique, est fabriqu\u00e9 en c\u00e9ramique de haute qualit\u00e9, qui est plus durable et plus belle. Nous offrons des prix tr\u00e8s comp\u00e9titifs pour r\u00e9pondre \u00e0 vos besoins d'achat d'\u00e9vier de salle de bain.<\/p>\n<table style=\"border-collapse: collapse; width: 311.02pt;\" border=\"0\" width=\"311\" cellspacing=\"0\" cellpadding=\"0\">\n<tbody>\n<tr style=\"height: 17.60pt;\">\n<td class=\"et3\" style=\"height: 17.60pt; width: 108.35pt;\" width=\"108\" height=\"17\">Fabricant<\/td>\n<td class=\"et3\" style=\"width: 202.95pt;\" width=\"202\">HanYu<\/td>\n<\/tr>\n<tr style=\"height: 17.60pt;\">\n<td class=\"et3\" style=\"height: 17.60pt;\" height=\"17\">Num\u00e9ro de mod\u00e8le.<\/td>\n<td class=\"et4\">HY-482<\/td>\n<\/tr>\n<tr style=\"height: 17.60pt;\">\n<td class=\"et3\" style=\"height: 17.60pt;\" height=\"17\">Type<\/td>\n<td class=\"et3\">Bassin de comptoir<\/td>\n<\/tr>\n<tr style=\"height: 17.60pt;\">\n<td class=\"et3\" style=\"height: 17.60pt;\" height=\"17\">Forme<\/td>\n<td class=\"et3\">Forme rectangulaire<\/td>\n<\/tr>\n<tr style=\"height: 17.60pt;\">\n<td class=\"et4\" style=\"height: 17.60pt;\" height=\"17\">Couleur<\/td>\n<td class=\"et3\">Blanc<\/td>\n<\/tr>\n<tr style=\"height: 18.00pt;\">\n<td class=\"et3\" style=\"height: 18.00pt;\" height=\"18\">Dimension<\/td>\n<td class=\"et5\" style=\"width: 202.95pt;\" width=\"202\">58*45*16<\/td>\n<\/tr>\n<tr style=\"height: 17.60pt;\">\n<td class=\"et3\" style=\"height: 17.60pt;\" height=\"17\">N.W \/SET<\/td>\n<td class=\"et3\">20KGS\/PCS<\/td>\n<\/tr>\n<tr style=\"height: 17.60pt;\">\n<td class=\"et3\" style=\"height: 17.60pt;\" height=\"17\">MOQ<\/td>\n<td class=\"et3\">20pcs<\/td>\n<\/tr>\n<tr style=\"height: 17.60pt;\">\n<td class=\"et3\" style=\"height: 17.60pt;\" height=\"17\">Option personnalis\u00e9e<\/td>\n<td class=\"et3\">Couleur\/Pattenue\/Taille\/Logo\/Emballage<\/td>\n<\/tr>\n<\/tbody>\n<\/table>","protected":false},"featured_media":3165,"comment_status":"closed","ping_status":"closed","template":"","meta":{"_acf_changed":false},"product_brand":[],"product_cat":[50],"product_tag":[],"class_list":{"0":"post-3164","1":"product","2":"type-product","3":"status-publish","4":"has-post-thumbnail","6":"product_cat-wholesale-countertop-sinks","8":"first","9":"instock","10":"shipping-taxable","11":"product-type-simple"},"acf":[],"_links":{"self":[{"href":"https:\/\/www.ceramicbasin.com\/fr\/wp-json\/wp\/v2\/product\/3164","targetHints":{"allow":["GET"]}}],"collection":[{"href":"https:\/\/www.ceramicbasin.com\/fr\/wp-json\/wp\/v2\/product"}],"about":[{"href":"https:\/\/www.ceramicbasin.com\/fr\/wp-json\/wp\/v2\/types\/product"}],"replies":[{"embeddable":true,"href":"https:\/\/www.ceramicbasin.com\/fr\/wp-json\/wp\/v2\/comments?post=3164"}],"wp:featuredmedia":[{"embeddable":true,"href":"https:\/\/www.ceramicbasin.com\/fr\/wp-json\/wp\/v2\/media\/3165"}],"wp:attachment":[{"href":"https:\/\/www.ceramicbasin.com\/fr\/wp-json\/wp\/v2\/media?parent=3164"}],"wp:term":[{"taxonomy":"product_brand","embeddable":true,"href":"https:\/\/www.ceramicbasin.com\/fr\/wp-json\/wp\/v2\/product_brand?post=3164"},{"taxonomy":"product_cat","embeddable":true,"href":"https:\/\/www.ceramicbasin.com\/fr\/wp-json\/wp\/v2\/product_cat?post=3164"},{"taxonomy":"product_tag","embeddable":true,"href":"https:\/\/www.ceramicbasin.com\/fr\/wp-json\/wp\/v2\/product_tag?post=3164"}],"curies":[{"name":"wp","href":"https:\/\/api.w.org\/{rel}","templated":true}]}}