{"id":3173,"date":"2024-07-12T09:28:48","date_gmt":"2024-07-12T09:28:48","guid":{"rendered":"https:\/\/www.ceramicbasin.com\/?post_type=product&#038;p=3173"},"modified":"2024-11-15T06:26:38","modified_gmt":"2024-11-15T06:26:38","slug":"vessel-sink-wholesale-above-counter","status":"publish","type":"product","link":"https:\/\/www.ceramicbasin.com\/fr\/produit\/vessel-sink-wholesale-above-counter\/","title":{"rendered":"New Style Ceramic Vessel Sink Wholesale Above Counter Bathroom Basin"},"content":{"rendered":"<div class=\"wp-block-columns is-layout-flex wp-container-core-columns-is-layout-9d6595d7 wp-block-columns-is-layout-flex\">\n<div class=\"wp-block-column is-layout-flow wp-block-column-is-layout-flow\">\n<h2 class=\"wp-block-heading\">Premium Vessel Sink Wholesale Caract\u00e9ristiques :<\/h2>\n\n\n\n<ul class=\"wp-block-list\">\n<li><strong>Conception innovante : <\/strong>Cet \u00e9vier en c\u00e9ramique \u00e0 bord lisse int\u00e8gre l'art moderne et l'aspect pratique, apportant un effet visuel in\u00e9gal\u00e9 \u00e0 la salle de bains.<\/li>\n\n\n\n<li><strong>Durabilit\u00e9 et solidit\u00e9 :<\/strong> est fabriqu\u00e9 en c\u00e9ramique de qualit\u00e9 et cuit \u00e0 haute temp\u00e9rature, ce qui rend le produit solide, durable, r\u00e9sistant aux taches et aux rayures. La surface lisse est non seulement facile \u00e0 nettoyer, mais elle conserve \u00e9galement sa beaut\u00e9 et son \u00e9clat pendant longtemps.<\/li>\n\n\n\n<li><strong>Installation facile : <\/strong>Cet \u00e9vier en c\u00e9ramique est plac\u00e9 sur le plan de travail. L'installation elle-m\u00eame est assez facile et pratique sans installation compliqu\u00e9e. Il s'adapte \u00e0 la plupart des armoires de salle de bains standard. Ce lavabo est peu encombrant, ce qui ajoute de la hi\u00e9rarchie et de la mode \u00e0 votre salle de bain.<\/li>\n\n\n\n<li><strong>Prix comp\u00e9titif : <\/strong>En tant que fabricant principal d'\u00e9vier de salle de bain, Hanyu vous fournit des produits d'\u00e9vier de salle de bain en gros de haute qualit\u00e9 aux prix les plus comp\u00e9titifs pour augmenter vos marges de profit.<\/li>\n<\/ul>\n<\/div>\n\n\n\n<div class=\"wp-block-column is-layout-flow wp-block-column-is-layout-flow\">\n<figure class=\"wp-block-image size-full\"><img fetchpriority=\"high\" decoding=\"async\" width=\"673\" height=\"899\" src=\"https:\/\/www.ceramicbasin.com\/wp-content\/uploads\/2024\/07\/new-style-ceramic-vessel-sink-wholesale-above-counter-6.webp\" alt=\"\u00e9vier-c\u00e9ramique-nouveau-style-au-dessus-du-comptoir-6\" class=\"wp-image-3179\" srcset=\"https:\/\/www.ceramicbasin.com\/wp-content\/uploads\/2024\/07\/new-style-ceramic-vessel-sink-wholesale-above-counter-6.webp 673w, https:\/\/www.ceramicbasin.com\/wp-content\/uploads\/2024\/07\/new-style-ceramic-vessel-sink-wholesale-above-counter-6-225x300.webp 225w, https:\/\/www.ceramicbasin.com\/wp-content\/uploads\/2024\/07\/new-style-ceramic-vessel-sink-wholesale-above-counter-6-9x12.webp 9w, https:\/\/www.ceramicbasin.com\/wp-content\/uploads\/2024\/07\/new-style-ceramic-vessel-sink-wholesale-above-counter-6-285x381.webp 285w, https:\/\/www.ceramicbasin.com\/wp-content\/uploads\/2024\/07\/new-style-ceramic-vessel-sink-wholesale-above-counter-6-494x660.webp 494w, https:\/\/www.ceramicbasin.com\/wp-content\/uploads\/2024\/07\/new-style-ceramic-vessel-sink-wholesale-above-counter-6-112x150.webp 112w\" sizes=\"(max-width: 673px) 100vw, 673px\" \/><\/figure>\n<\/div>\n<\/div>","protected":false},"excerpt":{"rendered":"<p>Bienvenue pour l'achat en gros d'\u00e9vier de salle de bain. Hanyu fournit en gros un \u00e9vier en c\u00e9ramique de conception nouvelle \u00e0 des prix comp\u00e9titifs. Cet \u00e9vier en c\u00e9ramique en gros, fabriqu\u00e9 \u00e0 partir de mat\u00e9riaux en c\u00e9ramique de haute qualit\u00e9, est durable et beau, et s'adapte \u00e0 de nombreux styles de salle de bain. Il peut augmenter la modernit\u00e9 et la praticit\u00e9 de la salle de bain.<\/p>\n<table style=\"border-collapse: collapse; width: 311.02pt;\" border=\"0\" width=\"311\" cellspacing=\"0\" cellpadding=\"0\">\n<tbody>\n<tr style=\"height: 17.60pt;\">\n<td class=\"et3\" style=\"height: 17.60pt; width: 108.35pt;\" width=\"108\" height=\"17\">Fabricant<\/td>\n<td class=\"et3\" style=\"width: 202.95pt;\" width=\"202\">HanYu<\/td>\n<\/tr>\n<tr style=\"height: 17.60pt;\">\n<td class=\"et3\" style=\"height: 17.60pt;\" height=\"17\">Num\u00e9ro de mod\u00e8le.<\/td>\n<td class=\"et4\">HY-8024<\/td>\n<\/tr>\n<tr style=\"height: 17.60pt;\">\n<td class=\"et3\" style=\"height: 17.60pt;\" height=\"17\">Type<\/td>\n<td class=\"et3\">Bassin de comptoir<\/td>\n<\/tr>\n<tr style=\"height: 17.60pt;\">\n<td class=\"et3\" style=\"height: 17.60pt;\" height=\"17\">Forme<\/td>\n<td class=\"et3\">Forme rectangulaire<\/td>\n<\/tr>\n<tr style=\"height: 17.60pt;\">\n<td class=\"et4\" style=\"height: 17.60pt;\" height=\"17\">Couleur<\/td>\n<td class=\"et3\">Blanc<\/td>\n<\/tr>\n<tr style=\"height: 18.00pt;\">\n<td class=\"et3\" style=\"height: 18.00pt;\" height=\"18\">Dimension<\/td>\n<td class=\"et5\" style=\"width: 202.95pt;\" width=\"202\">50*38.5*13<\/td>\n<\/tr>\n<tr style=\"height: 17.60pt;\">\n<td class=\"et3\" style=\"height: 17.60pt;\" height=\"17\">N.W \/SET<\/td>\n<td class=\"et3\">11KGS\/PCS<\/td>\n<\/tr>\n<tr style=\"height: 17.60pt;\">\n<td class=\"et3\" style=\"height: 17.60pt;\" height=\"17\">MOQ<\/td>\n<td class=\"et3\">20pcs<\/td>\n<\/tr>\n<tr style=\"height: 17.60pt;\">\n<td class=\"et3\" style=\"height: 17.60pt;\" height=\"17\">Option personnalis\u00e9e<\/td>\n<td class=\"et3\">Color\/Patten\/Size\/Logo\/Package-<\/td>\n<\/tr>\n<\/tbody>\n<\/table>","protected":false},"featured_media":3174,"comment_status":"closed","ping_status":"closed","template":"","meta":{"_acf_changed":false},"product_brand":[],"product_cat":[50],"product_tag":[],"class_list":{"0":"post-3173","1":"product","2":"type-product","3":"status-publish","4":"has-post-thumbnail","6":"product_cat-wholesale-countertop-sinks","8":"first","9":"instock","10":"shipping-taxable","11":"product-type-simple"},"acf":[],"_links":{"self":[{"href":"https:\/\/www.ceramicbasin.com\/fr\/wp-json\/wp\/v2\/product\/3173","targetHints":{"allow":["GET"]}}],"collection":[{"href":"https:\/\/www.ceramicbasin.com\/fr\/wp-json\/wp\/v2\/product"}],"about":[{"href":"https:\/\/www.ceramicbasin.com\/fr\/wp-json\/wp\/v2\/types\/product"}],"replies":[{"embeddable":true,"href":"https:\/\/www.ceramicbasin.com\/fr\/wp-json\/wp\/v2\/comments?post=3173"}],"wp:featuredmedia":[{"embeddable":true,"href":"https:\/\/www.ceramicbasin.com\/fr\/wp-json\/wp\/v2\/media\/3174"}],"wp:attachment":[{"href":"https:\/\/www.ceramicbasin.com\/fr\/wp-json\/wp\/v2\/media?parent=3173"}],"wp:term":[{"taxonomy":"product_brand","embeddable":true,"href":"https:\/\/www.ceramicbasin.com\/fr\/wp-json\/wp\/v2\/product_brand?post=3173"},{"taxonomy":"product_cat","embeddable":true,"href":"https:\/\/www.ceramicbasin.com\/fr\/wp-json\/wp\/v2\/product_cat?post=3173"},{"taxonomy":"product_tag","embeddable":true,"href":"https:\/\/www.ceramicbasin.com\/fr\/wp-json\/wp\/v2\/product_tag?post=3173"}],"curies":[{"name":"wp","href":"https:\/\/api.w.org\/{rel}","templated":true}]}}