{"id":3205,"date":"2024-07-13T01:36:01","date_gmt":"2024-07-13T01:36:01","guid":{"rendered":"https:\/\/www.ceramicbasin.com\/?post_type=product&#038;p=3205"},"modified":"2024-11-01T09:18:21","modified_gmt":"2024-11-01T09:18:21","slug":"custom-bathroom-countertop-sinks-bulk","status":"publish","type":"product","link":"https:\/\/www.ceramicbasin.com\/fr\/produit\/custom-bathroom-countertop-sinks-bulk\/","title":{"rendered":"Fabrique chinoise de lavabos de comptoir de salle de bains en vrac"},"content":{"rendered":"<div class=\"wp-block-columns is-layout-flex wp-container-core-columns-is-layout-9d6595d7 wp-block-columns-is-layout-flex\">\n<div class=\"wp-block-column is-layout-flow wp-block-column-is-layout-flow\">\n<h2 class=\"wp-block-heading\">Premium Custom Bathroom Countertop Sinks Features :<\/h2>\n\n\n\n<ul class=\"wp-block-list\">\n<li><strong>Un design parfait :<\/strong> Nos lavabos de comptoir de salle de bains personnalis\u00e9s en vrac utilisent des techniques de cuisson traditionnelles et combinent des concepts de design modernes pour cr\u00e9er un effet esth\u00e9tique \u00e0 la fois classique et \u00e0 la mode.<\/li>\n\n\n\n<li><strong>Doux et d\u00e9licat :<\/strong> Nos \u00e9viers de salle de bains en gros ont une surface lisse et d\u00e9licate qui est facile \u00e0 nettoyer et qui r\u00e9siste \u00e0 l'usure et aux taches dues \u00e0 l'utilisation quotidienne, ce qui leur permet de rester comme neufs pendant longtemps.<\/li>\n\n\n\n<li><strong>Solutions personnalis\u00e9es : <\/strong>Nous fournissons des services de lavabos de comptoir de salle de bain sur mesure et concevons la forme, la taille et la couleur du lavabo en fonction des besoins sp\u00e9cifiques des clients. Que vous recherchiez un style simple ou un charme r\u00e9tro, nous pouvons y r\u00e9pondre.<\/li>\n\n\n\n<li><strong>Livraison rapide : <\/strong>L'usine HanYu dispose d'un stock important. Les commandes en gros peuvent non seulement vous aider \u00e0 r\u00e9duire les co\u00fbts, mais aussi garantir une livraison rapide pour r\u00e9pondre aux besoins de rapidit\u00e9 des projets commerciaux ou des r\u00e9novations r\u00e9sidentielles.<\/li>\n<\/ul>\n<\/div>\n\n\n\n<div class=\"wp-block-column is-layout-flow wp-block-column-is-layout-flow\">\n<figure class=\"wp-block-image size-full\"><img fetchpriority=\"high\" decoding=\"async\" width=\"751\" height=\"859\" src=\"https:\/\/www.ceramicbasin.com\/wp-content\/uploads\/2024\/07\/china-factory-custom-bathroom-countertop-sinks-in-bulk-6.webp\" alt=\"china-factory-custom-bathroom-countertop-sinks-in-bulk-6\" class=\"wp-image-3211\" srcset=\"https:\/\/www.ceramicbasin.com\/wp-content\/uploads\/2024\/07\/china-factory-custom-bathroom-countertop-sinks-in-bulk-6.webp 751w, https:\/\/www.ceramicbasin.com\/wp-content\/uploads\/2024\/07\/china-factory-custom-bathroom-countertop-sinks-in-bulk-6-262x300.webp 262w, https:\/\/www.ceramicbasin.com\/wp-content\/uploads\/2024\/07\/china-factory-custom-bathroom-countertop-sinks-in-bulk-6-10x12.webp 10w, https:\/\/www.ceramicbasin.com\/wp-content\/uploads\/2024\/07\/china-factory-custom-bathroom-countertop-sinks-in-bulk-6-285x326.webp 285w, https:\/\/www.ceramicbasin.com\/wp-content\/uploads\/2024\/07\/china-factory-custom-bathroom-countertop-sinks-in-bulk-6-577x660.webp 577w, https:\/\/www.ceramicbasin.com\/wp-content\/uploads\/2024\/07\/china-factory-custom-bathroom-countertop-sinks-in-bulk-6-131x150.webp 131w\" sizes=\"(max-width: 751px) 100vw, 751px\" \/><\/figure>\n<\/div>\n<\/div>","protected":false},"excerpt":{"rendered":"<p>Bienvenue pour acheter des lavabos en gros. Nos lavabos de salle de bain en vrac sont fabriqu\u00e9s en c\u00e9ramique de haute qualit\u00e9, combinant l'artisanat traditionnel et le design moderne. Ils sont beaux, durables et faciles \u00e0 nettoyer. Nous offrons des prix avantageux et une livraison rapide pour r\u00e9pondre aux besoins de rapidit\u00e9 des projets commerciaux ou des r\u00e9novations r\u00e9sidentielles.<\/p>\n<table style=\"border-collapse: collapse; width: 311.02pt;\" border=\"0\" width=\"311\" cellspacing=\"0\" cellpadding=\"0\">\n<tbody>\n<tr style=\"height: 17.60pt;\">\n<td class=\"et3\" style=\"height: 17.60pt; width: 108.35pt;\" width=\"108\" height=\"17\">Fabricant<\/td>\n<td class=\"et3\" style=\"width: 202.95pt;\" width=\"202\">HanYu<\/td>\n<\/tr>\n<tr style=\"height: 17.60pt;\">\n<td class=\"et3\" style=\"height: 17.60pt;\" height=\"17\">Num\u00e9ro de mod\u00e8le.<\/td>\n<td class=\"et4\">HY-8030<\/td>\n<\/tr>\n<tr style=\"height: 17.60pt;\">\n<td class=\"et3\" style=\"height: 17.60pt;\" height=\"17\">Type<\/td>\n<td class=\"et3\">Bassin de comptoir<\/td>\n<\/tr>\n<tr style=\"height: 17.60pt;\">\n<td class=\"et3\" style=\"height: 17.60pt;\" height=\"17\">Forme<\/td>\n<td class=\"et3\">Forme rectangulaire<\/td>\n<\/tr>\n<tr style=\"height: 17.60pt;\">\n<td class=\"et4\" style=\"height: 17.60pt;\" height=\"17\">Couleur<\/td>\n<td class=\"et3\">Blanc<\/td>\n<\/tr>\n<tr style=\"height: 18.00pt;\">\n<td class=\"et3\" style=\"height: 18.00pt;\" height=\"18\">Dimension<\/td>\n<td class=\"et5\" style=\"width: 202.95pt;\" width=\"202\">60.5*35*11<\/td>\n<\/tr>\n<tr style=\"height: 17.60pt;\">\n<td class=\"et3\" style=\"height: 17.60pt;\" height=\"17\">N.W \/SET<\/td>\n<td class=\"et3\">10KGS\/PCS<\/td>\n<\/tr>\n<tr style=\"height: 17.60pt;\">\n<td class=\"et3\" style=\"height: 17.60pt;\" height=\"17\">MOQ<\/td>\n<td class=\"et3\">20pcs<\/td>\n<\/tr>\n<tr style=\"height: 17.60pt;\">\n<td class=\"et3\" style=\"height: 17.60pt;\" height=\"17\">Option personnalis\u00e9e<\/td>\n<td class=\"et3\">Couleur\/Pattenue\/Taille\/Logo\/Emballage<\/td>\n<\/tr>\n<\/tbody>\n<\/table>","protected":false},"featured_media":3206,"comment_status":"closed","ping_status":"closed","template":"","meta":{"_acf_changed":false},"product_brand":[],"product_cat":[50],"product_tag":[],"class_list":{"0":"post-3205","1":"product","2":"type-product","3":"status-publish","4":"has-post-thumbnail","6":"product_cat-wholesale-countertop-sinks","8":"first","9":"instock","10":"shipping-taxable","11":"product-type-simple"},"acf":[],"_links":{"self":[{"href":"https:\/\/www.ceramicbasin.com\/fr\/wp-json\/wp\/v2\/product\/3205","targetHints":{"allow":["GET"]}}],"collection":[{"href":"https:\/\/www.ceramicbasin.com\/fr\/wp-json\/wp\/v2\/product"}],"about":[{"href":"https:\/\/www.ceramicbasin.com\/fr\/wp-json\/wp\/v2\/types\/product"}],"replies":[{"embeddable":true,"href":"https:\/\/www.ceramicbasin.com\/fr\/wp-json\/wp\/v2\/comments?post=3205"}],"wp:featuredmedia":[{"embeddable":true,"href":"https:\/\/www.ceramicbasin.com\/fr\/wp-json\/wp\/v2\/media\/3206"}],"wp:attachment":[{"href":"https:\/\/www.ceramicbasin.com\/fr\/wp-json\/wp\/v2\/media?parent=3205"}],"wp:term":[{"taxonomy":"product_brand","embeddable":true,"href":"https:\/\/www.ceramicbasin.com\/fr\/wp-json\/wp\/v2\/product_brand?post=3205"},{"taxonomy":"product_cat","embeddable":true,"href":"https:\/\/www.ceramicbasin.com\/fr\/wp-json\/wp\/v2\/product_cat?post=3205"},{"taxonomy":"product_tag","embeddable":true,"href":"https:\/\/www.ceramicbasin.com\/fr\/wp-json\/wp\/v2\/product_tag?post=3205"}],"curies":[{"name":"wp","href":"https:\/\/api.w.org\/{rel}","templated":true}]}}