{"id":3219,"date":"2024-07-13T02:36:10","date_gmt":"2024-07-13T02:36:10","guid":{"rendered":"https:\/\/www.ceramicbasin.com\/?post_type=product&#038;p=3219"},"modified":"2024-11-01T09:21:48","modified_gmt":"2024-11-01T09:21:48","slug":"exquisite-custom-bath-sinks","status":"publish","type":"product","link":"https:\/\/www.ceramicbasin.com\/fr\/produit\/exquisite-custom-bath-sinks\/","title":{"rendered":"Exquisit\u00e9 des lavabos sur mesure pour comptoir de salle de bain en vrac"},"content":{"rendered":"<div class=\"wp-block-columns is-layout-flex wp-container-core-columns-is-layout-9d6595d7 wp-block-columns-is-layout-flex\">\n<div class=\"wp-block-column is-layout-flow wp-block-column-is-layout-flow\">\n<h2 class=\"wp-block-heading\">Premium Custom Bath Sinks Caract\u00e9ristiques :<\/h2>\n\n\n\n<ul class=\"wp-block-list\">\n<li><strong>Design exquis : <\/strong>Nos lavabos en vrac sur mesure adoptent un design moderne et exquis. Chaque pi\u00e8ce est un hommage \u00e0 l'esth\u00e9tique et vise \u00e0 ajouter de l'\u00e9l\u00e9gance et du go\u00fbt \u00e0 l'espace de la salle de bains.<\/li>\n\n\n\n<li><strong>Mat\u00e9riaux de haute qualit\u00e9 :<\/strong> La s\u00e9lection de mat\u00e9riaux c\u00e9ramiques de haute qualit\u00e9 et la qualit\u00e9 de l'ex\u00e9cution garantissent que chaque \u00e9vier de salle de bain en vrac est non seulement beau en apparence, mais aussi tr\u00e8s durable et facile \u00e0 nettoyer.<\/li>\n\n\n\n<li><strong>Personnalisation illimit\u00e9e : <\/strong>En tant que fabricant professionnel de vasques en c\u00e9ramique, HanYu propose une gamme compl\u00e8te d'options de vasques de salle de bain personnalis\u00e9es, y compris des formes, des tailles, des couleurs, etc. pour r\u00e9pondre \u00e0 vos besoins commerciaux.<\/li>\n\n\n\n<li><strong>Avantage de prix : <\/strong>Nous fournissons des services de commande en gros, qui sont non seulement abordables, mais aussi livr\u00e9s rapidement, adapt\u00e9s aux projets commerciaux et \u00e0 la d\u00e9coration r\u00e9sidentielle \u00e0 grande \u00e9chelle, r\u00e9pondant aux besoins d'une grande efficacit\u00e9 et d'un faible co\u00fbt.<\/li>\n<\/ul>\n<\/div>\n\n\n\n<div class=\"wp-block-column is-layout-flow wp-block-column-is-layout-flow\">\n<figure class=\"wp-block-image size-full\"><img fetchpriority=\"high\" decoding=\"async\" width=\"625\" height=\"863\" src=\"https:\/\/www.ceramicbasin.com\/wp-content\/uploads\/2024\/07\/exquisite-custom-bath-sinks-for-bathroom-countertop-in-bulk-6.webp\" alt=\"exquisite-custom-bath-sinks-for-bathroom-countertop-in-bulk-6\" class=\"wp-image-3228\" srcset=\"https:\/\/www.ceramicbasin.com\/wp-content\/uploads\/2024\/07\/exquisite-custom-bath-sinks-for-bathroom-countertop-in-bulk-6.webp 625w, https:\/\/www.ceramicbasin.com\/wp-content\/uploads\/2024\/07\/exquisite-custom-bath-sinks-for-bathroom-countertop-in-bulk-6-217x300.webp 217w, https:\/\/www.ceramicbasin.com\/wp-content\/uploads\/2024\/07\/exquisite-custom-bath-sinks-for-bathroom-countertop-in-bulk-6-9x12.webp 9w, https:\/\/www.ceramicbasin.com\/wp-content\/uploads\/2024\/07\/exquisite-custom-bath-sinks-for-bathroom-countertop-in-bulk-6-285x394.webp 285w, https:\/\/www.ceramicbasin.com\/wp-content\/uploads\/2024\/07\/exquisite-custom-bath-sinks-for-bathroom-countertop-in-bulk-6-478x660.webp 478w, https:\/\/www.ceramicbasin.com\/wp-content\/uploads\/2024\/07\/exquisite-custom-bath-sinks-for-bathroom-countertop-in-bulk-6-109x150.webp 109w\" sizes=\"(max-width: 625px) 100vw, 625px\" \/><\/figure>\n<\/div>\n<\/div>","protected":false},"excerpt":{"rendered":"<p>Bienvenue sur le site d'achat en gros de lavabos de comptoir en c\u00e9ramique. Nos lavabos sur mesure sont fabriqu\u00e9s \u00e0 partir de mat\u00e9riaux de haute qualit\u00e9 et sont con\u00e7us pour apporter \u00e9l\u00e9gance et praticit\u00e9 \u00e0 tout espace de salle de bain. En profitant de l'achat en gros, nous offrons non seulement des prix tr\u00e8s comp\u00e9titifs, mais nous assurons \u00e9galement une livraison rapide pour r\u00e9pondre aux besoins efficaces des projets commerciaux et des r\u00e9novations \u00e0 grande \u00e9chelle.<\/p>\n<table style=\"border-collapse: collapse; width: 311.02pt;\" border=\"0\" width=\"311\" cellspacing=\"0\" cellpadding=\"0\">\n<tbody>\n<tr style=\"height: 17.60pt;\">\n<td class=\"et3\" style=\"height: 17.60pt; width: 108.35pt;\" width=\"108\" height=\"17\">Fabricant<\/td>\n<td class=\"et3\" style=\"width: 202.95pt;\" width=\"202\">HanYu<\/td>\n<\/tr>\n<tr style=\"height: 17.60pt;\">\n<td class=\"et3\" style=\"height: 17.60pt;\" height=\"17\">Num\u00e9ro de mod\u00e8le.<\/td>\n<td class=\"et4\">HY-8041<\/td>\n<\/tr>\n<tr style=\"height: 17.60pt;\">\n<td class=\"et3\" style=\"height: 17.60pt;\" height=\"17\">Type<\/td>\n<td class=\"et3\">Bassin de comptoir<\/td>\n<\/tr>\n<tr style=\"height: 17.60pt;\">\n<td class=\"et3\" style=\"height: 17.60pt;\" height=\"17\">Forme<\/td>\n<td class=\"et3\">Forme rectangulaire<\/td>\n<\/tr>\n<tr style=\"height: 17.60pt;\">\n<td class=\"et4\" style=\"height: 17.60pt;\" height=\"17\">Couleur<\/td>\n<td class=\"et3\">Blanc<\/td>\n<\/tr>\n<tr style=\"height: 18.00pt;\">\n<td class=\"et3\" style=\"height: 18.00pt;\" height=\"18\">Dimension<\/td>\n<td class=\"et5\" style=\"width: 202.95pt;\" width=\"202\">51*40*14<\/td>\n<\/tr>\n<tr style=\"height: 17.60pt;\">\n<td class=\"et3\" style=\"height: 17.60pt;\" height=\"17\">N.W \/SET<\/td>\n<td class=\"et3\">13KGS\/PCS<\/td>\n<\/tr>\n<tr style=\"height: 17.60pt;\">\n<td class=\"et3\" style=\"height: 17.60pt;\" height=\"17\">MOQ<\/td>\n<td class=\"et3\">20pcs<\/td>\n<\/tr>\n<tr style=\"height: 17.60pt;\">\n<td class=\"et3\" style=\"height: 17.60pt;\" height=\"17\">Option personnalis\u00e9e<\/td>\n<td class=\"et3\">Couleur\/Pattenue\/Taille\/Logo\/Emballage<\/td>\n<\/tr>\n<\/tbody>\n<\/table>","protected":false},"featured_media":3220,"comment_status":"closed","ping_status":"closed","template":"","meta":{"_acf_changed":false},"product_brand":[],"product_cat":[50],"product_tag":[],"class_list":{"0":"post-3219","1":"product","2":"type-product","3":"status-publish","4":"has-post-thumbnail","6":"product_cat-wholesale-countertop-sinks","8":"first","9":"instock","10":"shipping-taxable","11":"product-type-simple"},"acf":[],"_links":{"self":[{"href":"https:\/\/www.ceramicbasin.com\/fr\/wp-json\/wp\/v2\/product\/3219","targetHints":{"allow":["GET"]}}],"collection":[{"href":"https:\/\/www.ceramicbasin.com\/fr\/wp-json\/wp\/v2\/product"}],"about":[{"href":"https:\/\/www.ceramicbasin.com\/fr\/wp-json\/wp\/v2\/types\/product"}],"replies":[{"embeddable":true,"href":"https:\/\/www.ceramicbasin.com\/fr\/wp-json\/wp\/v2\/comments?post=3219"}],"wp:featuredmedia":[{"embeddable":true,"href":"https:\/\/www.ceramicbasin.com\/fr\/wp-json\/wp\/v2\/media\/3220"}],"wp:attachment":[{"href":"https:\/\/www.ceramicbasin.com\/fr\/wp-json\/wp\/v2\/media?parent=3219"}],"wp:term":[{"taxonomy":"product_brand","embeddable":true,"href":"https:\/\/www.ceramicbasin.com\/fr\/wp-json\/wp\/v2\/product_brand?post=3219"},{"taxonomy":"product_cat","embeddable":true,"href":"https:\/\/www.ceramicbasin.com\/fr\/wp-json\/wp\/v2\/product_cat?post=3219"},{"taxonomy":"product_tag","embeddable":true,"href":"https:\/\/www.ceramicbasin.com\/fr\/wp-json\/wp\/v2\/product_tag?post=3219"}],"curies":[{"name":"wp","href":"https:\/\/api.w.org\/{rel}","templated":true}]}}