{"id":3233,"date":"2024-07-13T02:52:42","date_gmt":"2024-07-13T02:52:42","guid":{"rendered":"https:\/\/www.ceramicbasin.com\/?post_type=product&#038;p=3233"},"modified":"2024-07-23T09:44:11","modified_gmt":"2024-07-23T09:44:11","slug":"wholesale-porcelain-bathroom-sinks","status":"publish","type":"product","link":"https:\/\/www.ceramicbasin.com\/fr\/produit\/wholesale-porcelain-bathroom-sinks\/","title":{"rendered":"Premium Wholesale Porcelain Bathroom Sinks In Stock + Ready To Ship"},"content":{"rendered":"<div class=\"wp-block-columns is-layout-flex wp-container-core-columns-is-layout-9d6595d7 wp-block-columns-is-layout-flex\">\n<div class=\"wp-block-column is-layout-flow wp-block-column-is-layout-flow\">\n<h2 class=\"wp-block-heading\">Premium Wholesale Porcelain Bathroom Sinks Caract\u00e9ristiques :<\/h2>\n\n\n\n<ul class=\"wp-block-list\">\n<li><strong>Qualit\u00e9 sup\u00e9rieure : <\/strong>Nos \u00e9viers de salle de bain en porcelaine sont fabriqu\u00e9s en argile porcelaine de haute qualit\u00e9, avec une texture fine et une haute brillance, montrant une excellente qualit\u00e9.<\/li>\n\n\n\n<li><strong>Facile \u00e0 entretenir : <\/strong>La surface de nos \u00e9viers de salle de bains en porcelaine est lisse et ne se tache pas facilement. Le nettoyage quotidien est simple et pratique, et la surface peut rester brillante et neuve apr\u00e8s une utilisation prolong\u00e9e.<\/li>\n\n\n\n<li><strong>Livraison rapide : <\/strong>Nos \u00e9viers de salle de bain en gros sont en stock, sans attendre un long cycle de production. Apr\u00e8s avoir pass\u00e9 une commande, la livraison peut \u00eatre organis\u00e9e rapidement, ce qui r\u00e9duit consid\u00e9rablement le temps de r\u00e9alisation de votre projet et r\u00e9pond aux besoins urgents.<\/li>\n\n\n\n<li><strong>Remise sur les achats en gros : <\/strong>HanYu propose un large stock de bassins en c\u00e9ramique pour vous aider \u00e0 obtenir des bassins en c\u00e9ramique de haute qualit\u00e9 pour la salle de bains tout en contr\u00f4lant les co\u00fbts, ce qui convient aux projets de d\u00e9coration \u00e0 grande \u00e9chelle tels que les h\u00f4tels et les appartements.<\/li>\n<\/ul>\n<\/div>\n\n\n\n<div class=\"wp-block-column is-layout-flow wp-block-column-is-layout-flow\">\n<figure class=\"wp-block-image size-full\"><img fetchpriority=\"high\" decoding=\"async\" width=\"634\" height=\"855\" src=\"https:\/\/www.ceramicbasin.com\/wp-content\/uploads\/2024\/07\/wholesale-porcelain-bathroom-sinks-in-stock-ready-to-ship-6.webp\" alt=\"grossiste-\u00e9viers-de-salle-de-bain-en-porcelaine-en-stock-pr\u00eat-\u00e0-l&#039;exp\u00e9dition-6\" class=\"wp-image-3243\" srcset=\"https:\/\/www.ceramicbasin.com\/wp-content\/uploads\/2024\/07\/wholesale-porcelain-bathroom-sinks-in-stock-ready-to-ship-6.webp 634w, https:\/\/www.ceramicbasin.com\/wp-content\/uploads\/2024\/07\/wholesale-porcelain-bathroom-sinks-in-stock-ready-to-ship-6-222x300.webp 222w, https:\/\/www.ceramicbasin.com\/wp-content\/uploads\/2024\/07\/wholesale-porcelain-bathroom-sinks-in-stock-ready-to-ship-6-9x12.webp 9w, https:\/\/www.ceramicbasin.com\/wp-content\/uploads\/2024\/07\/wholesale-porcelain-bathroom-sinks-in-stock-ready-to-ship-6-285x384.webp 285w, https:\/\/www.ceramicbasin.com\/wp-content\/uploads\/2024\/07\/wholesale-porcelain-bathroom-sinks-in-stock-ready-to-ship-6-489x660.webp 489w, https:\/\/www.ceramicbasin.com\/wp-content\/uploads\/2024\/07\/wholesale-porcelain-bathroom-sinks-in-stock-ready-to-ship-6-111x150.webp 111w\" sizes=\"(max-width: 634px) 100vw, 634px\" \/><\/figure>\n<\/div>\n<\/div>","protected":false},"excerpt":{"rendered":"<p>Nos \u00e9viers de salle de bains en porcelaine sont lisses et faciles \u00e0 nettoyer. Ils sont de haute qualit\u00e9 et resteront aussi brillants que neufs apr\u00e8s un usage prolong\u00e9. Ils sont id\u00e9aux pour la d\u00e9coration de la salle de bains. Nous disposons d'un stock suffisant et pouvons livrer rapidement.<\/p>\n<table style=\"border-collapse: collapse; width: 311.02pt;\" border=\"0\" width=\"311\" cellspacing=\"0\" cellpadding=\"0\">\n<tbody>\n<tr style=\"height: 17.60pt;\">\n<td class=\"et3\" style=\"height: 17.60pt; width: 108.35pt;\" width=\"108\" height=\"17\">Fabricant<\/td>\n<td class=\"et3\" style=\"width: 202.95pt;\" width=\"202\">HanYu<\/td>\n<\/tr>\n<tr style=\"height: 17.60pt;\">\n<td class=\"et3\" style=\"height: 17.60pt;\" height=\"17\">Num\u00e9ro de mod\u00e8le.<\/td>\n<td class=\"et4\">HY-8064-55<\/td>\n<\/tr>\n<tr style=\"height: 17.60pt;\">\n<td class=\"et3\" style=\"height: 17.60pt;\" height=\"17\">Type<\/td>\n<td class=\"et3\">Bassin de comptoir<\/td>\n<\/tr>\n<tr style=\"height: 17.60pt;\">\n<td class=\"et3\" style=\"height: 17.60pt;\" height=\"17\">Forme<\/td>\n<td class=\"et3\">Forme rectangulaire<\/td>\n<\/tr>\n<tr style=\"height: 17.60pt;\">\n<td class=\"et4\" style=\"height: 17.60pt;\" height=\"17\">Couleur<\/td>\n<td class=\"et3\">Blanc<\/td>\n<\/tr>\n<tr style=\"height: 18.00pt;\">\n<td class=\"et3\" style=\"height: 18.00pt;\" height=\"18\">Dimension<\/td>\n<td class=\"et5\" style=\"width: 202.95pt;\" width=\"202\">55*38*11<\/td>\n<\/tr>\n<tr style=\"height: 17.60pt;\">\n<td class=\"et3\" style=\"height: 17.60pt;\" height=\"17\">N.W \/SET<\/td>\n<td class=\"et3\">12.5KGS\/PCS<\/td>\n<\/tr>\n<tr style=\"height: 17.60pt;\">\n<td class=\"et3\" style=\"height: 17.60pt;\" height=\"17\">MOQ<\/td>\n<td class=\"et3\">20pcs<\/td>\n<\/tr>\n<tr style=\"height: 17.60pt;\">\n<td class=\"et3\" style=\"height: 17.60pt;\" height=\"17\">Option personnalis\u00e9e<\/td>\n<td class=\"et3\">Couleur\/Pattenue\/Taille\/Logo\/Emballage<\/td>\n<\/tr>\n<\/tbody>\n<\/table>","protected":false},"featured_media":3238,"comment_status":"closed","ping_status":"closed","template":"","meta":{"_acf_changed":false},"product_brand":[],"product_cat":[50],"product_tag":[],"class_list":{"0":"post-3233","1":"product","2":"type-product","3":"status-publish","4":"has-post-thumbnail","6":"product_cat-wholesale-countertop-sinks","8":"first","9":"instock","10":"shipping-taxable","11":"product-type-simple"},"acf":[],"_links":{"self":[{"href":"https:\/\/www.ceramicbasin.com\/fr\/wp-json\/wp\/v2\/product\/3233","targetHints":{"allow":["GET"]}}],"collection":[{"href":"https:\/\/www.ceramicbasin.com\/fr\/wp-json\/wp\/v2\/product"}],"about":[{"href":"https:\/\/www.ceramicbasin.com\/fr\/wp-json\/wp\/v2\/types\/product"}],"replies":[{"embeddable":true,"href":"https:\/\/www.ceramicbasin.com\/fr\/wp-json\/wp\/v2\/comments?post=3233"}],"wp:featuredmedia":[{"embeddable":true,"href":"https:\/\/www.ceramicbasin.com\/fr\/wp-json\/wp\/v2\/media\/3238"}],"wp:attachment":[{"href":"https:\/\/www.ceramicbasin.com\/fr\/wp-json\/wp\/v2\/media?parent=3233"}],"wp:term":[{"taxonomy":"product_brand","embeddable":true,"href":"https:\/\/www.ceramicbasin.com\/fr\/wp-json\/wp\/v2\/product_brand?post=3233"},{"taxonomy":"product_cat","embeddable":true,"href":"https:\/\/www.ceramicbasin.com\/fr\/wp-json\/wp\/v2\/product_cat?post=3233"},{"taxonomy":"product_tag","embeddable":true,"href":"https:\/\/www.ceramicbasin.com\/fr\/wp-json\/wp\/v2\/product_tag?post=3233"}],"curies":[{"name":"wp","href":"https:\/\/api.w.org\/{rel}","templated":true}]}}