{"id":3244,"date":"2024-07-13T03:12:56","date_gmt":"2024-07-13T03:12:56","guid":{"rendered":"https:\/\/www.ceramicbasin.com\/?post_type=product&#038;p=3244"},"modified":"2024-11-01T09:26:35","modified_gmt":"2024-11-01T09:26:35","slug":"luxury-wholesale-porcelain-sinks","status":"publish","type":"product","link":"https:\/\/www.ceramicbasin.com\/fr\/produit\/luxury-wholesale-porcelain-sinks\/","title":{"rendered":"Luxury Wholesale Porcelain Sinks For Bathroom with Bulk Price and Fast Delivery (lavabos en porcelaine pour salle de bain en gros)"},"content":{"rendered":"<div class=\"wp-block-columns is-layout-flex wp-container-core-columns-is-layout-9d6595d7 wp-block-columns-is-layout-flex\">\n<div class=\"wp-block-column is-layout-flow wp-block-column-is-layout-flow\">\n<h2 class=\"wp-block-heading\">Premium Wholesale Porcelain Sinks Caract\u00e9ristiques :<\/h2>\n\n\n\n<ul class=\"wp-block-list\">\n<li><strong>La texture du luxe : <\/strong>Ces lavabos en porcelaine de haute qualit\u00e9 fabriqu\u00e9s en gros avec de l'argile pr\u00e9sentent un lustre et une texture d\u00e9licats, ajoutant un sentiment de noblesse et d'\u00e9l\u00e9gance \u00e0 la salle de bains.<\/li>\n\n\n\n<li><strong>Facile \u00e0 nettoyer, pratique \u00e0 entretenir : <\/strong>La surface de nos \u00e9viers en porcelaine est lisse et n'absorbe pas facilement les taches. Elle est simple et pratique pour l'entretien quotidien. Apr\u00e8s une longue p\u00e9riode d'utilisation, il reste comme neuf.<\/li>\n\n\n\n<li><strong>Remise en gros : <\/strong>En tant que fournisseur d'\u00e9viers en c\u00e9ramique, HanYu propose un large inventaire d'\u00e9viers en c\u00e9ramique en gros. Les achats en gros peuvent b\u00e9n\u00e9ficier de remises exceptionnelles, ce qui vous permet de profiter de produits de qualit\u00e9 sup\u00e9rieure tout en respectant votre budget.<\/li>\n\n\n\n<li><strong>Livraison rapide : <\/strong>Les \u00e9viers en c\u00e9ramique en gros de HanYu sont en stock suffisant. Apr\u00e8s avoir pass\u00e9 une commande, ils peuvent \u00eatre livr\u00e9s rapidement sans attente prolong\u00e9e, ce qui garantit que votre projet de d\u00e9coration ou vos besoins commerciaux sont satisfaits \u00e0 temps.<\/li>\n<\/ul>\n<\/div>\n\n\n\n<div class=\"wp-block-column is-layout-flow wp-block-column-is-layout-flow\">\n<figure class=\"wp-block-image size-full\"><img fetchpriority=\"high\" decoding=\"async\" width=\"1345\" height=\"1787\" src=\"https:\/\/www.ceramicbasin.com\/wp-content\/uploads\/2024\/07\/luxury-wholesale-porcelain-sinks-for-bathroom-fast-delivery-6.webp\" alt=\"luxury-wholesale-porcelain-sinks-for-bathroom-fast-delivery-6\" class=\"wp-image-3250\" srcset=\"https:\/\/www.ceramicbasin.com\/wp-content\/uploads\/2024\/07\/luxury-wholesale-porcelain-sinks-for-bathroom-fast-delivery-6.webp 1345w, https:\/\/www.ceramicbasin.com\/wp-content\/uploads\/2024\/07\/luxury-wholesale-porcelain-sinks-for-bathroom-fast-delivery-6-226x300.webp 226w, https:\/\/www.ceramicbasin.com\/wp-content\/uploads\/2024\/07\/luxury-wholesale-porcelain-sinks-for-bathroom-fast-delivery-6-768x1020.webp 768w, https:\/\/www.ceramicbasin.com\/wp-content\/uploads\/2024\/07\/luxury-wholesale-porcelain-sinks-for-bathroom-fast-delivery-6-9x12.webp 9w, https:\/\/www.ceramicbasin.com\/wp-content\/uploads\/2024\/07\/luxury-wholesale-porcelain-sinks-for-bathroom-fast-delivery-6-285x379.webp 285w, https:\/\/www.ceramicbasin.com\/wp-content\/uploads\/2024\/07\/luxury-wholesale-porcelain-sinks-for-bathroom-fast-delivery-6-497x660.webp 497w, https:\/\/www.ceramicbasin.com\/wp-content\/uploads\/2024\/07\/luxury-wholesale-porcelain-sinks-for-bathroom-fast-delivery-6-113x150.webp 113w\" sizes=\"(max-width: 1345px) 100vw, 1345px\" \/><\/figure>\n<\/div>\n<\/div>","protected":false},"excerpt":{"rendered":"<p>Bienvenue pour acheter des \u00e9viers en c\u00e9ramique en gros. Nos \u00e9viers en porcelaine de luxe ont une surface en porcelaine lisse, belle et facile \u00e0 nettoyer, de grandes r\u00e9ductions pour les achats en gros, et des services de livraison rapide. Nous fournissons \u00e0 nos clients une solution de lavabo en porcelaine pour la salle de bain qui combine une texture luxueuse et un prix abordable.<\/p>\n<table style=\"border-collapse: collapse; width: 311.02pt;\" border=\"0\" width=\"311\" cellspacing=\"0\" cellpadding=\"0\">\n<tbody>\n<tr style=\"height: 17.60pt;\">\n<td class=\"et3\" style=\"height: 17.60pt; width: 108.35pt;\" width=\"108\" height=\"17\">Fabricant<\/td>\n<td class=\"et3\" style=\"width: 202.95pt;\" width=\"202\">HanYu<\/td>\n<\/tr>\n<tr style=\"height: 17.60pt;\">\n<td class=\"et3\" style=\"height: 17.60pt;\" height=\"17\">Num\u00e9ro de mod\u00e8le.<\/td>\n<td class=\"et4\">HY-8105<\/td>\n<\/tr>\n<tr style=\"height: 17.60pt;\">\n<td class=\"et3\" style=\"height: 17.60pt;\" height=\"17\">Type<\/td>\n<td class=\"et3\">Bassin de comptoir<\/td>\n<\/tr>\n<tr style=\"height: 17.60pt;\">\n<td class=\"et3\" style=\"height: 17.60pt;\" height=\"17\">Forme<\/td>\n<td class=\"et3\">Forme rectangulaire<\/td>\n<\/tr>\n<tr style=\"height: 17.60pt;\">\n<td class=\"et4\" style=\"height: 17.60pt;\" height=\"17\">Couleur<\/td>\n<td class=\"et3\">Blanc<\/td>\n<\/tr>\n<tr style=\"height: 18.00pt;\">\n<td class=\"et3\" style=\"height: 18.00pt;\" height=\"18\">Dimension<\/td>\n<td class=\"et5\" style=\"width: 202.95pt;\" width=\"202\">61*35.5*12<\/td>\n<\/tr>\n<tr style=\"height: 17.60pt;\">\n<td class=\"et3\" style=\"height: 17.60pt;\" height=\"17\">N.W \/SET<\/td>\n<td class=\"et3\">12KGS\/PCS<\/td>\n<\/tr>\n<tr style=\"height: 17.60pt;\">\n<td class=\"et3\" style=\"height: 17.60pt;\" height=\"17\">MOQ<\/td>\n<td class=\"et3\">20pcs<\/td>\n<\/tr>\n<tr style=\"height: 17.60pt;\">\n<td class=\"et3\" style=\"height: 17.60pt;\" height=\"17\">Option personnalis\u00e9e<\/td>\n<td class=\"et3\">Couleur\/Pattenue\/Taille\/Logo\/Emballage<\/td>\n<\/tr>\n<\/tbody>\n<\/table>","protected":false},"featured_media":3245,"comment_status":"closed","ping_status":"closed","template":"","meta":{"_acf_changed":false},"product_brand":[],"product_cat":[50],"product_tag":[],"class_list":{"0":"post-3244","1":"product","2":"type-product","3":"status-publish","4":"has-post-thumbnail","6":"product_cat-wholesale-countertop-sinks","8":"first","9":"instock","10":"shipping-taxable","11":"product-type-simple"},"acf":[],"_links":{"self":[{"href":"https:\/\/www.ceramicbasin.com\/fr\/wp-json\/wp\/v2\/product\/3244","targetHints":{"allow":["GET"]}}],"collection":[{"href":"https:\/\/www.ceramicbasin.com\/fr\/wp-json\/wp\/v2\/product"}],"about":[{"href":"https:\/\/www.ceramicbasin.com\/fr\/wp-json\/wp\/v2\/types\/product"}],"replies":[{"embeddable":true,"href":"https:\/\/www.ceramicbasin.com\/fr\/wp-json\/wp\/v2\/comments?post=3244"}],"wp:featuredmedia":[{"embeddable":true,"href":"https:\/\/www.ceramicbasin.com\/fr\/wp-json\/wp\/v2\/media\/3245"}],"wp:attachment":[{"href":"https:\/\/www.ceramicbasin.com\/fr\/wp-json\/wp\/v2\/media?parent=3244"}],"wp:term":[{"taxonomy":"product_brand","embeddable":true,"href":"https:\/\/www.ceramicbasin.com\/fr\/wp-json\/wp\/v2\/product_brand?post=3244"},{"taxonomy":"product_cat","embeddable":true,"href":"https:\/\/www.ceramicbasin.com\/fr\/wp-json\/wp\/v2\/product_cat?post=3244"},{"taxonomy":"product_tag","embeddable":true,"href":"https:\/\/www.ceramicbasin.com\/fr\/wp-json\/wp\/v2\/product_tag?post=3244"}],"curies":[{"name":"wp","href":"https:\/\/api.w.org\/{rel}","templated":true}]}}