{"id":3262,"date":"2024-07-13T03:31:18","date_gmt":"2024-07-13T03:31:18","guid":{"rendered":"https:\/\/www.ceramicbasin.com\/?post_type=product&#038;p=3262"},"modified":"2024-07-27T01:25:19","modified_gmt":"2024-07-27T01:25:19","slug":"bulk-buy-bathroom-sinks","status":"publish","type":"product","link":"https:\/\/www.ceramicbasin.com\/fr\/produit\/bulk-buy-bathroom-sinks\/","title":{"rendered":"Bulk Buy Bathroom Sinks From HanYu Ceramic Sink Manufacturer"},"content":{"rendered":"<div class=\"wp-block-columns is-layout-flex wp-container-core-columns-is-layout-9d6595d7 wp-block-columns-is-layout-flex\">\n<div class=\"wp-block-column is-layout-flow wp-block-column-is-layout-flow\">\n<h2 class=\"wp-block-heading\">Premium Bulk Buy Bathroom Sinks Features :<\/h2>\n\n\n\n<ul class=\"wp-block-list\">\n<li><strong>Vente directe \u00e0 l'usine : <\/strong>Les \u00e9viers en c\u00e9ramique HanYu sont vendus directement par l'usine, ce qui \u00e9limine la diff\u00e9rence de prix des interm\u00e9diaires. L'achat en vrac d'\u00e9viers de salle de bain vous assure d'acheter des \u00e9viers de salle de bain de haute qualit\u00e9 en vrac au prix le plus bas.<\/li>\n\n\n\n<li><strong>Excellente qualit\u00e9 de fabrication :<\/strong> Chaque produit est con\u00e7u avec soin, \u00e0 l'aide d'une technologie de production \u00e0 haute pression et d'un contr\u00f4le de qualit\u00e9 strict, afin de garantir que l'\u00e9vier n'est pas seulement beau en apparence, mais aussi durable et facile \u00e0 nettoyer.<\/li>\n\n\n\n<li><strong>S\u00e9lection vari\u00e9e : <\/strong>HanYu propose une vari\u00e9t\u00e9 de styles, de tailles et de couleurs de lavabos de salle de bain en vrac, r\u00e9pondant aux besoins des diff\u00e9rents styles de salle de bain et s'int\u00e9grant facilement dans les diff\u00e9rents designs de d\u00e9coration.<\/li>\n\n\n\n<li><strong>Capacit\u00e9 de livraison rapide : <\/strong>Avec un inventaire et un r\u00e9seau logistique solides, nous promettons de r\u00e9pondre rapidement aux commandes d'\u00e9viers de salle de bain en vrac, d'assurer une livraison dans les d\u00e9lais et d'aider votre projet \u00e0 progresser.<\/li>\n<\/ul>\n<\/div>\n\n\n\n<div class=\"wp-block-column is-layout-flow wp-block-column-is-layout-flow\">\n<figure class=\"wp-block-image size-full\"><img fetchpriority=\"high\" decoding=\"async\" width=\"1345\" height=\"1787\" src=\"https:\/\/www.ceramicbasin.com\/wp-content\/uploads\/2024\/07\/bulk-buy-bathroom-sinks-from-hanyu-ceramic-sink-manufacturer-5.webp\" alt=\"bulk-buy-bathroom-sinks-from-hanyu-ceramic-sink-manufacturer-5\" class=\"wp-image-3267\" srcset=\"https:\/\/www.ceramicbasin.com\/wp-content\/uploads\/2024\/07\/bulk-buy-bathroom-sinks-from-hanyu-ceramic-sink-manufacturer-5.webp 1345w, https:\/\/www.ceramicbasin.com\/wp-content\/uploads\/2024\/07\/bulk-buy-bathroom-sinks-from-hanyu-ceramic-sink-manufacturer-5-226x300.webp 226w, https:\/\/www.ceramicbasin.com\/wp-content\/uploads\/2024\/07\/bulk-buy-bathroom-sinks-from-hanyu-ceramic-sink-manufacturer-5-768x1020.webp 768w, https:\/\/www.ceramicbasin.com\/wp-content\/uploads\/2024\/07\/bulk-buy-bathroom-sinks-from-hanyu-ceramic-sink-manufacturer-5-9x12.webp 9w, https:\/\/www.ceramicbasin.com\/wp-content\/uploads\/2024\/07\/bulk-buy-bathroom-sinks-from-hanyu-ceramic-sink-manufacturer-5-285x379.webp 285w, https:\/\/www.ceramicbasin.com\/wp-content\/uploads\/2024\/07\/bulk-buy-bathroom-sinks-from-hanyu-ceramic-sink-manufacturer-5-497x660.webp 497w, https:\/\/www.ceramicbasin.com\/wp-content\/uploads\/2024\/07\/bulk-buy-bathroom-sinks-from-hanyu-ceramic-sink-manufacturer-5-113x150.webp 113w\" sizes=\"(max-width: 1345px) 100vw, 1345px\" \/><\/figure>\n<\/div>\n<\/div>","protected":false},"excerpt":{"rendered":"<p>Achetez en gros des lavabos de salle de bain chez HanYu, obtenez les lavabos de salle de bain en gros les plus rentables. Nous r\u00e9pondons \u00e0 vos exigences \u00e9lev\u00e9es en mati\u00e8re d'\u00e9viers de salle de bain gr\u00e2ce \u00e0 notre excellent savoir-faire en mati\u00e8re de c\u00e9ramique et \u00e0 nos gammes de produits diversifi\u00e9es. La capacit\u00e9 de livraison rapide garantit que vous n'avez pas \u00e0 attendre longtemps, aidant ainsi votre projet \u00e0 progresser.<\/p>\n<table style=\"border-collapse: collapse; width: 311.02pt;\" border=\"0\" width=\"311\" cellspacing=\"0\" cellpadding=\"0\">\n<tbody>\n<tr style=\"height: 17.60pt;\">\n<td class=\"et3\" style=\"height: 17.60pt; width: 108.35pt;\" width=\"108\" height=\"17\">Fabricant<\/td>\n<td class=\"et3\" style=\"width: 202.95pt;\" width=\"202\">HanYu<\/td>\n<\/tr>\n<tr style=\"height: 17.60pt;\">\n<td class=\"et3\" style=\"height: 17.60pt;\" height=\"17\">Num\u00e9ro de mod\u00e8le.<\/td>\n<td class=\"et4\">HY-8153<\/td>\n<\/tr>\n<tr style=\"height: 17.60pt;\">\n<td class=\"et3\" style=\"height: 17.60pt;\" height=\"17\">Type<\/td>\n<td class=\"et3\">Bassin de comptoir<\/td>\n<\/tr>\n<tr style=\"height: 17.60pt;\">\n<td class=\"et3\" style=\"height: 17.60pt;\" height=\"17\">Forme<\/td>\n<td class=\"et3\">Forme rectangulaire<\/td>\n<\/tr>\n<tr style=\"height: 17.60pt;\">\n<td class=\"et4\" style=\"height: 17.60pt;\" height=\"17\">Couleur<\/td>\n<td class=\"et3\">Blanc<\/td>\n<\/tr>\n<tr style=\"height: 18.00pt;\">\n<td class=\"et3\" style=\"height: 18.00pt;\" height=\"18\">Dimension<\/td>\n<td class=\"et5\" style=\"width: 202.95pt;\" width=\"202\">55*35*14<\/td>\n<\/tr>\n<tr style=\"height: 17.60pt;\">\n<td class=\"et3\" style=\"height: 17.60pt;\" height=\"17\">N.W \/SET<\/td>\n<td class=\"et3\">10KGS\/PCS<\/td>\n<\/tr>\n<tr style=\"height: 17.60pt;\">\n<td class=\"et3\" style=\"height: 17.60pt;\" height=\"17\">MOQ<\/td>\n<td class=\"et3\">20pcs<\/td>\n<\/tr>\n<tr style=\"height: 17.60pt;\">\n<td class=\"et3\" style=\"height: 17.60pt;\" height=\"17\">Option personnalis\u00e9e<\/td>\n<td class=\"et3\">Couleur\/Pattenue\/Taille\/Logo\/Emballage<\/td>\n<\/tr>\n<\/tbody>\n<\/table>","protected":false},"featured_media":3268,"comment_status":"closed","ping_status":"closed","template":"","meta":{"_acf_changed":false},"product_brand":[],"product_cat":[50],"product_tag":[],"class_list":{"0":"post-3262","1":"product","2":"type-product","3":"status-publish","4":"has-post-thumbnail","6":"product_cat-wholesale-countertop-sinks","8":"first","9":"instock","10":"shipping-taxable","11":"product-type-simple"},"acf":[],"_links":{"self":[{"href":"https:\/\/www.ceramicbasin.com\/fr\/wp-json\/wp\/v2\/product\/3262","targetHints":{"allow":["GET"]}}],"collection":[{"href":"https:\/\/www.ceramicbasin.com\/fr\/wp-json\/wp\/v2\/product"}],"about":[{"href":"https:\/\/www.ceramicbasin.com\/fr\/wp-json\/wp\/v2\/types\/product"}],"replies":[{"embeddable":true,"href":"https:\/\/www.ceramicbasin.com\/fr\/wp-json\/wp\/v2\/comments?post=3262"}],"wp:featuredmedia":[{"embeddable":true,"href":"https:\/\/www.ceramicbasin.com\/fr\/wp-json\/wp\/v2\/media\/3268"}],"wp:attachment":[{"href":"https:\/\/www.ceramicbasin.com\/fr\/wp-json\/wp\/v2\/media?parent=3262"}],"wp:term":[{"taxonomy":"product_brand","embeddable":true,"href":"https:\/\/www.ceramicbasin.com\/fr\/wp-json\/wp\/v2\/product_brand?post=3262"},{"taxonomy":"product_cat","embeddable":true,"href":"https:\/\/www.ceramicbasin.com\/fr\/wp-json\/wp\/v2\/product_cat?post=3262"},{"taxonomy":"product_tag","embeddable":true,"href":"https:\/\/www.ceramicbasin.com\/fr\/wp-json\/wp\/v2\/product_tag?post=3262"}],"curies":[{"name":"wp","href":"https:\/\/api.w.org\/{rel}","templated":true}]}}