{"id":3275,"date":"2024-07-13T03:49:46","date_gmt":"2024-07-13T03:49:46","guid":{"rendered":"https:\/\/www.ceramicbasin.com\/?post_type=product&#038;p=3275"},"modified":"2024-11-09T07:09:57","modified_gmt":"2024-11-09T07:09:57","slug":"ceramic-basin-wholesale-top-counter","status":"publish","type":"product","link":"https:\/\/www.ceramicbasin.com\/fr\/produit\/ceramic-basin-wholesale-top-counter\/","title":{"rendered":"Hot Sales Ceramic Basin Wholesale Top Counter Mounting Basin"},"content":{"rendered":"<div class=\"wp-block-columns is-layout-flex wp-container-core-columns-is-layout-9d6595d7 wp-block-columns-is-layout-flex\">\n<div class=\"wp-block-column is-layout-flow wp-block-column-is-layout-flow\">\n<h2 class=\"wp-block-heading\">Cuvette en c\u00e9ramique de premi\u00e8re qualit\u00e9 Caract\u00e9ristiques en gros :<\/h2>\n\n\n\n<ul class=\"wp-block-list\">\n<li><strong>Vente \u00e0 chaud : <\/strong>Solide, durable, de couleur uniforme, facile \u00e0 nettoyer et \u00e0 entretenir, il augmente sa valeur. C'est la raison pour laquelle ce bassin en c\u00e9ramique est en t\u00eate du march\u00e9.<\/li>\n\n\n\n<li><strong>Mat\u00e9riau de premi\u00e8re qualit\u00e9 :<\/strong> Une mati\u00e8re premi\u00e8re c\u00e9ramique de haute qualit\u00e9 est utilis\u00e9e pour fabriquer cette vasque en c\u00e9ramique en gros fournie par HanYu. Cuite \u00e0 haute temp\u00e9rature, la texture cors\u00e9e pr\u00e9sente une surface lisse qui peut emp\u00eacher la salet\u00e9 de s'attacher efficacement.<\/li>\n\n\n\n<li><strong>Montage par le haut :<\/strong> Cette vasque en c\u00e9ramique est dot\u00e9e d'une m\u00e9thode unique de montage par le haut, stable et fiable. Elle permet d'\u00e9conomiser de l'espace, de r\u00e9pondre au sentiment de modernit\u00e9 dans la salle de bains et de s'adapter \u00e0 diff\u00e9rents styles de d\u00e9coration.<\/li>\n\n\n\n<li><strong>Remise en gros : <\/strong>Nous fournissons une remise de gros pour cette vasque en c\u00e9ramique en gros afin de r\u00e9pondre aux exigences des projets commerciaux et de la d\u00e9coration r\u00e9sidentielle \u00e0 grande \u00e9chelle.<\/li>\n<\/ul>\n<\/div>\n\n\n\n<div class=\"wp-block-column is-layout-flow wp-block-column-is-layout-flow\">\n<figure class=\"wp-block-image size-full\"><img fetchpriority=\"high\" decoding=\"async\" width=\"827\" height=\"1240\" src=\"https:\/\/www.ceramicbasin.com\/wp-content\/uploads\/2024\/07\/hot-sales-ceramic-basin-wholesale-top-counter-mounting-basin-6.webp\" alt=\"Hot Sales Ceramic Basin Wholesale Top Counter Mounting Basin-1\" class=\"wp-image-3284\" srcset=\"https:\/\/www.ceramicbasin.com\/wp-content\/uploads\/2024\/07\/hot-sales-ceramic-basin-wholesale-top-counter-mounting-basin-6.webp 827w, https:\/\/www.ceramicbasin.com\/wp-content\/uploads\/2024\/07\/hot-sales-ceramic-basin-wholesale-top-counter-mounting-basin-6-200x300.webp 200w, https:\/\/www.ceramicbasin.com\/wp-content\/uploads\/2024\/07\/hot-sales-ceramic-basin-wholesale-top-counter-mounting-basin-6-768x1152.webp 768w, https:\/\/www.ceramicbasin.com\/wp-content\/uploads\/2024\/07\/hot-sales-ceramic-basin-wholesale-top-counter-mounting-basin-6-8x12.webp 8w, https:\/\/www.ceramicbasin.com\/wp-content\/uploads\/2024\/07\/hot-sales-ceramic-basin-wholesale-top-counter-mounting-basin-6-285x427.webp 285w, https:\/\/www.ceramicbasin.com\/wp-content\/uploads\/2024\/07\/hot-sales-ceramic-basin-wholesale-top-counter-mounting-basin-6-440x660.webp 440w, https:\/\/www.ceramicbasin.com\/wp-content\/uploads\/2024\/07\/hot-sales-ceramic-basin-wholesale-top-counter-mounting-basin-6-100x150.webp 100w\" sizes=\"(max-width: 827px) 100vw, 827px\" \/><\/figure>\n<\/div>\n<\/div>","protected":false},"excerpt":{"rendered":"<p>Bienvenue sur le site d'achat en gros de bassins en c\u00e9ramique. L'excellente qualit\u00e9 et la large reconnaissance du march\u00e9 ont fait de ce bassin en c\u00e9ramique en gros le premier choix des familles et des lieux commerciaux. Un mat\u00e9riau c\u00e9ramique de qualit\u00e9 sup\u00e9rieure est utilis\u00e9 pour le corps principal du produit, associ\u00e9 \u00e0 un savoir-faire exquis. Chaque produit est d'une durabilit\u00e9 et d'une beaut\u00e9 excellentes.<\/p>\n<table style=\"border-collapse: collapse; width: 311.02pt;\" border=\"0\" width=\"311\" cellspacing=\"0\" cellpadding=\"0\">\n<tbody>\n<tr style=\"height: 17.60pt;\">\n<td class=\"et3\" style=\"height: 17.60pt; width: 108.35pt;\" width=\"108\" height=\"17\">Fabricant<\/td>\n<td class=\"et3\" style=\"width: 202.95pt;\" width=\"202\">HanYu<\/td>\n<\/tr>\n<tr style=\"height: 17.60pt;\">\n<td class=\"et3\" style=\"height: 17.60pt;\" height=\"17\">Num\u00e9ro de mod\u00e8le.<\/td>\n<td class=\"et4\">HY-8175-60<\/td>\n<\/tr>\n<tr style=\"height: 17.60pt;\">\n<td class=\"et3\" style=\"height: 17.60pt;\" height=\"17\">Type<\/td>\n<td class=\"et3\">Bassin de comptoir<\/td>\n<\/tr>\n<tr style=\"height: 17.60pt;\">\n<td class=\"et3\" style=\"height: 17.60pt;\" height=\"17\">Forme<\/td>\n<td class=\"et3\">Forme rectangulaire<\/td>\n<\/tr>\n<tr style=\"height: 17.60pt;\">\n<td class=\"et4\" style=\"height: 17.60pt;\" height=\"17\">Couleur<\/td>\n<td class=\"et3\">Blanc<\/td>\n<\/tr>\n<tr style=\"height: 18.00pt;\">\n<td class=\"et3\" style=\"height: 18.00pt;\" height=\"18\">Dimension<\/td>\n<td class=\"et5\" style=\"width: 202.95pt;\" width=\"202\">60*45*16.5<\/td>\n<\/tr>\n<tr style=\"height: 17.60pt;\">\n<td class=\"et3\" style=\"height: 17.60pt;\" height=\"17\">N.W \/SET<\/td>\n<td class=\"et3\">21KGS\/PCS<\/td>\n<\/tr>\n<tr style=\"height: 17.60pt;\">\n<td class=\"et3\" style=\"height: 17.60pt;\" height=\"17\">MOQ<\/td>\n<td class=\"et3\">20pcs<\/td>\n<\/tr>\n<tr style=\"height: 17.60pt;\">\n<td class=\"et3\" style=\"height: 17.60pt;\" height=\"17\">Option personnalis\u00e9e<\/td>\n<td class=\"et3\">Couleur\/Pattenue\/Taille\/Logo\/Emballage<\/td>\n<\/tr>\n<\/tbody>\n<\/table>","protected":false},"featured_media":3279,"comment_status":"closed","ping_status":"closed","template":"","meta":{"_acf_changed":false},"product_brand":[],"product_cat":[50],"product_tag":[],"class_list":{"0":"post-3275","1":"product","2":"type-product","3":"status-publish","4":"has-post-thumbnail","6":"product_cat-wholesale-countertop-sinks","8":"first","9":"instock","10":"shipping-taxable","11":"product-type-simple"},"acf":[],"_links":{"self":[{"href":"https:\/\/www.ceramicbasin.com\/fr\/wp-json\/wp\/v2\/product\/3275","targetHints":{"allow":["GET"]}}],"collection":[{"href":"https:\/\/www.ceramicbasin.com\/fr\/wp-json\/wp\/v2\/product"}],"about":[{"href":"https:\/\/www.ceramicbasin.com\/fr\/wp-json\/wp\/v2\/types\/product"}],"replies":[{"embeddable":true,"href":"https:\/\/www.ceramicbasin.com\/fr\/wp-json\/wp\/v2\/comments?post=3275"}],"wp:featuredmedia":[{"embeddable":true,"href":"https:\/\/www.ceramicbasin.com\/fr\/wp-json\/wp\/v2\/media\/3279"}],"wp:attachment":[{"href":"https:\/\/www.ceramicbasin.com\/fr\/wp-json\/wp\/v2\/media?parent=3275"}],"wp:term":[{"taxonomy":"product_brand","embeddable":true,"href":"https:\/\/www.ceramicbasin.com\/fr\/wp-json\/wp\/v2\/product_brand?post=3275"},{"taxonomy":"product_cat","embeddable":true,"href":"https:\/\/www.ceramicbasin.com\/fr\/wp-json\/wp\/v2\/product_cat?post=3275"},{"taxonomy":"product_tag","embeddable":true,"href":"https:\/\/www.ceramicbasin.com\/fr\/wp-json\/wp\/v2\/product_tag?post=3275"}],"curies":[{"name":"wp","href":"https:\/\/api.w.org\/{rel}","templated":true}]}}