{"id":3308,"date":"2024-07-13T06:22:00","date_gmt":"2024-07-13T06:22:00","guid":{"rendered":"https:\/\/www.ceramicbasin.com\/?post_type=product&#038;p=3308"},"modified":"2024-11-02T01:34:50","modified_gmt":"2024-11-02T01:34:50","slug":"wall-hung-small-sinks-wholesale","status":"publish","type":"product","link":"https:\/\/www.ceramicbasin.com\/fr\/produit\/wall-hung-small-sinks-wholesale\/","title":{"rendered":"Petits lavabos rectangulaires suspendus Wholesale For Bathroom"},"content":{"rendered":"<div class=\"wp-block-columns is-layout-flex wp-container-core-columns-is-layout-9d6595d7 wp-block-columns-is-layout-flex\">\n<div class=\"wp-block-column is-layout-flow wp-block-column-is-layout-flow\">\n<h2 class=\"wp-block-heading\">Premium Small Sinks Wholesale Caract\u00e9ristiques :<\/h2>\n\n\n\n<ul class=\"wp-block-list\">\n<li><strong>Conception compacte : <\/strong>Nos petits lavabos muraux sont adapt\u00e9s aux petits espaces. Ils sont compacts et relativement petits, mais fonctionnels et conviennent parfaitement aux petites salles de bains ou aux espaces restreints.<\/li>\n\n\n\n<li><strong>C\u00e9ramique de haute qualit\u00e9 :<\/strong> Notre lavabo mural en gros est fabriqu\u00e9 \u00e0 partir de mat\u00e9riaux c\u00e9ramiques de haute qualit\u00e9 et d'un travail artisanal minutieux afin de garantir la stabilit\u00e9 de la structure de l'\u00e9vier ; la surface est lisse et facile \u00e0 nettoyer, et donc durable.<\/li>\n\n\n\n<li><strong>Installation murale : <\/strong>L'installation murale de ces petits lavabos en gros permet de gagner de l'espace au sol et de faciliter le travail de nettoyage en dessous, ce qui donne visuellement un aspect plus ordonn\u00e9 et plus ouvert \u00e0 l'ensemble de l'espace de la salle de bains.<\/li>\n\n\n\n<li><strong>Remise pour achat en gros : <\/strong>En tant que fabricant de lavabos de salle de bain en gros, nous proposons des lavabos muraux en gros \u00e0 des prix comp\u00e9titifs. Les achats en gros b\u00e9n\u00e9ficient de plus de remises, ce qui convient aux projets commerciaux ou aux besoins de d\u00e9coration r\u00e9sidentielle en gros.<\/li>\n<\/ul>\n<\/div>\n\n\n\n<div class=\"wp-block-column is-layout-flow wp-block-column-is-layout-flow\">\n<figure class=\"wp-block-image size-full\"><img fetchpriority=\"high\" decoding=\"async\" width=\"617\" height=\"831\" src=\"https:\/\/www.ceramicbasin.com\/wp-content\/uploads\/2024\/07\/rectangular-wall-hung-small-sinks-wholesale-for-bathroom-8.webp\" alt=\"lavabos-petits-murs-rectangulaires-en-gros-pour-salle-de-bain-8\" class=\"wp-image-3316\" srcset=\"https:\/\/www.ceramicbasin.com\/wp-content\/uploads\/2024\/07\/rectangular-wall-hung-small-sinks-wholesale-for-bathroom-8.webp 617w, https:\/\/www.ceramicbasin.com\/wp-content\/uploads\/2024\/07\/rectangular-wall-hung-small-sinks-wholesale-for-bathroom-8-223x300.webp 223w, https:\/\/www.ceramicbasin.com\/wp-content\/uploads\/2024\/07\/rectangular-wall-hung-small-sinks-wholesale-for-bathroom-8-9x12.webp 9w, https:\/\/www.ceramicbasin.com\/wp-content\/uploads\/2024\/07\/rectangular-wall-hung-small-sinks-wholesale-for-bathroom-8-285x384.webp 285w, https:\/\/www.ceramicbasin.com\/wp-content\/uploads\/2024\/07\/rectangular-wall-hung-small-sinks-wholesale-for-bathroom-8-490x660.webp 490w, https:\/\/www.ceramicbasin.com\/wp-content\/uploads\/2024\/07\/rectangular-wall-hung-small-sinks-wholesale-for-bathroom-8-111x150.webp 111w\" sizes=\"(max-width: 617px) 100vw, 617px\" \/><\/figure>\n<\/div>\n<\/div>","protected":false},"excerpt":{"rendered":"<p>Bienvenue sur le site d'achat en gros de vasques en c\u00e9ramique. Nos petits lavabos muraux sont con\u00e7us pour offrir une excellente combinaison de praticit\u00e9 et de beaut\u00e9. Ils sont robustes et faciles \u00e0 nettoyer, et conviennent donc parfaitement aux salles de bains de petite taille. Le design rectangulaire compact et les m\u00e9thodes d'installation murale permettent d'utiliser l'espace mural au maximum. L'avantage de l'achat en gros est qu'il s'agit d'un choix rentable pour les projets commerciaux et la d\u00e9coration r\u00e9sidentielle.<\/p>\n<table style=\"border-collapse: collapse; width: 311.02pt;\" border=\"0\" width=\"311\" cellspacing=\"0\" cellpadding=\"0\">\n<tbody>\n<tr style=\"height: 17.60pt;\">\n<td class=\"et3\" style=\"height: 17.60pt; width: 108.35pt;\" width=\"108\" height=\"17\">Fabricant<\/td>\n<td class=\"et3\" style=\"width: 202.95pt;\" width=\"202\">HanYu<\/td>\n<\/tr>\n<tr style=\"height: 17.60pt;\">\n<td class=\"et3\" style=\"height: 17.60pt;\" height=\"17\">Num\u00e9ro de mod\u00e8le.<\/td>\n<td class=\"et4\">HY3053<\/td>\n<\/tr>\n<tr style=\"height: 17.60pt;\">\n<td class=\"et3\" style=\"height: 17.60pt;\" height=\"17\">Type<\/td>\n<td class=\"et3\">Cuvette murale, Petite cuvette<\/td>\n<\/tr>\n<tr style=\"height: 17.60pt;\">\n<td class=\"et3\" style=\"height: 17.60pt;\" height=\"17\">Forme<\/td>\n<td class=\"et3\">Forme rectangulaire<\/td>\n<\/tr>\n<tr style=\"height: 17.60pt;\">\n<td class=\"et4\" style=\"height: 17.60pt;\" height=\"17\">Couleur<\/td>\n<td class=\"et3\">Blanc<\/td>\n<\/tr>\n<tr style=\"height: 18.00pt;\">\n<td class=\"et3\" style=\"height: 18.00pt;\" height=\"18\">Dimension<\/td>\n<td class=\"et5\" style=\"width: 202.95pt;\" width=\"202\">36*28*19<\/td>\n<\/tr>\n<tr style=\"height: 17.60pt;\">\n<td class=\"et3\" style=\"height: 17.60pt;\" height=\"17\">N.W \/SET<\/td>\n<td class=\"et3\">5.3KGS\/PCS<\/td>\n<\/tr>\n<tr style=\"height: 17.60pt;\">\n<td class=\"et3\" style=\"height: 17.60pt;\" height=\"17\">MOQ<\/td>\n<td class=\"et3\">20pcs<\/td>\n<\/tr>\n<tr style=\"height: 17.60pt;\">\n<td class=\"et3\" style=\"height: 17.60pt;\" height=\"17\">Option personnalis\u00e9e<\/td>\n<td class=\"et3\">Couleur\/Pattenue\/Taille\/Logo\/Emballage<\/td>\n<\/tr>\n<\/tbody>\n<\/table>","protected":false},"featured_media":3309,"comment_status":"closed","ping_status":"closed","template":"","meta":{"_acf_changed":false},"product_brand":[],"product_cat":[56],"product_tag":[],"class_list":{"0":"post-3308","1":"product","2":"type-product","3":"status-publish","4":"has-post-thumbnail","6":"product_cat-wholesale-small-bathroom-sinks","8":"first","9":"instock","10":"shipping-taxable","11":"product-type-simple"},"acf":[],"_links":{"self":[{"href":"https:\/\/www.ceramicbasin.com\/fr\/wp-json\/wp\/v2\/product\/3308","targetHints":{"allow":["GET"]}}],"collection":[{"href":"https:\/\/www.ceramicbasin.com\/fr\/wp-json\/wp\/v2\/product"}],"about":[{"href":"https:\/\/www.ceramicbasin.com\/fr\/wp-json\/wp\/v2\/types\/product"}],"replies":[{"embeddable":true,"href":"https:\/\/www.ceramicbasin.com\/fr\/wp-json\/wp\/v2\/comments?post=3308"}],"wp:featuredmedia":[{"embeddable":true,"href":"https:\/\/www.ceramicbasin.com\/fr\/wp-json\/wp\/v2\/media\/3309"}],"wp:attachment":[{"href":"https:\/\/www.ceramicbasin.com\/fr\/wp-json\/wp\/v2\/media?parent=3308"}],"wp:term":[{"taxonomy":"product_brand","embeddable":true,"href":"https:\/\/www.ceramicbasin.com\/fr\/wp-json\/wp\/v2\/product_brand?post=3308"},{"taxonomy":"product_cat","embeddable":true,"href":"https:\/\/www.ceramicbasin.com\/fr\/wp-json\/wp\/v2\/product_cat?post=3308"},{"taxonomy":"product_tag","embeddable":true,"href":"https:\/\/www.ceramicbasin.com\/fr\/wp-json\/wp\/v2\/product_tag?post=3308"}],"curies":[{"name":"wp","href":"https:\/\/api.w.org\/{rel}","templated":true}]}}