{"id":3317,"date":"2024-07-13T06:42:23","date_gmt":"2024-07-13T06:42:23","guid":{"rendered":"https:\/\/www.ceramicbasin.com\/?post_type=product&#038;p=3317"},"modified":"2025-10-24T02:52:07","modified_gmt":"2025-10-24T02:52:07","slug":"hot-sale-wholesale-wall-hung-basin","status":"publish","type":"product","link":"https:\/\/www.ceramicbasin.com\/fr\/produit\/hot-sale-wholesale-wall-hung-basin\/","title":{"rendered":"Factory Wholesale Wall Hung Basin, In Stock With Great Price"},"content":{"rendered":"<div class=\"wp-block-columns is-layout-flex wp-container-core-columns-is-layout-9d6595d7 wp-block-columns-is-layout-flex\">\n<div class=\"wp-block-column is-layout-flow wp-block-column-is-layout-flow\">\n<h2 class=\"wp-block-heading\">Premium Wholesale Wall Hung Basin Caract\u00e9ristiques :<\/h2>\n\n\n\n<ul class=\"wp-block-list\">\n<li><strong>Style de vente \u00e0 chaud :<\/strong> Ce bassin suspendu en gros est un produit tr\u00e8s vendu sur le march\u00e9, qui est tr\u00e8s appr\u00e9ci\u00e9 par les utilisateurs, avec une excellente qualit\u00e9 et un design \u00e0 la mode.<\/li>\n\n\n\n<li><strong>Mat\u00e9riaux de haute qualit\u00e9 :<\/strong> Fabriqu\u00e9 \u00e0 partir de mat\u00e9riaux c\u00e9ramiques de qualit\u00e9 sup\u00e9rieure et associ\u00e9 \u00e0 une technologie de cuisson exquise, ce lavabo mural pr\u00e9sente une surface lisse et d\u00e9licate, une structure solide et une durabilit\u00e9 \u00e0 long terme.<\/li>\n\n\n\n<li><strong>Inventaire ad\u00e9quat : <\/strong>Notre grossiste en bassin suspendu dispose d'une grande quantit\u00e9 de r\u00e9serves afin d'assurer une r\u00e9ponse rapide \u00e0 vos commandes et une livraison rapide pour r\u00e9pondre aux besoins urgents de d\u00e9coration ou d'achat en gros.<\/li>\n\n\n\n<li><strong>Prix r\u00e9duit : <\/strong>HanYu propose des prix tr\u00e8s comp\u00e9titifs pour les vasques murales en gros. Nous vous invitons \u00e0 acheter en gros pour b\u00e9n\u00e9ficier de plus de remises et r\u00e9duire le co\u00fbt total de la d\u00e9coration.<\/li>\n<\/ul>\n<\/div>\n\n\n\n<div class=\"wp-block-column is-layout-flow wp-block-column-is-layout-flow\">\n<figure class=\"wp-block-image size-full\"><img fetchpriority=\"high\" decoding=\"async\" width=\"663\" height=\"845\" src=\"https:\/\/www.ceramicbasin.com\/wp-content\/uploads\/2024\/07\/hot-sale-wholesale-wall-hung-basin-in-stock-with-good-price-8.webp\" alt=\"hot-sale-wholesale-wall-hung-basin-in-stock-with-good-price-8\" class=\"wp-image-3325\" srcset=\"https:\/\/www.ceramicbasin.com\/wp-content\/uploads\/2024\/07\/hot-sale-wholesale-wall-hung-basin-in-stock-with-good-price-8.webp 663w, https:\/\/www.ceramicbasin.com\/wp-content\/uploads\/2024\/07\/hot-sale-wholesale-wall-hung-basin-in-stock-with-good-price-8-235x300.webp 235w, https:\/\/www.ceramicbasin.com\/wp-content\/uploads\/2024\/07\/hot-sale-wholesale-wall-hung-basin-in-stock-with-good-price-8-9x12.webp 9w, https:\/\/www.ceramicbasin.com\/wp-content\/uploads\/2024\/07\/hot-sale-wholesale-wall-hung-basin-in-stock-with-good-price-8-285x363.webp 285w, https:\/\/www.ceramicbasin.com\/wp-content\/uploads\/2024\/07\/hot-sale-wholesale-wall-hung-basin-in-stock-with-good-price-8-518x660.webp 518w, https:\/\/www.ceramicbasin.com\/wp-content\/uploads\/2024\/07\/hot-sale-wholesale-wall-hung-basin-in-stock-with-good-price-8-118x150.webp 118w\" sizes=\"(max-width: 663px) 100vw, 663px\" \/><\/figure>\n<\/div>\n<\/div>","protected":false},"excerpt":{"rendered":"<p>Bienvenue sur le site de commande en gros de lavabos de salle de bains suspendus. Ce lavabo mural en gros est devenu le choix pr\u00e9f\u00e9r\u00e9 de nombreux consommateurs et projets commerciaux gr\u00e2ce \u00e0 sa bonne r\u00e9putation sur le march\u00e9. La combinaison de mat\u00e9riaux de haute qualit\u00e9 et d'un savoir-faire exquis garantit la beaut\u00e9 et la durabilit\u00e9 de la vasque.\u00a0<\/p>\n<table style=\"border-collapse: collapse; width: 358.52pt;\" border=\"0\" width=\"478\" cellspacing=\"0\" cellpadding=\"0\">\n<tbody>\n<tr style=\"height: 17.25pt;\">\n<td class=\"et3\" style=\"height: 17.25pt; width: 125.00pt;\" width=\"166\" height=\"23\">Fabricant<\/td>\n<td class=\"et3\" style=\"width: 234.15pt;\" width=\"312\">HanYu<\/td>\n<\/tr>\n<tr style=\"height: 17.25pt;\">\n<td class=\"et3\" style=\"height: 17.25pt;\" height=\"23\">Num\u00e9ro de mod\u00e8le.<\/td>\n<td class=\"et4\">HY-3078A<\/td>\n<\/tr>\n<tr style=\"height: 17.25pt;\">\n<td class=\"et3\" style=\"height: 17.25pt;\" height=\"23\">Type<\/td>\n<td class=\"et5\" style=\"width: 234.15pt;\" width=\"312\">\u00c9viers muraux<\/td>\n<\/tr>\n<tr style=\"height: 18.00pt;\">\n<td class=\"et3\" style=\"height: 18.00pt;\" height=\"24\">Forme<\/td>\n<td class=\"et3\">Forme rectangulaire<\/td>\n<\/tr>\n<tr style=\"height: 34.50pt;\">\n<td class=\"et4\" style=\"height: 34.50pt;\" height=\"46\">Couleur<\/td>\n<td class=\"et5\" style=\"width: 234.15pt;\" width=\"312\">noir\/blanc\/bleu\/gris\/rose\/vert\/marron\/kaki<\/td>\n<\/tr>\n<tr style=\"height: 18.00pt;\">\n<td class=\"et3\" style=\"height: 18.00pt;\" height=\"24\">Dimension<\/td>\n<td class=\"et5\" style=\"width: 234.15pt;\" width=\"312\">42*29.5*12.5<\/td>\n<\/tr>\n<tr style=\"height: 17.25pt;\">\n<td class=\"et3\" style=\"height: 17.25pt;\" height=\"23\">N.W \/SET<\/td>\n<td class=\"et3\">6.5KGS\/PCS<\/td>\n<\/tr>\n<tr style=\"height: 17.25pt;\">\n<td class=\"et3\" style=\"height: 17.25pt;\" height=\"23\">MOQ<\/td>\n<td class=\"et3\">20pcs<\/td>\n<\/tr>\n<tr style=\"height: 17.25pt;\">\n<td class=\"et3\" style=\"height: 17.25pt;\" height=\"23\">Option personnalis\u00e9e<\/td>\n<td class=\"et3\">Couleur\/Pattenue\/Taille\/Logo\/Emballage<\/td>\n<\/tr>\n<\/tbody>\n<\/table>\n<p>&nbsp;<\/p>","protected":false},"featured_media":3323,"comment_status":"closed","ping_status":"closed","template":"","meta":{"_acf_changed":false},"product_brand":[],"product_cat":[57],"product_tag":[],"class_list":{"0":"post-3317","1":"product","2":"type-product","3":"status-publish","4":"has-post-thumbnail","6":"product_cat-wholesale-wall-mounted-sinks","8":"first","9":"instock","10":"shipping-taxable","11":"product-type-simple"},"acf":[],"_links":{"self":[{"href":"https:\/\/www.ceramicbasin.com\/fr\/wp-json\/wp\/v2\/product\/3317","targetHints":{"allow":["GET"]}}],"collection":[{"href":"https:\/\/www.ceramicbasin.com\/fr\/wp-json\/wp\/v2\/product"}],"about":[{"href":"https:\/\/www.ceramicbasin.com\/fr\/wp-json\/wp\/v2\/types\/product"}],"replies":[{"embeddable":true,"href":"https:\/\/www.ceramicbasin.com\/fr\/wp-json\/wp\/v2\/comments?post=3317"}],"wp:featuredmedia":[{"embeddable":true,"href":"https:\/\/www.ceramicbasin.com\/fr\/wp-json\/wp\/v2\/media\/3323"}],"wp:attachment":[{"href":"https:\/\/www.ceramicbasin.com\/fr\/wp-json\/wp\/v2\/media?parent=3317"}],"wp:term":[{"taxonomy":"product_brand","embeddable":true,"href":"https:\/\/www.ceramicbasin.com\/fr\/wp-json\/wp\/v2\/product_brand?post=3317"},{"taxonomy":"product_cat","embeddable":true,"href":"https:\/\/www.ceramicbasin.com\/fr\/wp-json\/wp\/v2\/product_cat?post=3317"},{"taxonomy":"product_tag","embeddable":true,"href":"https:\/\/www.ceramicbasin.com\/fr\/wp-json\/wp\/v2\/product_tag?post=3317"}],"curies":[{"name":"wp","href":"https:\/\/api.w.org\/{rel}","templated":true}]}}