{"id":3326,"date":"2024-07-13T06:58:38","date_gmt":"2024-07-13T06:58:38","guid":{"rendered":"https:\/\/www.ceramicbasin.com\/?post_type=product&#038;p=3326"},"modified":"2024-11-02T01:21:36","modified_gmt":"2024-11-02T01:21:36","slug":"wall-hung-basins-wholesale","status":"publish","type":"product","link":"https:\/\/www.ceramicbasin.com\/fr\/produit\/wall-hung-basins-wholesale\/","title":{"rendered":"Longs bassins \u00e9troits en porcelaine \u00e0 suspendre Wholesale pour petites salles de bains"},"content":{"rendered":"<div class=\"wp-block-columns is-layout-flex wp-container-core-columns-is-layout-9d6595d7 wp-block-columns-is-layout-flex\">\n<div class=\"wp-block-column is-layout-flow wp-block-column-is-layout-flow\">\n<h2 class=\"wp-block-heading\">Premium Wall Hung Basins Wholesale Caract\u00e9ristiques :<\/h2>\n\n\n\n<ul class=\"wp-block-list\">\n<li><strong>Conception de l'optimisation de l'espace :<\/strong> Ces lavabos muraux longs et \u00e9troits conviennent particuli\u00e8rement aux petites salles de bains et am\u00e9liorent l'utilisation de l'espace.<\/li>\n\n\n\n<li><strong>Fabriqu\u00e9 en porcelaine de haute qualit\u00e9 :<\/strong> Nos vasques suspendues s\u00e9lectionnent en gros de l'argile porcelaine de haute qualit\u00e9 et sont cuites \u00e0 haute temp\u00e9rature pour garantir que les vasques ont une texture solide, une surface lisse, sont faciles \u00e0 nettoyer et brillent durablement.<\/li>\n\n\n\n<li><strong>Installation murale : <\/strong>La conception murale permet non seulement d'\u00e9conomiser de l'espace, mais aussi de faciliter le nettoyage du sol en dessous, ce qui permet de garder la salle de bains propre et de cr\u00e9er un environnement d'utilisation rafra\u00eechissant.<\/li>\n\n\n\n<li><strong>\u00c9conomies sur les achats en gros : <\/strong>En tant que fabricant en gros de bassins en c\u00e9ramique, HanYu peut vous fournir des prix d'achat comp\u00e9titifs pour vous aider \u00e0 contr\u00f4ler efficacement les co\u00fbts de d\u00e9coration sans sacrifier la qualit\u00e9.<\/li>\n<\/ul>\n<\/div>\n\n\n\n<div class=\"wp-block-column is-layout-flow wp-block-column-is-layout-flow\">\n<figure class=\"wp-block-image size-full\"><img fetchpriority=\"high\" decoding=\"async\" width=\"1346\" height=\"1786\" src=\"https:\/\/www.ceramicbasin.com\/wp-content\/uploads\/2024\/07\/porcelain-wall-hung-basins-wholesale-for-tiny-bathroom-6.webp\" alt=\"lavabos en porcelaine \u00e0 suspendre - vente en gros pour petites salles de bains - 6\" class=\"wp-image-3332\" srcset=\"https:\/\/www.ceramicbasin.com\/wp-content\/uploads\/2024\/07\/porcelain-wall-hung-basins-wholesale-for-tiny-bathroom-6.webp 1346w, https:\/\/www.ceramicbasin.com\/wp-content\/uploads\/2024\/07\/porcelain-wall-hung-basins-wholesale-for-tiny-bathroom-6-226x300.webp 226w, https:\/\/www.ceramicbasin.com\/wp-content\/uploads\/2024\/07\/porcelain-wall-hung-basins-wholesale-for-tiny-bathroom-6-768x1019.webp 768w, https:\/\/www.ceramicbasin.com\/wp-content\/uploads\/2024\/07\/porcelain-wall-hung-basins-wholesale-for-tiny-bathroom-6-9x12.webp 9w, https:\/\/www.ceramicbasin.com\/wp-content\/uploads\/2024\/07\/porcelain-wall-hung-basins-wholesale-for-tiny-bathroom-6-285x378.webp 285w, https:\/\/www.ceramicbasin.com\/wp-content\/uploads\/2024\/07\/porcelain-wall-hung-basins-wholesale-for-tiny-bathroom-6-497x660.webp 497w, https:\/\/www.ceramicbasin.com\/wp-content\/uploads\/2024\/07\/porcelain-wall-hung-basins-wholesale-for-tiny-bathroom-6-113x150.webp 113w\" sizes=\"(max-width: 1346px) 100vw, 1346px\" \/><\/figure>\n<\/div>\n<\/div>","protected":false},"excerpt":{"rendered":"<p>Bienvenue pour acheter des lavabos de salle de bain en gros. Nos lavabos suspendus sont con\u00e7us pour les salles de bains compactes. Son design innovant de bandes longues et \u00e9troites permet d'utiliser pleinement l'espace. La s\u00e9lection d'argile porcelaine de haute qualit\u00e9 combin\u00e9e \u00e0 un artisanat de qualit\u00e9 garantit la beaut\u00e9 et la durabilit\u00e9. Avec des prix d'achat en gros, il est tr\u00e8s appropri\u00e9 pour les besoins d'achat \u00e0 grande \u00e9chelle des projets commerciaux ou de la d\u00e9coration r\u00e9sidentielle.<\/p>\n<table style=\"border-collapse: collapse; width: 311.02pt;\" border=\"0\" width=\"311\" cellspacing=\"0\" cellpadding=\"0\">\n<tbody>\n<tr style=\"height: 17.60pt;\">\n<td class=\"et3\" style=\"height: 17.60pt; width: 108.35pt;\" width=\"108\" height=\"17\">Fabricant<\/td>\n<td class=\"et3\" style=\"width: 202.95pt;\" width=\"202\">HanYu<\/td>\n<\/tr>\n<tr style=\"height: 17.60pt;\">\n<td class=\"et3\" style=\"height: 17.60pt;\" height=\"17\">Num\u00e9ro de mod\u00e8le.<\/td>\n<td class=\"et4\">HY3107<\/td>\n<\/tr>\n<tr style=\"height: 17.60pt;\">\n<td class=\"et3\" style=\"height: 17.60pt;\" height=\"17\">Type<\/td>\n<td class=\"et3\">Cuvette murale, Petite cuvette<\/td>\n<\/tr>\n<tr style=\"height: 17.60pt;\">\n<td class=\"et3\" style=\"height: 17.60pt;\" height=\"17\">Forme<\/td>\n<td class=\"et3\">Forme rectangulaire<\/td>\n<\/tr>\n<tr style=\"height: 17.60pt;\">\n<td class=\"et4\" style=\"height: 17.60pt;\" height=\"17\">Couleur<\/td>\n<td class=\"et3\">Blanc<\/td>\n<\/tr>\n<tr style=\"height: 18.00pt;\">\n<td class=\"et3\" style=\"height: 18.00pt;\" height=\"18\">Dimension<\/td>\n<td class=\"et5\" style=\"width: 202.95pt;\" width=\"202\">50*20*9<\/td>\n<\/tr>\n<tr style=\"height: 17.60pt;\">\n<td class=\"et3\" style=\"height: 17.60pt;\" height=\"17\">N.W \/SET<\/td>\n<td class=\"et3\">8KGS\/PCS<\/td>\n<\/tr>\n<tr style=\"height: 17.60pt;\">\n<td class=\"et3\" style=\"height: 17.60pt;\" height=\"17\">MOQ<\/td>\n<td class=\"et3\">20pcs<\/td>\n<\/tr>\n<tr style=\"height: 17.60pt;\">\n<td class=\"et3\" style=\"height: 17.60pt;\" height=\"17\">Option personnalis\u00e9e<\/td>\n<td class=\"et3\">Couleur\/Pattenue\/Taille\/Logo\/Emballage<\/td>\n<\/tr>\n<\/tbody>\n<\/table>","protected":false},"featured_media":3328,"comment_status":"closed","ping_status":"closed","template":"","meta":{"_acf_changed":false},"product_brand":[],"product_cat":[56],"product_tag":[],"class_list":{"0":"post-3326","1":"product","2":"type-product","3":"status-publish","4":"has-post-thumbnail","6":"product_cat-wholesale-small-bathroom-sinks","8":"first","9":"instock","10":"shipping-taxable","11":"product-type-simple"},"acf":[],"_links":{"self":[{"href":"https:\/\/www.ceramicbasin.com\/fr\/wp-json\/wp\/v2\/product\/3326","targetHints":{"allow":["GET"]}}],"collection":[{"href":"https:\/\/www.ceramicbasin.com\/fr\/wp-json\/wp\/v2\/product"}],"about":[{"href":"https:\/\/www.ceramicbasin.com\/fr\/wp-json\/wp\/v2\/types\/product"}],"replies":[{"embeddable":true,"href":"https:\/\/www.ceramicbasin.com\/fr\/wp-json\/wp\/v2\/comments?post=3326"}],"wp:featuredmedia":[{"embeddable":true,"href":"https:\/\/www.ceramicbasin.com\/fr\/wp-json\/wp\/v2\/media\/3328"}],"wp:attachment":[{"href":"https:\/\/www.ceramicbasin.com\/fr\/wp-json\/wp\/v2\/media?parent=3326"}],"wp:term":[{"taxonomy":"product_brand","embeddable":true,"href":"https:\/\/www.ceramicbasin.com\/fr\/wp-json\/wp\/v2\/product_brand?post=3326"},{"taxonomy":"product_cat","embeddable":true,"href":"https:\/\/www.ceramicbasin.com\/fr\/wp-json\/wp\/v2\/product_cat?post=3326"},{"taxonomy":"product_tag","embeddable":true,"href":"https:\/\/www.ceramicbasin.com\/fr\/wp-json\/wp\/v2\/product_tag?post=3326"}],"curies":[{"name":"wp","href":"https:\/\/api.w.org\/{rel}","templated":true}]}}