{"id":3333,"date":"2024-07-13T07:12:53","date_gmt":"2024-07-13T07:12:53","guid":{"rendered":"https:\/\/www.ceramicbasin.com\/?post_type=product&#038;p=3333"},"modified":"2024-11-02T01:16:50","modified_gmt":"2024-11-02T01:16:50","slug":"factory-supply-small-bathroom-sink","status":"publish","type":"product","link":"https:\/\/www.ceramicbasin.com\/fr\/produit\/factory-supply-small-bathroom-sink\/","title":{"rendered":"Factory Supply Small Bathroom Sink For Tiny Bathroom (Fourniture en usine d'un petit \u00e9vier de salle de bain pour une petite salle de bain)"},"content":{"rendered":"<div class=\"wp-block-columns is-layout-flex wp-container-core-columns-is-layout-9d6595d7 wp-block-columns-is-layout-flex\">\n<div class=\"wp-block-column is-layout-flow wp-block-column-is-layout-flow\">\n<h2 class=\"wp-block-heading\">Premium Factory Supply Small Bathroom Sink Features :<\/h2>\n\n\n\n<ul class=\"wp-block-list\">\n<li><strong>Conception de l'optimisation de l'espace :<\/strong> Ces lavabos muraux longs et \u00e9troits conviennent particuli\u00e8rement aux petites salles de bains et am\u00e9liorent l'utilisation de l'espace.<\/li>\n\n\n\n<li><strong>Fabriqu\u00e9 en porcelaine de haute qualit\u00e9 :<\/strong> Nos vasques suspendues s\u00e9lectionnent en gros de l'argile porcelaine de haute qualit\u00e9 et sont cuites \u00e0 haute temp\u00e9rature pour garantir que les vasques ont une texture solide, une surface lisse, sont faciles \u00e0 nettoyer et brillent durablement.<\/li>\n\n\n\n<li><strong>Installation murale : <\/strong>La conception murale permet non seulement d'\u00e9conomiser de l'espace, mais aussi de faciliter le nettoyage du sol en dessous, ce qui permet de garder la salle de bains propre et de cr\u00e9er un environnement d'utilisation rafra\u00eechissant.<\/li>\n\n\n\n<li><strong>\u00c9conomies sur les achats en gros : <\/strong>En tant que fabricant en gros de bassins en c\u00e9ramique, HanYu peut vous fournir des prix d'achat comp\u00e9titifs pour vous aider \u00e0 contr\u00f4ler efficacement les co\u00fbts de d\u00e9coration sans sacrifier la qualit\u00e9.<\/li>\n<\/ul>\n<\/div>\n\n\n\n<div class=\"wp-block-column is-layout-flow wp-block-column-is-layout-flow\">\n<figure class=\"wp-block-image size-full\"><img fetchpriority=\"high\" decoding=\"async\" width=\"663\" height=\"819\" src=\"https:\/\/www.ceramicbasin.com\/wp-content\/uploads\/2024\/07\/factory-supply-small-bathroom-sink-solutions-for-tiny-bathroom-8.webp\" alt=\"factory-supply-petites-solutions-d&#039;\u00e9vier-de-salle-de-bain-pour-petite-salle-de-bain-8\" class=\"wp-image-3342\" srcset=\"https:\/\/www.ceramicbasin.com\/wp-content\/uploads\/2024\/07\/factory-supply-small-bathroom-sink-solutions-for-tiny-bathroom-8.webp 663w, https:\/\/www.ceramicbasin.com\/wp-content\/uploads\/2024\/07\/factory-supply-small-bathroom-sink-solutions-for-tiny-bathroom-8-243x300.webp 243w, https:\/\/www.ceramicbasin.com\/wp-content\/uploads\/2024\/07\/factory-supply-small-bathroom-sink-solutions-for-tiny-bathroom-8-10x12.webp 10w, https:\/\/www.ceramicbasin.com\/wp-content\/uploads\/2024\/07\/factory-supply-small-bathroom-sink-solutions-for-tiny-bathroom-8-285x352.webp 285w, https:\/\/www.ceramicbasin.com\/wp-content\/uploads\/2024\/07\/factory-supply-small-bathroom-sink-solutions-for-tiny-bathroom-8-534x660.webp 534w, https:\/\/www.ceramicbasin.com\/wp-content\/uploads\/2024\/07\/factory-supply-small-bathroom-sink-solutions-for-tiny-bathroom-8-121x150.webp 121w\" sizes=\"(max-width: 663px) 100vw, 663px\" \/><\/figure>\n<\/div>\n<\/div>","protected":false},"excerpt":{"rendered":"<p>Nous vous invitons \u00e0 acheter en gros des \u00e9viers en c\u00e9ramique. Ce petit \u00e9vier de salle de bain fourni par l'usine a une apparence moderne, accorde plus d'attention \u00e0 la praticit\u00e9, et est facile \u00e0 nettoyer et \u00e0 entretenir. Le mod\u00e8le d'approvisionnement direct de l'usine permet aux clients qui ach\u00e8tent en gros de b\u00e9n\u00e9ficier de prix plus comp\u00e9titifs. Il s'agit d'une solution bien con\u00e7ue pour les petites salles de bains.<\/p>\n<table style=\"border-collapse: collapse; width: 311.02pt;\" border=\"0\" width=\"311\" cellspacing=\"0\" cellpadding=\"0\">\n<tbody>\n<tr style=\"height: 17.60pt;\">\n<td class=\"et3\" style=\"height: 17.60pt; width: 108.35pt;\" width=\"108\" height=\"17\">Fabricant<\/td>\n<td class=\"et3\" style=\"width: 202.95pt;\" width=\"202\">HanYu<\/td>\n<\/tr>\n<tr style=\"height: 17.60pt;\">\n<td class=\"et3\" style=\"height: 17.60pt;\" height=\"17\">Num\u00e9ro de mod\u00e8le.<\/td>\n<td class=\"et4\">HY3085<\/td>\n<\/tr>\n<tr style=\"height: 17.60pt;\">\n<td class=\"et3\" style=\"height: 17.60pt;\" height=\"17\">Type<\/td>\n<td class=\"et3\">Cuvette murale, Petite cuvette<\/td>\n<\/tr>\n<tr style=\"height: 17.60pt;\">\n<td class=\"et3\" style=\"height: 17.60pt;\" height=\"17\">Forme<\/td>\n<td class=\"et3\">Forme rectangulaire<\/td>\n<\/tr>\n<tr style=\"height: 17.60pt;\">\n<td class=\"et4\" style=\"height: 17.60pt;\" height=\"17\">Couleur<\/td>\n<td class=\"et3\">Blanc<\/td>\n<\/tr>\n<tr style=\"height: 18.00pt;\">\n<td class=\"et3\" style=\"height: 18.00pt;\" height=\"18\">Dimension<\/td>\n<td class=\"et5\" style=\"width: 202.95pt;\" width=\"202\">38*15*8<\/td>\n<\/tr>\n<tr style=\"height: 17.60pt;\">\n<td class=\"et3\" style=\"height: 17.60pt;\" height=\"17\">N.W \/SET<\/td>\n<td class=\"et3\">5KGS\/PCS<\/td>\n<\/tr>\n<tr style=\"height: 17.60pt;\">\n<td class=\"et3\" style=\"height: 17.60pt;\" height=\"17\">MOQ<\/td>\n<td class=\"et3\">20pcs<\/td>\n<\/tr>\n<tr style=\"height: 17.60pt;\">\n<td class=\"et3\" style=\"height: 17.60pt;\" height=\"17\">Option personnalis\u00e9e<\/td>\n<td class=\"et3\">Couleur\/Pattenue\/Taille\/Logo\/Emballage<\/td>\n<\/tr>\n<\/tbody>\n<\/table>","protected":false},"featured_media":3336,"comment_status":"closed","ping_status":"closed","template":"","meta":{"_acf_changed":false},"product_brand":[],"product_cat":[56],"product_tag":[],"class_list":{"0":"post-3333","1":"product","2":"type-product","3":"status-publish","4":"has-post-thumbnail","6":"product_cat-wholesale-small-bathroom-sinks","8":"first","9":"instock","10":"shipping-taxable","11":"product-type-simple"},"acf":[],"_links":{"self":[{"href":"https:\/\/www.ceramicbasin.com\/fr\/wp-json\/wp\/v2\/product\/3333","targetHints":{"allow":["GET"]}}],"collection":[{"href":"https:\/\/www.ceramicbasin.com\/fr\/wp-json\/wp\/v2\/product"}],"about":[{"href":"https:\/\/www.ceramicbasin.com\/fr\/wp-json\/wp\/v2\/types\/product"}],"replies":[{"embeddable":true,"href":"https:\/\/www.ceramicbasin.com\/fr\/wp-json\/wp\/v2\/comments?post=3333"}],"wp:featuredmedia":[{"embeddable":true,"href":"https:\/\/www.ceramicbasin.com\/fr\/wp-json\/wp\/v2\/media\/3336"}],"wp:attachment":[{"href":"https:\/\/www.ceramicbasin.com\/fr\/wp-json\/wp\/v2\/media?parent=3333"}],"wp:term":[{"taxonomy":"product_brand","embeddable":true,"href":"https:\/\/www.ceramicbasin.com\/fr\/wp-json\/wp\/v2\/product_brand?post=3333"},{"taxonomy":"product_cat","embeddable":true,"href":"https:\/\/www.ceramicbasin.com\/fr\/wp-json\/wp\/v2\/product_cat?post=3333"},{"taxonomy":"product_tag","embeddable":true,"href":"https:\/\/www.ceramicbasin.com\/fr\/wp-json\/wp\/v2\/product_tag?post=3333"}],"curies":[{"name":"wp","href":"https:\/\/api.w.org\/{rel}","templated":true}]}}