{"id":3343,"date":"2024-07-13T07:33:06","date_gmt":"2024-07-13T07:33:06","guid":{"rendered":"https:\/\/www.ceramicbasin.com\/?post_type=product&#038;p=3343"},"modified":"2024-11-02T01:13:00","modified_gmt":"2024-11-02T01:13:00","slug":"custom-wall-mounted-bathroom-sinks","status":"publish","type":"product","link":"https:\/\/www.ceramicbasin.com\/fr\/produit\/custom-wall-mounted-bathroom-sinks\/","title":{"rendered":"Lavabo mural haut de gamme de forme ronde, Wholesale Ceramic Basins"},"content":{"rendered":"<div class=\"wp-block-columns is-layout-flex wp-container-core-columns-is-layout-9d6595d7 wp-block-columns-is-layout-flex\">\n<div class=\"wp-block-column is-layout-flow wp-block-column-is-layout-flow\">\n<h2 class=\"wp-block-heading\">Caract\u00e9ristiques des lavabos de salle de bain \u00e0 montage mural Premium Custom :<\/h2>\n\n\n\n<ul class=\"wp-block-list\">\n<li><strong>Design rond exquis : <\/strong>Ce lavabo mural personnalis\u00e9 en vrac a un contour rond \u00e9l\u00e9gant et des lignes douces, ajoutant une touche de douceur et de modernit\u00e9 \u00e0 l'espace, devenant un embellissement artistique dans la salle de bains.<\/li>\n\n\n\n<li><strong>\u00c9viers de haute qualit\u00e9 :<\/strong> Nos \u00e9viers de salle de bain muraux utilisent des mat\u00e9riaux de haute qualit\u00e9 et combinent un savoir-faire exquis pour garantir que la structure de l'\u00e9vier est stable, que la surface est lisse et d\u00e9licate, qu'elle est facile \u00e0 nettoyer et \u00e0 entretenir et qu'elle est durable.<\/li>\n\n\n\n<li><strong>Avantage du prix de gros : <\/strong>En tant que fabricant d'\u00e9viers de salle de bain, HanYu propose des prix de gros tr\u00e8s comp\u00e9titifs, et les achats en gros b\u00e9n\u00e9ficient de remises plus importantes, faisant des accessoires de salle de bain de haute qualit\u00e9 votre choix id\u00e9al sous contr\u00f4le des co\u00fbts.<\/li>\n\n\n\n<li><strong>Service personnalis\u00e9 haut de gamme : <\/strong>Nous fournissons un service de lavabos muraux sur mesure pour garantir que chaque lavabo de salle de bain r\u00e9pond aux exigences de conception et d'espace de votre salle de bain et cr\u00e9e un style exclusif.<\/li>\n<\/ul>\n<\/div>\n\n\n\n<div class=\"wp-block-column is-layout-flow wp-block-column-is-layout-flow\">\n<figure class=\"wp-block-image size-full\"><img fetchpriority=\"high\" decoding=\"async\" width=\"1345\" height=\"1786\" src=\"https:\/\/www.ceramicbasin.com\/wp-content\/uploads\/2024\/07\/high-end-custom-wall-mounted-bathroom-sinks-round-shape-6.webp\" alt=\"lavabos de salle de bain haut de gamme mont\u00e9s sur mesure - forme ronde - 6\" class=\"wp-image-3349\" srcset=\"https:\/\/www.ceramicbasin.com\/wp-content\/uploads\/2024\/07\/high-end-custom-wall-mounted-bathroom-sinks-round-shape-6.webp 1345w, https:\/\/www.ceramicbasin.com\/wp-content\/uploads\/2024\/07\/high-end-custom-wall-mounted-bathroom-sinks-round-shape-6-226x300.webp 226w, https:\/\/www.ceramicbasin.com\/wp-content\/uploads\/2024\/07\/high-end-custom-wall-mounted-bathroom-sinks-round-shape-6-768x1020.webp 768w, https:\/\/www.ceramicbasin.com\/wp-content\/uploads\/2024\/07\/high-end-custom-wall-mounted-bathroom-sinks-round-shape-6-9x12.webp 9w, https:\/\/www.ceramicbasin.com\/wp-content\/uploads\/2024\/07\/high-end-custom-wall-mounted-bathroom-sinks-round-shape-6-285x378.webp 285w, https:\/\/www.ceramicbasin.com\/wp-content\/uploads\/2024\/07\/high-end-custom-wall-mounted-bathroom-sinks-round-shape-6-497x660.webp 497w, https:\/\/www.ceramicbasin.com\/wp-content\/uploads\/2024\/07\/high-end-custom-wall-mounted-bathroom-sinks-round-shape-6-113x150.webp 113w\" sizes=\"(max-width: 1345px) 100vw, 1345px\" \/><\/figure>\n<\/div>\n<\/div>","protected":false},"excerpt":{"rendered":"<p>Bienvenue pour l'achat en gros de lavabos en c\u00e9ramique. Nos lavabos de salle de bain muraux personnalis\u00e9s en vrac utilisent des mat\u00e9riaux de haute qualit\u00e9 et un artisanat exquis pour assurer la durabilit\u00e9 et la facilit\u00e9 de nettoyage du lavabo. Le design rond exquis est non seulement beau et g\u00e9n\u00e9reux, mais aussi un symbole \u00e0 la mode des salles de bains modernes.<\/p>\n<table style=\"border-collapse: collapse; width: 311.02pt;\" border=\"0\" width=\"311\" cellspacing=\"0\" cellpadding=\"0\">\n<tbody>\n<tr style=\"height: 17.60pt;\">\n<td class=\"et3\" style=\"height: 17.60pt; width: 108.35pt;\" width=\"108\" height=\"17\">Fabricant<\/td>\n<td class=\"et3\" style=\"width: 202.95pt;\" width=\"202\">HanYu<\/td>\n<\/tr>\n<tr style=\"height: 17.60pt;\">\n<td class=\"et3\" style=\"height: 17.60pt;\" height=\"17\">Num\u00e9ro de mod\u00e8le.<\/td>\n<td class=\"et4\">HY3105<\/td>\n<\/tr>\n<tr style=\"height: 17.60pt;\">\n<td class=\"et3\" style=\"height: 17.60pt;\" height=\"17\">Type<\/td>\n<td class=\"et3\">Cuvette murale<\/td>\n<\/tr>\n<tr style=\"height: 17.60pt;\">\n<td class=\"et3\" style=\"height: 17.60pt;\" height=\"17\">Forme<\/td>\n<td class=\"et3\">Forme ronde<\/td>\n<\/tr>\n<tr style=\"height: 17.60pt;\">\n<td class=\"et4\" style=\"height: 17.60pt;\" height=\"17\">Couleur<\/td>\n<td class=\"et3\">Blanc<\/td>\n<\/tr>\n<tr style=\"height: 18.00pt;\">\n<td class=\"et3\" style=\"height: 18.00pt;\" height=\"18\">Dimension<\/td>\n<td class=\"et5\" style=\"width: 202.95pt;\" width=\"202\">44*47*39<\/td>\n<\/tr>\n<tr style=\"height: 17.60pt;\">\n<td class=\"et3\" style=\"height: 17.60pt;\" height=\"17\">N.W \/SET<\/td>\n<td class=\"et3\">19KGS\/PCS<\/td>\n<\/tr>\n<tr style=\"height: 17.60pt;\">\n<td class=\"et3\" style=\"height: 17.60pt;\" height=\"17\">MOQ<\/td>\n<td class=\"et3\">20pcs<\/td>\n<\/tr>\n<tr style=\"height: 17.60pt;\">\n<td class=\"et3\" style=\"height: 17.60pt;\" height=\"17\">Option personnalis\u00e9e<\/td>\n<td class=\"et3\">Couleur\/Pattenue\/Taille\/Logo\/Emballage<\/td>\n<\/tr>\n<\/tbody>\n<\/table>","protected":false},"featured_media":3345,"comment_status":"closed","ping_status":"closed","template":"","meta":{"_acf_changed":false},"product_brand":[],"product_cat":[57],"product_tag":[],"class_list":{"0":"post-3343","1":"product","2":"type-product","3":"status-publish","4":"has-post-thumbnail","6":"product_cat-wholesale-wall-mounted-sinks","8":"first","9":"instock","10":"shipping-taxable","11":"product-type-simple"},"acf":[],"_links":{"self":[{"href":"https:\/\/www.ceramicbasin.com\/fr\/wp-json\/wp\/v2\/product\/3343","targetHints":{"allow":["GET"]}}],"collection":[{"href":"https:\/\/www.ceramicbasin.com\/fr\/wp-json\/wp\/v2\/product"}],"about":[{"href":"https:\/\/www.ceramicbasin.com\/fr\/wp-json\/wp\/v2\/types\/product"}],"replies":[{"embeddable":true,"href":"https:\/\/www.ceramicbasin.com\/fr\/wp-json\/wp\/v2\/comments?post=3343"}],"wp:featuredmedia":[{"embeddable":true,"href":"https:\/\/www.ceramicbasin.com\/fr\/wp-json\/wp\/v2\/media\/3345"}],"wp:attachment":[{"href":"https:\/\/www.ceramicbasin.com\/fr\/wp-json\/wp\/v2\/media?parent=3343"}],"wp:term":[{"taxonomy":"product_brand","embeddable":true,"href":"https:\/\/www.ceramicbasin.com\/fr\/wp-json\/wp\/v2\/product_brand?post=3343"},{"taxonomy":"product_cat","embeddable":true,"href":"https:\/\/www.ceramicbasin.com\/fr\/wp-json\/wp\/v2\/product_cat?post=3343"},{"taxonomy":"product_tag","embeddable":true,"href":"https:\/\/www.ceramicbasin.com\/fr\/wp-json\/wp\/v2\/product_tag?post=3343"}],"curies":[{"name":"wp","href":"https:\/\/api.w.org\/{rel}","templated":true}]}}