{"id":3350,"date":"2024-07-13T07:51:01","date_gmt":"2024-07-13T07:51:01","guid":{"rendered":"https:\/\/www.ceramicbasin.com\/?post_type=product&#038;p=3350"},"modified":"2024-11-01T10:17:25","modified_gmt":"2024-11-01T10:17:25","slug":"wholesale-wall-mounted-basins","status":"publish","type":"product","link":"https:\/\/www.ceramicbasin.com\/fr\/produit\/wholesale-wall-mounted-basins\/","title":{"rendered":"Factory Wholesale Wall Mounted Basins, Ceramic Bathroom Sink With Low Price (Lavabo de salle de bain en c\u00e9ramique \u00e0 bas prix)"},"content":{"rendered":"<div class=\"wp-block-columns is-layout-flex wp-container-core-columns-is-layout-9d6595d7 wp-block-columns-is-layout-flex\">\n<div class=\"wp-block-column is-layout-flow wp-block-column-is-layout-flow\">\n<h2 class=\"wp-block-heading\">Premium Wholesale Wall Mounted Basins Caract\u00e9ristiques :<\/h2>\n\n\n\n<ul class=\"wp-block-list\">\n<li><strong>Design classique :<\/strong> Nos vasques murales sont d'un design classique et intemporel, avec des lignes \u00e9pur\u00e9es qui s'int\u00e8grent parfaitement \u00e0 tout style de salle de bain moderne ou traditionnel.<\/li>\n\n\n\n<li><strong>Fabrication de premi\u00e8re qualit\u00e9 :<\/strong> Ce grossiste en lavabos muraux utilise des mat\u00e9riaux s\u00e9lectionn\u00e9s et des processus de production de pr\u00e9cision pour garantir que le lavabo est solidement construit, lisse, facile \u00e0 nettoyer et durable.<\/li>\n\n\n\n<li><strong>Directement de l'usine : <\/strong>Les vasques de salle de bain en gros de HanYu sont directement vendues en gros par l'usine, ce qui \u00e9limine les interm\u00e9diaires et vous garantit des vasques murales de haute qualit\u00e9 au prix le plus bas.<\/li>\n\n\n\n<li><strong>Stock suffisant : <\/strong>Notre usine de lavabos de salle de bains dispose d'un stock important pour r\u00e9pondre \u00e0 vos commandes urgentes ou \u00e0 vos besoins en grandes quantit\u00e9s, r\u00e9duire le temps d'attente et r\u00e9pondre rapidement aux besoins de votre projet.<\/li>\n<\/ul>\n<\/div>\n\n\n\n<div class=\"wp-block-column is-layout-flow wp-block-column-is-layout-flow\">\n<figure class=\"wp-block-image size-full\"><img fetchpriority=\"high\" decoding=\"async\" width=\"663\" height=\"845\" src=\"https:\/\/www.ceramicbasin.com\/wp-content\/uploads\/2024\/07\/factory-supply-wall-mounted-basins-with-exquisite-design-1.webp\" alt=\"factory-supply-wholesale-wall-mounted-basins-with-low-price\" class=\"wp-image-3351\" srcset=\"https:\/\/www.ceramicbasin.com\/wp-content\/uploads\/2024\/07\/factory-supply-wall-mounted-basins-with-exquisite-design-1.webp 663w, https:\/\/www.ceramicbasin.com\/wp-content\/uploads\/2024\/07\/factory-supply-wall-mounted-basins-with-exquisite-design-1-235x300.webp 235w, https:\/\/www.ceramicbasin.com\/wp-content\/uploads\/2024\/07\/factory-supply-wall-mounted-basins-with-exquisite-design-1-9x12.webp 9w, https:\/\/www.ceramicbasin.com\/wp-content\/uploads\/2024\/07\/factory-supply-wall-mounted-basins-with-exquisite-design-1-285x363.webp 285w, https:\/\/www.ceramicbasin.com\/wp-content\/uploads\/2024\/07\/factory-supply-wall-mounted-basins-with-exquisite-design-1-518x660.webp 518w, https:\/\/www.ceramicbasin.com\/wp-content\/uploads\/2024\/07\/factory-supply-wall-mounted-basins-with-exquisite-design-1-118x150.webp 118w\" sizes=\"(max-width: 663px) 100vw, 663px\" \/><\/figure>\n<\/div>\n<\/div>","protected":false},"excerpt":{"rendered":"<p>Bienvenue sur le site d'achat en gros de lavabos de salle de bain. Nos lavabos muraux en gros sont id\u00e9aux pour les entreprises qui ach\u00e8tent des lavabos de salle de bain en gros. Le design classique aux lignes \u00e9pur\u00e9es s'adapte parfaitement \u00e0 tous les styles de salle de bains. Les mat\u00e9riaux et la fabrication de haute qualit\u00e9 garantissent la durabilit\u00e9 et la facilit\u00e9 de nettoyage du lavabo. Avec des r\u00e9serves de stock suffisantes, nous pouvons r\u00e9pondre rapidement aux commandes importantes ou urgentes.<\/p>\n<table style=\"border-collapse: collapse; width: 311.02pt;\" border=\"0\" width=\"311\" cellspacing=\"0\" cellpadding=\"0\">\n<tbody>\n<tr style=\"height: 17.60pt;\">\n<td class=\"et3\" style=\"height: 17.60pt; width: 108.35pt;\" width=\"108\" height=\"17\">Fabricant<\/td>\n<td class=\"et3\" style=\"width: 202.95pt;\" width=\"202\">HanYu<\/td>\n<\/tr>\n<tr style=\"height: 17.60pt;\">\n<td class=\"et3\" style=\"height: 17.60pt;\" height=\"17\">Num\u00e9ro de mod\u00e8le.<\/td>\n<td class=\"et4\">HY3082<\/td>\n<\/tr>\n<tr style=\"height: 17.60pt;\">\n<td class=\"et3\" style=\"height: 17.60pt;\" height=\"17\">Type<\/td>\n<td class=\"et3\">Cuvette murale<\/td>\n<\/tr>\n<tr style=\"height: 17.60pt;\">\n<td class=\"et3\" style=\"height: 17.60pt;\" height=\"17\">Forme<\/td>\n<td class=\"et2\">Forme rectangulaire<\/td>\n<\/tr>\n<tr style=\"height: 17.60pt;\">\n<td class=\"et4\" style=\"height: 17.60pt;\" height=\"17\">Couleur<\/td>\n<td class=\"et3\">Blanc<\/td>\n<\/tr>\n<tr style=\"height: 18.00pt;\">\n<td class=\"et3\" style=\"height: 18.00pt;\" height=\"18\">Dimension<\/td>\n<td class=\"et5\" style=\"width: 202.95pt;\" width=\"202\">39*24*7<\/td>\n<\/tr>\n<tr style=\"height: 17.60pt;\">\n<td class=\"et3\" style=\"height: 17.60pt;\" height=\"17\">N.W \/SET<\/td>\n<td class=\"et3\">6KGS\/PCS<\/td>\n<\/tr>\n<tr style=\"height: 17.60pt;\">\n<td class=\"et3\" style=\"height: 17.60pt;\" height=\"17\">MOQ<\/td>\n<td class=\"et3\">20pcs<\/td>\n<\/tr>\n<tr style=\"height: 17.60pt;\">\n<td class=\"et3\" style=\"height: 17.60pt;\" height=\"17\">Option personnalis\u00e9e<\/td>\n<td class=\"et3\">Couleur\/Pattenue\/Taille\/Logo\/Emballage<\/td>\n<\/tr>\n<\/tbody>\n<\/table>","protected":false},"featured_media":3355,"comment_status":"closed","ping_status":"closed","template":"","meta":{"_acf_changed":false},"product_brand":[],"product_cat":[57],"product_tag":[],"class_list":{"0":"post-3350","1":"product","2":"type-product","3":"status-publish","4":"has-post-thumbnail","6":"product_cat-wholesale-wall-mounted-sinks","8":"first","9":"instock","10":"shipping-taxable","11":"product-type-simple"},"acf":[],"_links":{"self":[{"href":"https:\/\/www.ceramicbasin.com\/fr\/wp-json\/wp\/v2\/product\/3350","targetHints":{"allow":["GET"]}}],"collection":[{"href":"https:\/\/www.ceramicbasin.com\/fr\/wp-json\/wp\/v2\/product"}],"about":[{"href":"https:\/\/www.ceramicbasin.com\/fr\/wp-json\/wp\/v2\/types\/product"}],"replies":[{"embeddable":true,"href":"https:\/\/www.ceramicbasin.com\/fr\/wp-json\/wp\/v2\/comments?post=3350"}],"wp:featuredmedia":[{"embeddable":true,"href":"https:\/\/www.ceramicbasin.com\/fr\/wp-json\/wp\/v2\/media\/3355"}],"wp:attachment":[{"href":"https:\/\/www.ceramicbasin.com\/fr\/wp-json\/wp\/v2\/media?parent=3350"}],"wp:term":[{"taxonomy":"product_brand","embeddable":true,"href":"https:\/\/www.ceramicbasin.com\/fr\/wp-json\/wp\/v2\/product_brand?post=3350"},{"taxonomy":"product_cat","embeddable":true,"href":"https:\/\/www.ceramicbasin.com\/fr\/wp-json\/wp\/v2\/product_cat?post=3350"},{"taxonomy":"product_tag","embeddable":true,"href":"https:\/\/www.ceramicbasin.com\/fr\/wp-json\/wp\/v2\/product_tag?post=3350"}],"curies":[{"name":"wp","href":"https:\/\/api.w.org\/{rel}","templated":true}]}}