{"id":3358,"date":"2024-07-15T09:50:44","date_gmt":"2024-07-15T09:50:44","guid":{"rendered":"https:\/\/www.ceramicbasin.com\/?post_type=product&#038;p=3358"},"modified":"2024-11-01T10:11:36","modified_gmt":"2024-11-01T10:11:36","slug":"custom-wall-mounted-sinks-in-bulk","status":"publish","type":"product","link":"https:\/\/www.ceramicbasin.com\/fr\/produit\/custom-wall-mounted-sinks-in-bulk\/","title":{"rendered":"Lavabos muraux personnalis\u00e9s de qualit\u00e9 sup\u00e9rieure, lavabos en gros"},"content":{"rendered":"<div class=\"wp-block-columns is-layout-flex wp-container-core-columns-is-layout-9d6595d7 wp-block-columns-is-layout-flex\">\n<div class=\"wp-block-column is-layout-flow wp-block-column-is-layout-flow\">\n<h2 class=\"wp-block-heading\">Premium Custom Wall Mounted Sinks Caract\u00e9ristiques :<\/h2>\n\n\n\n<ul class=\"wp-block-list\">\n<li><strong>Design classique : <\/strong>Ce lavabo mural personnalis\u00e9 en vrac pr\u00e9sente un concept de design classique et moderne, avec des lignes simples et douces, qui s'int\u00e8gre parfaitement \u00e0 tout style de salle de bains et rehausse la beaut\u00e9 et l'exp\u00e9rience d'utilisation de l'espace.<\/li>\n\n\n\n<li><strong>Livraison rapide : <\/strong>Nos \u00e9viers muraux personnalis\u00e9s en vrac disposent d'un stock suffisant et peuvent \u00eatre exp\u00e9di\u00e9s rapidement, m\u00eame s'ils sont achet\u00e9s en grandes quantit\u00e9s, ce qui permet de r\u00e9pondre aux besoins des projets urgents et de raccourcir la p\u00e9riode de construction.<\/li>\n\n\n\n<li><strong>Personnalisation de haute qualit\u00e9 : <\/strong>Nous proposons des services de personnalisation haut de gamme afin de garantir que chaque lavabo mural en vrac r\u00e9ponde aux besoins de votre marque, de la taille \u00e0 la couleur, pour cr\u00e9er un point focal unique dans la salle de bains.<\/li>\n\n\n\n<li><strong>Abordable : <\/strong>Malgr\u00e9 l'excellente qualit\u00e9, nos \u00e9viers de salle de bain en gros sont abordables, et les achats en gros b\u00e9n\u00e9ficient de plus de r\u00e9ductions, ce qui fait que la personnalisation haut de gamme n'est plus hors de port\u00e9e et convient \u00e0 tous les budgets.<\/li>\n<\/ul>\n<\/div>\n\n\n\n<div class=\"wp-block-column is-layout-flow wp-block-column-is-layout-flow\">\n<figure class=\"wp-block-image size-full\"><img fetchpriority=\"high\" decoding=\"async\" width=\"667\" height=\"959\" src=\"https:\/\/www.ceramicbasin.com\/wp-content\/uploads\/2024\/07\/top-quality-custom-wall-mounted-sinks-in-bulk-with-low-price-8.webp\" alt=\"\u00e9viers muraux personnalis\u00e9s de qualit\u00e9 sup\u00e9rieure en vrac \u00e0 bas prix-8\" class=\"wp-image-3366\" srcset=\"https:\/\/www.ceramicbasin.com\/wp-content\/uploads\/2024\/07\/top-quality-custom-wall-mounted-sinks-in-bulk-with-low-price-8.webp 667w, https:\/\/www.ceramicbasin.com\/wp-content\/uploads\/2024\/07\/top-quality-custom-wall-mounted-sinks-in-bulk-with-low-price-8-209x300.webp 209w, https:\/\/www.ceramicbasin.com\/wp-content\/uploads\/2024\/07\/top-quality-custom-wall-mounted-sinks-in-bulk-with-low-price-8-8x12.webp 8w, https:\/\/www.ceramicbasin.com\/wp-content\/uploads\/2024\/07\/top-quality-custom-wall-mounted-sinks-in-bulk-with-low-price-8-285x410.webp 285w, https:\/\/www.ceramicbasin.com\/wp-content\/uploads\/2024\/07\/top-quality-custom-wall-mounted-sinks-in-bulk-with-low-price-8-459x660.webp 459w, https:\/\/www.ceramicbasin.com\/wp-content\/uploads\/2024\/07\/top-quality-custom-wall-mounted-sinks-in-bulk-with-low-price-8-104x150.webp 104w\" sizes=\"(max-width: 667px) 100vw, 667px\" \/><\/figure>\n<\/div>\n<\/div>","protected":false},"excerpt":{"rendered":"<p>Bienvenue sur le site d'achat de lavabos en gros. Les lavabos muraux personnalis\u00e9s en vrac de HanYu sont con\u00e7us pour les clients qui recherchent un \u00e9quilibre entre la qualit\u00e9 et la rentabilit\u00e9. Le style classique combin\u00e9 \u00e0 une esth\u00e9tique moderne fait de ce lavabo mural une \u0153uvre d'art dans la salle de bain. Gr\u00e2ce \u00e0 un stock important, nous sommes en mesure de r\u00e9pondre rapidement aux commandes de gros volumes, de r\u00e9duire le temps d'attente et d'acc\u00e9l\u00e9rer l'avancement du projet.<\/p>\n<table style=\"border-collapse: collapse; width: 311.02pt;\" border=\"0\" width=\"311\" cellspacing=\"0\" cellpadding=\"0\">\n<tbody>\n<tr style=\"height: 17.60pt;\">\n<td class=\"et3\" style=\"height: 17.60pt; width: 108.35pt;\" width=\"108\" height=\"17\">Fabricant<\/td>\n<td class=\"et3\" style=\"width: 202.95pt;\" width=\"202\">HanYu<\/td>\n<\/tr>\n<tr style=\"height: 17.60pt;\">\n<td class=\"et3\" style=\"height: 17.60pt;\" height=\"17\">Num\u00e9ro de mod\u00e8le.<\/td>\n<td class=\"et4\">HY3052<\/td>\n<\/tr>\n<tr style=\"height: 17.60pt;\">\n<td class=\"et3\" style=\"height: 17.60pt;\" height=\"17\">Type<\/td>\n<td class=\"et3\">Cuvette murale, mini-cuvette<\/td>\n<\/tr>\n<tr style=\"height: 17.60pt;\">\n<td class=\"et3\" style=\"height: 17.60pt;\" height=\"17\">Forme<\/td>\n<td class=\"et3\">Forme ronde<\/td>\n<\/tr>\n<tr style=\"height: 17.60pt;\">\n<td class=\"et4\" style=\"height: 17.60pt;\" height=\"17\">Couleur<\/td>\n<td class=\"et3\">Blanc<\/td>\n<\/tr>\n<tr style=\"height: 18.00pt;\">\n<td class=\"et3\" style=\"height: 18.00pt;\" height=\"18\">Dimension<\/td>\n<td class=\"et6\" style=\"width: 202.95pt;\" width=\"202\">45*28*15<\/td>\n<\/tr>\n<tr style=\"height: 17.60pt;\">\n<td class=\"et3\" style=\"height: 17.60pt;\" height=\"17\">N.W \/SET<\/td>\n<td class=\"et3\">7.5KGS\/PCS<\/td>\n<\/tr>\n<tr style=\"height: 17.60pt;\">\n<td class=\"et3\" style=\"height: 17.60pt;\" height=\"17\">MOQ<\/td>\n<td class=\"et3\">20pcs<\/td>\n<\/tr>\n<tr style=\"height: 17.60pt;\">\n<td class=\"et3\" style=\"height: 17.60pt;\" height=\"17\">Option personnalis\u00e9e<\/td>\n<td class=\"et3\">Couleur\/Pattenue\/Taille\/Logo\/Emballage<\/td>\n<\/tr>\n<\/tbody>\n<\/table>","protected":false},"featured_media":3363,"comment_status":"closed","ping_status":"closed","template":"","meta":{"_acf_changed":false},"product_brand":[],"product_cat":[57,56],"product_tag":[],"class_list":{"0":"post-3358","1":"product","2":"type-product","3":"status-publish","4":"has-post-thumbnail","6":"product_cat-wholesale-wall-mounted-sinks","7":"product_cat-wholesale-small-bathroom-sinks","9":"first","10":"instock","11":"shipping-taxable","12":"product-type-simple"},"acf":[],"_links":{"self":[{"href":"https:\/\/www.ceramicbasin.com\/fr\/wp-json\/wp\/v2\/product\/3358","targetHints":{"allow":["GET"]}}],"collection":[{"href":"https:\/\/www.ceramicbasin.com\/fr\/wp-json\/wp\/v2\/product"}],"about":[{"href":"https:\/\/www.ceramicbasin.com\/fr\/wp-json\/wp\/v2\/types\/product"}],"replies":[{"embeddable":true,"href":"https:\/\/www.ceramicbasin.com\/fr\/wp-json\/wp\/v2\/comments?post=3358"}],"wp:featuredmedia":[{"embeddable":true,"href":"https:\/\/www.ceramicbasin.com\/fr\/wp-json\/wp\/v2\/media\/3363"}],"wp:attachment":[{"href":"https:\/\/www.ceramicbasin.com\/fr\/wp-json\/wp\/v2\/media?parent=3358"}],"wp:term":[{"taxonomy":"product_brand","embeddable":true,"href":"https:\/\/www.ceramicbasin.com\/fr\/wp-json\/wp\/v2\/product_brand?post=3358"},{"taxonomy":"product_cat","embeddable":true,"href":"https:\/\/www.ceramicbasin.com\/fr\/wp-json\/wp\/v2\/product_cat?post=3358"},{"taxonomy":"product_tag","embeddable":true,"href":"https:\/\/www.ceramicbasin.com\/fr\/wp-json\/wp\/v2\/product_tag?post=3358"}],"curies":[{"name":"wp","href":"https:\/\/api.w.org\/{rel}","templated":true}]}}