{"id":3368,"date":"2024-07-15T10:04:49","date_gmt":"2024-07-15T10:04:49","guid":{"rendered":"https:\/\/www.ceramicbasin.com\/?post_type=product&#038;p=3368"},"modified":"2024-11-01T10:07:42","modified_gmt":"2024-11-01T10:07:42","slug":"wall-mounted-basins-in-bulk","status":"publish","type":"product","link":"https:\/\/www.ceramicbasin.com\/fr\/produit\/wall-mounted-basins-in-bulk\/","title":{"rendered":"Lavabos muraux en c\u00e9ramique en vrac, lavabos en gros"},"content":{"rendered":"<div class=\"wp-block-columns is-layout-flex wp-container-core-columns-is-layout-9d6595d7 wp-block-columns-is-layout-flex\">\n<div class=\"wp-block-column is-layout-flow wp-block-column-is-layout-flow\">\n<h2 class=\"wp-block-heading\">Premium Wall Mounted Basins In Bulk Caract\u00e9ristiques :<\/h2>\n\n\n\n<ul class=\"wp-block-list\">\n<li><strong>Service de livraison rapide :<\/strong> Nous promettons une logistique et une livraison efficaces afin de garantir que les grosses commandes d'\u00e9viers de salle de bain en gros puissent \u00eatre livr\u00e9es rapidement, acc\u00e9l\u00e9rant ainsi l'avancement de votre projet et r\u00e9pondant aux besoins urgents de la construction.<\/li>\n\n\n\n<li><strong>Pr\u00e9paration d'inventaires en grande quantit\u00e9 : <\/strong>Ces bassins muraux en vrac disposent d'un stock suffisant, et peuvent r\u00e9pondre imm\u00e9diatement, m\u00eame en cas d'achats en gros, sans attendre longtemps le r\u00e9approvisionnement, ce qui raccourcit le temps d'attente pour le projet.<\/li>\n\n\n\n<li><strong>Vasques murales de haute qualit\u00e9 :<\/strong> Ces vasques murales en vrac sont fabriqu\u00e9es \u00e0 partir de mat\u00e9riaux de haute qualit\u00e9 et d'un travail artisanal soign\u00e9. Chaque vasque est soumise \u00e0 un contr\u00f4le de qualit\u00e9 strict afin de garantir sa durabilit\u00e9 et sa beaut\u00e9, et de rehausser la qualit\u00e9 de l'espace de la salle de bains.<\/li>\n\n\n\n<li><strong>Options de personnalisation : <\/strong>Fournir des services personnalis\u00e9s, qu'il s'agisse de la couleur, de la taille ou des fonctions sp\u00e9ciales, afin de r\u00e9pondre \u00e0 vos besoins particuliers en mati\u00e8re de lavabos de salle de bains, de sorte que chaque produit puisse \u00eatre parfaitement int\u00e9gr\u00e9 \u00e0 votre concept d'am\u00e9nagement.<\/li>\n<\/ul>\n<\/div>\n\n\n\n<div class=\"wp-block-column is-layout-flow wp-block-column-is-layout-flow\">\n<figure class=\"wp-block-image size-full\"><img fetchpriority=\"high\" decoding=\"async\" width=\"601\" height=\"871\" src=\"https:\/\/www.ceramicbasin.com\/wp-content\/uploads\/2024\/07\/fast-delivery-wall-mounted-basins-in-bulk-for-your-project-8.webp\" alt=\"livraison rapide-bassins muraux en vrac-pour votre projet-8\" class=\"wp-image-3376\" srcset=\"https:\/\/www.ceramicbasin.com\/wp-content\/uploads\/2024\/07\/fast-delivery-wall-mounted-basins-in-bulk-for-your-project-8.webp 601w, https:\/\/www.ceramicbasin.com\/wp-content\/uploads\/2024\/07\/fast-delivery-wall-mounted-basins-in-bulk-for-your-project-8-207x300.webp 207w, https:\/\/www.ceramicbasin.com\/wp-content\/uploads\/2024\/07\/fast-delivery-wall-mounted-basins-in-bulk-for-your-project-8-8x12.webp 8w, https:\/\/www.ceramicbasin.com\/wp-content\/uploads\/2024\/07\/fast-delivery-wall-mounted-basins-in-bulk-for-your-project-8-285x413.webp 285w, https:\/\/www.ceramicbasin.com\/wp-content\/uploads\/2024\/07\/fast-delivery-wall-mounted-basins-in-bulk-for-your-project-8-455x660.webp 455w, https:\/\/www.ceramicbasin.com\/wp-content\/uploads\/2024\/07\/fast-delivery-wall-mounted-basins-in-bulk-for-your-project-8-104x150.webp 104w\" sizes=\"(max-width: 601px) 100vw, 601px\" \/><\/figure>\n<\/div>\n<\/div>","protected":false},"excerpt":{"rendered":"<p>Bienvenue pour acheter des lavabos en gros. Nos lavabos muraux en vrac sont soigneusement fabriqu\u00e9s pour assurer leur beaut\u00e9 et leur durabilit\u00e9. Il y a une grande quantit\u00e9 de pr\u00e9paration d'inventaire de lavabos de salle de bain, service de livraison rapide, pour r\u00e9pondre aux besoins urgents du projet. Nous fournissons \u00e9galement des services personnalis\u00e9s, de sorte que vous pouvez ajuster les d\u00e9tails du produit en fonction des besoins du projet pour obtenir une correspondance parfaite dans le design.<\/p>\n<table style=\"border-collapse: collapse; width: 311.02pt;\" border=\"0\" width=\"311\" cellspacing=\"0\" cellpadding=\"0\">\n<tbody>\n<tr style=\"height: 17.60pt;\">\n<td class=\"et3\" style=\"height: 17.60pt; width: 108.35pt;\" width=\"108\" height=\"17\">Fabricant<\/td>\n<td class=\"et3\" style=\"width: 202.95pt;\" width=\"202\">HanYu<\/td>\n<\/tr>\n<tr style=\"height: 17.60pt;\">\n<td class=\"et3\" style=\"height: 17.60pt;\" height=\"17\">Num\u00e9ro de mod\u00e8le.<\/td>\n<td class=\"et4\">HY3062<\/td>\n<\/tr>\n<tr style=\"height: 17.60pt;\">\n<td class=\"et3\" style=\"height: 17.60pt;\" height=\"17\">Type<\/td>\n<td class=\"et3\">Cuvette murale<\/td>\n<\/tr>\n<tr style=\"height: 17.60pt;\">\n<td class=\"et3\" style=\"height: 17.60pt;\" height=\"17\">Forme<\/td>\n<td class=\"et3\">Forme ronde<\/td>\n<\/tr>\n<tr style=\"height: 17.60pt;\">\n<td class=\"et4\" style=\"height: 17.60pt;\" height=\"17\">Couleur<\/td>\n<td class=\"et3\">Blanc<\/td>\n<\/tr>\n<tr style=\"height: 18.00pt;\">\n<td class=\"et3\" style=\"height: 18.00pt;\" height=\"18\">Dimension<\/td>\n<td class=\"et6\" style=\"width: 202.95pt;\" width=\"202\">43*36*18<\/td>\n<\/tr>\n<tr style=\"height: 17.60pt;\">\n<td class=\"et3\" style=\"height: 17.60pt;\" height=\"17\">N.W \/SET<\/td>\n<td class=\"et3\">9.5KGS\/PCS<\/td>\n<\/tr>\n<tr style=\"height: 17.60pt;\">\n<td class=\"et3\" style=\"height: 17.60pt;\" height=\"17\">MOQ<\/td>\n<td class=\"et3\">20pcs<\/td>\n<\/tr>\n<tr style=\"height: 17.60pt;\">\n<td class=\"et3\" style=\"height: 17.60pt;\" height=\"17\">Option personnalis\u00e9e<\/td>\n<td class=\"et3\">Couleur\/Pattenue\/Taille\/Logo\/Emballage<\/td>\n<\/tr>\n<\/tbody>\n<\/table>","protected":false},"featured_media":3375,"comment_status":"closed","ping_status":"closed","template":"","meta":{"_acf_changed":false},"product_brand":[],"product_cat":[57],"product_tag":[],"class_list":{"0":"post-3368","1":"product","2":"type-product","3":"status-publish","4":"has-post-thumbnail","6":"product_cat-wholesale-wall-mounted-sinks","8":"first","9":"instock","10":"shipping-taxable","11":"product-type-simple"},"acf":[],"_links":{"self":[{"href":"https:\/\/www.ceramicbasin.com\/fr\/wp-json\/wp\/v2\/product\/3368","targetHints":{"allow":["GET"]}}],"collection":[{"href":"https:\/\/www.ceramicbasin.com\/fr\/wp-json\/wp\/v2\/product"}],"about":[{"href":"https:\/\/www.ceramicbasin.com\/fr\/wp-json\/wp\/v2\/types\/product"}],"replies":[{"embeddable":true,"href":"https:\/\/www.ceramicbasin.com\/fr\/wp-json\/wp\/v2\/comments?post=3368"}],"wp:featuredmedia":[{"embeddable":true,"href":"https:\/\/www.ceramicbasin.com\/fr\/wp-json\/wp\/v2\/media\/3375"}],"wp:attachment":[{"href":"https:\/\/www.ceramicbasin.com\/fr\/wp-json\/wp\/v2\/media?parent=3368"}],"wp:term":[{"taxonomy":"product_brand","embeddable":true,"href":"https:\/\/www.ceramicbasin.com\/fr\/wp-json\/wp\/v2\/product_brand?post=3368"},{"taxonomy":"product_cat","embeddable":true,"href":"https:\/\/www.ceramicbasin.com\/fr\/wp-json\/wp\/v2\/product_cat?post=3368"},{"taxonomy":"product_tag","embeddable":true,"href":"https:\/\/www.ceramicbasin.com\/fr\/wp-json\/wp\/v2\/product_tag?post=3368"}],"curies":[{"name":"wp","href":"https:\/\/api.w.org\/{rel}","templated":true}]}}