{"id":3381,"date":"2024-07-16T08:27:49","date_gmt":"2024-07-16T08:27:49","guid":{"rendered":"https:\/\/www.ceramicbasin.com\/?post_type=product&#038;p=3381"},"modified":"2024-11-01T10:05:20","modified_gmt":"2024-11-01T10:05:20","slug":"wall-hanging-ceramic-basins-wholesale","status":"publish","type":"product","link":"https:\/\/www.ceramicbasin.com\/fr\/produit\/wall-hanging-ceramic-basins-wholesale\/","title":{"rendered":"Vasques en c\u00e9ramique durables suspendues au mur Wholesale For Restroom"},"content":{"rendered":"<div class=\"wp-block-columns is-layout-flex wp-container-core-columns-is-layout-9d6595d7 wp-block-columns-is-layout-flex\">\n<div class=\"wp-block-column is-layout-flow wp-block-column-is-layout-flow\">\n<h2 class=\"wp-block-heading\">Bassins en c\u00e9ramique de premi\u00e8re qualit\u00e9 suspendus au mur Caract\u00e9ristiques en gros :<\/h2>\n\n\n\n<ul class=\"wp-block-list\">\n<li><strong>Simplicit\u00e9 et beaut\u00e9 : <\/strong>Ces vasques en c\u00e9ramique \u00e0 suspendre sont de conception simple. En outre, la surface en c\u00e9ramique blanche est lisse et d\u00e9licate, et facile \u00e0 nettoyer.<\/li>\n\n\n\n<li><strong>Conception murale : <\/strong>Nos lavabos suspendus utilisent une installation murale, ce qui permet d'\u00e9conomiser de l'espace, de rendre le sol plus facile \u00e0 nettoyer et d'am\u00e9liorer la modernit\u00e9 et la propret\u00e9 des toilettes.<\/li>\n\n\n\n<li><strong>Mat\u00e9riau c\u00e9ramique durable : <\/strong>Nos vasques murales en c\u00e9ramique sont fabriqu\u00e9es \u00e0 partir de mat\u00e9riaux c\u00e9ramiques de haute qualit\u00e9 qui garantissent que le produit est tr\u00e8s dur et tr\u00e8s r\u00e9sistant \u00e0 la corrosion, ce qui permet une utilisation de longue dur\u00e9e, m\u00eame dans des toilettes publiques \u00e0 forte humidit\u00e9.<\/li>\n\n\n\n<li><strong>Remise sur les achats en gros : <\/strong>En tant que fabricant professionnel de bassins en c\u00e9ramique en Chine, HanYu propose des prix de gros tr\u00e8s comp\u00e9titifs pour les bassins suspendus, adapt\u00e9s aux besoins d'achat \u00e0 grande \u00e9chelle des h\u00f4tels, des \u00e9coles, des h\u00f4pitaux et des lieux publics.<\/li>\n<\/ul>\n<\/div>\n\n\n\n<div class=\"wp-block-column is-layout-flow wp-block-column-is-layout-flow\">\n<figure class=\"wp-block-image size-full\"><img fetchpriority=\"high\" decoding=\"async\" width=\"1346\" height=\"1787\" src=\"https:\/\/www.ceramicbasin.com\/wp-content\/uploads\/2024\/07\/durable-wall-hanging-ceramic-basins-wholesale-for-washroom-6.webp\" alt=\"lavabos en c\u00e9ramique durables \u00e0 accrocher au mur - en gros pour salle de bains-2\" class=\"wp-image-3387\" srcset=\"https:\/\/www.ceramicbasin.com\/wp-content\/uploads\/2024\/07\/durable-wall-hanging-ceramic-basins-wholesale-for-washroom-6.webp 1346w, https:\/\/www.ceramicbasin.com\/wp-content\/uploads\/2024\/07\/durable-wall-hanging-ceramic-basins-wholesale-for-washroom-6-226x300.webp 226w, https:\/\/www.ceramicbasin.com\/wp-content\/uploads\/2024\/07\/durable-wall-hanging-ceramic-basins-wholesale-for-washroom-6-768x1020.webp 768w, https:\/\/www.ceramicbasin.com\/wp-content\/uploads\/2024\/07\/durable-wall-hanging-ceramic-basins-wholesale-for-washroom-6-9x12.webp 9w, https:\/\/www.ceramicbasin.com\/wp-content\/uploads\/2024\/07\/durable-wall-hanging-ceramic-basins-wholesale-for-washroom-6-285x378.webp 285w, https:\/\/www.ceramicbasin.com\/wp-content\/uploads\/2024\/07\/durable-wall-hanging-ceramic-basins-wholesale-for-washroom-6-497x660.webp 497w, https:\/\/www.ceramicbasin.com\/wp-content\/uploads\/2024\/07\/durable-wall-hanging-ceramic-basins-wholesale-for-washroom-6-113x150.webp 113w\" sizes=\"(max-width: 1346px) 100vw, 1346px\" \/><\/figure>\n<\/div>\n<\/div>","protected":false},"excerpt":{"rendered":"<p>Bienvenue dans l'achat en gros de lavabos en c\u00e9ramique. Ces lavabos muraux en c\u00e9ramique sont con\u00e7us pour les lieux publics qui recherchent la praticit\u00e9 et la beaut\u00e9. La s\u00e9lection de mat\u00e9riaux c\u00e9ramiques de qualit\u00e9 sup\u00e9rieure garantit la durabilit\u00e9 et la beaut\u00e9 de nos lavabos suspendus. La conception de la suspension murale permet non seulement d'\u00e9conomiser de l'espace, mais aussi de faciliter le nettoyage du sol.<\/p>\n<table style=\"border-collapse: collapse; width: 311.02pt;\" border=\"0\" width=\"311\" cellspacing=\"0\" cellpadding=\"0\">\n<tbody>\n<tr style=\"height: 17.60pt;\">\n<td class=\"et3\" style=\"height: 17.60pt; width: 108.35pt;\" width=\"108\" height=\"17\">Fabricant<\/td>\n<td class=\"et3\" style=\"width: 202.95pt;\" width=\"202\">HanYu<\/td>\n<\/tr>\n<tr style=\"height: 17.60pt;\">\n<td class=\"et3\" style=\"height: 17.60pt;\" height=\"17\">Num\u00e9ro de mod\u00e8le.<\/td>\n<td class=\"et4\">HY3103<\/td>\n<\/tr>\n<tr style=\"height: 17.60pt;\">\n<td class=\"et3\" style=\"height: 17.60pt;\" height=\"17\">Type<\/td>\n<td class=\"et3\">Cuvette murale<\/td>\n<\/tr>\n<tr style=\"height: 17.60pt;\">\n<td class=\"et3\" style=\"height: 17.60pt;\" height=\"17\">Forme<\/td>\n<td class=\"et3\">Forme carr\u00e9e<\/td>\n<\/tr>\n<tr style=\"height: 17.60pt;\">\n<td class=\"et4\" style=\"height: 17.60pt;\" height=\"17\">Couleur<\/td>\n<td class=\"et3\">Blanc<\/td>\n<\/tr>\n<tr style=\"height: 18.00pt;\">\n<td class=\"et3\" style=\"height: 18.00pt;\" height=\"18\">Dimension<\/td>\n<td class=\"et5\" style=\"width: 202.95pt;\" width=\"202\">43*43*46<\/td>\n<\/tr>\n<tr style=\"height: 17.60pt;\">\n<td class=\"et3\" style=\"height: 17.60pt;\" height=\"17\">N.W \/SET<\/td>\n<td class=\"et3\">17KGS\/PCS<\/td>\n<\/tr>\n<tr style=\"height: 17.60pt;\">\n<td class=\"et3\" style=\"height: 17.60pt;\" height=\"17\">MOQ<\/td>\n<td class=\"et3\">20pcs<\/td>\n<\/tr>\n<tr style=\"height: 17.60pt;\">\n<td class=\"et3\" style=\"height: 17.60pt;\" height=\"17\">Option personnalis\u00e9e<\/td>\n<td class=\"et3\">Couleur\/Pattenue\/Taille\/Logo\/Emballage<\/td>\n<\/tr>\n<\/tbody>\n<\/table>","protected":false},"featured_media":3383,"comment_status":"closed","ping_status":"closed","template":"","meta":{"_acf_changed":false},"product_brand":[],"product_cat":[57],"product_tag":[],"class_list":{"0":"post-3381","1":"product","2":"type-product","3":"status-publish","4":"has-post-thumbnail","6":"product_cat-wholesale-wall-mounted-sinks","8":"first","9":"instock","10":"shipping-taxable","11":"product-type-simple"},"acf":[],"_links":{"self":[{"href":"https:\/\/www.ceramicbasin.com\/fr\/wp-json\/wp\/v2\/product\/3381","targetHints":{"allow":["GET"]}}],"collection":[{"href":"https:\/\/www.ceramicbasin.com\/fr\/wp-json\/wp\/v2\/product"}],"about":[{"href":"https:\/\/www.ceramicbasin.com\/fr\/wp-json\/wp\/v2\/types\/product"}],"replies":[{"embeddable":true,"href":"https:\/\/www.ceramicbasin.com\/fr\/wp-json\/wp\/v2\/comments?post=3381"}],"wp:featuredmedia":[{"embeddable":true,"href":"https:\/\/www.ceramicbasin.com\/fr\/wp-json\/wp\/v2\/media\/3383"}],"wp:attachment":[{"href":"https:\/\/www.ceramicbasin.com\/fr\/wp-json\/wp\/v2\/media?parent=3381"}],"wp:term":[{"taxonomy":"product_brand","embeddable":true,"href":"https:\/\/www.ceramicbasin.com\/fr\/wp-json\/wp\/v2\/product_brand?post=3381"},{"taxonomy":"product_cat","embeddable":true,"href":"https:\/\/www.ceramicbasin.com\/fr\/wp-json\/wp\/v2\/product_cat?post=3381"},{"taxonomy":"product_tag","embeddable":true,"href":"https:\/\/www.ceramicbasin.com\/fr\/wp-json\/wp\/v2\/product_tag?post=3381"}],"curies":[{"name":"wp","href":"https:\/\/api.w.org\/{rel}","templated":true}]}}