{"id":3388,"date":"2024-07-16T08:45:01","date_gmt":"2024-07-16T08:45:01","guid":{"rendered":"https:\/\/www.ceramicbasin.com\/?post_type=product&#038;p=3388"},"modified":"2024-07-23T09:40:54","modified_gmt":"2024-07-23T09:40:54","slug":"custom-corner-wall-mounted-basin","status":"publish","type":"product","link":"https:\/\/www.ceramicbasin.com\/fr\/produit\/custom-corner-wall-mounted-basin\/","title":{"rendered":"Vasque d'angle en vrac pour petite salle de bains"},"content":{"rendered":"<div class=\"wp-block-columns is-layout-flex wp-container-core-columns-is-layout-9d6595d7 wp-block-columns-is-layout-flex\">\n<div class=\"wp-block-column is-layout-flow wp-block-column-is-layout-flow\">\n<h2 class=\"wp-block-heading\">Premium Custom Corner Wall-Mounted Basin Features :<\/h2>\n\n\n\n<ul class=\"wp-block-list\">\n<li><strong>Conception optimisant l'espace : <\/strong>Cette vasque murale d'angle personnalis\u00e9e en vrac utilise pleinement chaque centim\u00e8tre d'espace dans la salle de bains, en particulier pour les petites salles de bains ou les meubles-lavabos.<\/li>\n\n\n\n<li><strong>Style moderne et minimaliste : <\/strong>Les lignes \u00e9pur\u00e9es et le design moderne de cette vasque d'angle ne sont pas seulement pratiques, ils ajoutent \u00e9galement une touche de style \u00e0 la salle de bains et rehaussent la beaut\u00e9 g\u00e9n\u00e9rale de l'espace.<\/li>\n\n\n\n<li><strong>Mat\u00e9riaux de haute qualit\u00e9 :<\/strong> Nos \u00e9viers d'angle en gros sont fabriqu\u00e9s \u00e0 partir de mat\u00e9riaux c\u00e9ramiques de haute qualit\u00e9 et sont soigneusement trait\u00e9s pour garantir une surface lisse, une structure stable, un nettoyage facile et une grande durabilit\u00e9.<\/li>\n\n\n\n<li><strong>Options de personnalisation : <\/strong>Nous fournissons des vasques murales d'angle personnalis\u00e9es en gros, y compris la taille, la forme, la couleur et l'orientation de l'installation, afin de garantir que la vasque s'adapte parfaitement \u00e0 tous les styles et besoins de d\u00e9coration de la salle de bains.<\/li>\n<\/ul>\n<\/div>\n\n\n\n<div class=\"wp-block-column is-layout-flow wp-block-column-is-layout-flow\">\n<figure class=\"wp-block-image size-full\"><img fetchpriority=\"high\" decoding=\"async\" width=\"633\" height=\"883\" src=\"https:\/\/www.ceramicbasin.com\/wp-content\/uploads\/2024\/07\/custom-corner-sink-in-bulk-wall-hung-modern-bathroom-sink-8.webp\" alt=\"custom-corner-wall-mounted-basin-in-bulk-for-small-bathroom\" class=\"wp-image-3396\" srcset=\"https:\/\/www.ceramicbasin.com\/wp-content\/uploads\/2024\/07\/custom-corner-sink-in-bulk-wall-hung-modern-bathroom-sink-8.webp 633w, https:\/\/www.ceramicbasin.com\/wp-content\/uploads\/2024\/07\/custom-corner-sink-in-bulk-wall-hung-modern-bathroom-sink-8-215x300.webp 215w, https:\/\/www.ceramicbasin.com\/wp-content\/uploads\/2024\/07\/custom-corner-sink-in-bulk-wall-hung-modern-bathroom-sink-8-9x12.webp 9w, https:\/\/www.ceramicbasin.com\/wp-content\/uploads\/2024\/07\/custom-corner-sink-in-bulk-wall-hung-modern-bathroom-sink-8-285x398.webp 285w, https:\/\/www.ceramicbasin.com\/wp-content\/uploads\/2024\/07\/custom-corner-sink-in-bulk-wall-hung-modern-bathroom-sink-8-473x660.webp 473w, https:\/\/www.ceramicbasin.com\/wp-content\/uploads\/2024\/07\/custom-corner-sink-in-bulk-wall-hung-modern-bathroom-sink-8-108x150.webp 108w\" sizes=\"(max-width: 633px) 100vw, 633px\" \/><\/figure>\n<\/div>\n<\/div>","protected":false},"excerpt":{"rendered":"<p>Cette vasque murale d'angle personnalis\u00e9e est con\u00e7ue pour maximiser l'utilisation de l'espace de la salle de bains. Elle est install\u00e9e dans l'angle du mur, ce qui permet non seulement d'\u00e9conomiser de l'espace, mais aussi de faciliter le nettoyage quotidien. Nous proposons des services de personnalisation, notamment en ce qui concerne la taille, la forme, la couleur et l'orientation de l'installation, afin de garantir une int\u00e9gration parfaite dans l'espace de la salle de bains.<\/p>\n<table style=\"border-collapse: collapse; width: 311.02pt;\" border=\"0\" width=\"311\" cellspacing=\"0\" cellpadding=\"0\">\n<tbody>\n<tr style=\"height: 17.60pt;\">\n<td class=\"et3\" style=\"height: 17.60pt; width: 108.35pt;\" width=\"108\" height=\"17\">Fabricant<\/td>\n<td class=\"et3\" style=\"width: 202.95pt;\" width=\"202\">HanYu<\/td>\n<\/tr>\n<tr style=\"height: 17.60pt;\">\n<td class=\"et3\" style=\"height: 17.60pt;\" height=\"17\">Num\u00e9ro de mod\u00e8le.<\/td>\n<td class=\"et4\">HY3051<\/td>\n<\/tr>\n<tr style=\"height: 17.60pt;\">\n<td class=\"et3\" style=\"height: 17.60pt;\" height=\"17\">Type<\/td>\n<td class=\"et3\">Cuvette murale, Cuvette d'angle<\/td>\n<\/tr>\n<tr style=\"height: 17.60pt;\">\n<td class=\"et3\" style=\"height: 17.60pt;\" height=\"17\">Forme<\/td>\n<td class=\"et3\">Forme ronde<\/td>\n<\/tr>\n<tr style=\"height: 17.60pt;\">\n<td class=\"et4\" style=\"height: 17.60pt;\" height=\"17\">Couleur<\/td>\n<td class=\"et3\">Blanc<\/td>\n<\/tr>\n<tr style=\"height: 18.00pt;\">\n<td class=\"et3\" style=\"height: 18.00pt;\" height=\"18\">Dimension<\/td>\n<td class=\"et5\" style=\"width: 202.95pt;\" width=\"202\">36*38*15<\/td>\n<\/tr>\n<tr style=\"height: 17.60pt;\">\n<td class=\"et3\" style=\"height: 17.60pt;\" height=\"17\">N.W \/SET<\/td>\n<td class=\"et3\">6KGS\/PCS<\/td>\n<\/tr>\n<tr style=\"height: 17.60pt;\">\n<td class=\"et3\" style=\"height: 17.60pt;\" height=\"17\">MOQ<\/td>\n<td class=\"et3\">20pcs<\/td>\n<\/tr>\n<tr style=\"height: 17.60pt;\">\n<td class=\"et3\" style=\"height: 17.60pt;\" height=\"17\">Option personnalis\u00e9e<\/td>\n<td class=\"et3\">Couleur\/Pattenue\/Taille\/Logo\/Emballage<\/td>\n<\/tr>\n<\/tbody>\n<\/table>","protected":false},"featured_media":3393,"comment_status":"closed","ping_status":"closed","template":"","meta":{"_acf_changed":false},"product_brand":[],"product_cat":[57],"product_tag":[],"class_list":{"0":"post-3388","1":"product","2":"type-product","3":"status-publish","4":"has-post-thumbnail","6":"product_cat-wholesale-wall-mounted-sinks","8":"first","9":"instock","10":"shipping-taxable","11":"product-type-simple"},"acf":[],"_links":{"self":[{"href":"https:\/\/www.ceramicbasin.com\/fr\/wp-json\/wp\/v2\/product\/3388","targetHints":{"allow":["GET"]}}],"collection":[{"href":"https:\/\/www.ceramicbasin.com\/fr\/wp-json\/wp\/v2\/product"}],"about":[{"href":"https:\/\/www.ceramicbasin.com\/fr\/wp-json\/wp\/v2\/types\/product"}],"replies":[{"embeddable":true,"href":"https:\/\/www.ceramicbasin.com\/fr\/wp-json\/wp\/v2\/comments?post=3388"}],"wp:featuredmedia":[{"embeddable":true,"href":"https:\/\/www.ceramicbasin.com\/fr\/wp-json\/wp\/v2\/media\/3393"}],"wp:attachment":[{"href":"https:\/\/www.ceramicbasin.com\/fr\/wp-json\/wp\/v2\/media?parent=3388"}],"wp:term":[{"taxonomy":"product_brand","embeddable":true,"href":"https:\/\/www.ceramicbasin.com\/fr\/wp-json\/wp\/v2\/product_brand?post=3388"},{"taxonomy":"product_cat","embeddable":true,"href":"https:\/\/www.ceramicbasin.com\/fr\/wp-json\/wp\/v2\/product_cat?post=3388"},{"taxonomy":"product_tag","embeddable":true,"href":"https:\/\/www.ceramicbasin.com\/fr\/wp-json\/wp\/v2\/product_tag?post=3388"}],"curies":[{"name":"wp","href":"https:\/\/api.w.org\/{rel}","templated":true}]}}