{"id":3407,"date":"2024-07-16T09:19:25","date_gmt":"2024-07-16T09:19:25","guid":{"rendered":"https:\/\/www.ceramicbasin.com\/?post_type=product&#038;p=3407"},"modified":"2024-07-23T09:40:44","modified_gmt":"2024-07-23T09:40:44","slug":"corner-wall-mounted-basin-wholesale","status":"publish","type":"product","link":"https:\/\/www.ceramicbasin.com\/fr\/produit\/corner-wall-mounted-basin-wholesale\/","title":{"rendered":"Triangle Corner Wall-Mounted Basin Wholesale For Small Vanity"},"content":{"rendered":"<div class=\"wp-block-columns is-layout-flex wp-container-core-columns-is-layout-9d6595d7 wp-block-columns-is-layout-flex\">\n<div class=\"wp-block-column is-layout-flow wp-block-column-is-layout-flow\">\n<h2 class=\"wp-block-heading\">Premium Corner Wall-Mounted Basin Wholesale Features :<\/h2>\n\n\n\n<ul class=\"wp-block-list\">\n<li><strong>Conception peu encombrante : <\/strong>Le design triangulaire unique de cette vasque murale d'angle s'adapte en gros \u00e0 l'angle du mur et est con\u00e7u pour les petites salles de bains afin de maximiser l'utilisation d'un espace limit\u00e9. <\/li>\n\n\n\n<li><strong>Belle et soign\u00e9e : <\/strong>La vasque murale permet non seulement de gagner de l'espace au sol, mais aussi de faciliter le travail de nettoyage en dessous, ce qui permet de garder la salle de bains bien rang\u00e9e. <\/li>\n\n\n\n<li><strong>Mat\u00e9riau c\u00e9ramique de haute qualit\u00e9 : <\/strong>Ce lavabo mural d'angle utilise en gros de la c\u00e9ramique de haute qualit\u00e9 pour garantir un produit durable, lisse et facile \u00e0 nettoyer. <\/li>\n\n\n\n<li><strong>Fourniture par l'usine :<\/strong> En tant que fournisseur professionnel d'\u00e9viers de salle de bains, HanYu propose des prix tr\u00e8s comp\u00e9titifs pour les achats \u00e0 grande \u00e9chelle tels que les h\u00f4tels, les appartements et les projets r\u00e9sidentiels.<\/li>\n<\/ul>\n<\/div>\n\n\n\n<div class=\"wp-block-column is-layout-flow wp-block-column-is-layout-flow\">\n<figure class=\"wp-block-image size-full\"><img fetchpriority=\"high\" decoding=\"async\" width=\"613\" height=\"845\" src=\"https:\/\/www.ceramicbasin.com\/wp-content\/uploads\/2024\/07\/triangle-corner-wall-mounted-basin-wholesale-for-small-vanity-8.jpg\" alt=\"triangle-corner-vasque-mural-en-gros-pour-petite-vanit\u00e9-8\" class=\"wp-image-3415\" srcset=\"https:\/\/www.ceramicbasin.com\/wp-content\/uploads\/2024\/07\/triangle-corner-wall-mounted-basin-wholesale-for-small-vanity-8.jpg 613w, https:\/\/www.ceramicbasin.com\/wp-content\/uploads\/2024\/07\/triangle-corner-wall-mounted-basin-wholesale-for-small-vanity-8-218x300.jpg 218w, https:\/\/www.ceramicbasin.com\/wp-content\/uploads\/2024\/07\/triangle-corner-wall-mounted-basin-wholesale-for-small-vanity-8-9x12.jpg 9w, https:\/\/www.ceramicbasin.com\/wp-content\/uploads\/2024\/07\/triangle-corner-wall-mounted-basin-wholesale-for-small-vanity-8-285x393.jpg 285w, https:\/\/www.ceramicbasin.com\/wp-content\/uploads\/2024\/07\/triangle-corner-wall-mounted-basin-wholesale-for-small-vanity-8-479x660.jpg 479w, https:\/\/www.ceramicbasin.com\/wp-content\/uploads\/2024\/07\/triangle-corner-wall-mounted-basin-wholesale-for-small-vanity-8-109x150.jpg 109w\" sizes=\"(max-width: 613px) 100vw, 613px\" \/><\/figure>\n<\/div>\n<\/div>","protected":false},"excerpt":{"rendered":"<p>Cette vasque murale d'angle utilise intelligemment l'espace de la salle de bains, et sa conception murale facilite le nettoyage. Des mat\u00e9riaux c\u00e9ramiques de haute qualit\u00e9 ont \u00e9t\u00e9 s\u00e9lectionn\u00e9s pour garantir la durabilit\u00e9 et la facilit\u00e9 de nettoyage du produit. L'approvisionnement direct de l'usine vous aide \u00e0 contr\u00f4ler les co\u00fbts d'approvisionnement.<\/p>\n<table style=\"border-collapse: collapse; width: 311.02pt;\" border=\"0\" width=\"311\" cellspacing=\"0\" cellpadding=\"0\">\n<tbody>\n<tr style=\"height: 17.60pt;\">\n<td class=\"et3\" style=\"height: 17.60pt; width: 108.35pt;\" width=\"108\" height=\"17\">Fabricant<\/td>\n<td class=\"et3\" style=\"width: 202.95pt;\" width=\"202\">HanYu<\/td>\n<\/tr>\n<tr style=\"height: 17.60pt;\">\n<td class=\"et3\" style=\"height: 17.60pt;\" height=\"17\">Num\u00e9ro de mod\u00e8le.<\/td>\n<td class=\"et4\">HY3072<\/td>\n<\/tr>\n<tr style=\"height: 17.60pt;\">\n<td class=\"et3\" style=\"height: 17.60pt;\" height=\"17\">Type<\/td>\n<td class=\"et3\">Cuvette murale,Cuvette d'angle<\/td>\n<\/tr>\n<tr style=\"height: 17.60pt;\">\n<td class=\"et3\" style=\"height: 17.60pt;\" height=\"17\">Forme<\/td>\n<td class=\"et3\">Forme de triangle<\/td>\n<\/tr>\n<tr style=\"height: 17.60pt;\">\n<td class=\"et4\" style=\"height: 17.60pt;\" height=\"17\">Couleur<\/td>\n<td class=\"et3\">Blanc<\/td>\n<\/tr>\n<tr style=\"height: 18.00pt;\">\n<td class=\"et3\" style=\"height: 18.00pt;\" height=\"18\">Dimension<\/td>\n<td class=\"et6\" style=\"width: 202.95pt;\" width=\"202\">33*33*13<\/td>\n<\/tr>\n<tr style=\"height: 17.60pt;\">\n<td class=\"et3\" style=\"height: 17.60pt;\" height=\"17\">N.W \/SET<\/td>\n<td class=\"et3\">7.3KGS\/PCS<\/td>\n<\/tr>\n<tr style=\"height: 17.60pt;\">\n<td class=\"et3\" style=\"height: 17.60pt;\" height=\"17\">MOQ<\/td>\n<td class=\"et3\">20pcs<\/td>\n<\/tr>\n<tr style=\"height: 17.60pt;\">\n<td class=\"et3\" style=\"height: 17.60pt;\" height=\"17\">Option personnalis\u00e9e<\/td>\n<td class=\"et3\">Couleur\/Pattenue\/Taille\/Logo\/Emballage<\/td>\n<\/tr>\n<\/tbody>\n<\/table>","protected":false},"featured_media":3414,"comment_status":"closed","ping_status":"closed","template":"","meta":{"_acf_changed":false},"product_brand":[],"product_cat":[57],"product_tag":[],"class_list":{"0":"post-3407","1":"product","2":"type-product","3":"status-publish","4":"has-post-thumbnail","6":"product_cat-wholesale-wall-mounted-sinks","8":"first","9":"instock","10":"shipping-taxable","11":"product-type-simple"},"acf":[],"_links":{"self":[{"href":"https:\/\/www.ceramicbasin.com\/fr\/wp-json\/wp\/v2\/product\/3407","targetHints":{"allow":["GET"]}}],"collection":[{"href":"https:\/\/www.ceramicbasin.com\/fr\/wp-json\/wp\/v2\/product"}],"about":[{"href":"https:\/\/www.ceramicbasin.com\/fr\/wp-json\/wp\/v2\/types\/product"}],"replies":[{"embeddable":true,"href":"https:\/\/www.ceramicbasin.com\/fr\/wp-json\/wp\/v2\/comments?post=3407"}],"wp:featuredmedia":[{"embeddable":true,"href":"https:\/\/www.ceramicbasin.com\/fr\/wp-json\/wp\/v2\/media\/3414"}],"wp:attachment":[{"href":"https:\/\/www.ceramicbasin.com\/fr\/wp-json\/wp\/v2\/media?parent=3407"}],"wp:term":[{"taxonomy":"product_brand","embeddable":true,"href":"https:\/\/www.ceramicbasin.com\/fr\/wp-json\/wp\/v2\/product_brand?post=3407"},{"taxonomy":"product_cat","embeddable":true,"href":"https:\/\/www.ceramicbasin.com\/fr\/wp-json\/wp\/v2\/product_cat?post=3407"},{"taxonomy":"product_tag","embeddable":true,"href":"https:\/\/www.ceramicbasin.com\/fr\/wp-json\/wp\/v2\/product_tag?post=3407"}],"curies":[{"name":"wp","href":"https:\/\/api.w.org\/{rel}","templated":true}]}}