{"id":3416,"date":"2024-07-16T09:49:18","date_gmt":"2024-07-16T09:49:18","guid":{"rendered":"https:\/\/www.ceramicbasin.com\/?post_type=product&#038;p=3416"},"modified":"2024-11-01T09:58:43","modified_gmt":"2024-11-01T09:58:43","slug":"mini-wall-hang-basin-bulk","status":"publish","type":"product","link":"https:\/\/www.ceramicbasin.com\/fr\/produit\/mini-wall-hang-basin-bulk\/","title":{"rendered":"Mini vasque suspendue Bulk, Tiny Bathroom Sinks Wholesale"},"content":{"rendered":"<div class=\"wp-block-columns is-layout-flex wp-container-core-columns-is-layout-9d6595d7 wp-block-columns-is-layout-flex\">\n<div class=\"wp-block-column is-layout-flow wp-block-column-is-layout-flow\">\n<h2 class=\"wp-block-heading\">Premium Mini Wall Hang Basin Bulk Caract\u00e9ristiques :<\/h2>\n\n\n\n<ul class=\"wp-block-list\">\n<li><strong>Conception optimis\u00e9e pour l'espace : <\/strong>Cette mini-vasque \u00e0 suspendre est con\u00e7ue pour les petites salles de bains. Ce mini lavabo mural permet d'\u00e9conomiser de l'espace et constitue un choix id\u00e9al pour les petits appartements ou les chambres d'h\u00f4tel.<\/li>\n\n\n\n<li><strong>Mat\u00e9riau c\u00e9ramique de haute qualit\u00e9 : <\/strong>Nos minuscules \u00e9viers de salle de bains en gros sont fabriqu\u00e9s \u00e0 partir de mati\u00e8res premi\u00e8res c\u00e9ramiques de haute qualit\u00e9 et cuits \u00e0 haute temp\u00e9rature pour garantir que le produit est durable, lisse, facile \u00e0 nettoyer et \u00e0 entretenir, et qu'il conserve une beaut\u00e9 durable.<\/li>\n\n\n\n<li><strong>Installation murale : <\/strong>Ce mini-vasque suspendu se fixe au mur, ce qui permet non seulement de gagner de la place, mais aussi de faciliter le nettoyage du sol, am\u00e9liorant ainsi la propret\u00e9 et la modernit\u00e9 de la salle de bains.<\/li>\n\n\n\n<li><strong>Avantage de l'encombrement :<\/strong> En tant que fabricant professionnel de vasques en c\u00e9ramique, HanYu propose des \u00e9viers de salle de bain de petite taille en gros \u00e0 des prix tr\u00e8s comp\u00e9titifs, adapt\u00e9s aux besoins de d\u00e9coration \u00e0 grande \u00e9chelle des h\u00f4tels, des appartements et des projets r\u00e9sidentiels.<\/li>\n<\/ul>\n<\/div>\n\n\n\n<div class=\"wp-block-column is-layout-flow wp-block-column-is-layout-flow\">\n<figure class=\"wp-block-image size-full\"><img fetchpriority=\"high\" decoding=\"async\" width=\"607\" height=\"879\" src=\"https:\/\/www.ceramicbasin.com\/wp-content\/uploads\/2024\/07\/factory-supply-mini-wall-hang-basin-bulk-for-tiny-bathroom-8.webp\" alt=\"factory-supply-mini-accroche-mur-bassin-pour-petite-salle-de-bain-8\" class=\"wp-image-3424\" srcset=\"https:\/\/www.ceramicbasin.com\/wp-content\/uploads\/2024\/07\/factory-supply-mini-wall-hang-basin-bulk-for-tiny-bathroom-8.webp 607w, https:\/\/www.ceramicbasin.com\/wp-content\/uploads\/2024\/07\/factory-supply-mini-wall-hang-basin-bulk-for-tiny-bathroom-8-207x300.webp 207w, https:\/\/www.ceramicbasin.com\/wp-content\/uploads\/2024\/07\/factory-supply-mini-wall-hang-basin-bulk-for-tiny-bathroom-8-8x12.webp 8w, https:\/\/www.ceramicbasin.com\/wp-content\/uploads\/2024\/07\/factory-supply-mini-wall-hang-basin-bulk-for-tiny-bathroom-8-285x413.webp 285w, https:\/\/www.ceramicbasin.com\/wp-content\/uploads\/2024\/07\/factory-supply-mini-wall-hang-basin-bulk-for-tiny-bathroom-8-456x660.webp 456w, https:\/\/www.ceramicbasin.com\/wp-content\/uploads\/2024\/07\/factory-supply-mini-wall-hang-basin-bulk-for-tiny-bathroom-8-104x150.webp 104w\" sizes=\"(max-width: 607px) 100vw, 607px\" \/><\/figure>\n<\/div>\n<\/div>","protected":false},"excerpt":{"rendered":"<p>Bienvenue sur le site d'achat en gros de minuscules lavabos de salle de bains. Ce mini lavabo mural en vrac est con\u00e7u pour r\u00e9soudre les probl\u00e8mes li\u00e9s aux salles de bains de petite taille. Les mat\u00e9riaux c\u00e9ramiques de haute qualit\u00e9 s\u00e9lectionn\u00e9s garantissent la durabilit\u00e9 et la facilit\u00e9 de nettoyage du produit. Le prix pr\u00e9f\u00e9rentiel de l'achat en gros vous aide \u00e0 contr\u00f4ler les co\u00fbts.<\/p>\n<table style=\"border-collapse: collapse; width: 311.02pt;\" border=\"0\" width=\"311\" cellspacing=\"0\" cellpadding=\"0\">\n<tbody>\n<tr style=\"height: 17.60pt;\">\n<td class=\"et3\" style=\"height: 17.60pt; width: 108.35pt;\" width=\"108\" height=\"17\">Fabricant<\/td>\n<td class=\"et3\" style=\"width: 202.95pt;\" width=\"202\">HanYu<\/td>\n<\/tr>\n<tr style=\"height: 17.60pt;\">\n<td class=\"et3\" style=\"height: 17.60pt;\" height=\"17\">Num\u00e9ro de mod\u00e8le.<\/td>\n<td class=\"et4\">HY3076<\/td>\n<\/tr>\n<tr style=\"height: 17.60pt;\">\n<td class=\"et3\" style=\"height: 17.60pt;\" height=\"17\">Type<\/td>\n<td class=\"et3\">Cuvette murale, Petite cuvette<\/td>\n<\/tr>\n<tr style=\"height: 17.60pt;\">\n<td class=\"et3\" style=\"height: 17.60pt;\" height=\"17\">Forme<\/td>\n<td class=\"et3\">Forme rectangulaire<\/td>\n<\/tr>\n<tr style=\"height: 17.60pt;\">\n<td class=\"et4\" style=\"height: 17.60pt;\" height=\"17\">Couleur<\/td>\n<td class=\"et3\">Blanc<\/td>\n<\/tr>\n<tr style=\"height: 18.00pt;\">\n<td class=\"et3\" style=\"height: 18.00pt;\" height=\"18\">Dimension<\/td>\n<td class=\"et6\" style=\"width: 202.95pt;\" width=\"202\">31*19*11<\/td>\n<\/tr>\n<tr style=\"height: 17.60pt;\">\n<td class=\"et3\" style=\"height: 17.60pt;\" height=\"17\">N.W \/SET<\/td>\n<td class=\"et3\">5KGS\/PCS<\/td>\n<\/tr>\n<tr style=\"height: 17.60pt;\">\n<td class=\"et3\" style=\"height: 17.60pt;\" height=\"17\">MOQ<\/td>\n<td class=\"et3\">10pcs<\/td>\n<\/tr>\n<tr style=\"height: 17.60pt;\">\n<td class=\"et3\" style=\"height: 17.60pt;\" height=\"17\">Option personnalis\u00e9e<\/td>\n<td class=\"et3\">Couleur\/Pattenue\/Taille\/Logo\/Emballage<\/td>\n<\/tr>\n<\/tbody>\n<\/table>","protected":false},"featured_media":3421,"comment_status":"closed","ping_status":"closed","template":"","meta":{"_acf_changed":false},"product_brand":[],"product_cat":[56],"product_tag":[],"class_list":{"0":"post-3416","1":"product","2":"type-product","3":"status-publish","4":"has-post-thumbnail","6":"product_cat-wholesale-small-bathroom-sinks","8":"first","9":"instock","10":"shipping-taxable","11":"product-type-simple"},"acf":[],"_links":{"self":[{"href":"https:\/\/www.ceramicbasin.com\/fr\/wp-json\/wp\/v2\/product\/3416","targetHints":{"allow":["GET"]}}],"collection":[{"href":"https:\/\/www.ceramicbasin.com\/fr\/wp-json\/wp\/v2\/product"}],"about":[{"href":"https:\/\/www.ceramicbasin.com\/fr\/wp-json\/wp\/v2\/types\/product"}],"replies":[{"embeddable":true,"href":"https:\/\/www.ceramicbasin.com\/fr\/wp-json\/wp\/v2\/comments?post=3416"}],"wp:featuredmedia":[{"embeddable":true,"href":"https:\/\/www.ceramicbasin.com\/fr\/wp-json\/wp\/v2\/media\/3421"}],"wp:attachment":[{"href":"https:\/\/www.ceramicbasin.com\/fr\/wp-json\/wp\/v2\/media?parent=3416"}],"wp:term":[{"taxonomy":"product_brand","embeddable":true,"href":"https:\/\/www.ceramicbasin.com\/fr\/wp-json\/wp\/v2\/product_brand?post=3416"},{"taxonomy":"product_cat","embeddable":true,"href":"https:\/\/www.ceramicbasin.com\/fr\/wp-json\/wp\/v2\/product_cat?post=3416"},{"taxonomy":"product_tag","embeddable":true,"href":"https:\/\/www.ceramicbasin.com\/fr\/wp-json\/wp\/v2\/product_tag?post=3416"}],"curies":[{"name":"wp","href":"https:\/\/api.w.org\/{rel}","templated":true}]}}