{"id":3440,"date":"2024-07-17T06:45:42","date_gmt":"2024-07-17T06:45:42","guid":{"rendered":"https:\/\/www.ceramicbasin.com\/?post_type=product&#038;p=3440"},"modified":"2024-07-26T09:03:44","modified_gmt":"2024-07-26T09:03:44","slug":"small-wall-hung-matt-basins-wholesale","status":"publish","type":"product","link":"https:\/\/www.ceramicbasin.com\/fr\/produit\/small-wall-hung-matt-basins-wholesale\/","title":{"rendered":"Petites vasques murales Matt Basins Wholesale Pour salles de bains compactes"},"content":{"rendered":"<div class=\"wp-block-columns is-layout-flex wp-container-core-columns-is-layout-9d6595d7 wp-block-columns-is-layout-flex\">\n<div class=\"wp-block-column is-layout-flow wp-block-column-is-layout-flow\">\n<h2 class=\"wp-block-heading\">Premium Matt Basins Wholesale Caract\u00e9ristiques :<\/h2>\n\n\n\n<ul class=\"wp-block-list\">\n<li><strong>Conception peu encombrante : <\/strong>Ce lavabo mat en gros est sp\u00e9cialement con\u00e7u pour les salles de bains compactes. Le petit design mural permet d'\u00e9conomiser de l'espace au maximum tout en conservant une bonne fonctionnalit\u00e9.<\/li>\n\n\n\n<li><strong>Texture de gla\u00e7age mate :<\/strong> Nos lavabos mats en gros adoptent un traitement de gla\u00e7age mat de haute qualit\u00e9, ce qui leur conf\u00e8re un toucher d\u00e9licat et lisse. Il est non seulement beau, mais aussi facile \u00e0 nettoyer. Il reste brillant et propre apr\u00e8s une utilisation prolong\u00e9e.<\/li>\n\n\n\n<li><strong>Facile \u00e0 installer et \u00e0 entretenir : <\/strong>La structure l\u00e9g\u00e8re de ce lavabo suspendu est pratique pour une fixation murale. En outre, la surface lisse r\u00e9duit la difficult\u00e9 de nettoyage, ce qui permet d'\u00e9conomiser du temps et des efforts.<\/li>\n\n\n\n<li><strong>Diverses options de couleurs :<\/strong> Nos lavabos mats en gros offrent une vari\u00e9t\u00e9 d'options de couleurs pour r\u00e9pondre aux besoins des diff\u00e9rents styles de d\u00e9coration. Qu'il s'agisse d'une simplicit\u00e9 moderne ou d'un style r\u00e9tro, vous pouvez trouver un assortiment appropri\u00e9.<\/li>\n<\/ul>\n<\/div>\n\n\n\n<div class=\"wp-block-column is-layout-flow wp-block-column-is-layout-flow\">\n<figure class=\"wp-block-image size-full\"><img fetchpriority=\"high\" decoding=\"async\" width=\"827\" height=\"1232\" src=\"https:\/\/www.ceramicbasin.com\/wp-content\/uploads\/2024\/07\/small-wall-hung-matt-basins-wholesale-for-compact-bathrooms-6.webp\" alt=\"Petits lavabos suspendus \u00e0 matelas - en gros pour salles de bains compactes - 6\" class=\"wp-image-3446\" srcset=\"https:\/\/www.ceramicbasin.com\/wp-content\/uploads\/2024\/07\/small-wall-hung-matt-basins-wholesale-for-compact-bathrooms-6.webp 827w, https:\/\/www.ceramicbasin.com\/wp-content\/uploads\/2024\/07\/small-wall-hung-matt-basins-wholesale-for-compact-bathrooms-6-201x300.webp 201w, https:\/\/www.ceramicbasin.com\/wp-content\/uploads\/2024\/07\/small-wall-hung-matt-basins-wholesale-for-compact-bathrooms-6-768x1144.webp 768w, https:\/\/www.ceramicbasin.com\/wp-content\/uploads\/2024\/07\/small-wall-hung-matt-basins-wholesale-for-compact-bathrooms-6-8x12.webp 8w, https:\/\/www.ceramicbasin.com\/wp-content\/uploads\/2024\/07\/small-wall-hung-matt-basins-wholesale-for-compact-bathrooms-6-285x425.webp 285w, https:\/\/www.ceramicbasin.com\/wp-content\/uploads\/2024\/07\/small-wall-hung-matt-basins-wholesale-for-compact-bathrooms-6-443x660.webp 443w, https:\/\/www.ceramicbasin.com\/wp-content\/uploads\/2024\/07\/small-wall-hung-matt-basins-wholesale-for-compact-bathrooms-6-101x150.webp 101w\" sizes=\"(max-width: 827px) 100vw, 827px\" \/><\/figure>\n<\/div>\n<\/div>","protected":false},"excerpt":{"rendered":"<p>Con\u00e7us pour les salles de bains compactes, nos petits lavabos muraux mats en gros sont la solution parfaite pour l'espace gr\u00e2ce \u00e0 leur forme exquise et leur excellente fonctionnalit\u00e9. Le traitement de gla\u00e7age mat donne au bassin une texture unique, et il est facile \u00e0 installer et \u00e0 entretenir. Une riche s\u00e9lection de couleurs permet de r\u00e9pondre \u00e0 tous les styles de d\u00e9coration de la salle de bains.<\/p>\n<table style=\"border-collapse: collapse; width: 311.02pt;\" border=\"0\" width=\"311\" cellspacing=\"0\" cellpadding=\"0\">\n<tbody>\n<tr style=\"height: 17.60pt;\">\n<td class=\"et3\" style=\"height: 17.60pt; width: 108.35pt;\" width=\"108\" height=\"17\">Fabricant<\/td>\n<td class=\"et3\" style=\"width: 202.95pt;\" width=\"202\">HanYu<\/td>\n<\/tr>\n<tr style=\"height: 17.60pt;\">\n<td class=\"et3\" style=\"height: 17.60pt;\" height=\"17\">Num\u00e9ro de mod\u00e8le.<\/td>\n<td class=\"et4\">HY-3085RMB<\/td>\n<\/tr>\n<tr style=\"height: 36.00pt;\">\n<td class=\"et3\" style=\"height: 36.00pt;\" height=\"36\">Type<\/td>\n<td class=\"et5\" style=\"width: 202.95pt;\" width=\"202\">Cuvette mate, Cuvette murale, Petite cuvette<\/td>\n<\/tr>\n<tr style=\"height: 17.60pt;\">\n<td class=\"et3\" style=\"height: 17.60pt;\" height=\"17\">Forme<\/td>\n<td class=\"et3\">Forme rectangulaire<\/td>\n<\/tr>\n<tr style=\"height: 36.00pt;\">\n<td class=\"et4\" style=\"height: 36.00pt;\" height=\"36\">Couleur<\/td>\n<td class=\"et5\" style=\"width: 202.95pt;\" width=\"202\">Noir\/Blanc\/Bleu\/Gris\/Rose\/Vert\/Marron\/Kaki......<\/td>\n<\/tr>\n<tr style=\"height: 18.00pt;\">\n<td class=\"et3\" style=\"height: 18.00pt;\" height=\"18\">Dimension<\/td>\n<td class=\"et5\" style=\"width: 202.95pt;\" width=\"202\">38*14.5*8<\/td>\n<\/tr>\n<tr style=\"height: 17.60pt;\">\n<td class=\"et3\" style=\"height: 17.60pt;\" height=\"17\">N.W \/SET<\/td>\n<td class=\"et3\">5KGS\/PCS<\/td>\n<\/tr>\n<tr style=\"height: 17.60pt;\">\n<td class=\"et3\" style=\"height: 17.60pt;\" height=\"17\">MOQ<\/td>\n<td class=\"et3\">20pcs<\/td>\n<\/tr>\n<tr style=\"height: 17.60pt;\">\n<td class=\"et3\" style=\"height: 17.60pt;\" height=\"17\">Option personnalis\u00e9e<\/td>\n<td class=\"et3\">Couleur\/Pattenue\/Taille\/Logo\/Emballage<\/td>\n<\/tr>\n<\/tbody>\n<\/table>","protected":false},"featured_media":3445,"comment_status":"closed","ping_status":"closed","template":"","meta":{"_acf_changed":false},"product_brand":[],"product_cat":[55,56],"product_tag":[],"class_list":{"0":"post-3440","1":"product","2":"type-product","3":"status-publish","4":"has-post-thumbnail","6":"product_cat-wholesale-matte-sinks","7":"product_cat-wholesale-small-bathroom-sinks","9":"first","10":"instock","11":"shipping-taxable","12":"product-type-simple"},"acf":[],"_links":{"self":[{"href":"https:\/\/www.ceramicbasin.com\/fr\/wp-json\/wp\/v2\/product\/3440","targetHints":{"allow":["GET"]}}],"collection":[{"href":"https:\/\/www.ceramicbasin.com\/fr\/wp-json\/wp\/v2\/product"}],"about":[{"href":"https:\/\/www.ceramicbasin.com\/fr\/wp-json\/wp\/v2\/types\/product"}],"replies":[{"embeddable":true,"href":"https:\/\/www.ceramicbasin.com\/fr\/wp-json\/wp\/v2\/comments?post=3440"}],"wp:featuredmedia":[{"embeddable":true,"href":"https:\/\/www.ceramicbasin.com\/fr\/wp-json\/wp\/v2\/media\/3445"}],"wp:attachment":[{"href":"https:\/\/www.ceramicbasin.com\/fr\/wp-json\/wp\/v2\/media?parent=3440"}],"wp:term":[{"taxonomy":"product_brand","embeddable":true,"href":"https:\/\/www.ceramicbasin.com\/fr\/wp-json\/wp\/v2\/product_brand?post=3440"},{"taxonomy":"product_cat","embeddable":true,"href":"https:\/\/www.ceramicbasin.com\/fr\/wp-json\/wp\/v2\/product_cat?post=3440"},{"taxonomy":"product_tag","embeddable":true,"href":"https:\/\/www.ceramicbasin.com\/fr\/wp-json\/wp\/v2\/product_tag?post=3440"}],"curies":[{"name":"wp","href":"https:\/\/api.w.org\/{rel}","templated":true}]}}