{"id":3453,"date":"2024-07-17T07:15:05","date_gmt":"2024-07-17T07:15:05","guid":{"rendered":"https:\/\/www.ceramicbasin.com\/?post_type=product&#038;p=3453"},"modified":"2024-11-01T09:46:09","modified_gmt":"2024-11-01T09:46:09","slug":"matte-vessel-sink-wholesale","status":"publish","type":"product","link":"https:\/\/www.ceramicbasin.com\/fr\/produit\/matte-vessel-sink-wholesale\/","title":{"rendered":"Oval Shape Matte Vessel Sink Wholesale With Diverse Colors"},"content":{"rendered":"<div class=\"wp-block-columns is-layout-flex wp-container-core-columns-is-layout-9d6595d7 wp-block-columns-is-layout-flex\">\n<div class=\"wp-block-column is-layout-flow wp-block-column-is-layout-flow\">\n<h2 class=\"wp-block-heading\">Premium Matte Vessel Sink Wholesale Caract\u00e9ristiques :<\/h2>\n\n\n\n<ul class=\"wp-block-list\">\n<li><strong>Con\u00e7u dans une forme ovale : <\/strong>Notre lavabo mat en gros pr\u00e9sente des lignes douces qui donnent un effet visuel doux et moderne \u00e0 l'espace et ajoutent du charme \u00e0 la salle de bains.<\/li>\n\n\n\n<li><strong>Texture mate, toucher agr\u00e9able :<\/strong> Le traitement de surface mat unique de cet \u00e9vier en gros donne au bassin un toucher d\u00e9licat et doux, qui est \u00e0 la fois beau et durable, et ne laisse pas facilement de taches d'eau et d'empreintes digitales.<\/li>\n\n\n\n<li><strong>S\u00e9lection color\u00e9e : <\/strong>Notre \u00e9vier de cuve mat offre une large gamme d'options de couleurs, du blanc classique au gris moderne, en passant par le bleu ou le vert vif, pour r\u00e9pondre aux besoins des diff\u00e9rents styles de conception.<\/li>\n\n\n\n<li><strong>Remise en gros : <\/strong>En tant que fabricant d'\u00e9viers en c\u00e9ramique, nous offrons des prix pr\u00e9f\u00e9rentiels pour les achats en gros afin de garantir que vous obtenez des produits de haute qualit\u00e9 au co\u00fbt le plus comp\u00e9titif.<\/li>\n<\/ul>\n<\/div>\n\n\n\n<div class=\"wp-block-column is-layout-flow wp-block-column-is-layout-flow\">\n<figure class=\"wp-block-image size-full\"><img fetchpriority=\"high\" decoding=\"async\" width=\"827\" height=\"1248\" src=\"https:\/\/www.ceramicbasin.com\/wp-content\/uploads\/2024\/07\/oval-shape-matte-vessel-sink-wholesale-with-diverse-colors-7.webp\" alt=\"oval-shape-matte-vessel-sink-wholesale-with-diverse-colors-7\" class=\"wp-image-3460\" srcset=\"https:\/\/www.ceramicbasin.com\/wp-content\/uploads\/2024\/07\/oval-shape-matte-vessel-sink-wholesale-with-diverse-colors-7.webp 827w, https:\/\/www.ceramicbasin.com\/wp-content\/uploads\/2024\/07\/oval-shape-matte-vessel-sink-wholesale-with-diverse-colors-7-199x300.webp 199w, https:\/\/www.ceramicbasin.com\/wp-content\/uploads\/2024\/07\/oval-shape-matte-vessel-sink-wholesale-with-diverse-colors-7-768x1159.webp 768w, https:\/\/www.ceramicbasin.com\/wp-content\/uploads\/2024\/07\/oval-shape-matte-vessel-sink-wholesale-with-diverse-colors-7-8x12.webp 8w, https:\/\/www.ceramicbasin.com\/wp-content\/uploads\/2024\/07\/oval-shape-matte-vessel-sink-wholesale-with-diverse-colors-7-285x430.webp 285w, https:\/\/www.ceramicbasin.com\/wp-content\/uploads\/2024\/07\/oval-shape-matte-vessel-sink-wholesale-with-diverse-colors-7-437x660.webp 437w, https:\/\/www.ceramicbasin.com\/wp-content\/uploads\/2024\/07\/oval-shape-matte-vessel-sink-wholesale-with-diverse-colors-7-99x150.webp 99w\" sizes=\"(max-width: 827px) 100vw, 827px\" \/><\/figure>\n<\/div>\n<\/div>","protected":false},"excerpt":{"rendered":"<p>Bienvenue sur le site d'achat en gros de lavabos de salle de bain. Avec ses lignes \u00e9l\u00e9gantes et sa texture mate, ce lavabo mat apporte du luxe dans la salle de bain. La forme sp\u00e9ciale et belle qu'il tient est en effet durable et se maintient facilement. Nous avons des vari\u00e9t\u00e9s de couleurs \u00e0 offrir et nous avons des prix de gros pr\u00e9f\u00e9rentiels, ce qui vous permet d'\u00e9conomiser les co\u00fbts d'approvisionnement.<\/p>\n<table style=\"border-collapse: collapse; width: 311.02pt;\" border=\"0\" width=\"311\" cellspacing=\"0\" cellpadding=\"0\">\n<tbody>\n<tr style=\"height: 17.60pt;\">\n<td class=\"et3\" style=\"height: 17.60pt; width: 108.35pt;\" width=\"108\" height=\"17\">Fabricant<\/td>\n<td class=\"et3\" style=\"width: 202.95pt;\" width=\"202\">HanYu<\/td>\n<\/tr>\n<tr style=\"height: 17.60pt;\">\n<td class=\"et3\" style=\"height: 17.60pt;\" height=\"17\">Num\u00e9ro de mod\u00e8le.<\/td>\n<td class=\"et4\">HY3020MW<\/td>\n<\/tr>\n<tr style=\"height: 18.00pt;\">\n<td class=\"et3\" style=\"height: 18.00pt;\" height=\"18\">Type<\/td>\n<td class=\"et5\" style=\"width: 202.95pt;\" width=\"202\">Cuvette mate, cuvette de comptoir<\/td>\n<\/tr>\n<tr style=\"height: 17.60pt;\">\n<td class=\"et3\" style=\"height: 17.60pt;\" height=\"17\">Forme<\/td>\n<td class=\"et3\">Forme ovale<\/td>\n<\/tr>\n<tr style=\"height: 36.00pt;\">\n<td class=\"et4\" style=\"height: 36.00pt;\" height=\"36\">Couleur<\/td>\n<td class=\"et5\" style=\"width: 202.95pt;\" width=\"202\">Noir\/Blanc\/Bleu\/Gris\/Rose\/Vert\/Marron\/Kaki......<\/td>\n<\/tr>\n<tr style=\"height: 18.00pt;\">\n<td class=\"et3\" style=\"height: 18.00pt;\" height=\"18\">Dimension<\/td>\n<td class=\"et5\" style=\"width: 202.95pt;\" width=\"202\">40*33*14.5<\/td>\n<\/tr>\n<tr style=\"height: 17.60pt;\">\n<td class=\"et3\" style=\"height: 17.60pt;\" height=\"17\">N.W \/SET<\/td>\n<td class=\"et3\">7KGS\/PCS<\/td>\n<\/tr>\n<tr style=\"height: 17.60pt;\">\n<td class=\"et3\" style=\"height: 17.60pt;\" height=\"17\">MOQ<\/td>\n<td class=\"et3\">20pcs<\/td>\n<\/tr>\n<tr style=\"height: 17.60pt;\">\n<td class=\"et3\" style=\"height: 17.60pt;\" height=\"17\">Option personnalis\u00e9e<\/td>\n<td class=\"et3\">Couleur\/Pattenue\/Taille\/Logo\/Emballage<\/td>\n<\/tr>\n<\/tbody>\n<\/table>","protected":false},"featured_media":3457,"comment_status":"closed","ping_status":"closed","template":"","meta":{"_acf_changed":false},"product_brand":[],"product_cat":[55,50],"product_tag":[],"class_list":{"0":"post-3453","1":"product","2":"type-product","3":"status-publish","4":"has-post-thumbnail","6":"product_cat-wholesale-matte-sinks","7":"product_cat-wholesale-countertop-sinks","9":"first","10":"instock","11":"shipping-taxable","12":"product-type-simple"},"acf":[],"_links":{"self":[{"href":"https:\/\/www.ceramicbasin.com\/fr\/wp-json\/wp\/v2\/product\/3453","targetHints":{"allow":["GET"]}}],"collection":[{"href":"https:\/\/www.ceramicbasin.com\/fr\/wp-json\/wp\/v2\/product"}],"about":[{"href":"https:\/\/www.ceramicbasin.com\/fr\/wp-json\/wp\/v2\/types\/product"}],"replies":[{"embeddable":true,"href":"https:\/\/www.ceramicbasin.com\/fr\/wp-json\/wp\/v2\/comments?post=3453"}],"wp:featuredmedia":[{"embeddable":true,"href":"https:\/\/www.ceramicbasin.com\/fr\/wp-json\/wp\/v2\/media\/3457"}],"wp:attachment":[{"href":"https:\/\/www.ceramicbasin.com\/fr\/wp-json\/wp\/v2\/media?parent=3453"}],"wp:term":[{"taxonomy":"product_brand","embeddable":true,"href":"https:\/\/www.ceramicbasin.com\/fr\/wp-json\/wp\/v2\/product_brand?post=3453"},{"taxonomy":"product_cat","embeddable":true,"href":"https:\/\/www.ceramicbasin.com\/fr\/wp-json\/wp\/v2\/product_cat?post=3453"},{"taxonomy":"product_tag","embeddable":true,"href":"https:\/\/www.ceramicbasin.com\/fr\/wp-json\/wp\/v2\/product_tag?post=3453"}],"curies":[{"name":"wp","href":"https:\/\/api.w.org\/{rel}","templated":true}]}}