{"id":3473,"date":"2024-07-17T07:56:01","date_gmt":"2024-07-17T07:56:01","guid":{"rendered":"https:\/\/www.ceramicbasin.com\/?post_type=product&#038;p=3473"},"modified":"2024-11-02T03:50:50","modified_gmt":"2024-11-02T03:50:50","slug":"modern-custom-matt-basin-in-bulk","status":"publish","type":"product","link":"https:\/\/www.ceramicbasin.com\/fr\/produit\/modern-custom-matt-basin-in-bulk\/","title":{"rendered":"Modern Custom Matt Basin, Multi Color Wholesale Vessel Sinks (en anglais)"},"content":{"rendered":"<div class=\"wp-block-columns is-layout-flex wp-container-core-columns-is-layout-9d6595d7 wp-block-columns-is-layout-flex\">\n<div class=\"wp-block-column is-layout-flow wp-block-column-is-layout-flow\">\n<h2 class=\"wp-block-heading\">Premium Custom Matt Basin Features :<\/h2>\n\n\n\n<ul class=\"wp-block-list\">\n<li><strong>Design exquis : <\/strong>Cette vasque mate personnalis\u00e9e adopte un concept de design moderne et associe un traitement de surface mat pour cr\u00e9er une vasque \u00e0 la fois \u00e9l\u00e9gante et haut de gamme, adapt\u00e9e \u00e0 tous les types de salles de bains contemporaines.<\/li>\n\n\n\n<li><strong>Mat\u00e9riau durable, facile \u00e0 entretenir : <\/strong>Nos lavabos mats en gros sont fabriqu\u00e9s \u00e0 partir de mat\u00e9riaux c\u00e9ramiques de haute qualit\u00e9. Le bassin mat n'est pas seulement \u00e9l\u00e9gant, il est aussi facile \u00e0 nettoyer, ce qui r\u00e9duit le travail d'entretien quotidien.<\/li>\n\n\n\n<li><strong>Personnalisation illimit\u00e9e des couleurs : <\/strong>Nous pouvons personnaliser la couleur du bassin mat selon vos besoins pour r\u00e9pondre \u00e0 des exigences de conception personnalis\u00e9es.<\/li>\n\n\n\n<li><strong>Le rapport co\u00fbt-efficacit\u00e9 : <\/strong>HanYu est votre fabricant fiable de bassins en c\u00e9ramique, vous fournissant des prix de gros pour vous assurer que vous pouvez toujours obtenir des produits de haute qualit\u00e9 tout en maintenant le budget de votre projet.<\/li>\n<\/ul>\n<\/div>\n\n\n\n<div class=\"wp-block-column is-layout-flow wp-block-column-is-layout-flow\">\n<figure class=\"wp-block-image size-full\"><img fetchpriority=\"high\" decoding=\"async\" width=\"673\" height=\"878\" src=\"https:\/\/www.ceramicbasin.com\/wp-content\/uploads\/2024\/07\/modern-custom-matt-basin-in-bulk-with-unlimited-color-option-5.jpg\" alt=\"modern-custom-matt-basin-in-bulk-with-unlimited-color-option-5\" class=\"wp-image-3478\" srcset=\"https:\/\/www.ceramicbasin.com\/wp-content\/uploads\/2024\/07\/modern-custom-matt-basin-in-bulk-with-unlimited-color-option-5.jpg 673w, https:\/\/www.ceramicbasin.com\/wp-content\/uploads\/2024\/07\/modern-custom-matt-basin-in-bulk-with-unlimited-color-option-5-230x300.jpg 230w, https:\/\/www.ceramicbasin.com\/wp-content\/uploads\/2024\/07\/modern-custom-matt-basin-in-bulk-with-unlimited-color-option-5-9x12.jpg 9w, https:\/\/www.ceramicbasin.com\/wp-content\/uploads\/2024\/07\/modern-custom-matt-basin-in-bulk-with-unlimited-color-option-5-285x372.jpg 285w, https:\/\/www.ceramicbasin.com\/wp-content\/uploads\/2024\/07\/modern-custom-matt-basin-in-bulk-with-unlimited-color-option-5-506x660.jpg 506w, https:\/\/www.ceramicbasin.com\/wp-content\/uploads\/2024\/07\/modern-custom-matt-basin-in-bulk-with-unlimited-color-option-5-115x150.jpg 115w\" sizes=\"(max-width: 673px) 100vw, 673px\" \/><\/figure>\n<\/div>\n<\/div>","protected":false},"excerpt":{"rendered":"<p>Bienvenue sur le site d'achat en gros de lavabos. Notre vasque moderne mate en vrac red\u00e9finit l'esth\u00e9tique de la salle de bains gr\u00e2ce \u00e0 des concepts de design innovants et \u00e0 la texture luxueuse de la surface mate. Fabriqu\u00e9 en c\u00e9ramique de haute qualit\u00e9, il assure beaut\u00e9 et durabilit\u00e9. Nous fournissons une vari\u00e9t\u00e9 d'options de couleurs pour r\u00e9pondre \u00e0 vos exigences personnalis\u00e9es.<\/p>\n<table style=\"border-collapse: collapse; width: 311.02pt;\" border=\"0\" width=\"311\" cellspacing=\"0\" cellpadding=\"0\">\n<tbody>\n<tr style=\"height: 17.60pt;\">\n<td class=\"et3\" style=\"height: 17.60pt; width: 108.35pt;\" width=\"108\" height=\"17\">Fabricant<\/td>\n<td class=\"et3\" style=\"width: 202.95pt;\" width=\"202\">HanYu<\/td>\n<\/tr>\n<tr style=\"height: 17.60pt;\">\n<td class=\"et3\" style=\"height: 17.60pt;\" height=\"17\">Num\u00e9ro de mod\u00e8le.<\/td>\n<td class=\"et4\">HY8070YH<\/td>\n<\/tr>\n<tr style=\"height: 18.00pt;\">\n<td class=\"et3\" style=\"height: 18.00pt;\" height=\"18\">Type<\/td>\n<td class=\"et5\" style=\"width: 202.95pt;\" width=\"202\">Cuvette mate, cuvette de comptoir<\/td>\n<\/tr>\n<tr style=\"height: 17.60pt;\">\n<td class=\"et3\" style=\"height: 17.60pt;\" height=\"17\">Forme<\/td>\n<td class=\"et3\">Forme ronde<\/td>\n<\/tr>\n<tr style=\"height: 36.00pt;\">\n<td class=\"et4\" style=\"height: 36.00pt;\" height=\"36\">Couleur<\/td>\n<td class=\"et5\" style=\"width: 202.95pt;\" width=\"202\">Noir\/Blanc\/Bleu\/Gris\/Rose\/Vert\/Marron\/Kaki......<\/td>\n<\/tr>\n<tr style=\"height: 18.00pt;\">\n<td class=\"et3\" style=\"height: 18.00pt;\" height=\"18\">Dimension<\/td>\n<td class=\"et5\" style=\"width: 202.95pt;\" width=\"202\">36.5*36.5*12.5<\/td>\n<\/tr>\n<tr style=\"height: 17.60pt;\">\n<td class=\"et3\" style=\"height: 17.60pt;\" height=\"17\">N.W \/SET<\/td>\n<td class=\"et3\">8KGS\/PCS<\/td>\n<\/tr>\n<tr style=\"height: 17.60pt;\">\n<td class=\"et3\" style=\"height: 17.60pt;\" height=\"17\">MOQ<\/td>\n<td class=\"et3\">20pcs<\/td>\n<\/tr>\n<tr style=\"height: 17.60pt;\">\n<td class=\"et3\" style=\"height: 17.60pt;\" height=\"17\">Option personnalis\u00e9e<\/td>\n<td class=\"et3\">Couleur\/Pattenue\/Taille\/Logo\/Emballage<\/td>\n<\/tr>\n<\/tbody>\n<\/table>","protected":false},"featured_media":3477,"comment_status":"closed","ping_status":"closed","template":"","meta":{"_acf_changed":false},"product_brand":[],"product_cat":[55,50],"product_tag":[],"class_list":{"0":"post-3473","1":"product","2":"type-product","3":"status-publish","4":"has-post-thumbnail","6":"product_cat-wholesale-matte-sinks","7":"product_cat-wholesale-countertop-sinks","9":"first","10":"instock","11":"shipping-taxable","12":"product-type-simple"},"acf":[],"_links":{"self":[{"href":"https:\/\/www.ceramicbasin.com\/fr\/wp-json\/wp\/v2\/product\/3473","targetHints":{"allow":["GET"]}}],"collection":[{"href":"https:\/\/www.ceramicbasin.com\/fr\/wp-json\/wp\/v2\/product"}],"about":[{"href":"https:\/\/www.ceramicbasin.com\/fr\/wp-json\/wp\/v2\/types\/product"}],"replies":[{"embeddable":true,"href":"https:\/\/www.ceramicbasin.com\/fr\/wp-json\/wp\/v2\/comments?post=3473"}],"wp:featuredmedia":[{"embeddable":true,"href":"https:\/\/www.ceramicbasin.com\/fr\/wp-json\/wp\/v2\/media\/3477"}],"wp:attachment":[{"href":"https:\/\/www.ceramicbasin.com\/fr\/wp-json\/wp\/v2\/media?parent=3473"}],"wp:term":[{"taxonomy":"product_brand","embeddable":true,"href":"https:\/\/www.ceramicbasin.com\/fr\/wp-json\/wp\/v2\/product_brand?post=3473"},{"taxonomy":"product_cat","embeddable":true,"href":"https:\/\/www.ceramicbasin.com\/fr\/wp-json\/wp\/v2\/product_cat?post=3473"},{"taxonomy":"product_tag","embeddable":true,"href":"https:\/\/www.ceramicbasin.com\/fr\/wp-json\/wp\/v2\/product_tag?post=3473"}],"curies":[{"name":"wp","href":"https:\/\/api.w.org\/{rel}","templated":true}]}}